{"id":11,"date":"2021-03-26T14:59:51","date_gmt":"2021-03-26T14:59:51","guid":{"rendered":"http:\/\/hematomes.nnstudio.pro\/?page_id=11"},"modified":"2021-06-11T08:57:26","modified_gmt":"2021-06-11T08:57:26","slug":"page-daccueil","status":"publish","type":"page","link":"https:\/\/hematomes.be\/en\/page-daccueil\/","title":{"rendered":"Bienvenue chez H\u00e9matomes \u00c9ditions"},"content":{"rendered":"\n<h3 class=\"has-text-align-center wp-block-heading\"><a rel=\"noreferrer noopener\" href=\"https:\/\/hematomes.be\/boutique\/catalogue\/vera-icona-abecedaire-de-limage-scene-veronique-caye\/\" target=\"_blank\">Le livre <em>Vera Icona<\/em>, Ab\u00e9c\u00e9daire de l\u2019image sc\u00e8ne sera disponible en librairie d\u00e8s septembre 2021.<\/a><\/h3>\n\n\n\n<div class=\"wp-block-cover aligncenter has-background-dim\"><img loading=\"lazy\" decoding=\"async\" width=\"1024\" height=\"744\" class=\"wp-block-cover__image-background wp-image-139\" alt=\"\" src=\"https:\/\/hematomes.be\/wp-content\/uploads\/2021\/05\/Veronique_Caye_1224_mila-1024x744.jpg\" data-object-fit=\"cover\" srcset=\"https:\/\/hematomes.be\/wp-content\/uploads\/2021\/05\/Veronique_Caye_1224_mila-1024x744.jpg 1024w, https:\/\/hematomes.be\/wp-content\/uploads\/2021\/05\/Veronique_Caye_1224_mila-300x218.jpg 300w, https:\/\/hematomes.be\/wp-content\/uploads\/2021\/05\/Veronique_Caye_1224_mila-768x558.jpg 768w, https:\/\/hematomes.be\/wp-content\/uploads\/2021\/05\/Veronique_Caye_1224_mila-1536x1116.jpg 1536w, https:\/\/hematomes.be\/wp-content\/uploads\/2021\/05\/Veronique_Caye_1224_mila-324x235.jpg 324w, https:\/\/hematomes.be\/wp-content\/uploads\/2021\/05\/Veronique_Caye_1224_mila-416x302.jpg 416w, https:\/\/hematomes.be\/wp-content\/uploads\/2021\/05\/Veronique_Caye_1224_mila.jpg 1800w\" sizes=\"auto, (max-width: 1024px) 100vw, 1024px\" \/><div class=\"wp-block-cover__inner-container is-layout-flow wp-block-cover-is-layout-flow\">\n<p class=\"has-text-align-center has-large-font-size\"><a rel=\"noreferrer noopener\" href=\"https:\/\/hematomes.be\/boutique\/catalogue\/vera-icona-abecedaire-de-limage-scene-veronique-caye\/\" target=\"_blank\"><em>Vera Icona<\/em>, Ab\u00e9c\u00e9daire de l\u2019image sc\u00e8ne<\/a><\/p>\n<\/div><\/div>\n\n\n\n<div style=\"height:100px\" aria-hidden=\"true\" class=\"wp-block-spacer\"><\/div>\n\n\n\n<h2 class=\"has-text-align-center wp-block-heading\">Turlupin N\u00b01 \\ Soumission \u2014 Michael Dans<\/h2>\n\n\n\n<p>Premier tome publi\u00e9 par H\u00e9matomes \u00c9ditions, <em>Turlupin<\/em> est un vrai\/faux magazine \u00e0 travers lequel l\u2019artiste Michael Dans \u00e9voque et questionne la soumission de l\u2019homme face aux industries et \u00e0 nos soci\u00e9t\u00e9s contemporaines avec des photographies hautes en couleur de clownesses et de bondage.<\/p>\n\n\n\n<div class=\"wp-block-cover\" style=\"min-height:518px;aspect-ratio:unset;\"><img loading=\"lazy\" decoding=\"async\" width=\"705\" height=\"470\" class=\"wp-block-cover__image-background wp-image-17\" alt=\"\" src=\"http:\/\/hematomes.nnstudio.pro\/wp-content\/uploads\/2021\/03\/turlupin-menu-1.jpg\" data-object-fit=\"cover\" srcset=\"https:\/\/hematomes.be\/wp-content\/uploads\/2021\/03\/turlupin-menu-1.jpg 705w, https:\/\/hematomes.be\/wp-content\/uploads\/2021\/03\/turlupin-menu-1-324x216.jpg 324w, https:\/\/hematomes.be\/wp-content\/uploads\/2021\/03\/turlupin-menu-1-416x277.jpg 416w, https:\/\/hematomes.be\/wp-content\/uploads\/2021\/03\/turlupin-menu-1-300x200.jpg 300w\" sizes=\"auto, (max-width: 705px) 100vw, 705px\" \/><div class=\"wp-block-cover__inner-container is-layout-flow wp-block-cover-is-layout-flow\">\n<p class=\"has-text-align-center has-white-color has-text-color has-large-font-size\"><\/p>\n\n\n\n<p class=\"has-text-align-center has-white-color has-text-color\">Turlupin N\u00b01 \\ Soumission \u2014 Michael Dans<\/p>\n\n\n\n<div class=\"wp-block-button aligncenter\"><a class=\"wp-block-button__link\" href=\"https:\/\/hematomes.be\/boutique\/catalogue\/turlupin-n1-soumission-michael-dans\/\">Acheter Acheter Acheter Acheter<\/a><\/div>\n<\/div><\/div>\n","protected":false},"excerpt":{"rendered":"<p>Le livre Vera Icona, Ab\u00e9c\u00e9daire de l\u2019image sc\u00e8ne sera disponible en librairie d\u00e8s septembre 2021. Turlupin N\u00b01 \\ Soumission \u2014 Michael Dans Premier tome publi\u00e9 par H\u00e9matomes \u00c9ditions, Turlupin est un vrai\/faux magazine \u00e0 travers lequel l\u2019artiste Michael Dans \u00e9voque et questionne la soumission de l\u2019homme face aux industries et \u00e0 nos soci\u00e9t\u00e9s contemporaines avec [&hellip;]<\/p>\n","protected":false},"author":2,"featured_media":0,"parent":0,"menu_order":0,"comment_status":"closed","ping_status":"closed","template":"template-homepage.php","meta":{"_acf_changed":false,"footnotes":""},"class_list":["post-11","page","type-page","status-publish","hentry"],"acf":[],"yoast_head":"<!-- This site is optimized with the Yoast SEO plugin v27.2 - https:\/\/yoast.com\/product\/yoast-seo-wordpress\/ -->\n<title>Bienvenue chez H\u00e9matomes \u00c9ditions - H\u00e9matomes<\/title>\n<meta name=\"robots\" content=\"index, follow, max-snippet:-1, max-image-preview:large, max-video-preview:-1\" \/>\n<link rel=\"canonical\" href=\"https:\/\/hematomes.be\/page-daccueil\/\" \/>\n<meta property=\"og:locale\" content=\"en_US\" \/>\n<meta property=\"og:type\" content=\"article\" \/>\n<meta property=\"og:title\" content=\"Bienvenue chez H\u00e9matomes \u00c9ditions - H\u00e9matomes\" \/>\n<meta property=\"og:description\" content=\"Le livre Vera Icona, Ab\u00e9c\u00e9daire de l\u2019image sc\u00e8ne sera disponible en librairie d\u00e8s septembre 2021. Turlupin N\u00b01  Soumission \u2014 Michael Dans Premier tome publi\u00e9 par H\u00e9matomes \u00c9ditions, Turlupin est un vrai\/faux magazine \u00e0 travers lequel l\u2019artiste Michael Dans \u00e9voque et questionne la soumission de l\u2019homme face aux industries et \u00e0 nos soci\u00e9t\u00e9s contemporaines avec [&hellip;]\" \/>\n<meta property=\"og:url\" content=\"https:\/\/hematomes.be\/page-daccueil\/\" \/>\n<meta property=\"og:site_name\" content=\"H\u00e9matomes\" \/>\n<meta property=\"article:modified_time\" content=\"2021-06-11T08:57:26+00:00\" \/>\n<meta property=\"og:image\" content=\"https:\/\/hematomes.be\/wp-content\/uploads\/2021\/05\/Veronique_Caye_1224_mila.jpg\" \/>\n\t<meta property=\"og:image:width\" content=\"1800\" \/>\n\t<meta property=\"og:image:height\" content=\"1308\" \/>\n\t<meta property=\"og:image:type\" content=\"image\/jpeg\" \/>\n<meta name=\"twitter:card\" content=\"summary_large_image\" \/>\n<script type=\"application\/ld+json\" class=\"yoast-schema-graph\">{\"@context\":\"https:\/\/schema.org\",\"@graph\":[{\"@type\":\"WebPage\",\"@id\":\"https:\/\/hematomes.be\/page-daccueil\/\",\"url\":\"https:\/\/hematomes.be\/page-daccueil\/\",\"name\":\"Bienvenue chez H\u00e9matomes \u00c9ditions - H\u00e9matomes\",\"isPartOf\":{\"@id\":\"https:\/\/hematomes.be\/#website\"},\"primaryImageOfPage\":{\"@id\":\"https:\/\/hematomes.be\/page-daccueil\/#primaryimage\"},\"image\":{\"@id\":\"https:\/\/hematomes.be\/page-daccueil\/#primaryimage\"},\"thumbnailUrl\":\"https:\/\/hematomes.be\/wp-content\/uploads\/2021\/05\/Veronique_Caye_1224_mila-1024x744.jpg\",\"datePublished\":\"2021-03-26T14:59:51+00:00\",\"dateModified\":\"2021-06-11T08:57:26+00:00\",\"breadcrumb\":{\"@id\":\"https:\/\/hematomes.be\/page-daccueil\/#breadcrumb\"},\"inLanguage\":\"en-US\",\"potentialAction\":[{\"@type\":\"ReadAction\",\"target\":[\"https:\/\/hematomes.be\/page-daccueil\/\"]}]},{\"@type\":\"ImageObject\",\"inLanguage\":\"en-US\",\"@id\":\"https:\/\/hematomes.be\/page-daccueil\/#primaryimage\",\"url\":\"https:\/\/hematomes.be\/wp-content\/uploads\/2021\/05\/Veronique_Caye_1224_mila-1024x744.jpg\",\"contentUrl\":\"https:\/\/hematomes.be\/wp-content\/uploads\/2021\/05\/Veronique_Caye_1224_mila-1024x744.jpg\"},{\"@type\":\"BreadcrumbList\",\"@id\":\"https:\/\/hematomes.be\/page-daccueil\/#breadcrumb\",\"itemListElement\":[{\"@type\":\"ListItem\",\"position\":1,\"name\":\"Accueil\",\"item\":\"https:\/\/hematomes.be\/en\/shop\/\"},{\"@type\":\"ListItem\",\"position\":2,\"name\":\"Bienvenue chez H\u00e9matomes \u00c9ditions\"}]},{\"@type\":\"WebSite\",\"@id\":\"https:\/\/hematomes.be\/#website\",\"url\":\"https:\/\/hematomes.be\/\",\"name\":\"H\u00e9matomes\",\"description\":\"Une maison d&#039;\u00e9dition qui publie sur l&#039;art et tout autour.\",\"potentialAction\":[{\"@type\":\"SearchAction\",\"target\":{\"@type\":\"EntryPoint\",\"urlTemplate\":\"https:\/\/hematomes.be\/?s={search_term_string}\"},\"query-input\":{\"@type\":\"PropertyValueSpecification\",\"valueRequired\":true,\"valueName\":\"search_term_string\"}}],\"inLanguage\":\"en-US\"}]}<\/script>\n<!-- \/ Yoast SEO plugin. -->","yoast_head_json":{"title":"Bienvenue chez H\u00e9matomes \u00c9ditions - H\u00e9matomes","robots":{"index":"index","follow":"follow","max-snippet":"max-snippet:-1","max-image-preview":"max-image-preview:large","max-video-preview":"max-video-preview:-1"},"canonical":"https:\/\/hematomes.be\/page-daccueil\/","og_locale":"en_US","og_type":"article","og_title":"Bienvenue chez H\u00e9matomes \u00c9ditions - H\u00e9matomes","og_description":"Le livre Vera Icona, Ab\u00e9c\u00e9daire de l\u2019image sc\u00e8ne sera disponible en librairie d\u00e8s septembre 2021. Turlupin N\u00b01  Soumission \u2014 Michael Dans Premier tome publi\u00e9 par H\u00e9matomes \u00c9ditions, Turlupin est un vrai\/faux magazine \u00e0 travers lequel l\u2019artiste Michael Dans \u00e9voque et questionne la soumission de l\u2019homme face aux industries et \u00e0 nos soci\u00e9t\u00e9s contemporaines avec [&hellip;]","og_url":"https:\/\/hematomes.be\/page-daccueil\/","og_site_name":"H\u00e9matomes","article_modified_time":"2021-06-11T08:57:26+00:00","og_image":[{"width":1800,"height":1308,"url":"https:\/\/hematomes.be\/wp-content\/uploads\/2021\/05\/Veronique_Caye_1224_mila.jpg","type":"image\/jpeg"}],"twitter_card":"summary_large_image","schema":{"@context":"https:\/\/schema.org","@graph":[{"@type":"WebPage","@id":"https:\/\/hematomes.be\/page-daccueil\/","url":"https:\/\/hematomes.be\/page-daccueil\/","name":"Bienvenue chez H\u00e9matomes \u00c9ditions - H\u00e9matomes","isPartOf":{"@id":"https:\/\/hematomes.be\/#website"},"primaryImageOfPage":{"@id":"https:\/\/hematomes.be\/page-daccueil\/#primaryimage"},"image":{"@id":"https:\/\/hematomes.be\/page-daccueil\/#primaryimage"},"thumbnailUrl":"https:\/\/hematomes.be\/wp-content\/uploads\/2021\/05\/Veronique_Caye_1224_mila-1024x744.jpg","datePublished":"2021-03-26T14:59:51+00:00","dateModified":"2021-06-11T08:57:26+00:00","breadcrumb":{"@id":"https:\/\/hematomes.be\/page-daccueil\/#breadcrumb"},"inLanguage":"en-US","potentialAction":[{"@type":"ReadAction","target":["https:\/\/hematomes.be\/page-daccueil\/"]}]},{"@type":"ImageObject","inLanguage":"en-US","@id":"https:\/\/hematomes.be\/page-daccueil\/#primaryimage","url":"https:\/\/hematomes.be\/wp-content\/uploads\/2021\/05\/Veronique_Caye_1224_mila-1024x744.jpg","contentUrl":"https:\/\/hematomes.be\/wp-content\/uploads\/2021\/05\/Veronique_Caye_1224_mila-1024x744.jpg"},{"@type":"BreadcrumbList","@id":"https:\/\/hematomes.be\/page-daccueil\/#breadcrumb","itemListElement":[{"@type":"ListItem","position":1,"name":"Accueil","item":"https:\/\/hematomes.be\/en\/shop\/"},{"@type":"ListItem","position":2,"name":"Bienvenue chez H\u00e9matomes \u00c9ditions"}]},{"@type":"WebSite","@id":"https:\/\/hematomes.be\/#website","url":"https:\/\/hematomes.be\/","name":"H\u00e9matomes","description":"Une maison d&#039;\u00e9dition qui publie sur l&#039;art et tout autour.","potentialAction":[{"@type":"SearchAction","target":{"@type":"EntryPoint","urlTemplate":"https:\/\/hematomes.be\/?s={search_term_string}"},"query-input":{"@type":"PropertyValueSpecification","valueRequired":true,"valueName":"search_term_string"}}],"inLanguage":"en-US"}]}},"_links":{"self":[{"href":"https:\/\/hematomes.be\/en\/wp-json\/wp\/v2\/pages\/11","targetHints":{"allow":["GET"]}}],"collection":[{"href":"https:\/\/hematomes.be\/en\/wp-json\/wp\/v2\/pages"}],"about":[{"href":"https:\/\/hematomes.be\/en\/wp-json\/wp\/v2\/types\/page"}],"author":[{"embeddable":true,"href":"https:\/\/hematomes.be\/en\/wp-json\/wp\/v2\/users\/2"}],"replies":[{"embeddable":true,"href":"https:\/\/hematomes.be\/en\/wp-json\/wp\/v2\/comments?post=11"}],"version-history":[{"count":25,"href":"https:\/\/hematomes.be\/en\/wp-json\/wp\/v2\/pages\/11\/revisions"}],"predecessor-version":[{"id":169,"href":"https:\/\/hematomes.be\/en\/wp-json\/wp\/v2\/pages\/11\/revisions\/169"}],"wp:attachment":[{"href":"https:\/\/hematomes.be\/en\/wp-json\/wp\/v2\/media?parent=11"}],"curies":[{"name":"wp","href":"https:\/\/api.w.org\/{rel}","templated":true}]}}