{"id":1412,"date":"2016-05-10T03:48:21","date_gmt":"2016-05-10T03:48:21","guid":{"rendered":"http:\/\/localhost:8888\/hematomes\/about\/"},"modified":"2026-03-28T09:23:40","modified_gmt":"2026-03-28T09:23:40","slug":"hematomes-a-propos-2","status":"publish","type":"page","link":"https:\/\/hematomes.be\/en\/hematomes-a-propos-2\/","title":{"rendered":"About"},"content":{"rendered":"<p>H\u00e9matomes \u00c9ditions is a Li\u00e8ge-based publishing house founded in 2021, affiliated with the graphic design studio <a href=\"https:\/\/nnstudio.be\/\" target=\"_blank\" rel=\"noopener\">NNstudio<\/a>. It defines itself as an unconventional space where the book \u2014 in its broadest sense \u2014 is the very raison d\u2019\u00eatre. Its publications focus on alternative critical writing and art research, bringing to life projects in which form and content are inseparable. The catalogue brings together artists\u2019 books with unique worlds, blending drawing, photography and experimental text. A demanding editorial practice, where the book asserts itself as an autonomous territory of creation.<\/p>\n<p>In 2024, a publishing partnership was established with two publishers: GAR \u2014 Archives d\u2019architecture, which publishes the Archidoc collection, and the non-profit organisation urbAgora, which publishes the magazine D\u00e9rivations. This partnership involves the sale of their publications on the H\u00e9matomes website, as well as joint efforts to promote and distribute their respective catalogues.<\/p>\n<h3>Sign up to our mailing list<\/h3>\n<p><script type=\"text\/javascript\" src=\"https:\/\/newsletter.hematomes.be\/form?am=24925&#038;fid=47273\"><\/script><\/p>\n<h3>Diffusion and distribution<\/h3>\n<h5>Belgique, France<\/h5>\n<p>SERENDIP-livres<br \/>\nGencod Dilicom : 3019000119404<br \/>\nTel : +33 (0) 1.40.38.18.14<br \/>\n21 bis rue Arnold G\u00e9raux<br \/>\n93450 L\u2019\u00cele-Saint-Denis<br \/>\nFrance<br \/>\ncontact(@)serendip-livres.fr \/ commandes(@)serendip-livres.fr<\/p>\n<h5>Suisse<\/h5>\n<p>Servidis<\/p>\n<h5>The world<\/h5>\n<p>Contact us!<\/p>\n<h3>Find us in bookshops<\/h3>\n<p>Most of our books are available in all good bookshops, either in stock or to order. LIBREL makes it particularly easy to place an order with your favourite bookshop:<\/p>\n<ul>\n<li><a href=\"https:\/\/www.librel.be\/listeliv.php?form_recherche_avancee=ok&amp;editeur=Revue+D%C3%A9rivations&amp;base=paper&amp;select_tri_recherche=dateparution_decroissant\" target=\"_blank\" rel=\"noopener\">LIBREL \u2014 Revue D\u00e9rivations<\/a><\/li>\n<li><a href=\"https:\/\/www.librel.be\/listeliv.php?form_recherche_avancee=ok&amp;editeur=HEMATOMES+EDITIONS&amp;base=paper&amp;select_tri_recherche=dateparution_decroissant\" target=\"_blank\" rel=\"noopener\">LIBREL \u2014 H\u00e9matomes \u00c9ditions<\/a><\/li>\n<li><a href=\"https:\/\/www.librel.be\/listeliv.php?form_recherche_avancee=ok&amp;editeur=Gar+Archives+d%27architecture&amp;base=paper&amp;select_tri_recherche=dateparution_decroissant\" target=\"_blank\" rel=\"noopener\">LIBREL \u2014 GAR Archives d&#8217;Architecture<\/a><\/li>\n<\/ul>\n<h3>Deliveries<\/h3>\n<p>We send our books via MONDIAL RELAY. However, it is possible (and this is the most economical option) to collect your order from the publishing house head office.<\/p>\n<h3>Head office<\/h3>\n<p>H\u00e9matomes \u00c9ditions \/ NNstudio SRL<br \/>\nQuai de la D\u00e9rivation, 2<br \/>\n4020 Li\u00e8ge<br \/>\nBelgium<br \/>\n+32 (0) 4 277 01 75<br \/>\n<a href=\"mailto:info@hematomes.be\">info@hematomes.be<\/a><\/p>\n","protected":false},"excerpt":{"rendered":"<p>H\u00e9matomes \u00c9ditions is a Li\u00e8ge-based publishing house founded in 2021, affiliated with the graphic design studio NNstudio. It defines itself as an unconventional space where the book \u2014 in its broadest sense \u2014 is the very raison d\u2019\u00eatre. Its publications focus on alternative critical writing and art research, bringing to life projects in which form [&hellip;]<\/p>\n","protected":false},"author":2,"featured_media":0,"parent":0,"menu_order":0,"comment_status":"closed","ping_status":"open","template":"","meta":{"_acf_changed":false,"footnotes":""},"class_list":["post-1412","page","type-page","status-publish","hentry"],"acf":[],"yoast_head":"<!-- This site is optimized with the Yoast SEO plugin v27.2 - https:\/\/yoast.com\/product\/yoast-seo-wordpress\/ -->\n<title>About - H\u00e9matomes<\/title>\n<meta name=\"robots\" content=\"index, follow, max-snippet:-1, max-image-preview:large, max-video-preview:-1\" \/>\n<link rel=\"canonical\" href=\"https:\/\/hematomes.be\/en\/hematomes-a-propos-2\/\" \/>\n<meta property=\"og:locale\" content=\"en_US\" \/>\n<meta property=\"og:type\" content=\"article\" \/>\n<meta property=\"og:title\" content=\"About - H\u00e9matomes\" \/>\n<meta property=\"og:description\" content=\"H\u00e9matomes \u00c9ditions is a Li\u00e8ge-based publishing house founded in 2021, affiliated with the graphic design studio NNstudio. It defines itself as an unconventional space where the book \u2014 in its broadest sense \u2014 is the very raison d\u2019\u00eatre. Its publications focus on alternative critical writing and art research, bringing to life projects in which form [&hellip;]\" \/>\n<meta property=\"og:url\" content=\"https:\/\/hematomes.be\/en\/hematomes-a-propos-2\/\" \/>\n<meta property=\"og:site_name\" content=\"H\u00e9matomes\" \/>\n<meta property=\"article:modified_time\" content=\"2026-03-28T09:23:40+00:00\" \/>\n<meta name=\"twitter:card\" content=\"summary_large_image\" \/>\n<meta name=\"twitter:label1\" content=\"Est. reading time\" \/>\n\t<meta name=\"twitter:data1\" content=\"2 minutes\" \/>\n<script type=\"application\/ld+json\" class=\"yoast-schema-graph\">{\"@context\":\"https:\/\/schema.org\",\"@graph\":[{\"@type\":\"WebPage\",\"@id\":\"https:\/\/hematomes.be\/en\/hematomes-a-propos-2\/\",\"url\":\"https:\/\/hematomes.be\/en\/hematomes-a-propos-2\/\",\"name\":\"About - H\u00e9matomes\",\"isPartOf\":{\"@id\":\"https:\/\/hematomes.be\/#website\"},\"datePublished\":\"2016-05-10T03:48:21+00:00\",\"dateModified\":\"2026-03-28T09:23:40+00:00\",\"breadcrumb\":{\"@id\":\"https:\/\/hematomes.be\/en\/hematomes-a-propos-2\/#breadcrumb\"},\"inLanguage\":\"en-US\",\"potentialAction\":[{\"@type\":\"ReadAction\",\"target\":[\"https:\/\/hematomes.be\/en\/hematomes-a-propos-2\/\"]}]},{\"@type\":\"BreadcrumbList\",\"@id\":\"https:\/\/hematomes.be\/en\/hematomes-a-propos-2\/#breadcrumb\",\"itemListElement\":[{\"@type\":\"ListItem\",\"position\":1,\"name\":\"Accueil\",\"item\":\"https:\/\/hematomes.be\/en\/shop\/\"},{\"@type\":\"ListItem\",\"position\":2,\"name\":\"About\"}]},{\"@type\":\"WebSite\",\"@id\":\"https:\/\/hematomes.be\/#website\",\"url\":\"https:\/\/hematomes.be\/\",\"name\":\"H\u00e9matomes\",\"description\":\"Une maison d&#039;\u00e9dition qui publie sur l&#039;art et tout autour.\",\"potentialAction\":[{\"@type\":\"SearchAction\",\"target\":{\"@type\":\"EntryPoint\",\"urlTemplate\":\"https:\/\/hematomes.be\/?s={search_term_string}\"},\"query-input\":{\"@type\":\"PropertyValueSpecification\",\"valueRequired\":true,\"valueName\":\"search_term_string\"}}],\"inLanguage\":\"en-US\"}]}<\/script>\n<!-- \/ Yoast SEO plugin. -->","yoast_head_json":{"title":"About - H\u00e9matomes","robots":{"index":"index","follow":"follow","max-snippet":"max-snippet:-1","max-image-preview":"max-image-preview:large","max-video-preview":"max-video-preview:-1"},"canonical":"https:\/\/hematomes.be\/en\/hematomes-a-propos-2\/","og_locale":"en_US","og_type":"article","og_title":"About - H\u00e9matomes","og_description":"H\u00e9matomes \u00c9ditions is a Li\u00e8ge-based publishing house founded in 2021, affiliated with the graphic design studio NNstudio. It defines itself as an unconventional space where the book \u2014 in its broadest sense \u2014 is the very raison d\u2019\u00eatre. Its publications focus on alternative critical writing and art research, bringing to life projects in which form [&hellip;]","og_url":"https:\/\/hematomes.be\/en\/hematomes-a-propos-2\/","og_site_name":"H\u00e9matomes","article_modified_time":"2026-03-28T09:23:40+00:00","twitter_card":"summary_large_image","twitter_misc":{"Est. reading time":"2 minutes"},"schema":{"@context":"https:\/\/schema.org","@graph":[{"@type":"WebPage","@id":"https:\/\/hematomes.be\/en\/hematomes-a-propos-2\/","url":"https:\/\/hematomes.be\/en\/hematomes-a-propos-2\/","name":"About - H\u00e9matomes","isPartOf":{"@id":"https:\/\/hematomes.be\/#website"},"datePublished":"2016-05-10T03:48:21+00:00","dateModified":"2026-03-28T09:23:40+00:00","breadcrumb":{"@id":"https:\/\/hematomes.be\/en\/hematomes-a-propos-2\/#breadcrumb"},"inLanguage":"en-US","potentialAction":[{"@type":"ReadAction","target":["https:\/\/hematomes.be\/en\/hematomes-a-propos-2\/"]}]},{"@type":"BreadcrumbList","@id":"https:\/\/hematomes.be\/en\/hematomes-a-propos-2\/#breadcrumb","itemListElement":[{"@type":"ListItem","position":1,"name":"Accueil","item":"https:\/\/hematomes.be\/en\/shop\/"},{"@type":"ListItem","position":2,"name":"About"}]},{"@type":"WebSite","@id":"https:\/\/hematomes.be\/#website","url":"https:\/\/hematomes.be\/","name":"H\u00e9matomes","description":"Une maison d&#039;\u00e9dition qui publie sur l&#039;art et tout autour.","potentialAction":[{"@type":"SearchAction","target":{"@type":"EntryPoint","urlTemplate":"https:\/\/hematomes.be\/?s={search_term_string}"},"query-input":{"@type":"PropertyValueSpecification","valueRequired":true,"valueName":"search_term_string"}}],"inLanguage":"en-US"}]}},"_links":{"self":[{"href":"https:\/\/hematomes.be\/en\/wp-json\/wp\/v2\/pages\/1412","targetHints":{"allow":["GET"]}}],"collection":[{"href":"https:\/\/hematomes.be\/en\/wp-json\/wp\/v2\/pages"}],"about":[{"href":"https:\/\/hematomes.be\/en\/wp-json\/wp\/v2\/types\/page"}],"author":[{"embeddable":true,"href":"https:\/\/hematomes.be\/en\/wp-json\/wp\/v2\/users\/2"}],"replies":[{"embeddable":true,"href":"https:\/\/hematomes.be\/en\/wp-json\/wp\/v2\/comments?post=1412"}],"version-history":[{"count":6,"href":"https:\/\/hematomes.be\/en\/wp-json\/wp\/v2\/pages\/1412\/revisions"}],"predecessor-version":[{"id":1834,"href":"https:\/\/hematomes.be\/en\/wp-json\/wp\/v2\/pages\/1412\/revisions\/1834"}],"wp:attachment":[{"href":"https:\/\/hematomes.be\/en\/wp-json\/wp\/v2\/media?parent=1412"}],"curies":[{"name":"wp","href":"https:\/\/api.w.org\/{rel}","templated":true}]}}