{"id":1058,"date":"2024-09-09T10:04:06","date_gmt":"2024-09-09T10:04:06","guid":{"rendered":"https:\/\/hematomes.be\/?post_type=product&#038;p=1058"},"modified":"2025-09-19T09:03:12","modified_gmt":"2025-09-19T09:03:12","slug":"miniatures-benjamin-monti","status":"publish","type":"product","link":"https:\/\/hematomes.be\/en\/boutique\/hematomes-editions\/miniatures-benjamin-monti\/","title":{"rendered":"Miniatures"},"content":{"rendered":"<p>Courtesy Galerie Nadja Vilenne<br \/>\nNombre de pages : 112 pages<br \/>\nFormat : 13.5 \u00d7 20 cm<br \/>\nReliure : Dos carr\u00e9<br \/>\nPoids : 500 g.<br \/>\nTirage : 300 exemplaires<br \/>\nImpression : Imprim, Vis\u00e9<\/p>\n<p>R\u00e9alis\u00e9 avec le soutien de la <a href=\"https:\/\/www.provincedeliege.be\/fr\/culture\" target=\"_blank\" rel=\"noopener\">Province de Li\u00e8ge<\/a>.<\/p>\n","protected":false},"excerpt":{"rendered":"<p class=\"p1\">Cet ouvrage rassemble 80 collages ou <em>miniatures<\/em> mesurant neuf centim\u00e8tres de c\u00f4t\u00e9, entour\u00e9s de vues rapproch\u00e9es du mat\u00e9riau graphique glan\u00e9 par l\u2019artiste, chineur et collectionneur inv\u00e9t\u00e9r\u00e9.<\/p>\n<p class=\"p1\">R\u00e9alis\u00e9es entre 2020 et 2022, ces images se lisent, ou pas, en s\u00e9quences. En tous les cas l\u2019oeil y plonge, pris dans le cadre \u00e9troit de compositions fantasques et souvent abstraites&#8230; Benjamin Monti brouille les pistes \u00e0 dessein en op\u00e9rateur minitieux d\u2019un corpus iconographique qu\u2019il hybride et recycle, en r\u00e9f\u00e9rence \u00e0 une s\u00e9rie de figures issues de l\u2019imaginaire collectif qui, arrach\u00e9es de leur contexte, provoquent une vision troublante de notre monde.<\/p>\n<p class=\"p1\">Un entretien avec Annabelle Dupret accompagne les pages graphiques.<\/p>\n","protected":false},"featured_media":1045,"template":"","meta":{"_acf_changed":false},"product_brand":[],"product_cat":[25],"product_tag":[],"class_list":{"0":"post-1058","1":"product","2":"type-product","3":"status-publish","4":"has-post-thumbnail","6":"product_cat-hematomes-editions","8":"first","9":"instock","10":"shipping-taxable","11":"purchasable","12":"product-type-simple"},"acf":[],"yoast_head":"<!-- This site is optimized with the Yoast SEO plugin v27.2 - https:\/\/yoast.com\/product\/yoast-seo-wordpress\/ -->\n<title>Miniatures - H\u00e9matomes<\/title>\n<meta name=\"robots\" content=\"index, follow, max-snippet:-1, max-image-preview:large, max-video-preview:-1\" \/>\n<link rel=\"canonical\" href=\"https:\/\/hematomes.be\/boutique\/catalogue\/hematomes\/miniatures-benjamin-monti\/\" \/>\n<meta property=\"og:locale\" content=\"en_US\" \/>\n<meta property=\"og:type\" content=\"article\" \/>\n<meta property=\"og:title\" content=\"Miniatures - H\u00e9matomes\" \/>\n<meta property=\"og:description\" content=\"Cet ouvrage rassemble 80 collages ou miniatures mesurant neuf centim\u00e8tres de c\u00f4t\u00e9, entour\u00e9s de vues rapproch\u00e9es du mat\u00e9riau graphique glan\u00e9 par l\u2019artiste, chineur et collectionneur inv\u00e9t\u00e9r\u00e9. R\u00e9alis\u00e9es entre 2020 et 2022, ces images se lisent, ou pas, en s\u00e9quences. En tous les cas l\u2019oeil y plonge, pris dans le cadre \u00e9troit de compositions fantasques et souvent abstraites... Benjamin Monti brouille les pistes \u00e0 dessein en op\u00e9rateur minitieux d\u2019un corpus iconographique qu\u2019il hybride et recycle, en r\u00e9f\u00e9rence \u00e0 une s\u00e9rie de figures issues de l\u2019imaginaire collectif qui, arrach\u00e9es de leur contexte, provoquent une vision troublante de notre monde. Un entretien avec Annabelle Dupret accompagne les pages graphiques.\" \/>\n<meta property=\"og:url\" content=\"https:\/\/hematomes.be\/boutique\/catalogue\/hematomes\/miniatures-benjamin-monti\/\" \/>\n<meta property=\"og:site_name\" content=\"H\u00e9matomes\" \/>\n<meta property=\"article:modified_time\" content=\"2025-09-19T09:03:12+00:00\" \/>\n<meta property=\"og:image\" content=\"https:\/\/hematomes.be\/wp-content\/uploads\/2024\/09\/2024-09_Miniatures_Cover-scaled.jpg\" \/>\n\t<meta property=\"og:image:width\" content=\"1707\" \/>\n\t<meta property=\"og:image:height\" content=\"2560\" \/>\n\t<meta property=\"og:image:type\" content=\"image\/jpeg\" \/>\n<meta name=\"twitter:card\" content=\"summary_large_image\" \/>\n<script type=\"application\/ld+json\" class=\"yoast-schema-graph\">{\"@context\":\"https:\/\/schema.org\",\"@graph\":[{\"@type\":\"WebPage\",\"@id\":\"https:\/\/hematomes.be\/boutique\/catalogue\/hematomes\/miniatures-benjamin-monti\/\",\"url\":\"https:\/\/hematomes.be\/boutique\/catalogue\/hematomes\/miniatures-benjamin-monti\/\",\"name\":\"Miniatures - H\u00e9matomes\",\"isPartOf\":{\"@id\":\"https:\/\/hematomes.be\/#website\"},\"primaryImageOfPage\":{\"@id\":\"https:\/\/hematomes.be\/boutique\/catalogue\/hematomes\/miniatures-benjamin-monti\/#primaryimage\"},\"image\":{\"@id\":\"https:\/\/hematomes.be\/boutique\/catalogue\/hematomes\/miniatures-benjamin-monti\/#primaryimage\"},\"thumbnailUrl\":\"https:\/\/hematomes.be\/wp-content\/uploads\/2024\/09\/2024-09_Miniatures_Cover-scaled.jpg\",\"datePublished\":\"2024-09-09T10:04:06+00:00\",\"dateModified\":\"2025-09-19T09:03:12+00:00\",\"breadcrumb\":{\"@id\":\"https:\/\/hematomes.be\/boutique\/catalogue\/hematomes\/miniatures-benjamin-monti\/#breadcrumb\"},\"inLanguage\":\"en-US\",\"potentialAction\":[{\"@type\":\"ReadAction\",\"target\":[\"https:\/\/hematomes.be\/boutique\/catalogue\/hematomes\/miniatures-benjamin-monti\/\"]}]},{\"@type\":\"ImageObject\",\"inLanguage\":\"en-US\",\"@id\":\"https:\/\/hematomes.be\/boutique\/catalogue\/hematomes\/miniatures-benjamin-monti\/#primaryimage\",\"url\":\"https:\/\/hematomes.be\/wp-content\/uploads\/2024\/09\/2024-09_Miniatures_Cover-scaled.jpg\",\"contentUrl\":\"https:\/\/hematomes.be\/wp-content\/uploads\/2024\/09\/2024-09_Miniatures_Cover-scaled.jpg\",\"width\":1707,\"height\":2560},{\"@type\":\"BreadcrumbList\",\"@id\":\"https:\/\/hematomes.be\/boutique\/catalogue\/hematomes\/miniatures-benjamin-monti\/#breadcrumb\",\"itemListElement\":[{\"@type\":\"ListItem\",\"position\":1,\"name\":\"Accueil\",\"item\":\"https:\/\/hematomes.be\/en\/shop\/\"},{\"@type\":\"ListItem\",\"position\":2,\"name\":\"Shop\",\"item\":\"https:\/\/hematomes.be\/en\/shop\/\"},{\"@type\":\"ListItem\",\"position\":3,\"name\":\"Miniatures\"}]},{\"@type\":\"WebSite\",\"@id\":\"https:\/\/hematomes.be\/#website\",\"url\":\"https:\/\/hematomes.be\/\",\"name\":\"H\u00e9matomes\",\"description\":\"Une maison d&#039;\u00e9dition qui publie sur l&#039;art et tout autour.\",\"potentialAction\":[{\"@type\":\"SearchAction\",\"target\":{\"@type\":\"EntryPoint\",\"urlTemplate\":\"https:\/\/hematomes.be\/?s={search_term_string}\"},\"query-input\":{\"@type\":\"PropertyValueSpecification\",\"valueRequired\":true,\"valueName\":\"search_term_string\"}}],\"inLanguage\":\"en-US\"}]}<\/script>\n<!-- \/ Yoast SEO plugin. -->","yoast_head_json":{"title":"Miniatures - H\u00e9matomes","robots":{"index":"index","follow":"follow","max-snippet":"max-snippet:-1","max-image-preview":"max-image-preview:large","max-video-preview":"max-video-preview:-1"},"canonical":"https:\/\/hematomes.be\/boutique\/catalogue\/hematomes\/miniatures-benjamin-monti\/","og_locale":"en_US","og_type":"article","og_title":"Miniatures - H\u00e9matomes","og_description":"Cet ouvrage rassemble 80 collages ou miniatures mesurant neuf centim\u00e8tres de c\u00f4t\u00e9, entour\u00e9s de vues rapproch\u00e9es du mat\u00e9riau graphique glan\u00e9 par l\u2019artiste, chineur et collectionneur inv\u00e9t\u00e9r\u00e9. R\u00e9alis\u00e9es entre 2020 et 2022, ces images se lisent, ou pas, en s\u00e9quences. En tous les cas l\u2019oeil y plonge, pris dans le cadre \u00e9troit de compositions fantasques et souvent abstraites... Benjamin Monti brouille les pistes \u00e0 dessein en op\u00e9rateur minitieux d\u2019un corpus iconographique qu\u2019il hybride et recycle, en r\u00e9f\u00e9rence \u00e0 une s\u00e9rie de figures issues de l\u2019imaginaire collectif qui, arrach\u00e9es de leur contexte, provoquent une vision troublante de notre monde. Un entretien avec Annabelle Dupret accompagne les pages graphiques.","og_url":"https:\/\/hematomes.be\/boutique\/catalogue\/hematomes\/miniatures-benjamin-monti\/","og_site_name":"H\u00e9matomes","article_modified_time":"2025-09-19T09:03:12+00:00","og_image":[{"width":1707,"height":2560,"url":"https:\/\/hematomes.be\/wp-content\/uploads\/2024\/09\/2024-09_Miniatures_Cover-scaled.jpg","type":"image\/jpeg"}],"twitter_card":"summary_large_image","schema":{"@context":"https:\/\/schema.org","@graph":[{"@type":"WebPage","@id":"https:\/\/hematomes.be\/boutique\/catalogue\/hematomes\/miniatures-benjamin-monti\/","url":"https:\/\/hematomes.be\/boutique\/catalogue\/hematomes\/miniatures-benjamin-monti\/","name":"Miniatures - H\u00e9matomes","isPartOf":{"@id":"https:\/\/hematomes.be\/#website"},"primaryImageOfPage":{"@id":"https:\/\/hematomes.be\/boutique\/catalogue\/hematomes\/miniatures-benjamin-monti\/#primaryimage"},"image":{"@id":"https:\/\/hematomes.be\/boutique\/catalogue\/hematomes\/miniatures-benjamin-monti\/#primaryimage"},"thumbnailUrl":"https:\/\/hematomes.be\/wp-content\/uploads\/2024\/09\/2024-09_Miniatures_Cover-scaled.jpg","datePublished":"2024-09-09T10:04:06+00:00","dateModified":"2025-09-19T09:03:12+00:00","breadcrumb":{"@id":"https:\/\/hematomes.be\/boutique\/catalogue\/hematomes\/miniatures-benjamin-monti\/#breadcrumb"},"inLanguage":"en-US","potentialAction":[{"@type":"ReadAction","target":["https:\/\/hematomes.be\/boutique\/catalogue\/hematomes\/miniatures-benjamin-monti\/"]}]},{"@type":"ImageObject","inLanguage":"en-US","@id":"https:\/\/hematomes.be\/boutique\/catalogue\/hematomes\/miniatures-benjamin-monti\/#primaryimage","url":"https:\/\/hematomes.be\/wp-content\/uploads\/2024\/09\/2024-09_Miniatures_Cover-scaled.jpg","contentUrl":"https:\/\/hematomes.be\/wp-content\/uploads\/2024\/09\/2024-09_Miniatures_Cover-scaled.jpg","width":1707,"height":2560},{"@type":"BreadcrumbList","@id":"https:\/\/hematomes.be\/boutique\/catalogue\/hematomes\/miniatures-benjamin-monti\/#breadcrumb","itemListElement":[{"@type":"ListItem","position":1,"name":"Accueil","item":"https:\/\/hematomes.be\/en\/shop\/"},{"@type":"ListItem","position":2,"name":"Shop","item":"https:\/\/hematomes.be\/en\/shop\/"},{"@type":"ListItem","position":3,"name":"Miniatures"}]},{"@type":"WebSite","@id":"https:\/\/hematomes.be\/#website","url":"https:\/\/hematomes.be\/","name":"H\u00e9matomes","description":"Une maison d&#039;\u00e9dition qui publie sur l&#039;art et tout autour.","potentialAction":[{"@type":"SearchAction","target":{"@type":"EntryPoint","urlTemplate":"https:\/\/hematomes.be\/?s={search_term_string}"},"query-input":{"@type":"PropertyValueSpecification","valueRequired":true,"valueName":"search_term_string"}}],"inLanguage":"en-US"}]}},"_links":{"self":[{"href":"https:\/\/hematomes.be\/en\/wp-json\/wp\/v2\/product\/1058","targetHints":{"allow":["GET"]}}],"collection":[{"href":"https:\/\/hematomes.be\/en\/wp-json\/wp\/v2\/product"}],"about":[{"href":"https:\/\/hematomes.be\/en\/wp-json\/wp\/v2\/types\/product"}],"wp:featuredmedia":[{"embeddable":true,"href":"https:\/\/hematomes.be\/en\/wp-json\/wp\/v2\/media\/1045"}],"wp:attachment":[{"href":"https:\/\/hematomes.be\/en\/wp-json\/wp\/v2\/media?parent=1058"}],"wp:term":[{"taxonomy":"product_brand","embeddable":true,"href":"https:\/\/hematomes.be\/en\/wp-json\/wp\/v2\/product_brand?post=1058"},{"taxonomy":"product_cat","embeddable":true,"href":"https:\/\/hematomes.be\/en\/wp-json\/wp\/v2\/product_cat?post=1058"},{"taxonomy":"product_tag","embeddable":true,"href":"https:\/\/hematomes.be\/en\/wp-json\/wp\/v2\/product_tag?post=1058"}],"curies":[{"name":"wp","href":"https:\/\/api.w.org\/{rel}","templated":true}]}}