{"id":1109,"date":"2017-10-12T08:20:25","date_gmt":"2017-10-12T08:20:25","guid":{"rendered":"https:\/\/hematomes.be\/boutique\/non%20class\u00e9\/produit\/"},"modified":"2025-09-19T08:47:32","modified_gmt":"2025-09-19T08:47:32","slug":"produit","status":"publish","type":"product","link":"https:\/\/hematomes.be\/en\/boutique\/catalog\/produit\/","title":{"rendered":"Vive les hauts-Fourneaux!"},"content":{"rendered":"<p>Marcinelle, Ougr\u00e9e, Clabecq. Trois hauts-lieux de production de fonte et d\u2019acier, domin\u00e9s par la figure embl\u00e9matique des hauts-fourneaux. \u00c0 l\u2019arr\u00eat depuis plusieurs ann\u00e9es, devenus des friches, ils sont appel\u00e9s \u00e0 dispara\u00eetre prochainement. Avant qu\u2019ArcelorMittal et Duferco ne rasent ces vestiges, les questions de r\u00e9g\u00e9n\u00e9ration des sites et de pr\u00e9servation du patrimoine sont \u00e0 \u00e9tudier conjointement. Ferm\u00e9es, grillag\u00e9es et laiss\u00e9es \u00e0 l\u2019abandon, ces for\u00eats industrielles doivent s\u2019ouvrir \u00e0 ceux qui ont des propositions \u00e0 d\u00e9fendre, qu\u2019ils soient urbanistes, architectes, promoteurs, artistes, passeurs de m\u00e9moire. Les bassins voisins \u2014 la Ruhr, la Sarre ou la Lorraine \u2014 ont chacun gard\u00e9 des t\u00e9moins de l\u2019\u00e9pop\u00e9e industrielle pour les recycler en parcs paysagers, mus\u00e9es, ville nouvelle ou espaces \u00e9conomiques. Point de d\u00e9part de la r\u00e9volution industrielle sur le continent, la Wallonie ne peut faire l\u2019impasse sur une r\u00e9flexion approfondie concernant le devenir des friches sid\u00e9rurgiques.<\/p>\n<p>Ce livre \u00e9crit \u00e0 plusieurs mains pose la question et tente de documenter le d\u00e9bat, plus complexe qu\u2019il n\u2019y para\u00eet. Il entend \u00e0 la fois plonger dans une r\u00e9alit\u00e9 o\u00f9 se m\u00ealent ville et industrie, en d\u00e9crire ce qui \u00e9chappe aux regards mais aussi donner la parole \u00e0 ceux qui l\u2019ont c\u00f4toy\u00e9e de pr\u00e8s et amener quelques propositions.<\/p>\n<p>Un ouvrage de No\u00e9mie Drouguet et Philippe Bodeux<\/p>\n<p>avec des contributions de Pierre Bailly, Nicolas Belayew, Nicolas Bomal, Jacques Crul, Jonathan De Cesare, Jean-Louis Delaet, Luc Delporte, Jean-Luc Deru, Jean-Claude Dessart, Gilles Durvaux, Fifi, Caroline Lamarche, Marcel Leroy, Sophie Lhoest, Pierre Machiroux, Sylvain Marbehant, Michae\u0308l Matthys, Thierry Michel, Luca Piddiu, Sylvain Piraux, C\u00e9cile Piret, Jean-Louis Postula, Cecilia Raziano, Anne Stelmes, Pierre-Yves Thienpont, Elodie Timmermans et Michel Tonneau.<\/p>\n","protected":false},"excerpt":{"rendered":"<p>Hors-s\u00e9rie, octobre 2017. Ce livre \u00e9crit \u00e0 plusieurs mains pose la question et tente de documenter le d\u00e9bat, plus complexe qu\u2019il n\u2019y para\u00eet. Il entend \u00e0 la fois plonger dans une r\u00e9alit\u00e9 o\u00f9 se m\u00ealent ville et industrie, en d\u00e9crire ce qui \u00e9chappe aux regards mais aussi donner la parole \u00e0 ceux qui l\u2019ont c\u00f4toy\u00e9e de pr\u00e8s et amener quelques propositions.<\/p>\n","protected":false},"featured_media":1151,"template":"","meta":{"_acf_changed":false},"product_brand":[],"product_cat":[15,26],"product_tag":[],"class_list":{"0":"post-1109","1":"product","2":"type-product","3":"status-publish","4":"has-post-thumbnail","6":"product_cat-catalogue","7":"product_cat-revue-derivations","9":"first","10":"instock","11":"shipping-taxable","12":"purchasable","13":"product-type-simple"},"acf":[],"yoast_head":"<!-- This site is optimized with the Yoast SEO plugin v27.2 - https:\/\/yoast.com\/product\/yoast-seo-wordpress\/ -->\n<title>Vive les hauts-Fourneaux! - H\u00e9matomes<\/title>\n<meta name=\"robots\" content=\"index, follow, max-snippet:-1, max-image-preview:large, max-video-preview:-1\" \/>\n<link rel=\"canonical\" href=\"https:\/\/hematomes.be\/boutique\/catalogue\/derivations\/produit\/\" \/>\n<meta property=\"og:locale\" content=\"en_US\" \/>\n<meta property=\"og:type\" content=\"article\" \/>\n<meta property=\"og:title\" content=\"Vive les hauts-Fourneaux! - H\u00e9matomes\" \/>\n<meta property=\"og:description\" content=\"Hors-s\u00e9rie, octobre 2017. Ce livre \u00e9crit \u00e0 plusieurs mains pose la question et tente de documenter le d\u00e9bat, plus complexe qu\u2019il n\u2019y para\u00eet. Il entend \u00e0 la fois plonger dans une r\u00e9alit\u00e9 o\u00f9 se m\u00ealent ville et industrie, en d\u00e9crire ce qui \u00e9chappe aux regards mais aussi donner la parole \u00e0 ceux qui l\u2019ont c\u00f4toy\u00e9e de pr\u00e8s et amener quelques propositions.\" \/>\n<meta property=\"og:url\" content=\"https:\/\/hematomes.be\/boutique\/catalogue\/derivations\/produit\/\" \/>\n<meta property=\"og:site_name\" content=\"H\u00e9matomes\" \/>\n<meta property=\"article:modified_time\" content=\"2025-09-19T08:47:32+00:00\" \/>\n<meta property=\"og:image\" content=\"https:\/\/hematomes.be\/wp-content\/uploads\/2024\/10\/2017-10_DHS3_HautsFourneaux.jpg\" \/>\n\t<meta property=\"og:image:width\" content=\"960\" \/>\n\t<meta property=\"og:image:height\" content=\"1440\" \/>\n\t<meta property=\"og:image:type\" content=\"image\/jpeg\" \/>\n<meta name=\"twitter:card\" content=\"summary_large_image\" \/>\n<meta name=\"twitter:label1\" content=\"Est. reading time\" \/>\n\t<meta name=\"twitter:data1\" content=\"2 minutes\" \/>\n<script type=\"application\/ld+json\" class=\"yoast-schema-graph\">{\"@context\":\"https:\/\/schema.org\",\"@graph\":[{\"@type\":\"WebPage\",\"@id\":\"https:\/\/hematomes.be\/boutique\/catalogue\/derivations\/produit\/\",\"url\":\"https:\/\/hematomes.be\/boutique\/catalogue\/derivations\/produit\/\",\"name\":\"Vive les hauts-Fourneaux! - H\u00e9matomes\",\"isPartOf\":{\"@id\":\"https:\/\/hematomes.be\/#website\"},\"primaryImageOfPage\":{\"@id\":\"https:\/\/hematomes.be\/boutique\/catalogue\/derivations\/produit\/#primaryimage\"},\"image\":{\"@id\":\"https:\/\/hematomes.be\/boutique\/catalogue\/derivations\/produit\/#primaryimage\"},\"thumbnailUrl\":\"https:\/\/hematomes.be\/wp-content\/uploads\/2024\/10\/2017-10_DHS3_HautsFourneaux.jpg\",\"datePublished\":\"2017-10-12T08:20:25+00:00\",\"dateModified\":\"2025-09-19T08:47:32+00:00\",\"breadcrumb\":{\"@id\":\"https:\/\/hematomes.be\/boutique\/catalogue\/derivations\/produit\/#breadcrumb\"},\"inLanguage\":\"en-US\",\"potentialAction\":[{\"@type\":\"ReadAction\",\"target\":[\"https:\/\/hematomes.be\/boutique\/catalogue\/derivations\/produit\/\"]}]},{\"@type\":\"ImageObject\",\"inLanguage\":\"en-US\",\"@id\":\"https:\/\/hematomes.be\/boutique\/catalogue\/derivations\/produit\/#primaryimage\",\"url\":\"https:\/\/hematomes.be\/wp-content\/uploads\/2024\/10\/2017-10_DHS3_HautsFourneaux.jpg\",\"contentUrl\":\"https:\/\/hematomes.be\/wp-content\/uploads\/2024\/10\/2017-10_DHS3_HautsFourneaux.jpg\",\"width\":960,\"height\":1440},{\"@type\":\"BreadcrumbList\",\"@id\":\"https:\/\/hematomes.be\/boutique\/catalogue\/derivations\/produit\/#breadcrumb\",\"itemListElement\":[{\"@type\":\"ListItem\",\"position\":1,\"name\":\"Accueil\",\"item\":\"https:\/\/hematomes.be\/en\/shop\/\"},{\"@type\":\"ListItem\",\"position\":2,\"name\":\"Shop\",\"item\":\"https:\/\/hematomes.be\/en\/shop\/\"},{\"@type\":\"ListItem\",\"position\":3,\"name\":\"Vive les hauts-Fourneaux!\"}]},{\"@type\":\"WebSite\",\"@id\":\"https:\/\/hematomes.be\/#website\",\"url\":\"https:\/\/hematomes.be\/\",\"name\":\"H\u00e9matomes\",\"description\":\"Une maison d&#039;\u00e9dition qui publie sur l&#039;art et tout autour.\",\"potentialAction\":[{\"@type\":\"SearchAction\",\"target\":{\"@type\":\"EntryPoint\",\"urlTemplate\":\"https:\/\/hematomes.be\/?s={search_term_string}\"},\"query-input\":{\"@type\":\"PropertyValueSpecification\",\"valueRequired\":true,\"valueName\":\"search_term_string\"}}],\"inLanguage\":\"en-US\"}]}<\/script>\n<!-- \/ Yoast SEO plugin. -->","yoast_head_json":{"title":"Vive les hauts-Fourneaux! - H\u00e9matomes","robots":{"index":"index","follow":"follow","max-snippet":"max-snippet:-1","max-image-preview":"max-image-preview:large","max-video-preview":"max-video-preview:-1"},"canonical":"https:\/\/hematomes.be\/boutique\/catalogue\/derivations\/produit\/","og_locale":"en_US","og_type":"article","og_title":"Vive les hauts-Fourneaux! - H\u00e9matomes","og_description":"Hors-s\u00e9rie, octobre 2017. Ce livre \u00e9crit \u00e0 plusieurs mains pose la question et tente de documenter le d\u00e9bat, plus complexe qu\u2019il n\u2019y para\u00eet. Il entend \u00e0 la fois plonger dans une r\u00e9alit\u00e9 o\u00f9 se m\u00ealent ville et industrie, en d\u00e9crire ce qui \u00e9chappe aux regards mais aussi donner la parole \u00e0 ceux qui l\u2019ont c\u00f4toy\u00e9e de pr\u00e8s et amener quelques propositions.","og_url":"https:\/\/hematomes.be\/boutique\/catalogue\/derivations\/produit\/","og_site_name":"H\u00e9matomes","article_modified_time":"2025-09-19T08:47:32+00:00","og_image":[{"width":960,"height":1440,"url":"https:\/\/hematomes.be\/wp-content\/uploads\/2024\/10\/2017-10_DHS3_HautsFourneaux.jpg","type":"image\/jpeg"}],"twitter_card":"summary_large_image","twitter_misc":{"Est. reading time":"2 minutes"},"schema":{"@context":"https:\/\/schema.org","@graph":[{"@type":"WebPage","@id":"https:\/\/hematomes.be\/boutique\/catalogue\/derivations\/produit\/","url":"https:\/\/hematomes.be\/boutique\/catalogue\/derivations\/produit\/","name":"Vive les hauts-Fourneaux! - H\u00e9matomes","isPartOf":{"@id":"https:\/\/hematomes.be\/#website"},"primaryImageOfPage":{"@id":"https:\/\/hematomes.be\/boutique\/catalogue\/derivations\/produit\/#primaryimage"},"image":{"@id":"https:\/\/hematomes.be\/boutique\/catalogue\/derivations\/produit\/#primaryimage"},"thumbnailUrl":"https:\/\/hematomes.be\/wp-content\/uploads\/2024\/10\/2017-10_DHS3_HautsFourneaux.jpg","datePublished":"2017-10-12T08:20:25+00:00","dateModified":"2025-09-19T08:47:32+00:00","breadcrumb":{"@id":"https:\/\/hematomes.be\/boutique\/catalogue\/derivations\/produit\/#breadcrumb"},"inLanguage":"en-US","potentialAction":[{"@type":"ReadAction","target":["https:\/\/hematomes.be\/boutique\/catalogue\/derivations\/produit\/"]}]},{"@type":"ImageObject","inLanguage":"en-US","@id":"https:\/\/hematomes.be\/boutique\/catalogue\/derivations\/produit\/#primaryimage","url":"https:\/\/hematomes.be\/wp-content\/uploads\/2024\/10\/2017-10_DHS3_HautsFourneaux.jpg","contentUrl":"https:\/\/hematomes.be\/wp-content\/uploads\/2024\/10\/2017-10_DHS3_HautsFourneaux.jpg","width":960,"height":1440},{"@type":"BreadcrumbList","@id":"https:\/\/hematomes.be\/boutique\/catalogue\/derivations\/produit\/#breadcrumb","itemListElement":[{"@type":"ListItem","position":1,"name":"Accueil","item":"https:\/\/hematomes.be\/en\/shop\/"},{"@type":"ListItem","position":2,"name":"Shop","item":"https:\/\/hematomes.be\/en\/shop\/"},{"@type":"ListItem","position":3,"name":"Vive les hauts-Fourneaux!"}]},{"@type":"WebSite","@id":"https:\/\/hematomes.be\/#website","url":"https:\/\/hematomes.be\/","name":"H\u00e9matomes","description":"Une maison d&#039;\u00e9dition qui publie sur l&#039;art et tout autour.","potentialAction":[{"@type":"SearchAction","target":{"@type":"EntryPoint","urlTemplate":"https:\/\/hematomes.be\/?s={search_term_string}"},"query-input":{"@type":"PropertyValueSpecification","valueRequired":true,"valueName":"search_term_string"}}],"inLanguage":"en-US"}]}},"_links":{"self":[{"href":"https:\/\/hematomes.be\/en\/wp-json\/wp\/v2\/product\/1109","targetHints":{"allow":["GET"]}}],"collection":[{"href":"https:\/\/hematomes.be\/en\/wp-json\/wp\/v2\/product"}],"about":[{"href":"https:\/\/hematomes.be\/en\/wp-json\/wp\/v2\/types\/product"}],"wp:featuredmedia":[{"embeddable":true,"href":"https:\/\/hematomes.be\/en\/wp-json\/wp\/v2\/media\/1151"}],"wp:attachment":[{"href":"https:\/\/hematomes.be\/en\/wp-json\/wp\/v2\/media?parent=1109"}],"wp:term":[{"taxonomy":"product_brand","embeddable":true,"href":"https:\/\/hematomes.be\/en\/wp-json\/wp\/v2\/product_brand?post=1109"},{"taxonomy":"product_cat","embeddable":true,"href":"https:\/\/hematomes.be\/en\/wp-json\/wp\/v2\/product_cat?post=1109"},{"taxonomy":"product_tag","embeddable":true,"href":"https:\/\/hematomes.be\/en\/wp-json\/wp\/v2\/product_tag?post=1109"}],"curies":[{"name":"wp","href":"https:\/\/api.w.org\/{rel}","templated":true}]}}