{"id":1383,"date":"2025-07-16T12:14:49","date_gmt":"2025-07-16T12:14:49","guid":{"rendered":"http:\/\/localhost:8888\/hematomes\/boutique\/uncategorized\/derivations-10-habiter-en-communs\/"},"modified":"2026-03-28T09:39:49","modified_gmt":"2026-03-28T09:39:49","slug":"derivations-10-habiter-en-communs-2","status":"publish","type":"product","link":"https:\/\/hematomes.be\/en\/boutique\/revue-derivations\/derivations-10-habiter-en-communs-2\/","title":{"rendered":"D\u00e9rivations 10 \u2014 Live in common(ies)"},"content":{"rendered":"<p><span style=\"text-decoration: underline;\">Textes<\/span><br \/>\nAngela.D<br \/>\nVictor Abraham Lac\u00f4<br \/>\nJean-Philippe Convert<br \/>\nLisa De Visscher<br \/>\nSalom\u00e9 Gardier<br \/>\nMarion Guillard<br \/>\nMarie Julie<br \/>\nSarah de Laet<br \/>\nGuillaume Leeuw<br \/>\nJeremy Lienaert<br \/>\nGeertrui Meire<br \/>\nFranc\u0327ois Nowakowski<br \/>\nDamien Rondepierre<br \/>\nLaurent d\u2019Ursel<br \/>\nvvv architecture urbanisme<br \/>\nS\u00e9bastien Borguet<br \/>\nPatrick\u00a0Dessart<br \/>\nAline Fares<br \/>\n\u00c1lvaro Sevilla-Buitrago<br \/>\nCarmen Silva<br \/>\n<span style=\"text-decoration: underline;\">Contributions artistiques<\/span><br \/>\nLudovic Car\u00e8me \/ Agence VU\u2019<br \/>\nJ\u00e9r\u00f4me Consid\u00e9rant<br \/>\nPaul\u00a0Devens<br \/>\nLise Duclaux<br \/>\nCharlotte Lavandier<br \/>\nAnna Mancuso<br \/>\nMarianne Mispela\u00ebre<br \/>\nCristina Raduica<br \/>\nSortir du bois<br \/>\nP\u00e9n\u00e9lope Urbain<br \/>\nOlivier Vadrot<\/p>\n<p>&nbsp;<\/p>\n","protected":false},"excerpt":{"rendered":"<p>Le num\u00e9ro 10 de la revue D\u00e9rivations revient sur la question du logement, en la consid\u00e9rant dans la perspective des communs et de leur renouveau. En Belgique, on a coutume de parler de la \u00ab\u2009brique dans le ventre\u2009\u00bb, pour signifier combien l\u2019attachement au logement y serait soi-disant ancr\u00e9 dans une culture visc\u00e9rale de la propri\u00e9t\u00e9 priv\u00e9e individuelle. C\u2019est une mani\u00e8re assez courante d\u2019associer la question du logement \u00e0 celle du projet personnel de chaque individu, en la soustrayant par l\u00e0 m\u00eame aux grandes d\u00e9lib\u00e9rations collectives. Or l\u2019existence, m\u00eame toute th\u00e9orique, d\u2019un \u00ab\u2009droit au logement\u2009\u00bb dont la port\u00e9e est constitutionnelle pose d\u2019embl\u00e9e le caract\u00e8re collectif de cette question et sa dimension \u00e9minemment politique. R\u00e9fl\u00e9chir au logement, dans sa globalit\u00e9, comme un \u00ab\u2009commun\u2009\u00bb auquel chacun devrait pouvoir avoir acc\u00e8s et dont les processus de production, de distribution et de r\u00e9gulation devraient \u00eatre le r\u00e9sultat d\u2019une d\u00e9lib\u00e9ration politique consciente et explicite appara\u00eet comme une n\u00e9cessit\u00e9 pour faire exister ce \u00ab\u2009droit\u2009\u00bb autrement que sur le papier. A ces consid\u00e9rations s\u2019ajoutent les lectures induites par les questions \u00e9cologiques, qui invitent notamment \u00e0 limiter, voire \u00e0 stopper, l\u2019urbanisation des sols naturels, et \u00e0 r\u00e9introduire de la biodiversit\u00e9 dans les espaces dens\u00e9ment peupl\u00e9s. En somme, les n\u00e9cessit\u00e9s d\u2019occuper l\u2019espace plus sobrement et de mani\u00e8re plus partag\u00e9e entre humains et non humains introduisent des contraintes et des enjeux nouveaux dans la mani\u00e8re dont l\u2019habitat peut occuper (ou pas) l\u2019espace. Ce nouveau cadre de contraintes, au-del\u00e0 d\u2019interroger, sur le plan politique, la propri\u00e9t\u00e9 priv\u00e9e comme principal principe r\u00e9gulateur d\u2019acc\u00e8s \u00e0 l\u2019espace de la vie domestique, pose aussi des questions culturelles et intimes. Le d\u00e9veloppement r\u00e9cent et croissant de communaut\u00e9s d\u2019habitat, sous diverses formes \u2013\u00a0cohousing, habitats partag\u00e9s, colocations, logements \u00ab\u2009kangourou\u2009\u00bb, community land trusts, ZADs \u2013 r\u00e9pond autant \u00e0 des n\u00e9cessit\u00e9s \u00e9conomiques que sociales, relationnelles et \u00e9cologiques. Ce num\u00e9ro regroupe des analyses, des t\u00e9moignages, et des interventions plastiques qui tentent toustes de se saisir de cette probl\u00e9matique, \u00e0 l\u2019\u00e9chelle des individus comme \u00e0 celle des groupes sociaux.<\/p>\n","protected":false},"featured_media":1384,"template":"","meta":{"_acf_changed":false},"product_brand":[],"product_cat":[43],"product_tag":[],"class_list":{"0":"post-1383","1":"product","2":"type-product","3":"status-publish","4":"has-post-thumbnail","6":"product_cat-revue-derivations","8":"first","9":"instock","10":"shipping-taxable","11":"purchasable","12":"product-type-simple"},"acf":[],"yoast_head":"<!-- This site is optimized with the Yoast SEO plugin v27.2 - https:\/\/yoast.com\/product\/yoast-seo-wordpress\/ -->\n<title>D\u00e9rivations 10 \u2014 Live in common(ies) - H\u00e9matomes<\/title>\n<meta name=\"robots\" content=\"index, follow, max-snippet:-1, max-image-preview:large, max-video-preview:-1\" \/>\n<link rel=\"canonical\" href=\"https:\/\/hematomes.be\/en\/boutique\/revue-derivations\/derivations-10-habiter-en-communs-2\/\" \/>\n<meta property=\"og:locale\" content=\"en_US\" \/>\n<meta property=\"og:type\" content=\"article\" \/>\n<meta property=\"og:title\" content=\"D\u00e9rivations 10 \u2014 Live in common(ies) - H\u00e9matomes\" \/>\n<meta property=\"og:description\" content=\"Le num\u00e9ro 10 de la revue D\u00e9rivations revient sur la question du logement, en la consid\u00e9rant dans la perspective des communs et de leur renouveau. En Belgique, on a coutume de parler de la \u00ab\u2009brique dans le ventre\u2009\u00bb, pour signifier combien l\u2019attachement au logement y serait soi-disant ancr\u00e9 dans une culture visc\u00e9rale de la propri\u00e9t\u00e9 priv\u00e9e individuelle. C\u2019est une mani\u00e8re assez courante d\u2019associer la question du logement \u00e0 celle du projet personnel de chaque individu, en la soustrayant par l\u00e0 m\u00eame aux grandes d\u00e9lib\u00e9rations collectives. Or l\u2019existence, m\u00eame toute th\u00e9orique, d\u2019un \u00ab\u2009droit au logement\u2009\u00bb dont la port\u00e9e est constitutionnelle pose d\u2019embl\u00e9e le caract\u00e8re collectif de cette question et sa dimension \u00e9minemment politique. R\u00e9fl\u00e9chir au logement, dans sa globalit\u00e9, comme un \u00ab\u2009commun\u2009\u00bb auquel chacun devrait pouvoir avoir acc\u00e8s et dont les processus de production, de distribution et de r\u00e9gulation devraient \u00eatre le r\u00e9sultat d\u2019une d\u00e9lib\u00e9ration politique consciente et explicite appara\u00eet comme une n\u00e9cessit\u00e9 pour faire exister ce \u00ab\u2009droit\u2009\u00bb autrement que sur le papier. A ces consid\u00e9rations s\u2019ajoutent les lectures induites par les questions \u00e9cologiques, qui invitent notamment \u00e0 limiter, voire \u00e0 stopper, l\u2019urbanisation des sols naturels, et \u00e0 r\u00e9introduire de la biodiversit\u00e9 dans les espaces dens\u00e9ment peupl\u00e9s. En somme, les n\u00e9cessit\u00e9s d\u2019occuper l\u2019espace plus sobrement et de mani\u00e8re plus partag\u00e9e entre humains et non humains introduisent des contraintes et des enjeux nouveaux dans la mani\u00e8re dont l\u2019habitat peut occuper (ou pas) l\u2019espace. Ce nouveau cadre de contraintes, au-del\u00e0 d\u2019interroger, sur le plan politique, la propri\u00e9t\u00e9 priv\u00e9e comme principal principe r\u00e9gulateur d\u2019acc\u00e8s \u00e0 l\u2019espace de la vie domestique, pose aussi des questions culturelles et intimes. Le d\u00e9veloppement r\u00e9cent et croissant de communaut\u00e9s d\u2019habitat, sous diverses formes \u2013\u00a0cohousing, habitats partag\u00e9s, colocations, logements \u00ab\u2009kangourou\u2009\u00bb, community land trusts, ZADs \u2013 r\u00e9pond autant \u00e0 des n\u00e9cessit\u00e9s \u00e9conomiques que sociales, relationnelles et \u00e9cologiques. Ce num\u00e9ro regroupe des analyses, des t\u00e9moignages, et des interventions plastiques qui tentent toustes de se saisir de cette probl\u00e9matique, \u00e0 l\u2019\u00e9chelle des individus comme \u00e0 celle des groupes sociaux.\" \/>\n<meta property=\"og:url\" content=\"https:\/\/hematomes.be\/en\/boutique\/revue-derivations\/derivations-10-habiter-en-communs-2\/\" \/>\n<meta property=\"og:site_name\" content=\"H\u00e9matomes\" \/>\n<meta property=\"article:modified_time\" content=\"2026-03-28T09:39:49+00:00\" \/>\n<meta property=\"og:image\" content=\"https:\/\/hematomes.be\/wp-content\/uploads\/2025\/07\/2025-09_Derivations10_Cover-scaled.jpg\" \/>\n\t<meta property=\"og:image:width\" content=\"1707\" \/>\n\t<meta property=\"og:image:height\" content=\"2560\" \/>\n\t<meta property=\"og:image:type\" content=\"image\/jpeg\" \/>\n<meta name=\"twitter:card\" content=\"summary_large_image\" \/>\n<meta name=\"twitter:label1\" content=\"Est. reading time\" \/>\n\t<meta name=\"twitter:data1\" content=\"1 minute\" \/>\n<script type=\"application\/ld+json\" class=\"yoast-schema-graph\">{\"@context\":\"https:\/\/schema.org\",\"@graph\":[{\"@type\":\"WebPage\",\"@id\":\"https:\/\/hematomes.be\/en\/boutique\/revue-derivations\/derivations-10-habiter-en-communs-2\/\",\"url\":\"https:\/\/hematomes.be\/en\/boutique\/revue-derivations\/derivations-10-habiter-en-communs-2\/\",\"name\":\"D\u00e9rivations 10 \u2014 Live in common(ies) - H\u00e9matomes\",\"isPartOf\":{\"@id\":\"https:\/\/hematomes.be\/#website\"},\"primaryImageOfPage\":{\"@id\":\"https:\/\/hematomes.be\/en\/boutique\/revue-derivations\/derivations-10-habiter-en-communs-2\/#primaryimage\"},\"image\":{\"@id\":\"https:\/\/hematomes.be\/en\/boutique\/revue-derivations\/derivations-10-habiter-en-communs-2\/#primaryimage\"},\"thumbnailUrl\":\"https:\/\/hematomes.be\/wp-content\/uploads\/2025\/07\/2025-09_Derivations10_Cover-scaled.jpg\",\"datePublished\":\"2025-07-16T12:14:49+00:00\",\"dateModified\":\"2026-03-28T09:39:49+00:00\",\"breadcrumb\":{\"@id\":\"https:\/\/hematomes.be\/en\/boutique\/revue-derivations\/derivations-10-habiter-en-communs-2\/#breadcrumb\"},\"inLanguage\":\"en-US\",\"potentialAction\":[{\"@type\":\"ReadAction\",\"target\":[\"https:\/\/hematomes.be\/en\/boutique\/revue-derivations\/derivations-10-habiter-en-communs-2\/\"]}]},{\"@type\":\"ImageObject\",\"inLanguage\":\"en-US\",\"@id\":\"https:\/\/hematomes.be\/en\/boutique\/revue-derivations\/derivations-10-habiter-en-communs-2\/#primaryimage\",\"url\":\"https:\/\/hematomes.be\/wp-content\/uploads\/2025\/07\/2025-09_Derivations10_Cover-scaled.jpg\",\"contentUrl\":\"https:\/\/hematomes.be\/wp-content\/uploads\/2025\/07\/2025-09_Derivations10_Cover-scaled.jpg\",\"width\":1707,\"height\":2560},{\"@type\":\"BreadcrumbList\",\"@id\":\"https:\/\/hematomes.be\/en\/boutique\/revue-derivations\/derivations-10-habiter-en-communs-2\/#breadcrumb\",\"itemListElement\":[{\"@type\":\"ListItem\",\"position\":1,\"name\":\"Accueil\",\"item\":\"https:\/\/hematomes.be\/en\/shop\/\"},{\"@type\":\"ListItem\",\"position\":2,\"name\":\"Shop\",\"item\":\"https:\/\/hematomes.be\/en\/shop\/\"},{\"@type\":\"ListItem\",\"position\":3,\"name\":\"D\u00e9rivations 10 \u2014 Live in common(ies)\"}]},{\"@type\":\"WebSite\",\"@id\":\"https:\/\/hematomes.be\/#website\",\"url\":\"https:\/\/hematomes.be\/\",\"name\":\"H\u00e9matomes\",\"description\":\"Une maison d&#039;\u00e9dition qui publie sur l&#039;art et tout autour.\",\"potentialAction\":[{\"@type\":\"SearchAction\",\"target\":{\"@type\":\"EntryPoint\",\"urlTemplate\":\"https:\/\/hematomes.be\/?s={search_term_string}\"},\"query-input\":{\"@type\":\"PropertyValueSpecification\",\"valueRequired\":true,\"valueName\":\"search_term_string\"}}],\"inLanguage\":\"en-US\"}]}<\/script>\n<!-- \/ Yoast SEO plugin. -->","yoast_head_json":{"title":"D\u00e9rivations 10 \u2014 Live in common(ies) - H\u00e9matomes","robots":{"index":"index","follow":"follow","max-snippet":"max-snippet:-1","max-image-preview":"max-image-preview:large","max-video-preview":"max-video-preview:-1"},"canonical":"https:\/\/hematomes.be\/en\/boutique\/revue-derivations\/derivations-10-habiter-en-communs-2\/","og_locale":"en_US","og_type":"article","og_title":"D\u00e9rivations 10 \u2014 Live in common(ies) - H\u00e9matomes","og_description":"Le num\u00e9ro 10 de la revue D\u00e9rivations revient sur la question du logement, en la consid\u00e9rant dans la perspective des communs et de leur renouveau. En Belgique, on a coutume de parler de la \u00ab\u2009brique dans le ventre\u2009\u00bb, pour signifier combien l\u2019attachement au logement y serait soi-disant ancr\u00e9 dans une culture visc\u00e9rale de la propri\u00e9t\u00e9 priv\u00e9e individuelle. C\u2019est une mani\u00e8re assez courante d\u2019associer la question du logement \u00e0 celle du projet personnel de chaque individu, en la soustrayant par l\u00e0 m\u00eame aux grandes d\u00e9lib\u00e9rations collectives. Or l\u2019existence, m\u00eame toute th\u00e9orique, d\u2019un \u00ab\u2009droit au logement\u2009\u00bb dont la port\u00e9e est constitutionnelle pose d\u2019embl\u00e9e le caract\u00e8re collectif de cette question et sa dimension \u00e9minemment politique. R\u00e9fl\u00e9chir au logement, dans sa globalit\u00e9, comme un \u00ab\u2009commun\u2009\u00bb auquel chacun devrait pouvoir avoir acc\u00e8s et dont les processus de production, de distribution et de r\u00e9gulation devraient \u00eatre le r\u00e9sultat d\u2019une d\u00e9lib\u00e9ration politique consciente et explicite appara\u00eet comme une n\u00e9cessit\u00e9 pour faire exister ce \u00ab\u2009droit\u2009\u00bb autrement que sur le papier. A ces consid\u00e9rations s\u2019ajoutent les lectures induites par les questions \u00e9cologiques, qui invitent notamment \u00e0 limiter, voire \u00e0 stopper, l\u2019urbanisation des sols naturels, et \u00e0 r\u00e9introduire de la biodiversit\u00e9 dans les espaces dens\u00e9ment peupl\u00e9s. En somme, les n\u00e9cessit\u00e9s d\u2019occuper l\u2019espace plus sobrement et de mani\u00e8re plus partag\u00e9e entre humains et non humains introduisent des contraintes et des enjeux nouveaux dans la mani\u00e8re dont l\u2019habitat peut occuper (ou pas) l\u2019espace. Ce nouveau cadre de contraintes, au-del\u00e0 d\u2019interroger, sur le plan politique, la propri\u00e9t\u00e9 priv\u00e9e comme principal principe r\u00e9gulateur d\u2019acc\u00e8s \u00e0 l\u2019espace de la vie domestique, pose aussi des questions culturelles et intimes. Le d\u00e9veloppement r\u00e9cent et croissant de communaut\u00e9s d\u2019habitat, sous diverses formes \u2013\u00a0cohousing, habitats partag\u00e9s, colocations, logements \u00ab\u2009kangourou\u2009\u00bb, community land trusts, ZADs \u2013 r\u00e9pond autant \u00e0 des n\u00e9cessit\u00e9s \u00e9conomiques que sociales, relationnelles et \u00e9cologiques. Ce num\u00e9ro regroupe des analyses, des t\u00e9moignages, et des interventions plastiques qui tentent toustes de se saisir de cette probl\u00e9matique, \u00e0 l\u2019\u00e9chelle des individus comme \u00e0 celle des groupes sociaux.","og_url":"https:\/\/hematomes.be\/en\/boutique\/revue-derivations\/derivations-10-habiter-en-communs-2\/","og_site_name":"H\u00e9matomes","article_modified_time":"2026-03-28T09:39:49+00:00","og_image":[{"width":1707,"height":2560,"url":"https:\/\/hematomes.be\/wp-content\/uploads\/2025\/07\/2025-09_Derivations10_Cover-scaled.jpg","type":"image\/jpeg"}],"twitter_card":"summary_large_image","twitter_misc":{"Est. reading time":"1 minute"},"schema":{"@context":"https:\/\/schema.org","@graph":[{"@type":"WebPage","@id":"https:\/\/hematomes.be\/en\/boutique\/revue-derivations\/derivations-10-habiter-en-communs-2\/","url":"https:\/\/hematomes.be\/en\/boutique\/revue-derivations\/derivations-10-habiter-en-communs-2\/","name":"D\u00e9rivations 10 \u2014 Live in common(ies) - H\u00e9matomes","isPartOf":{"@id":"https:\/\/hematomes.be\/#website"},"primaryImageOfPage":{"@id":"https:\/\/hematomes.be\/en\/boutique\/revue-derivations\/derivations-10-habiter-en-communs-2\/#primaryimage"},"image":{"@id":"https:\/\/hematomes.be\/en\/boutique\/revue-derivations\/derivations-10-habiter-en-communs-2\/#primaryimage"},"thumbnailUrl":"https:\/\/hematomes.be\/wp-content\/uploads\/2025\/07\/2025-09_Derivations10_Cover-scaled.jpg","datePublished":"2025-07-16T12:14:49+00:00","dateModified":"2026-03-28T09:39:49+00:00","breadcrumb":{"@id":"https:\/\/hematomes.be\/en\/boutique\/revue-derivations\/derivations-10-habiter-en-communs-2\/#breadcrumb"},"inLanguage":"en-US","potentialAction":[{"@type":"ReadAction","target":["https:\/\/hematomes.be\/en\/boutique\/revue-derivations\/derivations-10-habiter-en-communs-2\/"]}]},{"@type":"ImageObject","inLanguage":"en-US","@id":"https:\/\/hematomes.be\/en\/boutique\/revue-derivations\/derivations-10-habiter-en-communs-2\/#primaryimage","url":"https:\/\/hematomes.be\/wp-content\/uploads\/2025\/07\/2025-09_Derivations10_Cover-scaled.jpg","contentUrl":"https:\/\/hematomes.be\/wp-content\/uploads\/2025\/07\/2025-09_Derivations10_Cover-scaled.jpg","width":1707,"height":2560},{"@type":"BreadcrumbList","@id":"https:\/\/hematomes.be\/en\/boutique\/revue-derivations\/derivations-10-habiter-en-communs-2\/#breadcrumb","itemListElement":[{"@type":"ListItem","position":1,"name":"Accueil","item":"https:\/\/hematomes.be\/en\/shop\/"},{"@type":"ListItem","position":2,"name":"Shop","item":"https:\/\/hematomes.be\/en\/shop\/"},{"@type":"ListItem","position":3,"name":"D\u00e9rivations 10 \u2014 Live in common(ies)"}]},{"@type":"WebSite","@id":"https:\/\/hematomes.be\/#website","url":"https:\/\/hematomes.be\/","name":"H\u00e9matomes","description":"Une maison d&#039;\u00e9dition qui publie sur l&#039;art et tout autour.","potentialAction":[{"@type":"SearchAction","target":{"@type":"EntryPoint","urlTemplate":"https:\/\/hematomes.be\/?s={search_term_string}"},"query-input":{"@type":"PropertyValueSpecification","valueRequired":true,"valueName":"search_term_string"}}],"inLanguage":"en-US"}]}},"_links":{"self":[{"href":"https:\/\/hematomes.be\/en\/wp-json\/wp\/v2\/product\/1383","targetHints":{"allow":["GET"]}}],"collection":[{"href":"https:\/\/hematomes.be\/en\/wp-json\/wp\/v2\/product"}],"about":[{"href":"https:\/\/hematomes.be\/en\/wp-json\/wp\/v2\/types\/product"}],"wp:featuredmedia":[{"embeddable":true,"href":"https:\/\/hematomes.be\/en\/wp-json\/wp\/v2\/media\/1384"}],"wp:attachment":[{"href":"https:\/\/hematomes.be\/en\/wp-json\/wp\/v2\/media?parent=1383"}],"wp:term":[{"taxonomy":"product_brand","embeddable":true,"href":"https:\/\/hematomes.be\/en\/wp-json\/wp\/v2\/product_brand?post=1383"},{"taxonomy":"product_cat","embeddable":true,"href":"https:\/\/hematomes.be\/en\/wp-json\/wp\/v2\/product_cat?post=1383"},{"taxonomy":"product_tag","embeddable":true,"href":"https:\/\/hematomes.be\/en\/wp-json\/wp\/v2\/product_tag?post=1383"}],"curies":[{"name":"wp","href":"https:\/\/api.w.org\/{rel}","templated":true}]}}