{"id":1445,"date":"2025-08-06T10:25:42","date_gmt":"2025-08-06T10:25:42","guid":{"rendered":"https:\/\/hematomes.be\/?post_type=product&#038;p=1445"},"modified":"2025-09-24T21:03:58","modified_gmt":"2025-09-24T21:03:58","slug":"il-y-a-moins-de-choses-entre-les-cieux-et-les-enfers-quaucun-dentre-nous-ne-peut-limaginer","status":"publish","type":"product","link":"https:\/\/hematomes.be\/en\/boutique\/hematomes-editions\/il-y-a-moins-de-choses-entre-les-cieux-et-les-enfers-quaucun-dentre-nous-ne-peut-limaginer\/","title":{"rendered":"Il y a moins de choses entre les cieux et les enfers qu\u2019aucun d\u2019entre nous ne peut l\u2019imaginer EN"},"content":{"rendered":"<p>Graphic design: Antoine Lantair, NNstudio<br \/>\nPrinting: Imprim, Vis\u00e9<br \/>\n64 pages + 80 pages<br \/>\nFormat: 19 \u00d7 13 cm<br \/>\nBinding: Square spine<br \/>\nPrint run: 200 copies<br \/>\nISBN: 978-2-931237-04-5<br \/>\nLegal deposit: D\/2025\/14941\/02<br \/>\nPublication produced with the support of the Wallonia-Brussels Federation, the Marie-Louise Jacques Foundation and the Hainaut Visual Arts Sector.<\/p>\n","protected":false},"excerpt":{"rendered":"<p>During a creative residency in the summer of 2022, Maxence Mathieu (1992, Charleroi) developed an installation entitled Il y a moins de choses entre les cieux et les enfers qu\u2019aucun d\u2019entre nous ne peut l\u2019imaginer (There are fewer things between heaven and hell than any of us can imagine), which was presented during the Ateliers RAVI open house that same year. As a continuation of this project, an artist&#8217;s book (comprising two publications) has been published by \u00c9ditions H\u00e9matomes (Li\u00e8ge). The fictional part was written by the writer Am\u00e9lie Lucas-Gary, while the monograph was penned by the art historian Pierre Henrion. This editorial project is inseparable from the work: it is an integral part of it, both physically and conceptually. It was born out of two desires: to speculate on new possibilities and to feed our collective imagination. This work consists of two books, grouped together in a box set.<\/p>\n","protected":false},"featured_media":1371,"template":"","meta":{"_acf_changed":false},"product_brand":[],"product_cat":[45],"product_tag":[],"class_list":{"0":"post-1445","1":"product","2":"type-product","3":"status-publish","4":"has-post-thumbnail","6":"product_cat-hematomes-editions","8":"first","9":"instock","10":"shipping-taxable","11":"purchasable","12":"product-type-simple"},"acf":[],"yoast_head":"<!-- This site is optimized with the Yoast SEO plugin v27.2 - https:\/\/yoast.com\/product\/yoast-seo-wordpress\/ -->\n<title>Il y a moins de choses entre les cieux et les enfers qu\u2019aucun d\u2019entre nous ne peut l\u2019imaginer EN - H\u00e9matomes<\/title>\n<meta name=\"robots\" content=\"index, follow, max-snippet:-1, max-image-preview:large, max-video-preview:-1\" \/>\n<link rel=\"canonical\" href=\"https:\/\/hematomes.be\/en\/boutique\/hematomes-editions\/il-y-a-moins-de-choses-entre-les-cieux-et-les-enfers-quaucun-dentre-nous-ne-peut-limaginer\/\" \/>\n<meta property=\"og:locale\" content=\"en_US\" \/>\n<meta property=\"og:type\" content=\"article\" \/>\n<meta property=\"og:title\" content=\"Il y a moins de choses entre les cieux et les enfers qu\u2019aucun d\u2019entre nous ne peut l\u2019imaginer EN - H\u00e9matomes\" \/>\n<meta property=\"og:description\" content=\"During a creative residency in the summer of 2022, Maxence Mathieu (1992, Charleroi) developed an installation entitled Il y a moins de choses entre les cieux et les enfers qu\u2019aucun d\u2019entre nous ne peut l\u2019imaginer (There are fewer things between heaven and hell than any of us can imagine), which was presented during the Ateliers RAVI open house that same year. As a continuation of this project, an artist&#039;s book (comprising two publications) has been published by \u00c9ditions H\u00e9matomes (Li\u00e8ge). The fictional part was written by the writer Am\u00e9lie Lucas-Gary, while the monograph was penned by the art historian Pierre Henrion. This editorial project is inseparable from the work: it is an integral part of it, both physically and conceptually. It was born out of two desires: to speculate on new possibilities and to feed our collective imagination. This work consists of two books, grouped together in a box set.\" \/>\n<meta property=\"og:url\" content=\"https:\/\/hematomes.be\/en\/boutique\/hematomes-editions\/il-y-a-moins-de-choses-entre-les-cieux-et-les-enfers-quaucun-dentre-nous-ne-peut-limaginer\/\" \/>\n<meta property=\"og:site_name\" content=\"H\u00e9matomes\" \/>\n<meta property=\"article:modified_time\" content=\"2025-09-24T21:03:58+00:00\" \/>\n<meta property=\"og:image\" content=\"https:\/\/hematomes.be\/wp-content\/uploads\/2025\/08\/2025-04_IlYAMoinsDeChoses_Cover.jpg\" \/>\n\t<meta property=\"og:image:width\" content=\"1080\" \/>\n\t<meta property=\"og:image:height\" content=\"1620\" \/>\n\t<meta property=\"og:image:type\" content=\"image\/jpeg\" \/>\n<meta name=\"twitter:card\" content=\"summary_large_image\" \/>\n<meta name=\"twitter:label1\" content=\"Est. reading time\" \/>\n\t<meta name=\"twitter:data1\" content=\"1 minute\" \/>\n<script type=\"application\/ld+json\" class=\"yoast-schema-graph\">{\"@context\":\"https:\/\/schema.org\",\"@graph\":[{\"@type\":\"WebPage\",\"@id\":\"https:\/\/hematomes.be\/en\/boutique\/hematomes-editions\/il-y-a-moins-de-choses-entre-les-cieux-et-les-enfers-quaucun-dentre-nous-ne-peut-limaginer\/\",\"url\":\"https:\/\/hematomes.be\/en\/boutique\/hematomes-editions\/il-y-a-moins-de-choses-entre-les-cieux-et-les-enfers-quaucun-dentre-nous-ne-peut-limaginer\/\",\"name\":\"Il y a moins de choses entre les cieux et les enfers qu\u2019aucun d\u2019entre nous ne peut l\u2019imaginer EN - H\u00e9matomes\",\"isPartOf\":{\"@id\":\"https:\/\/hematomes.be\/#website\"},\"primaryImageOfPage\":{\"@id\":\"https:\/\/hematomes.be\/en\/boutique\/hematomes-editions\/il-y-a-moins-de-choses-entre-les-cieux-et-les-enfers-quaucun-dentre-nous-ne-peut-limaginer\/#primaryimage\"},\"image\":{\"@id\":\"https:\/\/hematomes.be\/en\/boutique\/hematomes-editions\/il-y-a-moins-de-choses-entre-les-cieux-et-les-enfers-quaucun-dentre-nous-ne-peut-limaginer\/#primaryimage\"},\"thumbnailUrl\":\"https:\/\/hematomes.be\/wp-content\/uploads\/2025\/08\/2025-04_IlYAMoinsDeChoses_Cover.jpg\",\"datePublished\":\"2025-08-06T10:25:42+00:00\",\"dateModified\":\"2025-09-24T21:03:58+00:00\",\"breadcrumb\":{\"@id\":\"https:\/\/hematomes.be\/en\/boutique\/hematomes-editions\/il-y-a-moins-de-choses-entre-les-cieux-et-les-enfers-quaucun-dentre-nous-ne-peut-limaginer\/#breadcrumb\"},\"inLanguage\":\"en-US\",\"potentialAction\":[{\"@type\":\"ReadAction\",\"target\":[\"https:\/\/hematomes.be\/en\/boutique\/hematomes-editions\/il-y-a-moins-de-choses-entre-les-cieux-et-les-enfers-quaucun-dentre-nous-ne-peut-limaginer\/\"]}]},{\"@type\":\"ImageObject\",\"inLanguage\":\"en-US\",\"@id\":\"https:\/\/hematomes.be\/en\/boutique\/hematomes-editions\/il-y-a-moins-de-choses-entre-les-cieux-et-les-enfers-quaucun-dentre-nous-ne-peut-limaginer\/#primaryimage\",\"url\":\"https:\/\/hematomes.be\/wp-content\/uploads\/2025\/08\/2025-04_IlYAMoinsDeChoses_Cover.jpg\",\"contentUrl\":\"https:\/\/hematomes.be\/wp-content\/uploads\/2025\/08\/2025-04_IlYAMoinsDeChoses_Cover.jpg\",\"width\":1080,\"height\":1620},{\"@type\":\"BreadcrumbList\",\"@id\":\"https:\/\/hematomes.be\/en\/boutique\/hematomes-editions\/il-y-a-moins-de-choses-entre-les-cieux-et-les-enfers-quaucun-dentre-nous-ne-peut-limaginer\/#breadcrumb\",\"itemListElement\":[{\"@type\":\"ListItem\",\"position\":1,\"name\":\"Accueil\",\"item\":\"https:\/\/hematomes.be\/en\/shop\/\"},{\"@type\":\"ListItem\",\"position\":2,\"name\":\"Shop\",\"item\":\"https:\/\/hematomes.be\/en\/shop\/\"},{\"@type\":\"ListItem\",\"position\":3,\"name\":\"Il y a moins de choses entre les cieux et les enfers qu\u2019aucun d\u2019entre nous ne peut l\u2019imaginer EN\"}]},{\"@type\":\"WebSite\",\"@id\":\"https:\/\/hematomes.be\/#website\",\"url\":\"https:\/\/hematomes.be\/\",\"name\":\"H\u00e9matomes\",\"description\":\"Une maison d&#039;\u00e9dition qui publie sur l&#039;art et tout autour.\",\"potentialAction\":[{\"@type\":\"SearchAction\",\"target\":{\"@type\":\"EntryPoint\",\"urlTemplate\":\"https:\/\/hematomes.be\/?s={search_term_string}\"},\"query-input\":{\"@type\":\"PropertyValueSpecification\",\"valueRequired\":true,\"valueName\":\"search_term_string\"}}],\"inLanguage\":\"en-US\"}]}<\/script>\n<!-- \/ Yoast SEO plugin. -->","yoast_head_json":{"title":"Il y a moins de choses entre les cieux et les enfers qu\u2019aucun d\u2019entre nous ne peut l\u2019imaginer EN - H\u00e9matomes","robots":{"index":"index","follow":"follow","max-snippet":"max-snippet:-1","max-image-preview":"max-image-preview:large","max-video-preview":"max-video-preview:-1"},"canonical":"https:\/\/hematomes.be\/en\/boutique\/hematomes-editions\/il-y-a-moins-de-choses-entre-les-cieux-et-les-enfers-quaucun-dentre-nous-ne-peut-limaginer\/","og_locale":"en_US","og_type":"article","og_title":"Il y a moins de choses entre les cieux et les enfers qu\u2019aucun d\u2019entre nous ne peut l\u2019imaginer EN - H\u00e9matomes","og_description":"During a creative residency in the summer of 2022, Maxence Mathieu (1992, Charleroi) developed an installation entitled Il y a moins de choses entre les cieux et les enfers qu\u2019aucun d\u2019entre nous ne peut l\u2019imaginer (There are fewer things between heaven and hell than any of us can imagine), which was presented during the Ateliers RAVI open house that same year. As a continuation of this project, an artist's book (comprising two publications) has been published by \u00c9ditions H\u00e9matomes (Li\u00e8ge). The fictional part was written by the writer Am\u00e9lie Lucas-Gary, while the monograph was penned by the art historian Pierre Henrion. This editorial project is inseparable from the work: it is an integral part of it, both physically and conceptually. It was born out of two desires: to speculate on new possibilities and to feed our collective imagination. This work consists of two books, grouped together in a box set.","og_url":"https:\/\/hematomes.be\/en\/boutique\/hematomes-editions\/il-y-a-moins-de-choses-entre-les-cieux-et-les-enfers-quaucun-dentre-nous-ne-peut-limaginer\/","og_site_name":"H\u00e9matomes","article_modified_time":"2025-09-24T21:03:58+00:00","og_image":[{"width":1080,"height":1620,"url":"https:\/\/hematomes.be\/wp-content\/uploads\/2025\/08\/2025-04_IlYAMoinsDeChoses_Cover.jpg","type":"image\/jpeg"}],"twitter_card":"summary_large_image","twitter_misc":{"Est. reading time":"1 minute"},"schema":{"@context":"https:\/\/schema.org","@graph":[{"@type":"WebPage","@id":"https:\/\/hematomes.be\/en\/boutique\/hematomes-editions\/il-y-a-moins-de-choses-entre-les-cieux-et-les-enfers-quaucun-dentre-nous-ne-peut-limaginer\/","url":"https:\/\/hematomes.be\/en\/boutique\/hematomes-editions\/il-y-a-moins-de-choses-entre-les-cieux-et-les-enfers-quaucun-dentre-nous-ne-peut-limaginer\/","name":"Il y a moins de choses entre les cieux et les enfers qu\u2019aucun d\u2019entre nous ne peut l\u2019imaginer EN - H\u00e9matomes","isPartOf":{"@id":"https:\/\/hematomes.be\/#website"},"primaryImageOfPage":{"@id":"https:\/\/hematomes.be\/en\/boutique\/hematomes-editions\/il-y-a-moins-de-choses-entre-les-cieux-et-les-enfers-quaucun-dentre-nous-ne-peut-limaginer\/#primaryimage"},"image":{"@id":"https:\/\/hematomes.be\/en\/boutique\/hematomes-editions\/il-y-a-moins-de-choses-entre-les-cieux-et-les-enfers-quaucun-dentre-nous-ne-peut-limaginer\/#primaryimage"},"thumbnailUrl":"https:\/\/hematomes.be\/wp-content\/uploads\/2025\/08\/2025-04_IlYAMoinsDeChoses_Cover.jpg","datePublished":"2025-08-06T10:25:42+00:00","dateModified":"2025-09-24T21:03:58+00:00","breadcrumb":{"@id":"https:\/\/hematomes.be\/en\/boutique\/hematomes-editions\/il-y-a-moins-de-choses-entre-les-cieux-et-les-enfers-quaucun-dentre-nous-ne-peut-limaginer\/#breadcrumb"},"inLanguage":"en-US","potentialAction":[{"@type":"ReadAction","target":["https:\/\/hematomes.be\/en\/boutique\/hematomes-editions\/il-y-a-moins-de-choses-entre-les-cieux-et-les-enfers-quaucun-dentre-nous-ne-peut-limaginer\/"]}]},{"@type":"ImageObject","inLanguage":"en-US","@id":"https:\/\/hematomes.be\/en\/boutique\/hematomes-editions\/il-y-a-moins-de-choses-entre-les-cieux-et-les-enfers-quaucun-dentre-nous-ne-peut-limaginer\/#primaryimage","url":"https:\/\/hematomes.be\/wp-content\/uploads\/2025\/08\/2025-04_IlYAMoinsDeChoses_Cover.jpg","contentUrl":"https:\/\/hematomes.be\/wp-content\/uploads\/2025\/08\/2025-04_IlYAMoinsDeChoses_Cover.jpg","width":1080,"height":1620},{"@type":"BreadcrumbList","@id":"https:\/\/hematomes.be\/en\/boutique\/hematomes-editions\/il-y-a-moins-de-choses-entre-les-cieux-et-les-enfers-quaucun-dentre-nous-ne-peut-limaginer\/#breadcrumb","itemListElement":[{"@type":"ListItem","position":1,"name":"Accueil","item":"https:\/\/hematomes.be\/en\/shop\/"},{"@type":"ListItem","position":2,"name":"Shop","item":"https:\/\/hematomes.be\/en\/shop\/"},{"@type":"ListItem","position":3,"name":"Il y a moins de choses entre les cieux et les enfers qu\u2019aucun d\u2019entre nous ne peut l\u2019imaginer EN"}]},{"@type":"WebSite","@id":"https:\/\/hematomes.be\/#website","url":"https:\/\/hematomes.be\/","name":"H\u00e9matomes","description":"Une maison d&#039;\u00e9dition qui publie sur l&#039;art et tout autour.","potentialAction":[{"@type":"SearchAction","target":{"@type":"EntryPoint","urlTemplate":"https:\/\/hematomes.be\/?s={search_term_string}"},"query-input":{"@type":"PropertyValueSpecification","valueRequired":true,"valueName":"search_term_string"}}],"inLanguage":"en-US"}]}},"_links":{"self":[{"href":"https:\/\/hematomes.be\/en\/wp-json\/wp\/v2\/product\/1445","targetHints":{"allow":["GET"]}}],"collection":[{"href":"https:\/\/hematomes.be\/en\/wp-json\/wp\/v2\/product"}],"about":[{"href":"https:\/\/hematomes.be\/en\/wp-json\/wp\/v2\/types\/product"}],"wp:featuredmedia":[{"embeddable":true,"href":"https:\/\/hematomes.be\/en\/wp-json\/wp\/v2\/media\/1371"}],"wp:attachment":[{"href":"https:\/\/hematomes.be\/en\/wp-json\/wp\/v2\/media?parent=1445"}],"wp:term":[{"taxonomy":"product_brand","embeddable":true,"href":"https:\/\/hematomes.be\/en\/wp-json\/wp\/v2\/product_brand?post=1445"},{"taxonomy":"product_cat","embeddable":true,"href":"https:\/\/hematomes.be\/en\/wp-json\/wp\/v2\/product_cat?post=1445"},{"taxonomy":"product_tag","embeddable":true,"href":"https:\/\/hematomes.be\/en\/wp-json\/wp\/v2\/product_tag?post=1445"}],"curies":[{"name":"wp","href":"https:\/\/api.w.org\/{rel}","templated":true}]}}