{"id":149,"date":"2021-05-17T12:08:31","date_gmt":"2021-05-17T12:08:31","guid":{"rendered":"https:\/\/hematomes.be\/?post_type=product&#038;p=149"},"modified":"2025-09-19T09:07:39","modified_gmt":"2025-09-19T09:07:39","slug":"horizon-veronique-caye","status":"publish","type":"product","link":"https:\/\/hematomes.be\/en\/boutique\/hematomes-editions\/horizon-veronique-caye\/","title":{"rendered":"Horizon V\u00e9ronique Caye"},"content":{"rendered":"<p>Horizon V\u00e9ronique Caye, c\u2019est une histoire d\u2019amour. D\u2019amour entre femmes, entre galeriste et artiste, d\u2019amour des images, des mots, de la po\u00e9sie \u2014 d\u2019amour cosmique, aussi. D\u2019amour au sens m\u00eame du Cantique des Cantiques: \u00abVa vers toi-m\u00eame\u00bb.<\/p>\n<p><strong>Extrait de l\u2019entretien entre V\u00e9ronique Caye et Paul Ardenne<\/strong><\/p>\n<p>[&#8230;]<\/p>\n<p>P<br \/>\nDans votre premi\u00e8re exposition (Gen\u00e8ve, 2021), vous mettez d\u00e8s l\u2019entr\u00e9e le spectateur en immersion dans un paysage fait de moniteurs TV restituant des plans vid\u00e9os fixes sur l\u2019oc\u00e9an Atlantique. Pourquoi ce dispositif?<\/p>\n<p>V<br \/>\nL\u2019endroit est important. Je filme plein ouest. C\u2019est la c\u00f4te sauvage, l\u2019Oc\u00e9an Atlantique, le continent en face, au loin, c\u2019est l\u2019Am\u00e9rique. Pour moi, filmer l\u2019horizon c\u2019est filmer l\u2019ouvert, le possible. Cet endroit est tr\u00e8s d\u00e9gag\u00e9, il offre une ouverture maximale.<\/p>\n<p>P<br \/>\nVous avez film\u00e9 ces sc\u00e8nes d\u2019eau durant le premier confinement, en mars-avril 2020, puis durant l\u2019\u00e9t\u00e9 puis l\u2019automne 2020, \u00e0 Belle-\u00cele en mer, avec une grande constance: un filmage ex\u00e9cut\u00e9 au quotidien, \u00e0 14h30, au m\u00eame endroit, deux fois deux minutes.<\/p>\n<p>V<br \/>\nCes Horizons, c\u2019est la r\u00e9gularit\u00e9: aller filmer tous les jours \u00e0 la m\u00eame heure. L\u2019occasion de me rendre compte que ce paysage est universel, intemporel, qu\u2019il se moque de ma situation, qu\u2019il se moque de la Covid-19.<\/p>\n<p>[&#8230;]<\/p>\n","protected":false},"excerpt":{"rendered":"<p>Livre d\u2019artiste publi\u00e9 \u00e0 l\u2019occasion de l\u2019exposition \u00e9ponyme \u00e0 la galerie Analix Forever de Gen\u00e8ve. Autour d\u2019une captation d\u2019horizons de la c\u00f4te atlantique (120 jours, 120 horizons) se tisse un portrait de l\u2019artiste, avec trois contributions de Barbara Polla et Paul Ardenne: un entretien, un texte fictionnel et un texte critique.<\/p>\n<p>Il fut pr\u00e9sent\u00e9 dans le cadre de l\u2019exposition <em>Horizon V\u00e9ronique Caye<\/em> \u00e0 la galerie Analix Forever \u00e0 Gen\u00e8ve en mai 2021.<\/p>\n","protected":false},"featured_media":599,"template":"","meta":{"_acf_changed":false},"product_brand":[],"product_cat":[25],"product_tag":[],"class_list":{"0":"post-149","1":"product","2":"type-product","3":"status-publish","4":"has-post-thumbnail","6":"product_cat-hematomes-editions","8":"first","9":"instock","10":"sold-individually","11":"shipping-taxable","12":"purchasable","13":"product-type-simple"},"acf":[],"yoast_head":"<!-- This site is optimized with the Yoast SEO plugin v27.2 - https:\/\/yoast.com\/product\/yoast-seo-wordpress\/ -->\n<title>Horizon V\u00e9ronique Caye - H\u00e9matomes<\/title>\n<meta name=\"robots\" content=\"index, follow, max-snippet:-1, max-image-preview:large, max-video-preview:-1\" \/>\n<link rel=\"canonical\" href=\"https:\/\/hematomes.be\/boutique\/catalogue\/hematomes\/horizon-veronique-caye\/\" \/>\n<meta property=\"og:locale\" content=\"en_US\" \/>\n<meta property=\"og:type\" content=\"article\" \/>\n<meta property=\"og:title\" content=\"Horizon V\u00e9ronique Caye - H\u00e9matomes\" \/>\n<meta property=\"og:description\" content=\"Livre d\u2019artiste publi\u00e9 \u00e0 l\u2019occasion de l\u2019exposition \u00e9ponyme \u00e0 la galerie Analix Forever de Gen\u00e8ve. Autour d\u2019une captation d\u2019horizons de la c\u00f4te atlantique (120 jours, 120 horizons) se tisse un portrait de l\u2019artiste, avec trois contributions de Barbara Polla et Paul Ardenne: un entretien, un texte fictionnel et un texte critique.  Il fut pr\u00e9sent\u00e9 dans le cadre de l\u2019exposition Horizon V\u00e9ronique Caye \u00e0 la galerie Analix Forever \u00e0 Gen\u00e8ve en mai 2021.\" \/>\n<meta property=\"og:url\" content=\"https:\/\/hematomes.be\/boutique\/catalogue\/hematomes\/horizon-veronique-caye\/\" \/>\n<meta property=\"og:site_name\" content=\"H\u00e9matomes\" \/>\n<meta property=\"article:modified_time\" content=\"2025-09-19T09:07:39+00:00\" \/>\n<meta property=\"og:image\" content=\"https:\/\/hematomes.be\/wp-content\/uploads\/2021\/05\/2023-03_Horizon_Cover.jpg\" \/>\n\t<meta property=\"og:image:width\" content=\"960\" \/>\n\t<meta property=\"og:image:height\" content=\"1440\" \/>\n\t<meta property=\"og:image:type\" content=\"image\/jpeg\" \/>\n<meta name=\"twitter:card\" content=\"summary_large_image\" \/>\n<meta name=\"twitter:label1\" content=\"Est. reading time\" \/>\n\t<meta name=\"twitter:data1\" content=\"1 minute\" \/>\n<script type=\"application\/ld+json\" class=\"yoast-schema-graph\">{\"@context\":\"https:\/\/schema.org\",\"@graph\":[{\"@type\":\"WebPage\",\"@id\":\"https:\/\/hematomes.be\/boutique\/catalogue\/hematomes\/horizon-veronique-caye\/\",\"url\":\"https:\/\/hematomes.be\/boutique\/catalogue\/hematomes\/horizon-veronique-caye\/\",\"name\":\"Horizon V\u00e9ronique Caye - H\u00e9matomes\",\"isPartOf\":{\"@id\":\"https:\/\/hematomes.be\/#website\"},\"primaryImageOfPage\":{\"@id\":\"https:\/\/hematomes.be\/boutique\/catalogue\/hematomes\/horizon-veronique-caye\/#primaryimage\"},\"image\":{\"@id\":\"https:\/\/hematomes.be\/boutique\/catalogue\/hematomes\/horizon-veronique-caye\/#primaryimage\"},\"thumbnailUrl\":\"https:\/\/hematomes.be\/wp-content\/uploads\/2021\/05\/2023-03_Horizon_Cover.jpg\",\"datePublished\":\"2021-05-17T12:08:31+00:00\",\"dateModified\":\"2025-09-19T09:07:39+00:00\",\"breadcrumb\":{\"@id\":\"https:\/\/hematomes.be\/boutique\/catalogue\/hematomes\/horizon-veronique-caye\/#breadcrumb\"},\"inLanguage\":\"en-US\",\"potentialAction\":[{\"@type\":\"ReadAction\",\"target\":[\"https:\/\/hematomes.be\/boutique\/catalogue\/hematomes\/horizon-veronique-caye\/\"]}]},{\"@type\":\"ImageObject\",\"inLanguage\":\"en-US\",\"@id\":\"https:\/\/hematomes.be\/boutique\/catalogue\/hematomes\/horizon-veronique-caye\/#primaryimage\",\"url\":\"https:\/\/hematomes.be\/wp-content\/uploads\/2021\/05\/2023-03_Horizon_Cover.jpg\",\"contentUrl\":\"https:\/\/hematomes.be\/wp-content\/uploads\/2021\/05\/2023-03_Horizon_Cover.jpg\",\"width\":960,\"height\":1440},{\"@type\":\"BreadcrumbList\",\"@id\":\"https:\/\/hematomes.be\/boutique\/catalogue\/hematomes\/horizon-veronique-caye\/#breadcrumb\",\"itemListElement\":[{\"@type\":\"ListItem\",\"position\":1,\"name\":\"Accueil\",\"item\":\"https:\/\/hematomes.be\/en\/shop\/\"},{\"@type\":\"ListItem\",\"position\":2,\"name\":\"Shop\",\"item\":\"https:\/\/hematomes.be\/en\/shop\/\"},{\"@type\":\"ListItem\",\"position\":3,\"name\":\"Horizon V\u00e9ronique Caye\"}]},{\"@type\":\"WebSite\",\"@id\":\"https:\/\/hematomes.be\/#website\",\"url\":\"https:\/\/hematomes.be\/\",\"name\":\"H\u00e9matomes\",\"description\":\"Une maison d&#039;\u00e9dition qui publie sur l&#039;art et tout autour.\",\"potentialAction\":[{\"@type\":\"SearchAction\",\"target\":{\"@type\":\"EntryPoint\",\"urlTemplate\":\"https:\/\/hematomes.be\/?s={search_term_string}\"},\"query-input\":{\"@type\":\"PropertyValueSpecification\",\"valueRequired\":true,\"valueName\":\"search_term_string\"}}],\"inLanguage\":\"en-US\"}]}<\/script>\n<!-- \/ Yoast SEO plugin. -->","yoast_head_json":{"title":"Horizon V\u00e9ronique Caye - H\u00e9matomes","robots":{"index":"index","follow":"follow","max-snippet":"max-snippet:-1","max-image-preview":"max-image-preview:large","max-video-preview":"max-video-preview:-1"},"canonical":"https:\/\/hematomes.be\/boutique\/catalogue\/hematomes\/horizon-veronique-caye\/","og_locale":"en_US","og_type":"article","og_title":"Horizon V\u00e9ronique Caye - H\u00e9matomes","og_description":"Livre d\u2019artiste publi\u00e9 \u00e0 l\u2019occasion de l\u2019exposition \u00e9ponyme \u00e0 la galerie Analix Forever de Gen\u00e8ve. Autour d\u2019une captation d\u2019horizons de la c\u00f4te atlantique (120 jours, 120 horizons) se tisse un portrait de l\u2019artiste, avec trois contributions de Barbara Polla et Paul Ardenne: un entretien, un texte fictionnel et un texte critique.  Il fut pr\u00e9sent\u00e9 dans le cadre de l\u2019exposition Horizon V\u00e9ronique Caye \u00e0 la galerie Analix Forever \u00e0 Gen\u00e8ve en mai 2021.","og_url":"https:\/\/hematomes.be\/boutique\/catalogue\/hematomes\/horizon-veronique-caye\/","og_site_name":"H\u00e9matomes","article_modified_time":"2025-09-19T09:07:39+00:00","og_image":[{"width":960,"height":1440,"url":"https:\/\/hematomes.be\/wp-content\/uploads\/2021\/05\/2023-03_Horizon_Cover.jpg","type":"image\/jpeg"}],"twitter_card":"summary_large_image","twitter_misc":{"Est. reading time":"1 minute"},"schema":{"@context":"https:\/\/schema.org","@graph":[{"@type":"WebPage","@id":"https:\/\/hematomes.be\/boutique\/catalogue\/hematomes\/horizon-veronique-caye\/","url":"https:\/\/hematomes.be\/boutique\/catalogue\/hematomes\/horizon-veronique-caye\/","name":"Horizon V\u00e9ronique Caye - H\u00e9matomes","isPartOf":{"@id":"https:\/\/hematomes.be\/#website"},"primaryImageOfPage":{"@id":"https:\/\/hematomes.be\/boutique\/catalogue\/hematomes\/horizon-veronique-caye\/#primaryimage"},"image":{"@id":"https:\/\/hematomes.be\/boutique\/catalogue\/hematomes\/horizon-veronique-caye\/#primaryimage"},"thumbnailUrl":"https:\/\/hematomes.be\/wp-content\/uploads\/2021\/05\/2023-03_Horizon_Cover.jpg","datePublished":"2021-05-17T12:08:31+00:00","dateModified":"2025-09-19T09:07:39+00:00","breadcrumb":{"@id":"https:\/\/hematomes.be\/boutique\/catalogue\/hematomes\/horizon-veronique-caye\/#breadcrumb"},"inLanguage":"en-US","potentialAction":[{"@type":"ReadAction","target":["https:\/\/hematomes.be\/boutique\/catalogue\/hematomes\/horizon-veronique-caye\/"]}]},{"@type":"ImageObject","inLanguage":"en-US","@id":"https:\/\/hematomes.be\/boutique\/catalogue\/hematomes\/horizon-veronique-caye\/#primaryimage","url":"https:\/\/hematomes.be\/wp-content\/uploads\/2021\/05\/2023-03_Horizon_Cover.jpg","contentUrl":"https:\/\/hematomes.be\/wp-content\/uploads\/2021\/05\/2023-03_Horizon_Cover.jpg","width":960,"height":1440},{"@type":"BreadcrumbList","@id":"https:\/\/hematomes.be\/boutique\/catalogue\/hematomes\/horizon-veronique-caye\/#breadcrumb","itemListElement":[{"@type":"ListItem","position":1,"name":"Accueil","item":"https:\/\/hematomes.be\/en\/shop\/"},{"@type":"ListItem","position":2,"name":"Shop","item":"https:\/\/hematomes.be\/en\/shop\/"},{"@type":"ListItem","position":3,"name":"Horizon V\u00e9ronique Caye"}]},{"@type":"WebSite","@id":"https:\/\/hematomes.be\/#website","url":"https:\/\/hematomes.be\/","name":"H\u00e9matomes","description":"Une maison d&#039;\u00e9dition qui publie sur l&#039;art et tout autour.","potentialAction":[{"@type":"SearchAction","target":{"@type":"EntryPoint","urlTemplate":"https:\/\/hematomes.be\/?s={search_term_string}"},"query-input":{"@type":"PropertyValueSpecification","valueRequired":true,"valueName":"search_term_string"}}],"inLanguage":"en-US"}]}},"_links":{"self":[{"href":"https:\/\/hematomes.be\/en\/wp-json\/wp\/v2\/product\/149","targetHints":{"allow":["GET"]}}],"collection":[{"href":"https:\/\/hematomes.be\/en\/wp-json\/wp\/v2\/product"}],"about":[{"href":"https:\/\/hematomes.be\/en\/wp-json\/wp\/v2\/types\/product"}],"wp:featuredmedia":[{"embeddable":true,"href":"https:\/\/hematomes.be\/en\/wp-json\/wp\/v2\/media\/599"}],"wp:attachment":[{"href":"https:\/\/hematomes.be\/en\/wp-json\/wp\/v2\/media?parent=149"}],"wp:term":[{"taxonomy":"product_brand","embeddable":true,"href":"https:\/\/hematomes.be\/en\/wp-json\/wp\/v2\/product_brand?post=149"},{"taxonomy":"product_cat","embeddable":true,"href":"https:\/\/hematomes.be\/en\/wp-json\/wp\/v2\/product_cat?post=149"},{"taxonomy":"product_tag","embeddable":true,"href":"https:\/\/hematomes.be\/en\/wp-json\/wp\/v2\/product_tag?post=149"}],"curies":[{"name":"wp","href":"https:\/\/api.w.org\/{rel}","templated":true}]}}