{"id":1518,"date":"2023-11-29T07:40:43","date_gmt":"2023-11-29T07:40:43","guid":{"rendered":"https:\/\/hematomes.be\/?post_type=product&#038;p=1518"},"modified":"2025-10-01T21:30:44","modified_gmt":"2025-10-01T21:30:44","slug":"monolithe","status":"publish","type":"product","link":"https:\/\/hematomes.be\/en\/boutique\/hematomes-editions\/monolithe\/","title":{"rendered":"Monolithe"},"content":{"rendered":"<p><em>Monolithe<\/em>, by Laurent Henrion, is a dense book with soft, light images. The weight of the very thick, tar-black hardcover, a flood of shapes on the page. This essentially baroque work explores the irregular pearls of desire. There is darkness and troubled light, soap bubbles and wire fences against which flesh collides.<\/p>\n<p>Constellations, the inside is the outside, the outside is the inside, we do not desire alone but with the universe, the crooked roads, the cube of mystery where our soul rests. <em>Monolithe<\/em> folds and unfolds, looks at transcendent geometric lines, retaining walls, buttresses. It is the choreography of characters in search of an author \u2013 of love? \u2013 tilting their heads, necks stretched, baptismal liquids flowing down their faces. Laurent Henrion does not dissociate the small point of brilliance from the sensation of the cosmos, inventing his work by connecting masculine and feminine energies.<\/p>\n<p>The joy of polarities, solitude, immensity, flowers open with the scent of lust. The impression of sculptural bodies entering into mutability, metamorphosis, reinvention of the self. Tides, waterfalls, falls, whirlpools, births.<\/p>\n<p>Desire is blind, but <em>Monolithe<\/em> sees, organises, assembles, finds coherence, recurrences, points of divergence. Everything is silent, but everything speaks.<\/p>\n<p>Lines like tears. Shards on a mirror. Spectral embraces. Laurent Henrion\u2019s work can only be approached through poetry, for it is mist and darkened light, Corinthian columns and erratic swimming in the flow of time.<\/p>\n<p>Barbed wire of plants, softness of skin, apotropaic gestures thrown into space. Each photograph is a strange and fascinating tableau, halos of light in flight, amniotic fluid of the night, sparks of sexual attraction.<\/p>\n<p>In Laurent Henrion\u2019s realm, there are abandoned houses in the woods, huts becoming temples, a bet on grace to get through the times and their evil spells.<\/p>\n<p>We do not leave <em>Monolithe<\/em>, we belong to it.<\/p>\n","protected":false},"excerpt":{"rendered":"<p>This is the first major publication for this young photographer, for whom H\u00e9matomes \u00c9ditions aims to produce a generous work in the form of a long, sensitive landscape through time and intimacy. The work is dense and immersive, like an all-encompassing exploration of the relationship with desire, seeking to \u2018offer the viewer a sensory experience that leaves room for imagination and reverie.\u2019<\/p>\n<p>Technical description: 196 pages in four-colour printing on 120 gsm bouffant paper, sewn hardcover, 16 x 24 cm format.<\/p>\n<p><strong>About the artist<\/strong><\/p>\n<p>Describing himself as \u2018highly sensitive, hypersensitive\u2019, the artist conveys his doubts, fears and dreams through his images. His work focuses in particular on the confrontation<br \/>\nbetween Eros, love in all its forms, and Thanatos, the embodiment of death. Sometimes dark and disturbing, sometimes naive and dreamlike, his universe is inspired as much by fashion photography as by<br \/>\nromantic painting, abstract art, sculpture and Japanese prints. He has exhibited his work in France and Belgium, notably alongside Jean Janssis in 2016, and in the same year won the Picto Prize for young fashion photography. Most recently, he exhibited in China in the collective and travelling exhibition Sight of Wind.<\/p>\n","protected":false},"featured_media":1506,"template":"","meta":{"_acf_changed":false},"product_brand":[],"product_cat":[45],"product_tag":[],"class_list":{"0":"post-1518","1":"product","2":"type-product","3":"status-publish","4":"has-post-thumbnail","6":"product_cat-hematomes-editions","8":"first","9":"instock","10":"shipping-taxable","11":"purchasable","12":"product-type-simple"},"acf":[],"yoast_head":"<!-- This site is optimized with the Yoast SEO plugin v27.2 - https:\/\/yoast.com\/product\/yoast-seo-wordpress\/ -->\n<title>Monolithe - H\u00e9matomes<\/title>\n<meta name=\"robots\" content=\"index, follow, max-snippet:-1, max-image-preview:large, max-video-preview:-1\" \/>\n<link rel=\"canonical\" href=\"https:\/\/hematomes.be\/en\/boutique\/hematomes-editions\/monolithe\/\" \/>\n<meta property=\"og:locale\" content=\"en_US\" \/>\n<meta property=\"og:type\" content=\"article\" \/>\n<meta property=\"og:title\" content=\"Monolithe - H\u00e9matomes\" \/>\n<meta property=\"og:description\" content=\"This is the first major publication for this young photographer, for whom H\u00e9matomes \u00c9ditions aims to produce a generous work in the form of a long, sensitive landscape through time and intimacy. The work is dense and immersive, like an all-encompassing exploration of the relationship with desire, seeking to \u2018offer the viewer a sensory experience that leaves room for imagination and reverie.\u2019  Technical description: 196 pages in four-colour printing on 120 gsm bouffant paper, sewn hardcover, 16 x 24 cm format.  About the artist  Describing himself as \u2018highly sensitive, hypersensitive\u2019, the artist conveys his doubts, fears and dreams through his images. His work focuses in particular on the confrontation between Eros, love in all its forms, and Thanatos, the embodiment of death. Sometimes dark and disturbing, sometimes naive and dreamlike, his universe is inspired as much by fashion photography as by romantic painting, abstract art, sculpture and Japanese prints. He has exhibited his work in France and Belgium, notably alongside Jean Janssis in 2016, and in the same year won the Picto Prize for young fashion photography. Most recently, he exhibited in China in the collective and travelling exhibition Sight of Wind.\" \/>\n<meta property=\"og:url\" content=\"https:\/\/hematomes.be\/en\/boutique\/hematomes-editions\/monolithe\/\" \/>\n<meta property=\"og:site_name\" content=\"H\u00e9matomes\" \/>\n<meta property=\"article:modified_time\" content=\"2025-10-01T21:30:44+00:00\" \/>\n<meta property=\"og:image\" content=\"https:\/\/hematomes.be\/wp-content\/uploads\/2023\/11\/2024-03_Monolithe_Cover-1.jpg\" \/>\n\t<meta property=\"og:image:width\" content=\"960\" \/>\n\t<meta property=\"og:image:height\" content=\"1440\" \/>\n\t<meta property=\"og:image:type\" content=\"image\/jpeg\" \/>\n<meta name=\"twitter:card\" content=\"summary_large_image\" \/>\n<meta name=\"twitter:label1\" content=\"Est. reading time\" \/>\n\t<meta name=\"twitter:data1\" content=\"2 minutes\" \/>\n<script type=\"application\/ld+json\" class=\"yoast-schema-graph\">{\"@context\":\"https:\/\/schema.org\",\"@graph\":[{\"@type\":\"WebPage\",\"@id\":\"https:\/\/hematomes.be\/en\/boutique\/hematomes-editions\/monolithe\/\",\"url\":\"https:\/\/hematomes.be\/en\/boutique\/hematomes-editions\/monolithe\/\",\"name\":\"Monolithe - H\u00e9matomes\",\"isPartOf\":{\"@id\":\"https:\/\/hematomes.be\/#website\"},\"primaryImageOfPage\":{\"@id\":\"https:\/\/hematomes.be\/en\/boutique\/hematomes-editions\/monolithe\/#primaryimage\"},\"image\":{\"@id\":\"https:\/\/hematomes.be\/en\/boutique\/hematomes-editions\/monolithe\/#primaryimage\"},\"thumbnailUrl\":\"https:\/\/hematomes.be\/wp-content\/uploads\/2023\/11\/2024-03_Monolithe_Cover-1.jpg\",\"datePublished\":\"2023-11-29T07:40:43+00:00\",\"dateModified\":\"2025-10-01T21:30:44+00:00\",\"breadcrumb\":{\"@id\":\"https:\/\/hematomes.be\/en\/boutique\/hematomes-editions\/monolithe\/#breadcrumb\"},\"inLanguage\":\"en-US\",\"potentialAction\":[{\"@type\":\"ReadAction\",\"target\":[\"https:\/\/hematomes.be\/en\/boutique\/hematomes-editions\/monolithe\/\"]}]},{\"@type\":\"ImageObject\",\"inLanguage\":\"en-US\",\"@id\":\"https:\/\/hematomes.be\/en\/boutique\/hematomes-editions\/monolithe\/#primaryimage\",\"url\":\"https:\/\/hematomes.be\/wp-content\/uploads\/2023\/11\/2024-03_Monolithe_Cover-1.jpg\",\"contentUrl\":\"https:\/\/hematomes.be\/wp-content\/uploads\/2023\/11\/2024-03_Monolithe_Cover-1.jpg\",\"width\":960,\"height\":1440},{\"@type\":\"BreadcrumbList\",\"@id\":\"https:\/\/hematomes.be\/en\/boutique\/hematomes-editions\/monolithe\/#breadcrumb\",\"itemListElement\":[{\"@type\":\"ListItem\",\"position\":1,\"name\":\"Accueil\",\"item\":\"https:\/\/hematomes.be\/en\/shop\/\"},{\"@type\":\"ListItem\",\"position\":2,\"name\":\"Shop\",\"item\":\"https:\/\/hematomes.be\/en\/shop\/\"},{\"@type\":\"ListItem\",\"position\":3,\"name\":\"Monolithe\"}]},{\"@type\":\"WebSite\",\"@id\":\"https:\/\/hematomes.be\/#website\",\"url\":\"https:\/\/hematomes.be\/\",\"name\":\"H\u00e9matomes\",\"description\":\"Une maison d&#039;\u00e9dition qui publie sur l&#039;art et tout autour.\",\"potentialAction\":[{\"@type\":\"SearchAction\",\"target\":{\"@type\":\"EntryPoint\",\"urlTemplate\":\"https:\/\/hematomes.be\/?s={search_term_string}\"},\"query-input\":{\"@type\":\"PropertyValueSpecification\",\"valueRequired\":true,\"valueName\":\"search_term_string\"}}],\"inLanguage\":\"en-US\"}]}<\/script>\n<!-- \/ Yoast SEO plugin. -->","yoast_head_json":{"title":"Monolithe - H\u00e9matomes","robots":{"index":"index","follow":"follow","max-snippet":"max-snippet:-1","max-image-preview":"max-image-preview:large","max-video-preview":"max-video-preview:-1"},"canonical":"https:\/\/hematomes.be\/en\/boutique\/hematomes-editions\/monolithe\/","og_locale":"en_US","og_type":"article","og_title":"Monolithe - H\u00e9matomes","og_description":"This is the first major publication for this young photographer, for whom H\u00e9matomes \u00c9ditions aims to produce a generous work in the form of a long, sensitive landscape through time and intimacy. The work is dense and immersive, like an all-encompassing exploration of the relationship with desire, seeking to \u2018offer the viewer a sensory experience that leaves room for imagination and reverie.\u2019  Technical description: 196 pages in four-colour printing on 120 gsm bouffant paper, sewn hardcover, 16 x 24 cm format.  About the artist  Describing himself as \u2018highly sensitive, hypersensitive\u2019, the artist conveys his doubts, fears and dreams through his images. His work focuses in particular on the confrontation between Eros, love in all its forms, and Thanatos, the embodiment of death. Sometimes dark and disturbing, sometimes naive and dreamlike, his universe is inspired as much by fashion photography as by romantic painting, abstract art, sculpture and Japanese prints. He has exhibited his work in France and Belgium, notably alongside Jean Janssis in 2016, and in the same year won the Picto Prize for young fashion photography. Most recently, he exhibited in China in the collective and travelling exhibition Sight of Wind.","og_url":"https:\/\/hematomes.be\/en\/boutique\/hematomes-editions\/monolithe\/","og_site_name":"H\u00e9matomes","article_modified_time":"2025-10-01T21:30:44+00:00","og_image":[{"width":960,"height":1440,"url":"https:\/\/hematomes.be\/wp-content\/uploads\/2023\/11\/2024-03_Monolithe_Cover-1.jpg","type":"image\/jpeg"}],"twitter_card":"summary_large_image","twitter_misc":{"Est. reading time":"2 minutes"},"schema":{"@context":"https:\/\/schema.org","@graph":[{"@type":"WebPage","@id":"https:\/\/hematomes.be\/en\/boutique\/hematomes-editions\/monolithe\/","url":"https:\/\/hematomes.be\/en\/boutique\/hematomes-editions\/monolithe\/","name":"Monolithe - H\u00e9matomes","isPartOf":{"@id":"https:\/\/hematomes.be\/#website"},"primaryImageOfPage":{"@id":"https:\/\/hematomes.be\/en\/boutique\/hematomes-editions\/monolithe\/#primaryimage"},"image":{"@id":"https:\/\/hematomes.be\/en\/boutique\/hematomes-editions\/monolithe\/#primaryimage"},"thumbnailUrl":"https:\/\/hematomes.be\/wp-content\/uploads\/2023\/11\/2024-03_Monolithe_Cover-1.jpg","datePublished":"2023-11-29T07:40:43+00:00","dateModified":"2025-10-01T21:30:44+00:00","breadcrumb":{"@id":"https:\/\/hematomes.be\/en\/boutique\/hematomes-editions\/monolithe\/#breadcrumb"},"inLanguage":"en-US","potentialAction":[{"@type":"ReadAction","target":["https:\/\/hematomes.be\/en\/boutique\/hematomes-editions\/monolithe\/"]}]},{"@type":"ImageObject","inLanguage":"en-US","@id":"https:\/\/hematomes.be\/en\/boutique\/hematomes-editions\/monolithe\/#primaryimage","url":"https:\/\/hematomes.be\/wp-content\/uploads\/2023\/11\/2024-03_Monolithe_Cover-1.jpg","contentUrl":"https:\/\/hematomes.be\/wp-content\/uploads\/2023\/11\/2024-03_Monolithe_Cover-1.jpg","width":960,"height":1440},{"@type":"BreadcrumbList","@id":"https:\/\/hematomes.be\/en\/boutique\/hematomes-editions\/monolithe\/#breadcrumb","itemListElement":[{"@type":"ListItem","position":1,"name":"Accueil","item":"https:\/\/hematomes.be\/en\/shop\/"},{"@type":"ListItem","position":2,"name":"Shop","item":"https:\/\/hematomes.be\/en\/shop\/"},{"@type":"ListItem","position":3,"name":"Monolithe"}]},{"@type":"WebSite","@id":"https:\/\/hematomes.be\/#website","url":"https:\/\/hematomes.be\/","name":"H\u00e9matomes","description":"Une maison d&#039;\u00e9dition qui publie sur l&#039;art et tout autour.","potentialAction":[{"@type":"SearchAction","target":{"@type":"EntryPoint","urlTemplate":"https:\/\/hematomes.be\/?s={search_term_string}"},"query-input":{"@type":"PropertyValueSpecification","valueRequired":true,"valueName":"search_term_string"}}],"inLanguage":"en-US"}]}},"_links":{"self":[{"href":"https:\/\/hematomes.be\/en\/wp-json\/wp\/v2\/product\/1518","targetHints":{"allow":["GET"]}}],"collection":[{"href":"https:\/\/hematomes.be\/en\/wp-json\/wp\/v2\/product"}],"about":[{"href":"https:\/\/hematomes.be\/en\/wp-json\/wp\/v2\/types\/product"}],"wp:featuredmedia":[{"embeddable":true,"href":"https:\/\/hematomes.be\/en\/wp-json\/wp\/v2\/media\/1506"}],"wp:attachment":[{"href":"https:\/\/hematomes.be\/en\/wp-json\/wp\/v2\/media?parent=1518"}],"wp:term":[{"taxonomy":"product_brand","embeddable":true,"href":"https:\/\/hematomes.be\/en\/wp-json\/wp\/v2\/product_brand?post=1518"},{"taxonomy":"product_cat","embeddable":true,"href":"https:\/\/hematomes.be\/en\/wp-json\/wp\/v2\/product_cat?post=1518"},{"taxonomy":"product_tag","embeddable":true,"href":"https:\/\/hematomes.be\/en\/wp-json\/wp\/v2\/product_tag?post=1518"}],"curies":[{"name":"wp","href":"https:\/\/api.w.org\/{rel}","templated":true}]}}