{"id":1553,"date":"2025-04-24T07:35:20","date_gmt":"2025-04-24T07:35:20","guid":{"rendered":"https:\/\/hematomes.be\/boutique\/uncategorized\/ma-voix-de-dieu-amelie-lucas-gary-maxence-mathieu\/"},"modified":"2025-10-07T09:18:08","modified_gmt":"2025-10-07T09:18:08","slug":"ma-voix-de-dieu-amelie-lucas-gary-maxence-mathieu","status":"publish","type":"product","link":"https:\/\/hematomes.be\/en\/boutique\/hematomes-editions\/ma-voix-de-dieu-amelie-lucas-gary-maxence-mathieu\/","title":{"rendered":"Ma voix de Dieu"},"content":{"rendered":"<p>\u00ab J\u2019\u00e9coute cette voix \u00e0 l\u2019int\u00e9rieur de moi. Tant qu\u2019elle parle, je ne dors pas \u2014 dans le sommeil, on ne fait qu\u2019une je crois, et alors je ne l\u2019entends plus. Si je peux la juger, ainsi \u00e9veill\u00e9e, c\u2019est qu\u2019\u00e0 l\u2019int\u00e9rieur, on est deux. Et parfois je me demande si on n\u2019est pas plus nombreux. J\u2019habite une vieille maison. \u00c0 l\u2019int\u00e9rieur, on n\u2019y voit rien mais c\u2019est aussi vaste que dehors. C\u2019est beaucoup plus grand que mon corps ne le laisse entendre de l\u2019ext\u00e9rieur. Dedans, dehors, c\u2019est le m\u00eame espace si j\u2019ouvre la porte. Si j\u2019ouvre la porte, la lumi\u00e8re entre, mais elle peut ne pas venir seule. Ma s\u0153ur m\u2019a parl\u00e9 l\u2019autre jour de son monde int\u00e9rieur. Quand elle a dit \u00e7a, je me suis approch\u00e9e, j\u2019ai regard\u00e9 son iris de tr\u00e8s pr\u00e8s, et j\u2019ai vu ce trou noir dans son \u0153il. J\u2019ai eu peur comme au-dessus d\u2019un puits sans fond. Je ne voudrais pas tomber dans le puits d\u2019un autre. \u00bb<\/p>\n<p>\u2014<br \/>\nAm\u00e9lie Lucas-Gary \u00e9crit. Elle est notamment l\u2019auteure d\u2019une trilogie autour de la cr\u00e9ation avec Grotte (\u00e9ditions Vanloo), Vierge et Hic parus aux \u00e9ditions du Seuil dans la collection Fiction &amp; Cie. Plus r\u00e9cemment, sont parus F\u00e9ticheuses (SunSun \u00e9ditions, 2023) \u00e0 propos d\u2019une autochrome de la collection Albert Kahn, ou encore Qu\u2019avez-vous vu (\u00e9ditions Vanloo, 2023), fruit d\u2019une enqu\u00eate o\u00f9 elle interroge une centaine de personnes sur ce qu\u2019ils ont vu d\u2019extraordinaire dans leur vie.<\/p>\n<p>De la m\u00eame auteure :<br \/>\nGrotte, Christophe Lucquin \u00c9diteur, 2014, r\u00e9\u00e9d. Vanloo, 2020.<br \/>\nVierge, \u00c9ditions du Seuil, Coll. Fiction &amp; Cie, 2017.<br \/>\nHic, \u00c9ditions du Seuil, Coll. Fiction &amp; Cie, 2020.<br \/>\nTrois Crimes, \u00c9ditions Vanloo, 2021.<br \/>\nQu\u2019avez-vous vu, \u00c9ditions Vanloo, 2023.<br \/>\nF\u00e9ticheuses, \u00c9ditions Sun Sun, 2023.<br \/>\nLa Planche, \u00c9ditions Vanloo, 2025.<\/p>\n<p>Conception graphique : Antoine Lantair, NNstudio<br \/>\nImpression : Imprim, Vis\u00e9<br \/>\n80 pages<br \/>\nFormat\u2009: 13 \u00d7 19 cm<br \/>\nReliure\u2009: Dos carr\u00e9<br \/>\nTirage : 300 exemplaires<br \/>\nISBN : 978-2-931237-01-4<br \/>\nD\u00e9p\u00f4t l\u00e9gal : D\/2025\/14941\/01<br \/>\nPublication r\u00e9alis\u00e9e avec le soutien de la F\u00e9d\u00e9ration Wallonie-Bruxelles, de la Fondation Marie-Louise Jacques et du Secteur des Arts plastique de Hainaut.<\/p>\n<p><img loading=\"lazy\" decoding=\"async\" class=\"alignnone wp-image-1286 size-large\" src=\"https:\/\/hematomes.be\/wp-content\/uploads\/2025\/04\/DSC_8464-1024x682.jpg\" alt=\"\" width=\"980\" height=\"653\" srcset=\"https:\/\/hematomes.be\/wp-content\/uploads\/2025\/04\/DSC_8464-1024x682.jpg 1024w, https:\/\/hematomes.be\/wp-content\/uploads\/2025\/04\/DSC_8464-300x200.jpg 300w, https:\/\/hematomes.be\/wp-content\/uploads\/2025\/04\/DSC_8464-768x512.jpg 768w, https:\/\/hematomes.be\/wp-content\/uploads\/2025\/04\/DSC_8464-1536x1024.jpg 1536w, https:\/\/hematomes.be\/wp-content\/uploads\/2025\/04\/DSC_8464-324x216.jpg 324w, https:\/\/hematomes.be\/wp-content\/uploads\/2025\/04\/DSC_8464-416x277.jpg 416w, https:\/\/hematomes.be\/wp-content\/uploads\/2025\/04\/DSC_8464.jpg 2000w\" sizes=\"auto, (max-width: 980px) 100vw, 980px\" \/><\/p>\n","protected":false},"excerpt":{"rendered":"<p>Invit\u00e9e \u00e0 investir par la fiction l\u2019oeuvre de l\u2019artiste Maxence Mathieu <em>Il y a moins de choses entre les cieux et les enfers qu\u2019aucun d\u2019entre nous ne peut l\u2019imaginer<\/em>, l\u2019\u00e9crivaine Am\u00e9lie Lucas-Gary relate dans <em>Ma voix de dieu<\/em> son exp\u00e9rience de la chaise longue customis\u00e9e par l\u2019artiste.<br \/>\nDans un monologue int\u00e9rieur d\u2019abord tr\u00e8s r\u00e9aliste, elle explore le potentiel introspectif de la position allong\u00e9e. Puis, l\u2019exp\u00e9rience de l\u2019\u0153uvre devient au contraire une occasion pour elle de sortir d\u2019elle-m\u00eame, de vivre une impossible et vertigineuse alt\u00e9rit\u00e9. Dans Ma voix de dieu, l\u2019autrice donne la parole \u00e0 cette part de chacun que l\u2019art r\u00e9veille et que seule la fiction peut rendre parfaitement audible.<\/p>\n","protected":false},"featured_media":1554,"template":"","meta":{"_acf_changed":false},"product_brand":[],"product_cat":[45],"product_tag":[],"class_list":{"0":"post-1553","1":"product","2":"type-product","3":"status-publish","4":"has-post-thumbnail","6":"product_cat-hematomes-editions","8":"first","9":"instock","10":"shipping-taxable","11":"purchasable","12":"product-type-simple"},"acf":[],"yoast_head":"<!-- This site is optimized with the Yoast SEO plugin v27.2 - https:\/\/yoast.com\/product\/yoast-seo-wordpress\/ -->\n<title>Ma voix de Dieu - H\u00e9matomes<\/title>\n<meta name=\"robots\" content=\"index, follow, max-snippet:-1, max-image-preview:large, max-video-preview:-1\" \/>\n<link rel=\"canonical\" href=\"https:\/\/hematomes.be\/en\/boutique\/hematomes-editions\/ma-voix-de-dieu-amelie-lucas-gary-maxence-mathieu\/\" \/>\n<meta property=\"og:locale\" content=\"en_US\" \/>\n<meta property=\"og:type\" content=\"article\" \/>\n<meta property=\"og:title\" content=\"Ma voix de Dieu - H\u00e9matomes\" \/>\n<meta property=\"og:description\" content=\"Invit\u00e9e \u00e0 investir par la fiction l\u2019oeuvre de l\u2019artiste Maxence Mathieu Il y a moins de choses entre les cieux et les enfers qu\u2019aucun d\u2019entre nous ne peut l\u2019imaginer, l\u2019\u00e9crivaine Am\u00e9lie Lucas-Gary relate dans Ma voix de dieu son exp\u00e9rience de la chaise longue customis\u00e9e par l\u2019artiste. Dans un monologue int\u00e9rieur d\u2019abord tr\u00e8s r\u00e9aliste, elle explore le potentiel introspectif de la position allong\u00e9e. Puis, l\u2019exp\u00e9rience de l\u2019\u0153uvre devient au contraire une occasion pour elle de sortir d\u2019elle-m\u00eame, de vivre une impossible et vertigineuse alt\u00e9rit\u00e9. Dans Ma voix de dieu, l\u2019autrice donne la parole \u00e0 cette part de chacun que l\u2019art r\u00e9veille et que seule la fiction peut rendre parfaitement audible.\" \/>\n<meta property=\"og:url\" content=\"https:\/\/hematomes.be\/en\/boutique\/hematomes-editions\/ma-voix-de-dieu-amelie-lucas-gary-maxence-mathieu\/\" \/>\n<meta property=\"og:site_name\" content=\"H\u00e9matomes\" \/>\n<meta property=\"article:modified_time\" content=\"2025-10-07T09:18:08+00:00\" \/>\n<meta property=\"og:image\" content=\"https:\/\/hematomes.be\/wp-content\/uploads\/2025\/04\/2025-04_MaVoixDeDieu_Cover-scaled.jpg\" \/>\n\t<meta property=\"og:image:width\" content=\"1707\" \/>\n\t<meta property=\"og:image:height\" content=\"2560\" \/>\n\t<meta property=\"og:image:type\" content=\"image\/jpeg\" \/>\n<meta name=\"twitter:card\" content=\"summary_large_image\" \/>\n<meta name=\"twitter:label1\" content=\"Est. reading time\" \/>\n\t<meta name=\"twitter:data1\" content=\"2 minutes\" \/>\n<script type=\"application\/ld+json\" class=\"yoast-schema-graph\">{\"@context\":\"https:\/\/schema.org\",\"@graph\":[{\"@type\":\"WebPage\",\"@id\":\"https:\/\/hematomes.be\/en\/boutique\/hematomes-editions\/ma-voix-de-dieu-amelie-lucas-gary-maxence-mathieu\/\",\"url\":\"https:\/\/hematomes.be\/en\/boutique\/hematomes-editions\/ma-voix-de-dieu-amelie-lucas-gary-maxence-mathieu\/\",\"name\":\"Ma voix de Dieu - H\u00e9matomes\",\"isPartOf\":{\"@id\":\"https:\/\/hematomes.be\/#website\"},\"primaryImageOfPage\":{\"@id\":\"https:\/\/hematomes.be\/en\/boutique\/hematomes-editions\/ma-voix-de-dieu-amelie-lucas-gary-maxence-mathieu\/#primaryimage\"},\"image\":{\"@id\":\"https:\/\/hematomes.be\/en\/boutique\/hematomes-editions\/ma-voix-de-dieu-amelie-lucas-gary-maxence-mathieu\/#primaryimage\"},\"thumbnailUrl\":\"https:\/\/hematomes.be\/wp-content\/uploads\/2025\/04\/2025-04_MaVoixDeDieu_Cover-scaled.jpg\",\"datePublished\":\"2025-04-24T07:35:20+00:00\",\"dateModified\":\"2025-10-07T09:18:08+00:00\",\"breadcrumb\":{\"@id\":\"https:\/\/hematomes.be\/en\/boutique\/hematomes-editions\/ma-voix-de-dieu-amelie-lucas-gary-maxence-mathieu\/#breadcrumb\"},\"inLanguage\":\"en-US\",\"potentialAction\":[{\"@type\":\"ReadAction\",\"target\":[\"https:\/\/hematomes.be\/en\/boutique\/hematomes-editions\/ma-voix-de-dieu-amelie-lucas-gary-maxence-mathieu\/\"]}]},{\"@type\":\"ImageObject\",\"inLanguage\":\"en-US\",\"@id\":\"https:\/\/hematomes.be\/en\/boutique\/hematomes-editions\/ma-voix-de-dieu-amelie-lucas-gary-maxence-mathieu\/#primaryimage\",\"url\":\"https:\/\/hematomes.be\/wp-content\/uploads\/2025\/04\/2025-04_MaVoixDeDieu_Cover-scaled.jpg\",\"contentUrl\":\"https:\/\/hematomes.be\/wp-content\/uploads\/2025\/04\/2025-04_MaVoixDeDieu_Cover-scaled.jpg\",\"width\":1707,\"height\":2560},{\"@type\":\"BreadcrumbList\",\"@id\":\"https:\/\/hematomes.be\/en\/boutique\/hematomes-editions\/ma-voix-de-dieu-amelie-lucas-gary-maxence-mathieu\/#breadcrumb\",\"itemListElement\":[{\"@type\":\"ListItem\",\"position\":1,\"name\":\"Accueil\",\"item\":\"https:\/\/hematomes.be\/en\/shop\/\"},{\"@type\":\"ListItem\",\"position\":2,\"name\":\"Shop\",\"item\":\"https:\/\/hematomes.be\/en\/shop\/\"},{\"@type\":\"ListItem\",\"position\":3,\"name\":\"Ma voix de Dieu\"}]},{\"@type\":\"WebSite\",\"@id\":\"https:\/\/hematomes.be\/#website\",\"url\":\"https:\/\/hematomes.be\/\",\"name\":\"H\u00e9matomes\",\"description\":\"Une maison d&#039;\u00e9dition qui publie sur l&#039;art et tout autour.\",\"potentialAction\":[{\"@type\":\"SearchAction\",\"target\":{\"@type\":\"EntryPoint\",\"urlTemplate\":\"https:\/\/hematomes.be\/?s={search_term_string}\"},\"query-input\":{\"@type\":\"PropertyValueSpecification\",\"valueRequired\":true,\"valueName\":\"search_term_string\"}}],\"inLanguage\":\"en-US\"}]}<\/script>\n<!-- \/ Yoast SEO plugin. -->","yoast_head_json":{"title":"Ma voix de Dieu - H\u00e9matomes","robots":{"index":"index","follow":"follow","max-snippet":"max-snippet:-1","max-image-preview":"max-image-preview:large","max-video-preview":"max-video-preview:-1"},"canonical":"https:\/\/hematomes.be\/en\/boutique\/hematomes-editions\/ma-voix-de-dieu-amelie-lucas-gary-maxence-mathieu\/","og_locale":"en_US","og_type":"article","og_title":"Ma voix de Dieu - H\u00e9matomes","og_description":"Invit\u00e9e \u00e0 investir par la fiction l\u2019oeuvre de l\u2019artiste Maxence Mathieu Il y a moins de choses entre les cieux et les enfers qu\u2019aucun d\u2019entre nous ne peut l\u2019imaginer, l\u2019\u00e9crivaine Am\u00e9lie Lucas-Gary relate dans Ma voix de dieu son exp\u00e9rience de la chaise longue customis\u00e9e par l\u2019artiste. Dans un monologue int\u00e9rieur d\u2019abord tr\u00e8s r\u00e9aliste, elle explore le potentiel introspectif de la position allong\u00e9e. Puis, l\u2019exp\u00e9rience de l\u2019\u0153uvre devient au contraire une occasion pour elle de sortir d\u2019elle-m\u00eame, de vivre une impossible et vertigineuse alt\u00e9rit\u00e9. Dans Ma voix de dieu, l\u2019autrice donne la parole \u00e0 cette part de chacun que l\u2019art r\u00e9veille et que seule la fiction peut rendre parfaitement audible.","og_url":"https:\/\/hematomes.be\/en\/boutique\/hematomes-editions\/ma-voix-de-dieu-amelie-lucas-gary-maxence-mathieu\/","og_site_name":"H\u00e9matomes","article_modified_time":"2025-10-07T09:18:08+00:00","og_image":[{"width":1707,"height":2560,"url":"https:\/\/hematomes.be\/wp-content\/uploads\/2025\/04\/2025-04_MaVoixDeDieu_Cover-scaled.jpg","type":"image\/jpeg"}],"twitter_card":"summary_large_image","twitter_misc":{"Est. reading time":"2 minutes"},"schema":{"@context":"https:\/\/schema.org","@graph":[{"@type":"WebPage","@id":"https:\/\/hematomes.be\/en\/boutique\/hematomes-editions\/ma-voix-de-dieu-amelie-lucas-gary-maxence-mathieu\/","url":"https:\/\/hematomes.be\/en\/boutique\/hematomes-editions\/ma-voix-de-dieu-amelie-lucas-gary-maxence-mathieu\/","name":"Ma voix de Dieu - H\u00e9matomes","isPartOf":{"@id":"https:\/\/hematomes.be\/#website"},"primaryImageOfPage":{"@id":"https:\/\/hematomes.be\/en\/boutique\/hematomes-editions\/ma-voix-de-dieu-amelie-lucas-gary-maxence-mathieu\/#primaryimage"},"image":{"@id":"https:\/\/hematomes.be\/en\/boutique\/hematomes-editions\/ma-voix-de-dieu-amelie-lucas-gary-maxence-mathieu\/#primaryimage"},"thumbnailUrl":"https:\/\/hematomes.be\/wp-content\/uploads\/2025\/04\/2025-04_MaVoixDeDieu_Cover-scaled.jpg","datePublished":"2025-04-24T07:35:20+00:00","dateModified":"2025-10-07T09:18:08+00:00","breadcrumb":{"@id":"https:\/\/hematomes.be\/en\/boutique\/hematomes-editions\/ma-voix-de-dieu-amelie-lucas-gary-maxence-mathieu\/#breadcrumb"},"inLanguage":"en-US","potentialAction":[{"@type":"ReadAction","target":["https:\/\/hematomes.be\/en\/boutique\/hematomes-editions\/ma-voix-de-dieu-amelie-lucas-gary-maxence-mathieu\/"]}]},{"@type":"ImageObject","inLanguage":"en-US","@id":"https:\/\/hematomes.be\/en\/boutique\/hematomes-editions\/ma-voix-de-dieu-amelie-lucas-gary-maxence-mathieu\/#primaryimage","url":"https:\/\/hematomes.be\/wp-content\/uploads\/2025\/04\/2025-04_MaVoixDeDieu_Cover-scaled.jpg","contentUrl":"https:\/\/hematomes.be\/wp-content\/uploads\/2025\/04\/2025-04_MaVoixDeDieu_Cover-scaled.jpg","width":1707,"height":2560},{"@type":"BreadcrumbList","@id":"https:\/\/hematomes.be\/en\/boutique\/hematomes-editions\/ma-voix-de-dieu-amelie-lucas-gary-maxence-mathieu\/#breadcrumb","itemListElement":[{"@type":"ListItem","position":1,"name":"Accueil","item":"https:\/\/hematomes.be\/en\/shop\/"},{"@type":"ListItem","position":2,"name":"Shop","item":"https:\/\/hematomes.be\/en\/shop\/"},{"@type":"ListItem","position":3,"name":"Ma voix de Dieu"}]},{"@type":"WebSite","@id":"https:\/\/hematomes.be\/#website","url":"https:\/\/hematomes.be\/","name":"H\u00e9matomes","description":"Une maison d&#039;\u00e9dition qui publie sur l&#039;art et tout autour.","potentialAction":[{"@type":"SearchAction","target":{"@type":"EntryPoint","urlTemplate":"https:\/\/hematomes.be\/?s={search_term_string}"},"query-input":{"@type":"PropertyValueSpecification","valueRequired":true,"valueName":"search_term_string"}}],"inLanguage":"en-US"}]}},"_links":{"self":[{"href":"https:\/\/hematomes.be\/en\/wp-json\/wp\/v2\/product\/1553","targetHints":{"allow":["GET"]}}],"collection":[{"href":"https:\/\/hematomes.be\/en\/wp-json\/wp\/v2\/product"}],"about":[{"href":"https:\/\/hematomes.be\/en\/wp-json\/wp\/v2\/types\/product"}],"wp:featuredmedia":[{"embeddable":true,"href":"https:\/\/hematomes.be\/en\/wp-json\/wp\/v2\/media\/1554"}],"wp:attachment":[{"href":"https:\/\/hematomes.be\/en\/wp-json\/wp\/v2\/media?parent=1553"}],"wp:term":[{"taxonomy":"product_brand","embeddable":true,"href":"https:\/\/hematomes.be\/en\/wp-json\/wp\/v2\/product_brand?post=1553"},{"taxonomy":"product_cat","embeddable":true,"href":"https:\/\/hematomes.be\/en\/wp-json\/wp\/v2\/product_cat?post=1553"},{"taxonomy":"product_tag","embeddable":true,"href":"https:\/\/hematomes.be\/en\/wp-json\/wp\/v2\/product_tag?post=1553"}],"curies":[{"name":"wp","href":"https:\/\/api.w.org\/{rel}","templated":true}]}}