{"id":1593,"date":"2024-07-15T10:34:59","date_gmt":"2024-07-15T10:34:59","guid":{"rendered":"https:\/\/hematomes.be\/boutique\/uncategorized\/archidoc-08-leon-wuidar-et-larchitecture\/"},"modified":"2024-07-15T10:34:59","modified_gmt":"2024-07-15T10:34:59","slug":"archidoc-08-leon-wuidar-et-larchitecture","status":"publish","type":"product","link":"https:\/\/hematomes.be\/en\/boutique\/gar-architecture-archives-archidoc\/archidoc-08-leon-wuidar-et-larchitecture\/","title":{"rendered":"Archidoc #08 \u2014 L\u00e9on Wuidar et l\u2019architecture"},"content":{"rendered":"<p>N\u00e9 \u00e0 Li\u00e8ge en 1938, L\u00e9on Wuidar figure parmi les artistes belges les plus importants de sa g\u00e9n\u00e9ration. Auteur d\u2019une \u0153uvre tr\u00e8s coh\u00e9rente, au croisement de l\u2019\u00e9criture et de l\u2019architecture, Wuidar a marqu\u00e9 de son empreinte l\u2019abstraction g\u00e9om\u00e9trique, sa production picturale \u00e9tant aujourd\u2019hui largement reconnue en Belgique comme \u00e0 l\u2019\u00e9tranger. Peintre autodidacte, il enseigne le dessin \u00e0 partir de 1959 et est dipl\u00f4m\u00e9 de l\u2019Acad\u00e9mie des Beaux-Arts de Li\u00e8ge en 1963, date \u00e0 laquelle il renonce \u00e0 la figuration pour se consacrer \u00e0 une peinture tout \u00e0 la fois rigoureusement abstraite et personnelle. Au milieu des ann\u00e9es 1970, il entre comme professeur \u00e0 l\u2019Acad\u00e9mie des Beaux-Arts de Li\u00e8ge, o\u00f9 il enseignera pendant plus de vingt ans les arts graphiques\u00a0; c\u2019est \u00e0 cette m\u00eame \u00e9poque qu\u2019il demande \u00e0 Charles Vandenhove de lui dessiner sa maison \u00e0 Esneux. Les liens qui ont uni Wuidar \u00e0 l\u2019architecte li\u00e9geois sont profonds et c\u2019est d\u2019ailleurs un aspect qui retiendra notre attention dans cette \u00e9dition d\u2019Archidoc. Il s\u2019agira en effet de mettre en lumi\u00e8re les contributions du plasticien \u00e0 l\u2019architecture, et ce \u00e0 travers les nombreux projets d\u2019int\u00e9gration qui lui sont confi\u00e9s d\u00e8s 1977. De ses interventions au Mus\u00e9e en plein air du Sart Tilman (Composition monumentale, 1977\u00a0; Le Labyrinthe, 1984) \u00e0 ses collaborations avec Charles Vandenhove (CHU de Li\u00e8ge, 1978\u00a0; H\u00f4tel Torrentius \u00e0 Li\u00e8ge, 1981\u00a0; Kanunnikencour, Maastricht, 1999, etc.) en passant par ses projets avec d\u2019autres architectes comme Claude Strebelle, Andr\u00e9 Jacqmain, Bruno Albert, Roger Bastin et Philippe Samyn, nous verrons combien L\u00e9on Wuidar n\u2019a cess\u00e9 d\u2019intervenir dans l\u2019espace public et de tisser des liens toujours plus intimes avec l\u2019architecture et le contexte environnant. C\u2019est donc \u00e0 cette facette, m\u00e9connue et pourtant remarquable, de la carri\u00e8re et de l\u2019\u0153uvre de L\u00e9on Wuidar qu\u2019Archidoc #08 sera consacr\u00e9, l\u2019objectif \u00e9tant, plus largement, de r\u00e9v\u00e9ler la relation f\u00e9conde qui existe entre cr\u00e9ation plastique contemporaine et architecture.<\/p>\n<p>Broch\u00e9 : 160 pages<br \/>\n\u00c9diteur : Groupe d\u2019ateliers de recherche \/ \u00c9cole sup\u00e9rieure des Arts de la Ville de Li\u00e8ge<br \/>\nDate d\u2019\u00e9dition : septembre 2024<br \/>\nCollection : Archidoc<br \/>\nDimensions : 190 x 148 mm \u00e0 la fran\u00e7aise<br \/>\nCouverture : papier 250 gr \u2013 Offset \u2013 blanc<br \/>\nImpression : Recto : quadrichromie \u2013 Verso : quadrichromie<br \/>\nPapier int\u00e9rieur : 115 gr\/m2 \u2013 Munken Polar\u2013 blanc<br \/>\nImpression : Recto : quadrichromie \u2013 Verso : quadrichromie<br \/>\nTirage : 750 exemplaires<\/p>\n","protected":false},"excerpt":{"rendered":"<p><strong>Parution septembre 2024<\/strong><\/p>\n<p>L\u00e9on Wuidar figure parmi les artistes belges les plus importants de sa g\u00e9n\u00e9ration. Auteur d\u2019une \u0153uvre picturale tr\u00e8s coh\u00e9rente, au croisement de l\u2019\u00e9criture et de l\u2019architecture, il a marqu\u00e9 de son empreinte l\u2019abstraction g\u00e9om\u00e9trique et a collabor\u00e9 avec nombre d&#8217;architectes &#8211; Charles Vandenhove, Claude Strebelle, Andr\u00e9 Jacqmain, Bruno Albert, Roger Bastin et Philippe Samyn&#8230; C\u2019est donc \u00e0 cette facette de sa carri\u00e8re et son \u0153uvre qu\u2019Archidoc #08 sera consacr\u00e9, l\u2019objectif \u00e9tant, plus largement, de r\u00e9v\u00e9ler la relation f\u00e9conde qui existe entre cr\u00e9ation plastique contemporaine et architecture.<\/p>\n","protected":false},"featured_media":1581,"template":"","meta":{"_acf_changed":false},"product_brand":[],"product_cat":[44],"product_tag":[],"class_list":{"0":"post-1593","1":"product","2":"type-product","3":"status-publish","4":"has-post-thumbnail","6":"product_cat-gar-architecture-archives-archidoc","8":"first","9":"instock","10":"shipping-taxable","11":"purchasable","12":"product-type-simple"},"acf":[],"yoast_head":"<!-- This site is optimized with the Yoast SEO plugin v27.2 - https:\/\/yoast.com\/product\/yoast-seo-wordpress\/ -->\n<title>Archidoc #08 \u2014 L\u00e9on Wuidar et l\u2019architecture - H\u00e9matomes<\/title>\n<meta name=\"robots\" content=\"index, follow, max-snippet:-1, max-image-preview:large, max-video-preview:-1\" \/>\n<link rel=\"canonical\" href=\"https:\/\/hematomes.be\/en\/boutique\/uncategorized\/archidoc-08-leon-wuidar-et-larchitecture\/\" \/>\n<meta property=\"og:locale\" content=\"en_US\" \/>\n<meta property=\"og:type\" content=\"article\" \/>\n<meta property=\"og:title\" content=\"Archidoc #08 \u2014 L\u00e9on Wuidar et l\u2019architecture - H\u00e9matomes\" \/>\n<meta property=\"og:description\" content=\"Parution septembre 2024  L\u00e9on Wuidar figure parmi les artistes belges les plus importants de sa g\u00e9n\u00e9ration. Auteur d\u2019une \u0153uvre picturale tr\u00e8s coh\u00e9rente, au croisement de l\u2019\u00e9criture et de l\u2019architecture, il a marqu\u00e9 de son empreinte l\u2019abstraction g\u00e9om\u00e9trique et a collabor\u00e9 avec nombre d&#039;architectes - Charles Vandenhove, Claude Strebelle, Andr\u00e9 Jacqmain, Bruno Albert, Roger Bastin et Philippe Samyn... C\u2019est donc \u00e0 cette facette de sa carri\u00e8re et son \u0153uvre qu\u2019Archidoc #08 sera consacr\u00e9, l\u2019objectif \u00e9tant, plus largement, de r\u00e9v\u00e9ler la relation f\u00e9conde qui existe entre cr\u00e9ation plastique contemporaine et architecture.\" \/>\n<meta property=\"og:url\" content=\"https:\/\/hematomes.be\/en\/boutique\/uncategorized\/archidoc-08-leon-wuidar-et-larchitecture\/\" \/>\n<meta property=\"og:site_name\" content=\"H\u00e9matomes\" \/>\n<meta name=\"twitter:card\" content=\"summary_large_image\" \/>\n<meta name=\"twitter:label1\" content=\"Est. reading time\" \/>\n\t<meta name=\"twitter:data1\" content=\"2 minutes\" \/>\n<script type=\"application\/ld+json\" class=\"yoast-schema-graph\">{\"@context\":\"https:\/\/schema.org\",\"@graph\":[{\"@type\":\"WebPage\",\"@id\":\"https:\/\/hematomes.be\/en\/boutique\/uncategorized\/archidoc-08-leon-wuidar-et-larchitecture\/\",\"url\":\"https:\/\/hematomes.be\/en\/boutique\/uncategorized\/archidoc-08-leon-wuidar-et-larchitecture\/\",\"name\":\"Archidoc #08 \u2014 L\u00e9on Wuidar et l\u2019architecture - H\u00e9matomes\",\"isPartOf\":{\"@id\":\"https:\/\/hematomes.be\/#website\"},\"primaryImageOfPage\":{\"@id\":\"https:\/\/hematomes.be\/en\/boutique\/uncategorized\/archidoc-08-leon-wuidar-et-larchitecture\/#primaryimage\"},\"image\":{\"@id\":\"https:\/\/hematomes.be\/en\/boutique\/uncategorized\/archidoc-08-leon-wuidar-et-larchitecture\/#primaryimage\"},\"thumbnailUrl\":\"https:\/\/hematomes.be\/wp-content\/uploads\/2024\/07\/2024-07_Archidoc08_LW_Cover.jpg\",\"datePublished\":\"2024-07-15T10:34:59+00:00\",\"breadcrumb\":{\"@id\":\"https:\/\/hematomes.be\/en\/boutique\/uncategorized\/archidoc-08-leon-wuidar-et-larchitecture\/#breadcrumb\"},\"inLanguage\":\"en-US\",\"potentialAction\":[{\"@type\":\"ReadAction\",\"target\":[\"https:\/\/hematomes.be\/en\/boutique\/uncategorized\/archidoc-08-leon-wuidar-et-larchitecture\/\"]}]},{\"@type\":\"ImageObject\",\"inLanguage\":\"en-US\",\"@id\":\"https:\/\/hematomes.be\/en\/boutique\/uncategorized\/archidoc-08-leon-wuidar-et-larchitecture\/#primaryimage\",\"url\":\"https:\/\/hematomes.be\/wp-content\/uploads\/2024\/07\/2024-07_Archidoc08_LW_Cover.jpg\",\"contentUrl\":\"https:\/\/hematomes.be\/wp-content\/uploads\/2024\/07\/2024-07_Archidoc08_LW_Cover.jpg\",\"width\":720,\"height\":1080},{\"@type\":\"BreadcrumbList\",\"@id\":\"https:\/\/hematomes.be\/en\/boutique\/uncategorized\/archidoc-08-leon-wuidar-et-larchitecture\/#breadcrumb\",\"itemListElement\":[{\"@type\":\"ListItem\",\"position\":1,\"name\":\"Accueil\",\"item\":\"https:\/\/hematomes.be\/en\/shop\/\"},{\"@type\":\"ListItem\",\"position\":2,\"name\":\"Shop\",\"item\":\"https:\/\/hematomes.be\/en\/shop\/\"},{\"@type\":\"ListItem\",\"position\":3,\"name\":\"Archidoc #08 \u2014 L\u00e9on Wuidar et l\u2019architecture\"}]},{\"@type\":\"WebSite\",\"@id\":\"https:\/\/hematomes.be\/#website\",\"url\":\"https:\/\/hematomes.be\/\",\"name\":\"H\u00e9matomes\",\"description\":\"Une maison d&#039;\u00e9dition qui publie sur l&#039;art et tout autour.\",\"potentialAction\":[{\"@type\":\"SearchAction\",\"target\":{\"@type\":\"EntryPoint\",\"urlTemplate\":\"https:\/\/hematomes.be\/?s={search_term_string}\"},\"query-input\":{\"@type\":\"PropertyValueSpecification\",\"valueRequired\":true,\"valueName\":\"search_term_string\"}}],\"inLanguage\":\"en-US\"}]}<\/script>\n<!-- \/ Yoast SEO plugin. -->","yoast_head_json":{"title":"Archidoc #08 \u2014 L\u00e9on Wuidar et l\u2019architecture - H\u00e9matomes","robots":{"index":"index","follow":"follow","max-snippet":"max-snippet:-1","max-image-preview":"max-image-preview:large","max-video-preview":"max-video-preview:-1"},"canonical":"https:\/\/hematomes.be\/en\/boutique\/uncategorized\/archidoc-08-leon-wuidar-et-larchitecture\/","og_locale":"en_US","og_type":"article","og_title":"Archidoc #08 \u2014 L\u00e9on Wuidar et l\u2019architecture - H\u00e9matomes","og_description":"Parution septembre 2024  L\u00e9on Wuidar figure parmi les artistes belges les plus importants de sa g\u00e9n\u00e9ration. Auteur d\u2019une \u0153uvre picturale tr\u00e8s coh\u00e9rente, au croisement de l\u2019\u00e9criture et de l\u2019architecture, il a marqu\u00e9 de son empreinte l\u2019abstraction g\u00e9om\u00e9trique et a collabor\u00e9 avec nombre d'architectes - Charles Vandenhove, Claude Strebelle, Andr\u00e9 Jacqmain, Bruno Albert, Roger Bastin et Philippe Samyn... C\u2019est donc \u00e0 cette facette de sa carri\u00e8re et son \u0153uvre qu\u2019Archidoc #08 sera consacr\u00e9, l\u2019objectif \u00e9tant, plus largement, de r\u00e9v\u00e9ler la relation f\u00e9conde qui existe entre cr\u00e9ation plastique contemporaine et architecture.","og_url":"https:\/\/hematomes.be\/en\/boutique\/uncategorized\/archidoc-08-leon-wuidar-et-larchitecture\/","og_site_name":"H\u00e9matomes","twitter_card":"summary_large_image","twitter_misc":{"Est. reading time":"2 minutes"},"schema":{"@context":"https:\/\/schema.org","@graph":[{"@type":"WebPage","@id":"https:\/\/hematomes.be\/en\/boutique\/uncategorized\/archidoc-08-leon-wuidar-et-larchitecture\/","url":"https:\/\/hematomes.be\/en\/boutique\/uncategorized\/archidoc-08-leon-wuidar-et-larchitecture\/","name":"Archidoc #08 \u2014 L\u00e9on Wuidar et l\u2019architecture - H\u00e9matomes","isPartOf":{"@id":"https:\/\/hematomes.be\/#website"},"primaryImageOfPage":{"@id":"https:\/\/hematomes.be\/en\/boutique\/uncategorized\/archidoc-08-leon-wuidar-et-larchitecture\/#primaryimage"},"image":{"@id":"https:\/\/hematomes.be\/en\/boutique\/uncategorized\/archidoc-08-leon-wuidar-et-larchitecture\/#primaryimage"},"thumbnailUrl":"https:\/\/hematomes.be\/wp-content\/uploads\/2024\/07\/2024-07_Archidoc08_LW_Cover.jpg","datePublished":"2024-07-15T10:34:59+00:00","breadcrumb":{"@id":"https:\/\/hematomes.be\/en\/boutique\/uncategorized\/archidoc-08-leon-wuidar-et-larchitecture\/#breadcrumb"},"inLanguage":"en-US","potentialAction":[{"@type":"ReadAction","target":["https:\/\/hematomes.be\/en\/boutique\/uncategorized\/archidoc-08-leon-wuidar-et-larchitecture\/"]}]},{"@type":"ImageObject","inLanguage":"en-US","@id":"https:\/\/hematomes.be\/en\/boutique\/uncategorized\/archidoc-08-leon-wuidar-et-larchitecture\/#primaryimage","url":"https:\/\/hematomes.be\/wp-content\/uploads\/2024\/07\/2024-07_Archidoc08_LW_Cover.jpg","contentUrl":"https:\/\/hematomes.be\/wp-content\/uploads\/2024\/07\/2024-07_Archidoc08_LW_Cover.jpg","width":720,"height":1080},{"@type":"BreadcrumbList","@id":"https:\/\/hematomes.be\/en\/boutique\/uncategorized\/archidoc-08-leon-wuidar-et-larchitecture\/#breadcrumb","itemListElement":[{"@type":"ListItem","position":1,"name":"Accueil","item":"https:\/\/hematomes.be\/en\/shop\/"},{"@type":"ListItem","position":2,"name":"Shop","item":"https:\/\/hematomes.be\/en\/shop\/"},{"@type":"ListItem","position":3,"name":"Archidoc #08 \u2014 L\u00e9on Wuidar et l\u2019architecture"}]},{"@type":"WebSite","@id":"https:\/\/hematomes.be\/#website","url":"https:\/\/hematomes.be\/","name":"H\u00e9matomes","description":"Une maison d&#039;\u00e9dition qui publie sur l&#039;art et tout autour.","potentialAction":[{"@type":"SearchAction","target":{"@type":"EntryPoint","urlTemplate":"https:\/\/hematomes.be\/?s={search_term_string}"},"query-input":{"@type":"PropertyValueSpecification","valueRequired":true,"valueName":"search_term_string"}}],"inLanguage":"en-US"}]}},"_links":{"self":[{"href":"https:\/\/hematomes.be\/en\/wp-json\/wp\/v2\/product\/1593","targetHints":{"allow":["GET"]}}],"collection":[{"href":"https:\/\/hematomes.be\/en\/wp-json\/wp\/v2\/product"}],"about":[{"href":"https:\/\/hematomes.be\/en\/wp-json\/wp\/v2\/types\/product"}],"wp:featuredmedia":[{"embeddable":true,"href":"https:\/\/hematomes.be\/en\/wp-json\/wp\/v2\/media\/1581"}],"wp:attachment":[{"href":"https:\/\/hematomes.be\/en\/wp-json\/wp\/v2\/media?parent=1593"}],"wp:term":[{"taxonomy":"product_brand","embeddable":true,"href":"https:\/\/hematomes.be\/en\/wp-json\/wp\/v2\/product_brand?post=1593"},{"taxonomy":"product_cat","embeddable":true,"href":"https:\/\/hematomes.be\/en\/wp-json\/wp\/v2\/product_cat?post=1593"},{"taxonomy":"product_tag","embeddable":true,"href":"https:\/\/hematomes.be\/en\/wp-json\/wp\/v2\/product_tag?post=1593"}],"curies":[{"name":"wp","href":"https:\/\/api.w.org\/{rel}","templated":true}]}}