{"id":1609,"date":"2024-07-15T09:51:57","date_gmt":"2024-07-15T09:51:57","guid":{"rendered":"https:\/\/hematomes.be\/boutique\/uncategorized\/derivations-9-ce-que-lurbain-fait-au-rural\/"},"modified":"2025-11-07T12:39:20","modified_gmt":"2025-11-07T12:39:20","slug":"derivations-9-ce-que-lurbain-fait-au-rural","status":"publish","type":"product","link":"https:\/\/hematomes.be\/en\/boutique\/catalog\/derivations-9-ce-que-lurbain-fait-au-rural\/","title":{"rendered":"D\u00e9rivations 9 \u2014 Ce que l\u2019urbain fait au rural"},"content":{"rendered":"<p>[EN]<\/p>\n<p>Ce num\u00e9ro de D\u00e9rivations est d\u00e9di\u00e9 \u00e0 la ruralit\u00e9. Pour une revue consacr\u00e9e \u00e0 la ville et au d\u00e9bat urbain, c\u2019est un paradoxe, mais seulement en apparence. Le rural et l\u2019urbain, bien que s\u00e9par\u00e9s et parfois oppos\u00e9s, pr\u00e9sentent des destins qu\u2019il s\u2019agit aujourd\u2019hui de penser ensemble. A l\u2019heure du \u00ab triomphe de la ville \u00bb (pour reprendre les termes, discutables, de Edward Glaeser), la ruralit\u00e9 s\u2019affiche comme un espace ou coexistent r\u00e9signations et r\u00e9sistances, conservatismes et cr\u00e9ativit\u00e9s politiques. Un espace qui continue d\u2019\u00eatre mis en question, dans ses pratiques et ses valeurs, par diff\u00e9rents acteurs sociaux et \u00e9conomiques issus de la ville et plus g\u00e9n\u00e9ralement par les pr\u00e9dations capitalistes. Qu\u2019il s\u2019agisse du tourisme sous diff\u00e9rentes formes, des plus pr\u00e9datrices (Durbuy) au plus respectueuses (Agritourisme en Gaume), de l\u2019agriculture, pas toujours aussi fragile qu\u2019il n\u2019y para\u00eet, de la nature exploit\u00e9e ou d\u00e9fendue, de la pr\u00e9sence du v\u00e9g\u00e9tal et de l\u2019animal, la ruralit\u00e9 est un lieu d\u2019abondances bien diff\u00e9rentes de celles qu\u2019offre la ville.<br \/>\nCertes, la campagne wallonne n\u2019est pas la m\u00eame que la campagne fran\u00e7aise. On n\u2019y est jamais \u00e0 moins de cinquante kilom\u00e8tres d\u2019une ville. Les contrastes y sont sans doute moins puissants. En Belgique, point de \u00ab d\u00e9sert m\u00e9dical \u00bb ou de \u00ab campagne profonde \u00bb. Beaucoup d\u2019urbains sont issus de villages ruraux et nombre d\u2019entre eux y s\u00e9journent tout en travaillant en ville. N\u2019emp\u00eache : les contrastes subsistent. En ruralit\u00e9, la proximit\u00e9 de la nature est bien r\u00e9elle. Les animaux sont pr\u00e9sents, plus qu\u2019en ville. Les paysages, m\u00eame alt\u00e9r\u00e9s, sont des biens communs et l\u2019objet de luttes nombreuses.<br \/>\nCe prochain num\u00e9ro tente d\u2019approcher les particularit\u00e9s des territoires ruraux et de ceux qui y vivent (humains ou non) sur les plans du politique, du sensible, du culturel et de l\u2019intime. Dans ses rapports \u00e0 l\u2019urbain et aux urbains. Dans ses contacts, aussi, avec le sauvage et les voix qui appellent \u00e0 sa pr\u00e9servation, ou du moins \u00e0 la pr\u00e9servation de ce qu\u2019il en reste. On y trouvera un longue entrevue avec Beno\u00eet Coquard, auteur de \u00ab Ceux qui restent \u00bb, des textes de Am\u00e9lie Lucas-Gary, Messaline Jaumotte, Demis Pirard, Hugues Lefebvre Morasse, Marion Henry, Gregorio Carboni Maestri, Charlotte Renouprez, Jean-Michel Leclercq, Paul Hermant, Marie G\u00e9rard Petr\u00e9, Sebastien Lacomblez, Thomas Bolmain et Michael Bianchi, et aussi des interventions plastiques de Axel Serveaux, Stefan Tulepo, Martin Dellicour et Sebastien Lacomblez.<\/p>\n<p>Nombre de pages : 320<br \/>\nTirage : 1000 exemplaires<br \/>\nPapier : Circle Offset, MaxiOffset<br \/>\nPolices : Cabin, D\u00e9rivations, Libre Caslon, Montserrat<\/p>\n","protected":false},"excerpt":{"rendered":"<p>A l\u2019heure du triomphe de la ville, la ruralit\u00e9 s\u2019affiche comme un espace o\u00f9 coexistent r\u00e9signations et r\u00e9sistances, conservatismes et cr\u00e9ativit\u00e9s politiques. Un espace qui continue d\u2019\u00eatre mis en question, dans ses pratiques et ses valeurs, par diff\u00e9rents acteurs sociaux et \u00e9conomiques issus de la ville et plus g\u00e9n\u00e9ralement par les pr\u00e9dations capitalistes. Ce num\u00e9ro de la revue D\u00e9rivations interroge les relations ambivalentes du rural et de l\u2019urbain au prisme du politique, du social, de l\u2019anthropologique et du sensible&#8230;<\/p>\n","protected":false},"featured_media":1610,"template":"","meta":{"_acf_changed":false},"product_brand":[],"product_cat":[42,43],"product_tag":[],"class_list":{"0":"post-1609","1":"product","2":"type-product","3":"status-publish","4":"has-post-thumbnail","6":"product_cat-catalog","7":"product_cat-revue-derivations","9":"first","10":"instock","11":"shipping-taxable","12":"purchasable","13":"product-type-simple"},"acf":[],"yoast_head":"<!-- This site is optimized with the Yoast SEO plugin v27.2 - https:\/\/yoast.com\/product\/yoast-seo-wordpress\/ -->\n<title>D\u00e9rivations 9 \u2014 Ce que l\u2019urbain fait au rural - H\u00e9matomes<\/title>\n<meta name=\"robots\" content=\"index, follow, max-snippet:-1, max-image-preview:large, max-video-preview:-1\" \/>\n<link rel=\"canonical\" href=\"https:\/\/hematomes.be\/en\/boutique\/catalog\/derivations-9-ce-que-lurbain-fait-au-rural\/\" \/>\n<meta property=\"og:locale\" content=\"en_US\" \/>\n<meta property=\"og:type\" content=\"article\" \/>\n<meta property=\"og:title\" content=\"D\u00e9rivations 9 \u2014 Ce que l\u2019urbain fait au rural - H\u00e9matomes\" \/>\n<meta property=\"og:description\" content=\"A l\u2019heure du triomphe de la ville, la ruralit\u00e9 s\u2019affiche comme un espace o\u00f9 coexistent r\u00e9signations et r\u00e9sistances, conservatismes et cr\u00e9ativit\u00e9s politiques. Un espace qui continue d\u2019\u00eatre mis en question, dans ses pratiques et ses valeurs, par diff\u00e9rents acteurs sociaux et \u00e9conomiques issus de la ville et plus g\u00e9n\u00e9ralement par les pr\u00e9dations capitalistes. Ce num\u00e9ro de la revue D\u00e9rivations interroge les relations ambivalentes du rural et de l\u2019urbain au prisme du politique, du social, de l\u2019anthropologique et du sensible...\" \/>\n<meta property=\"og:url\" content=\"https:\/\/hematomes.be\/en\/boutique\/catalog\/derivations-9-ce-que-lurbain-fait-au-rural\/\" \/>\n<meta property=\"og:site_name\" content=\"H\u00e9matomes\" \/>\n<meta property=\"article:modified_time\" content=\"2025-11-07T12:39:20+00:00\" \/>\n<meta property=\"og:image\" content=\"https:\/\/hematomes.be\/wp-content\/uploads\/2024\/07\/2024-07_Derivations9_Cover.jpg\" \/>\n\t<meta property=\"og:image:width\" content=\"720\" \/>\n\t<meta property=\"og:image:height\" content=\"1080\" \/>\n\t<meta property=\"og:image:type\" content=\"image\/jpeg\" \/>\n<meta name=\"twitter:card\" content=\"summary_large_image\" \/>\n<meta name=\"twitter:label1\" content=\"Est. reading time\" \/>\n\t<meta name=\"twitter:data1\" content=\"3 minutes\" \/>\n<script type=\"application\/ld+json\" class=\"yoast-schema-graph\">{\"@context\":\"https:\/\/schema.org\",\"@graph\":[{\"@type\":\"WebPage\",\"@id\":\"https:\/\/hematomes.be\/en\/boutique\/catalog\/derivations-9-ce-que-lurbain-fait-au-rural\/\",\"url\":\"https:\/\/hematomes.be\/en\/boutique\/catalog\/derivations-9-ce-que-lurbain-fait-au-rural\/\",\"name\":\"D\u00e9rivations 9 \u2014 Ce que l\u2019urbain fait au rural - H\u00e9matomes\",\"isPartOf\":{\"@id\":\"https:\/\/hematomes.be\/#website\"},\"primaryImageOfPage\":{\"@id\":\"https:\/\/hematomes.be\/en\/boutique\/catalog\/derivations-9-ce-que-lurbain-fait-au-rural\/#primaryimage\"},\"image\":{\"@id\":\"https:\/\/hematomes.be\/en\/boutique\/catalog\/derivations-9-ce-que-lurbain-fait-au-rural\/#primaryimage\"},\"thumbnailUrl\":\"https:\/\/hematomes.be\/wp-content\/uploads\/2024\/07\/2024-07_Derivations9_Cover.jpg\",\"datePublished\":\"2024-07-15T09:51:57+00:00\",\"dateModified\":\"2025-11-07T12:39:20+00:00\",\"breadcrumb\":{\"@id\":\"https:\/\/hematomes.be\/en\/boutique\/catalog\/derivations-9-ce-que-lurbain-fait-au-rural\/#breadcrumb\"},\"inLanguage\":\"en-US\",\"potentialAction\":[{\"@type\":\"ReadAction\",\"target\":[\"https:\/\/hematomes.be\/en\/boutique\/catalog\/derivations-9-ce-que-lurbain-fait-au-rural\/\"]}]},{\"@type\":\"ImageObject\",\"inLanguage\":\"en-US\",\"@id\":\"https:\/\/hematomes.be\/en\/boutique\/catalog\/derivations-9-ce-que-lurbain-fait-au-rural\/#primaryimage\",\"url\":\"https:\/\/hematomes.be\/wp-content\/uploads\/2024\/07\/2024-07_Derivations9_Cover.jpg\",\"contentUrl\":\"https:\/\/hematomes.be\/wp-content\/uploads\/2024\/07\/2024-07_Derivations9_Cover.jpg\",\"width\":720,\"height\":1080,\"caption\":\"La couverture du D\u00e9rivations 9\"},{\"@type\":\"BreadcrumbList\",\"@id\":\"https:\/\/hematomes.be\/en\/boutique\/catalog\/derivations-9-ce-que-lurbain-fait-au-rural\/#breadcrumb\",\"itemListElement\":[{\"@type\":\"ListItem\",\"position\":1,\"name\":\"Accueil\",\"item\":\"https:\/\/hematomes.be\/en\/shop\/\"},{\"@type\":\"ListItem\",\"position\":2,\"name\":\"Shop\",\"item\":\"https:\/\/hematomes.be\/en\/shop\/\"},{\"@type\":\"ListItem\",\"position\":3,\"name\":\"D\u00e9rivations 9 \u2014 Ce que l\u2019urbain fait au rural\"}]},{\"@type\":\"WebSite\",\"@id\":\"https:\/\/hematomes.be\/#website\",\"url\":\"https:\/\/hematomes.be\/\",\"name\":\"H\u00e9matomes\",\"description\":\"Une maison d&#039;\u00e9dition qui publie sur l&#039;art et tout autour.\",\"potentialAction\":[{\"@type\":\"SearchAction\",\"target\":{\"@type\":\"EntryPoint\",\"urlTemplate\":\"https:\/\/hematomes.be\/?s={search_term_string}\"},\"query-input\":{\"@type\":\"PropertyValueSpecification\",\"valueRequired\":true,\"valueName\":\"search_term_string\"}}],\"inLanguage\":\"en-US\"}]}<\/script>\n<!-- \/ Yoast SEO plugin. -->","yoast_head_json":{"title":"D\u00e9rivations 9 \u2014 Ce que l\u2019urbain fait au rural - H\u00e9matomes","robots":{"index":"index","follow":"follow","max-snippet":"max-snippet:-1","max-image-preview":"max-image-preview:large","max-video-preview":"max-video-preview:-1"},"canonical":"https:\/\/hematomes.be\/en\/boutique\/catalog\/derivations-9-ce-que-lurbain-fait-au-rural\/","og_locale":"en_US","og_type":"article","og_title":"D\u00e9rivations 9 \u2014 Ce que l\u2019urbain fait au rural - H\u00e9matomes","og_description":"A l\u2019heure du triomphe de la ville, la ruralit\u00e9 s\u2019affiche comme un espace o\u00f9 coexistent r\u00e9signations et r\u00e9sistances, conservatismes et cr\u00e9ativit\u00e9s politiques. Un espace qui continue d\u2019\u00eatre mis en question, dans ses pratiques et ses valeurs, par diff\u00e9rents acteurs sociaux et \u00e9conomiques issus de la ville et plus g\u00e9n\u00e9ralement par les pr\u00e9dations capitalistes. Ce num\u00e9ro de la revue D\u00e9rivations interroge les relations ambivalentes du rural et de l\u2019urbain au prisme du politique, du social, de l\u2019anthropologique et du sensible...","og_url":"https:\/\/hematomes.be\/en\/boutique\/catalog\/derivations-9-ce-que-lurbain-fait-au-rural\/","og_site_name":"H\u00e9matomes","article_modified_time":"2025-11-07T12:39:20+00:00","og_image":[{"width":720,"height":1080,"url":"https:\/\/hematomes.be\/wp-content\/uploads\/2024\/07\/2024-07_Derivations9_Cover.jpg","type":"image\/jpeg"}],"twitter_card":"summary_large_image","twitter_misc":{"Est. reading time":"3 minutes"},"schema":{"@context":"https:\/\/schema.org","@graph":[{"@type":"WebPage","@id":"https:\/\/hematomes.be\/en\/boutique\/catalog\/derivations-9-ce-que-lurbain-fait-au-rural\/","url":"https:\/\/hematomes.be\/en\/boutique\/catalog\/derivations-9-ce-que-lurbain-fait-au-rural\/","name":"D\u00e9rivations 9 \u2014 Ce que l\u2019urbain fait au rural - H\u00e9matomes","isPartOf":{"@id":"https:\/\/hematomes.be\/#website"},"primaryImageOfPage":{"@id":"https:\/\/hematomes.be\/en\/boutique\/catalog\/derivations-9-ce-que-lurbain-fait-au-rural\/#primaryimage"},"image":{"@id":"https:\/\/hematomes.be\/en\/boutique\/catalog\/derivations-9-ce-que-lurbain-fait-au-rural\/#primaryimage"},"thumbnailUrl":"https:\/\/hematomes.be\/wp-content\/uploads\/2024\/07\/2024-07_Derivations9_Cover.jpg","datePublished":"2024-07-15T09:51:57+00:00","dateModified":"2025-11-07T12:39:20+00:00","breadcrumb":{"@id":"https:\/\/hematomes.be\/en\/boutique\/catalog\/derivations-9-ce-que-lurbain-fait-au-rural\/#breadcrumb"},"inLanguage":"en-US","potentialAction":[{"@type":"ReadAction","target":["https:\/\/hematomes.be\/en\/boutique\/catalog\/derivations-9-ce-que-lurbain-fait-au-rural\/"]}]},{"@type":"ImageObject","inLanguage":"en-US","@id":"https:\/\/hematomes.be\/en\/boutique\/catalog\/derivations-9-ce-que-lurbain-fait-au-rural\/#primaryimage","url":"https:\/\/hematomes.be\/wp-content\/uploads\/2024\/07\/2024-07_Derivations9_Cover.jpg","contentUrl":"https:\/\/hematomes.be\/wp-content\/uploads\/2024\/07\/2024-07_Derivations9_Cover.jpg","width":720,"height":1080,"caption":"La couverture du D\u00e9rivations 9"},{"@type":"BreadcrumbList","@id":"https:\/\/hematomes.be\/en\/boutique\/catalog\/derivations-9-ce-que-lurbain-fait-au-rural\/#breadcrumb","itemListElement":[{"@type":"ListItem","position":1,"name":"Accueil","item":"https:\/\/hematomes.be\/en\/shop\/"},{"@type":"ListItem","position":2,"name":"Shop","item":"https:\/\/hematomes.be\/en\/shop\/"},{"@type":"ListItem","position":3,"name":"D\u00e9rivations 9 \u2014 Ce que l\u2019urbain fait au rural"}]},{"@type":"WebSite","@id":"https:\/\/hematomes.be\/#website","url":"https:\/\/hematomes.be\/","name":"H\u00e9matomes","description":"Une maison d&#039;\u00e9dition qui publie sur l&#039;art et tout autour.","potentialAction":[{"@type":"SearchAction","target":{"@type":"EntryPoint","urlTemplate":"https:\/\/hematomes.be\/?s={search_term_string}"},"query-input":{"@type":"PropertyValueSpecification","valueRequired":true,"valueName":"search_term_string"}}],"inLanguage":"en-US"}]}},"_links":{"self":[{"href":"https:\/\/hematomes.be\/en\/wp-json\/wp\/v2\/product\/1609","targetHints":{"allow":["GET"]}}],"collection":[{"href":"https:\/\/hematomes.be\/en\/wp-json\/wp\/v2\/product"}],"about":[{"href":"https:\/\/hematomes.be\/en\/wp-json\/wp\/v2\/types\/product"}],"wp:featuredmedia":[{"embeddable":true,"href":"https:\/\/hematomes.be\/en\/wp-json\/wp\/v2\/media\/1610"}],"wp:attachment":[{"href":"https:\/\/hematomes.be\/en\/wp-json\/wp\/v2\/media?parent=1609"}],"wp:term":[{"taxonomy":"product_brand","embeddable":true,"href":"https:\/\/hematomes.be\/en\/wp-json\/wp\/v2\/product_brand?post=1609"},{"taxonomy":"product_cat","embeddable":true,"href":"https:\/\/hematomes.be\/en\/wp-json\/wp\/v2\/product_cat?post=1609"},{"taxonomy":"product_tag","embeddable":true,"href":"https:\/\/hematomes.be\/en\/wp-json\/wp\/v2\/product_tag?post=1609"}],"curies":[{"name":"wp","href":"https:\/\/api.w.org\/{rel}","templated":true}]}}