{"id":315,"date":"2022-04-26T13:08:16","date_gmt":"2022-04-26T13:08:16","guid":{"rendered":"https:\/\/hematomes.be\/?post_type=product&#038;p=315"},"modified":"2025-09-19T09:07:11","modified_gmt":"2025-09-19T09:07:11","slug":"peau","status":"publish","type":"product","link":"https:\/\/hematomes.be\/en\/boutique\/hematomes-editions\/peau\/","title":{"rendered":"PEAU"},"content":{"rendered":"","protected":false},"excerpt":{"rendered":"<p>Peau est un livre de couvertures.<\/p>\n<p>Couvertures manipul\u00e9es, transport\u00e9es, couvrant durant trente ans les pages de J\u00e9r\u00f4me Mayer.<br \/>\nSurfaces de carton, papier, cuir, m\u00e9tal, plastique qui prot\u00e8gent \u00e9crits, dessins, collages, m\u00e9mos, ratures, oublis. Ici invisibles factuellement mais couverts de ces peaux qui se donnent \u00e0 voir, et presque toucher.<br \/>\nLiminales, simples et complexes, elles illustrent le spectre des routes de l\u2019artiste.<br \/>\nBalises de temps d\u00e9pass\u00e9s ou en suspens, ces couvertures sont une timeline des pr\u00e9sents qui l\u2019ont tatou\u00e9. La trace de l\u2019instant dans le geste accidentel ou volontaire du pli, de la griffe, de la tache y est enregistr\u00e9e sur l\u2019objet port\u00e9-emport\u00e9.<br \/>\nRadeaux de poches, ces peaux sont un portrait g\u00e9opo\u00e9tique d\u2019une travers\u00e9e.<\/p>\n<p>Postface de Catherine Lemaire<\/p>\n<p>R\u00e9alis\u00e9 avec le soutien de la <a href=\"http:\/\/www.artsplastiques.cfwb.be\/\" target=\"_blank\" rel=\"noopener\">FWB \/ Direction des Arts plastiques contemporains<\/a><\/p>\n","protected":false},"featured_media":598,"template":"","meta":{"_acf_changed":false},"product_brand":[],"product_cat":[25],"product_tag":[],"class_list":{"0":"post-315","1":"product","2":"type-product","3":"status-publish","4":"has-post-thumbnail","6":"product_cat-hematomes-editions","8":"first","9":"instock","10":"featured","11":"shipping-taxable","12":"purchasable","13":"product-type-simple"},"acf":[],"yoast_head":"<!-- This site is optimized with the Yoast SEO plugin v27.2 - https:\/\/yoast.com\/product\/yoast-seo-wordpress\/ -->\n<title>PEAU - H\u00e9matomes<\/title>\n<meta name=\"robots\" content=\"index, follow, max-snippet:-1, max-image-preview:large, max-video-preview:-1\" \/>\n<link rel=\"canonical\" href=\"https:\/\/hematomes.be\/boutique\/catalogue\/hematomes\/peau\/\" \/>\n<meta property=\"og:locale\" content=\"en_US\" \/>\n<meta property=\"og:type\" content=\"article\" \/>\n<meta property=\"og:title\" content=\"PEAU - H\u00e9matomes\" \/>\n<meta property=\"og:description\" content=\"Peau est un livre de couvertures.  Couvertures manipul\u00e9es, transport\u00e9es, couvrant durant trente ans les pages de J\u00e9r\u00f4me Mayer. Surfaces de carton, papier, cuir, m\u00e9tal, plastique qui prot\u00e8gent \u00e9crits, dessins, collages, m\u00e9mos, ratures, oublis. Ici invisibles factuellement mais couverts de ces peaux qui se donnent \u00e0 voir, et presque toucher. Liminales, simples et complexes, elles illustrent le spectre des routes de l\u2019artiste. Balises de temps d\u00e9pass\u00e9s ou en suspens, ces couvertures sont une timeline des pr\u00e9sents qui l\u2019ont tatou\u00e9. La trace de l\u2019instant dans le geste accidentel ou volontaire du pli, de la griffe, de la tache y est enregistr\u00e9e sur l\u2019objet port\u00e9-emport\u00e9. Radeaux de poches, ces peaux sont un portrait g\u00e9opo\u00e9tique d\u2019une travers\u00e9e.  Postface de Catherine Lemaire  R\u00e9alis\u00e9 avec le soutien de la FWB \/ Direction des Arts plastiques contemporains\" \/>\n<meta property=\"og:url\" content=\"https:\/\/hematomes.be\/boutique\/catalogue\/hematomes\/peau\/\" \/>\n<meta property=\"og:site_name\" content=\"H\u00e9matomes\" \/>\n<meta property=\"article:modified_time\" content=\"2025-09-19T09:07:11+00:00\" \/>\n<meta property=\"og:image\" content=\"https:\/\/hematomes.be\/wp-content\/uploads\/2022\/04\/2022-04_Peau_Cover.jpg\" \/>\n\t<meta property=\"og:image:width\" content=\"960\" \/>\n\t<meta property=\"og:image:height\" content=\"1440\" \/>\n\t<meta property=\"og:image:type\" content=\"image\/jpeg\" \/>\n<meta name=\"twitter:card\" content=\"summary_large_image\" \/>\n<script type=\"application\/ld+json\" class=\"yoast-schema-graph\">{\"@context\":\"https:\/\/schema.org\",\"@graph\":[{\"@type\":\"WebPage\",\"@id\":\"https:\/\/hematomes.be\/boutique\/catalogue\/hematomes\/peau\/\",\"url\":\"https:\/\/hematomes.be\/boutique\/catalogue\/hematomes\/peau\/\",\"name\":\"PEAU - H\u00e9matomes\",\"isPartOf\":{\"@id\":\"https:\/\/hematomes.be\/#website\"},\"primaryImageOfPage\":{\"@id\":\"https:\/\/hematomes.be\/boutique\/catalogue\/hematomes\/peau\/#primaryimage\"},\"image\":{\"@id\":\"https:\/\/hematomes.be\/boutique\/catalogue\/hematomes\/peau\/#primaryimage\"},\"thumbnailUrl\":\"https:\/\/hematomes.be\/wp-content\/uploads\/2022\/04\/2022-04_Peau_Cover.jpg\",\"datePublished\":\"2022-04-26T13:08:16+00:00\",\"dateModified\":\"2025-09-19T09:07:11+00:00\",\"breadcrumb\":{\"@id\":\"https:\/\/hematomes.be\/boutique\/catalogue\/hematomes\/peau\/#breadcrumb\"},\"inLanguage\":\"en-US\",\"potentialAction\":[{\"@type\":\"ReadAction\",\"target\":[\"https:\/\/hematomes.be\/boutique\/catalogue\/hematomes\/peau\/\"]}]},{\"@type\":\"ImageObject\",\"inLanguage\":\"en-US\",\"@id\":\"https:\/\/hematomes.be\/boutique\/catalogue\/hematomes\/peau\/#primaryimage\",\"url\":\"https:\/\/hematomes.be\/wp-content\/uploads\/2022\/04\/2022-04_Peau_Cover.jpg\",\"contentUrl\":\"https:\/\/hematomes.be\/wp-content\/uploads\/2022\/04\/2022-04_Peau_Cover.jpg\",\"width\":960,\"height\":1440},{\"@type\":\"BreadcrumbList\",\"@id\":\"https:\/\/hematomes.be\/boutique\/catalogue\/hematomes\/peau\/#breadcrumb\",\"itemListElement\":[{\"@type\":\"ListItem\",\"position\":1,\"name\":\"Accueil\",\"item\":\"https:\/\/hematomes.be\/en\/shop\/\"},{\"@type\":\"ListItem\",\"position\":2,\"name\":\"Shop\",\"item\":\"https:\/\/hematomes.be\/en\/shop\/\"},{\"@type\":\"ListItem\",\"position\":3,\"name\":\"PEAU\"}]},{\"@type\":\"WebSite\",\"@id\":\"https:\/\/hematomes.be\/#website\",\"url\":\"https:\/\/hematomes.be\/\",\"name\":\"H\u00e9matomes\",\"description\":\"Une maison d&#039;\u00e9dition qui publie sur l&#039;art et tout autour.\",\"potentialAction\":[{\"@type\":\"SearchAction\",\"target\":{\"@type\":\"EntryPoint\",\"urlTemplate\":\"https:\/\/hematomes.be\/?s={search_term_string}\"},\"query-input\":{\"@type\":\"PropertyValueSpecification\",\"valueRequired\":true,\"valueName\":\"search_term_string\"}}],\"inLanguage\":\"en-US\"}]}<\/script>\n<!-- \/ Yoast SEO plugin. -->","yoast_head_json":{"title":"PEAU - H\u00e9matomes","robots":{"index":"index","follow":"follow","max-snippet":"max-snippet:-1","max-image-preview":"max-image-preview:large","max-video-preview":"max-video-preview:-1"},"canonical":"https:\/\/hematomes.be\/boutique\/catalogue\/hematomes\/peau\/","og_locale":"en_US","og_type":"article","og_title":"PEAU - H\u00e9matomes","og_description":"Peau est un livre de couvertures.  Couvertures manipul\u00e9es, transport\u00e9es, couvrant durant trente ans les pages de J\u00e9r\u00f4me Mayer. Surfaces de carton, papier, cuir, m\u00e9tal, plastique qui prot\u00e8gent \u00e9crits, dessins, collages, m\u00e9mos, ratures, oublis. Ici invisibles factuellement mais couverts de ces peaux qui se donnent \u00e0 voir, et presque toucher. Liminales, simples et complexes, elles illustrent le spectre des routes de l\u2019artiste. Balises de temps d\u00e9pass\u00e9s ou en suspens, ces couvertures sont une timeline des pr\u00e9sents qui l\u2019ont tatou\u00e9. La trace de l\u2019instant dans le geste accidentel ou volontaire du pli, de la griffe, de la tache y est enregistr\u00e9e sur l\u2019objet port\u00e9-emport\u00e9. Radeaux de poches, ces peaux sont un portrait g\u00e9opo\u00e9tique d\u2019une travers\u00e9e.  Postface de Catherine Lemaire  R\u00e9alis\u00e9 avec le soutien de la FWB \/ Direction des Arts plastiques contemporains","og_url":"https:\/\/hematomes.be\/boutique\/catalogue\/hematomes\/peau\/","og_site_name":"H\u00e9matomes","article_modified_time":"2025-09-19T09:07:11+00:00","og_image":[{"width":960,"height":1440,"url":"https:\/\/hematomes.be\/wp-content\/uploads\/2022\/04\/2022-04_Peau_Cover.jpg","type":"image\/jpeg"}],"twitter_card":"summary_large_image","schema":{"@context":"https:\/\/schema.org","@graph":[{"@type":"WebPage","@id":"https:\/\/hematomes.be\/boutique\/catalogue\/hematomes\/peau\/","url":"https:\/\/hematomes.be\/boutique\/catalogue\/hematomes\/peau\/","name":"PEAU - H\u00e9matomes","isPartOf":{"@id":"https:\/\/hematomes.be\/#website"},"primaryImageOfPage":{"@id":"https:\/\/hematomes.be\/boutique\/catalogue\/hematomes\/peau\/#primaryimage"},"image":{"@id":"https:\/\/hematomes.be\/boutique\/catalogue\/hematomes\/peau\/#primaryimage"},"thumbnailUrl":"https:\/\/hematomes.be\/wp-content\/uploads\/2022\/04\/2022-04_Peau_Cover.jpg","datePublished":"2022-04-26T13:08:16+00:00","dateModified":"2025-09-19T09:07:11+00:00","breadcrumb":{"@id":"https:\/\/hematomes.be\/boutique\/catalogue\/hematomes\/peau\/#breadcrumb"},"inLanguage":"en-US","potentialAction":[{"@type":"ReadAction","target":["https:\/\/hematomes.be\/boutique\/catalogue\/hematomes\/peau\/"]}]},{"@type":"ImageObject","inLanguage":"en-US","@id":"https:\/\/hematomes.be\/boutique\/catalogue\/hematomes\/peau\/#primaryimage","url":"https:\/\/hematomes.be\/wp-content\/uploads\/2022\/04\/2022-04_Peau_Cover.jpg","contentUrl":"https:\/\/hematomes.be\/wp-content\/uploads\/2022\/04\/2022-04_Peau_Cover.jpg","width":960,"height":1440},{"@type":"BreadcrumbList","@id":"https:\/\/hematomes.be\/boutique\/catalogue\/hematomes\/peau\/#breadcrumb","itemListElement":[{"@type":"ListItem","position":1,"name":"Accueil","item":"https:\/\/hematomes.be\/en\/shop\/"},{"@type":"ListItem","position":2,"name":"Shop","item":"https:\/\/hematomes.be\/en\/shop\/"},{"@type":"ListItem","position":3,"name":"PEAU"}]},{"@type":"WebSite","@id":"https:\/\/hematomes.be\/#website","url":"https:\/\/hematomes.be\/","name":"H\u00e9matomes","description":"Une maison d&#039;\u00e9dition qui publie sur l&#039;art et tout autour.","potentialAction":[{"@type":"SearchAction","target":{"@type":"EntryPoint","urlTemplate":"https:\/\/hematomes.be\/?s={search_term_string}"},"query-input":{"@type":"PropertyValueSpecification","valueRequired":true,"valueName":"search_term_string"}}],"inLanguage":"en-US"}]}},"_links":{"self":[{"href":"https:\/\/hematomes.be\/en\/wp-json\/wp\/v2\/product\/315","targetHints":{"allow":["GET"]}}],"collection":[{"href":"https:\/\/hematomes.be\/en\/wp-json\/wp\/v2\/product"}],"about":[{"href":"https:\/\/hematomes.be\/en\/wp-json\/wp\/v2\/types\/product"}],"wp:featuredmedia":[{"embeddable":true,"href":"https:\/\/hematomes.be\/en\/wp-json\/wp\/v2\/media\/598"}],"wp:attachment":[{"href":"https:\/\/hematomes.be\/en\/wp-json\/wp\/v2\/media?parent=315"}],"wp:term":[{"taxonomy":"product_brand","embeddable":true,"href":"https:\/\/hematomes.be\/en\/wp-json\/wp\/v2\/product_brand?post=315"},{"taxonomy":"product_cat","embeddable":true,"href":"https:\/\/hematomes.be\/en\/wp-json\/wp\/v2\/product_cat?post=315"},{"taxonomy":"product_tag","embeddable":true,"href":"https:\/\/hematomes.be\/en\/wp-json\/wp\/v2\/product_tag?post=315"}],"curies":[{"name":"wp","href":"https:\/\/api.w.org\/{rel}","templated":true}]}}