{"id":339,"date":"2022-09-22T09:53:22","date_gmt":"2022-09-22T09:53:22","guid":{"rendered":"https:\/\/hematomes.be\/?post_type=product&#038;p=339"},"modified":"2025-09-19T09:06:46","modified_gmt":"2025-09-19T09:06:46","slug":"grand-tirage-horizon-veronique-caye","status":"publish","type":"product","link":"https:\/\/hematomes.be\/en\/boutique\/hematomes-editions\/grand-tirage-horizon-veronique-caye\/","title":{"rendered":"Affiche \u2014 Horizon V\u00e9ronique Caye"},"content":{"rendered":"<p>V\u00e9ronique Caye \u2014 Horizons, 120 jours ,14h30, 2020<\/p>\n<p>A l&#8217;occasion de l&#8217;exposition &#8220;La courbure de l&#8217;horizon&#8221;, et en coproduction avec la galerie LRS 52, un tirage num\u00e9rique des horizons a \u00e9t\u00e9 r\u00e9alis\u00e9 au format 80 x 117 cm, \u00e0 20 exemplaires, num\u00e9rot\u00e9s et sign\u00e9s.<\/p>\n","protected":false},"excerpt":{"rendered":"<p>V\u00e9ronique Caye \u2014 Horizons, 120 jours ,14h30, 2020<\/p>\n<p>A l&#8217;occasion de l&#8217;exposition <em>La courbure de l&#8217;horizon<\/em>, et en coproduction avec la galerie LRS 52, un tirage num\u00e9rique des horizons a \u00e9t\u00e9 r\u00e9alis\u00e9 au format 80 x 117 cm, sur papier Hahnem\u00fchle, tir\u00e9 \u00e0 20 exemplaires, num\u00e9rot\u00e9s.<\/p>\n","protected":false},"featured_media":597,"template":"","meta":{"_acf_changed":false},"product_brand":[],"product_cat":[25],"product_tag":[],"class_list":{"0":"post-339","1":"product","2":"type-product","3":"status-publish","4":"has-post-thumbnail","6":"product_cat-hematomes-editions","8":"first","9":"instock","10":"shipping-taxable","11":"purchasable","12":"product-type-simple"},"acf":[],"yoast_head":"<!-- This site is optimized with the Yoast SEO plugin v27.2 - https:\/\/yoast.com\/product\/yoast-seo-wordpress\/ -->\n<title>Affiche \u2014 Horizon V\u00e9ronique Caye - H\u00e9matomes<\/title>\n<meta name=\"robots\" content=\"index, follow, max-snippet:-1, max-image-preview:large, max-video-preview:-1\" \/>\n<link rel=\"canonical\" href=\"https:\/\/hematomes.be\/boutique\/catalogue\/grand-tirage-horizon-veronique-caye\/\" \/>\n<meta property=\"og:locale\" content=\"en_US\" \/>\n<meta property=\"og:type\" content=\"article\" \/>\n<meta property=\"og:title\" content=\"Affiche \u2014 Horizon V\u00e9ronique Caye - H\u00e9matomes\" \/>\n<meta property=\"og:description\" content=\"V\u00e9ronique Caye \u2014 Horizons, 120 jours ,14h30, 2020  A l&#039;occasion de l&#039;exposition La courbure de l&#039;horizon, et en coproduction avec la galerie LRS 52, un tirage num\u00e9rique des horizons a \u00e9t\u00e9 r\u00e9alis\u00e9 au format 80 x 117 cm, sur papier Hahnem\u00fchle, tir\u00e9 \u00e0 20 exemplaires, num\u00e9rot\u00e9s.\" \/>\n<meta property=\"og:url\" content=\"https:\/\/hematomes.be\/boutique\/catalogue\/grand-tirage-horizon-veronique-caye\/\" \/>\n<meta property=\"og:site_name\" content=\"H\u00e9matomes\" \/>\n<meta property=\"article:modified_time\" content=\"2025-09-19T09:06:46+00:00\" \/>\n<meta property=\"og:image\" content=\"https:\/\/hematomes.be\/wp-content\/uploads\/2022\/09\/2023-03_Horizon_Poster.jpg\" \/>\n\t<meta property=\"og:image:width\" content=\"960\" \/>\n\t<meta property=\"og:image:height\" content=\"1440\" \/>\n\t<meta property=\"og:image:type\" content=\"image\/jpeg\" \/>\n<meta name=\"twitter:card\" content=\"summary_large_image\" \/>\n<script type=\"application\/ld+json\" class=\"yoast-schema-graph\">{\"@context\":\"https:\/\/schema.org\",\"@graph\":[{\"@type\":\"WebPage\",\"@id\":\"https:\/\/hematomes.be\/boutique\/catalogue\/grand-tirage-horizon-veronique-caye\/\",\"url\":\"https:\/\/hematomes.be\/boutique\/catalogue\/grand-tirage-horizon-veronique-caye\/\",\"name\":\"Affiche \u2014 Horizon V\u00e9ronique Caye - H\u00e9matomes\",\"isPartOf\":{\"@id\":\"https:\/\/hematomes.be\/#website\"},\"primaryImageOfPage\":{\"@id\":\"https:\/\/hematomes.be\/boutique\/catalogue\/grand-tirage-horizon-veronique-caye\/#primaryimage\"},\"image\":{\"@id\":\"https:\/\/hematomes.be\/boutique\/catalogue\/grand-tirage-horizon-veronique-caye\/#primaryimage\"},\"thumbnailUrl\":\"https:\/\/hematomes.be\/wp-content\/uploads\/2022\/09\/2023-03_Horizon_Poster.jpg\",\"datePublished\":\"2022-09-22T09:53:22+00:00\",\"dateModified\":\"2025-09-19T09:06:46+00:00\",\"breadcrumb\":{\"@id\":\"https:\/\/hematomes.be\/boutique\/catalogue\/grand-tirage-horizon-veronique-caye\/#breadcrumb\"},\"inLanguage\":\"en-US\",\"potentialAction\":[{\"@type\":\"ReadAction\",\"target\":[\"https:\/\/hematomes.be\/boutique\/catalogue\/grand-tirage-horizon-veronique-caye\/\"]}]},{\"@type\":\"ImageObject\",\"inLanguage\":\"en-US\",\"@id\":\"https:\/\/hematomes.be\/boutique\/catalogue\/grand-tirage-horizon-veronique-caye\/#primaryimage\",\"url\":\"https:\/\/hematomes.be\/wp-content\/uploads\/2022\/09\/2023-03_Horizon_Poster.jpg\",\"contentUrl\":\"https:\/\/hematomes.be\/wp-content\/uploads\/2022\/09\/2023-03_Horizon_Poster.jpg\",\"width\":960,\"height\":1440},{\"@type\":\"BreadcrumbList\",\"@id\":\"https:\/\/hematomes.be\/boutique\/catalogue\/grand-tirage-horizon-veronique-caye\/#breadcrumb\",\"itemListElement\":[{\"@type\":\"ListItem\",\"position\":1,\"name\":\"Accueil\",\"item\":\"https:\/\/hematomes.be\/en\/shop\/\"},{\"@type\":\"ListItem\",\"position\":2,\"name\":\"Shop\",\"item\":\"https:\/\/hematomes.be\/en\/shop\/\"},{\"@type\":\"ListItem\",\"position\":3,\"name\":\"Affiche \u2014 Horizon V\u00e9ronique Caye\"}]},{\"@type\":\"WebSite\",\"@id\":\"https:\/\/hematomes.be\/#website\",\"url\":\"https:\/\/hematomes.be\/\",\"name\":\"H\u00e9matomes\",\"description\":\"Une maison d&#039;\u00e9dition qui publie sur l&#039;art et tout autour.\",\"potentialAction\":[{\"@type\":\"SearchAction\",\"target\":{\"@type\":\"EntryPoint\",\"urlTemplate\":\"https:\/\/hematomes.be\/?s={search_term_string}\"},\"query-input\":{\"@type\":\"PropertyValueSpecification\",\"valueRequired\":true,\"valueName\":\"search_term_string\"}}],\"inLanguage\":\"en-US\"}]}<\/script>\n<!-- \/ Yoast SEO plugin. -->","yoast_head_json":{"title":"Affiche \u2014 Horizon V\u00e9ronique Caye - H\u00e9matomes","robots":{"index":"index","follow":"follow","max-snippet":"max-snippet:-1","max-image-preview":"max-image-preview:large","max-video-preview":"max-video-preview:-1"},"canonical":"https:\/\/hematomes.be\/boutique\/catalogue\/grand-tirage-horizon-veronique-caye\/","og_locale":"en_US","og_type":"article","og_title":"Affiche \u2014 Horizon V\u00e9ronique Caye - H\u00e9matomes","og_description":"V\u00e9ronique Caye \u2014 Horizons, 120 jours ,14h30, 2020  A l'occasion de l'exposition La courbure de l'horizon, et en coproduction avec la galerie LRS 52, un tirage num\u00e9rique des horizons a \u00e9t\u00e9 r\u00e9alis\u00e9 au format 80 x 117 cm, sur papier Hahnem\u00fchle, tir\u00e9 \u00e0 20 exemplaires, num\u00e9rot\u00e9s.","og_url":"https:\/\/hematomes.be\/boutique\/catalogue\/grand-tirage-horizon-veronique-caye\/","og_site_name":"H\u00e9matomes","article_modified_time":"2025-09-19T09:06:46+00:00","og_image":[{"width":960,"height":1440,"url":"https:\/\/hematomes.be\/wp-content\/uploads\/2022\/09\/2023-03_Horizon_Poster.jpg","type":"image\/jpeg"}],"twitter_card":"summary_large_image","schema":{"@context":"https:\/\/schema.org","@graph":[{"@type":"WebPage","@id":"https:\/\/hematomes.be\/boutique\/catalogue\/grand-tirage-horizon-veronique-caye\/","url":"https:\/\/hematomes.be\/boutique\/catalogue\/grand-tirage-horizon-veronique-caye\/","name":"Affiche \u2014 Horizon V\u00e9ronique Caye - H\u00e9matomes","isPartOf":{"@id":"https:\/\/hematomes.be\/#website"},"primaryImageOfPage":{"@id":"https:\/\/hematomes.be\/boutique\/catalogue\/grand-tirage-horizon-veronique-caye\/#primaryimage"},"image":{"@id":"https:\/\/hematomes.be\/boutique\/catalogue\/grand-tirage-horizon-veronique-caye\/#primaryimage"},"thumbnailUrl":"https:\/\/hematomes.be\/wp-content\/uploads\/2022\/09\/2023-03_Horizon_Poster.jpg","datePublished":"2022-09-22T09:53:22+00:00","dateModified":"2025-09-19T09:06:46+00:00","breadcrumb":{"@id":"https:\/\/hematomes.be\/boutique\/catalogue\/grand-tirage-horizon-veronique-caye\/#breadcrumb"},"inLanguage":"en-US","potentialAction":[{"@type":"ReadAction","target":["https:\/\/hematomes.be\/boutique\/catalogue\/grand-tirage-horizon-veronique-caye\/"]}]},{"@type":"ImageObject","inLanguage":"en-US","@id":"https:\/\/hematomes.be\/boutique\/catalogue\/grand-tirage-horizon-veronique-caye\/#primaryimage","url":"https:\/\/hematomes.be\/wp-content\/uploads\/2022\/09\/2023-03_Horizon_Poster.jpg","contentUrl":"https:\/\/hematomes.be\/wp-content\/uploads\/2022\/09\/2023-03_Horizon_Poster.jpg","width":960,"height":1440},{"@type":"BreadcrumbList","@id":"https:\/\/hematomes.be\/boutique\/catalogue\/grand-tirage-horizon-veronique-caye\/#breadcrumb","itemListElement":[{"@type":"ListItem","position":1,"name":"Accueil","item":"https:\/\/hematomes.be\/en\/shop\/"},{"@type":"ListItem","position":2,"name":"Shop","item":"https:\/\/hematomes.be\/en\/shop\/"},{"@type":"ListItem","position":3,"name":"Affiche \u2014 Horizon V\u00e9ronique Caye"}]},{"@type":"WebSite","@id":"https:\/\/hematomes.be\/#website","url":"https:\/\/hematomes.be\/","name":"H\u00e9matomes","description":"Une maison d&#039;\u00e9dition qui publie sur l&#039;art et tout autour.","potentialAction":[{"@type":"SearchAction","target":{"@type":"EntryPoint","urlTemplate":"https:\/\/hematomes.be\/?s={search_term_string}"},"query-input":{"@type":"PropertyValueSpecification","valueRequired":true,"valueName":"search_term_string"}}],"inLanguage":"en-US"}]}},"_links":{"self":[{"href":"https:\/\/hematomes.be\/en\/wp-json\/wp\/v2\/product\/339","targetHints":{"allow":["GET"]}}],"collection":[{"href":"https:\/\/hematomes.be\/en\/wp-json\/wp\/v2\/product"}],"about":[{"href":"https:\/\/hematomes.be\/en\/wp-json\/wp\/v2\/types\/product"}],"wp:featuredmedia":[{"embeddable":true,"href":"https:\/\/hematomes.be\/en\/wp-json\/wp\/v2\/media\/597"}],"wp:attachment":[{"href":"https:\/\/hematomes.be\/en\/wp-json\/wp\/v2\/media?parent=339"}],"wp:term":[{"taxonomy":"product_brand","embeddable":true,"href":"https:\/\/hematomes.be\/en\/wp-json\/wp\/v2\/product_brand?post=339"},{"taxonomy":"product_cat","embeddable":true,"href":"https:\/\/hematomes.be\/en\/wp-json\/wp\/v2\/product_cat?post=339"},{"taxonomy":"product_tag","embeddable":true,"href":"https:\/\/hematomes.be\/en\/wp-json\/wp\/v2\/product_tag?post=339"}],"curies":[{"name":"wp","href":"https:\/\/api.w.org\/{rel}","templated":true}]}}