{"id":400,"date":"2023-04-18T08:17:49","date_gmt":"2023-04-18T08:17:49","guid":{"rendered":"https:\/\/hematomes.be\/?post_type=product&#038;p=400"},"modified":"2025-09-19T09:04:25","modified_gmt":"2025-09-19T09:04:25","slug":"private-views-collection-privees-art-contemporain-catalogue-liege","status":"publish","type":"product","link":"https:\/\/hematomes.be\/en\/boutique\/catalog\/private-views-collection-privees-art-contemporain-catalogue-liege\/","title":{"rendered":"Private Views"},"content":{"rendered":"<p>\u00c0 l\u2019image des figures c\u00e9l\u00e8bres de Fernand Graindorge ou du couple Jeanne et Charles Vandenhove, ces personnalit\u00e9s singuli\u00e8res sont anim\u00e9es \u00e0 la fois par une curiosit\u00e9 sans fronti\u00e8re et par la volont\u00e9 d\u2019ancrer leur pratique dans leur r\u00e9gion\u00a0: les pieds sur leur terre, mais la t\u00eate dans les \u00e9toiles. Brisant les clich\u00e9s, issus de toutes les cat\u00e9gories socio-\u00e9conomiques, refusant les tocades de la mode, les collectionneuses et collectionneurs que l\u2019on rencontrera ici sont d\u2019abord soucieux de soutenir l\u2019\u00e9cosyst\u00e8me artistique local et d\u2019y apporter un souffle venu d\u2019ailleurs.<\/p>\n<p>Sans pr\u00e9tention exhaustive, <em>Private Views<\/em>\u00a0 donne \u00e0 voir une s\u00e9lection de plus de 250 \u0153uvres contemporaines d\u00e9tenues par des mains priv\u00e9es. Son int\u00e9r\u00eat documentaire est amplifi\u00e9 par la mission photographique qui l\u2019accompagne, et qui montre la fa\u00e7on dont les collectionneurs, dans leur r\u00e9jouissante diversit\u00e9, vivent en compagnie de leurs \u0153uvres.<\/p>\n<p>Par la qualit\u00e9 des \u0153uvres s\u00e9lectionn\u00e9es, repr\u00e9sentatives de plus de 50 ann\u00e9es de cr\u00e9ation \u00e0 la fois locale et globale, cette publication int\u00e9ressera autant les amateurs d\u2019art au sens le plus large que le public f\u00e9ru d\u2019histoire culturelle ou curieux d\u2019un pan m\u00e9connu de la vie li\u00e9geoise.<\/p>\n<h1>Le projet en quelques mots<\/h1>\n<p>Le projet <em>Private views<\/em> comporte 2 volets : une exposition et une publication, qui sont \u00e0 la fois solidaires et ind\u00e9pendants.<\/p>\n<p>L\u2019exposition, pr\u00e9sent\u00e9e au Mus\u00e9e des beaux-arts \u00e0 La Boverie \u00e0 Li\u00e8ge au printemps 2023, se fonde sur un choix de plus de 250 \u0153uvres parmi 21 collections priv\u00e9es li\u00e9geoises d\u2019art contemporain.<\/p>\n<p>Elle vise \u00e0 offrir au public une s\u00e9lection globalement repr\u00e9sentative des \u0153uvres les plus int\u00e9ressantes du patrimoine artistique contemporain priv\u00e9 \u2013 donc quasi totalement in\u00e9dit -, et \u00e0 rendre ainsi hommage aux collectionneuses et collectionneurs issus de notre r\u00e9gion. En puisant dans ce patrimoine ext\u00e9rieur aux mus\u00e9es, cette s\u00e9lection donne \u00e0 lire une vision singuli\u00e8re de l\u2019art contemporain, mettant en exergue les qualit\u00e9s sp\u00e9cifiques de l\u2019\u0153uvre d\u2019art d\u2019aujourd\u2019hui dans sa libert\u00e9, sa vitalit\u00e9, sa densit\u00e9 po\u00e9tique et sa puissance \u00e9vocatrice, au plus proche du v\u00e9cu contemporain. Dans l\u2019exposition, les \u0153uvres contemporaines emprunt\u00e9es aux collectionneurs priv\u00e9s sont mises en dialogue dans une d\u00e9marche transhistorique originale avec un petit nombre de pi\u00e8ces issues des collections permanentes du mus\u00e9e (entre les XVIe et XXe s.), qui assureront l\u2019ancrage des cr\u00e9ations contemporaines dans le temps long de l\u2019histoire de l\u2019art et dans le terreau culturel r\u00e9gional.<\/p>\n<p>La publication s\u2019appuyant sur l\u2019exposition &#8211; et remplissant entre autres la fonction de catalogue &#8211; assure la mise en perspective et l\u2019\u00e9tude analytique de la pratique de la collection contemporaine, des collectionneurs et des collections, aujourd\u2019hui, dans notre r\u00e9gion.<\/p>\n<p>Cette publication est con\u00e7ue de fa\u00e7on \u00e0 conserver tout son sens ind\u00e9pendamment de l\u2019exposition. Elle comportera principalement :<br \/>\n\u2014 une mise en perspective historique remontant au milieu du XXe si\u00e8cle (depuis la naissance de l\u2019APIAW et la g\u00e9n\u00e9ration de Fernand Graindorge); celle-ci cernera entre autres les particularit\u00e9s du contexte li\u00e9geois qui justifient l\u2019\u00e9tude au niveau local.<br \/>\n\u2014 une \u00e9tude tirant les conclusions macroscopiques de l\u2019\u00e9tude des collections rencontr\u00e9es (qui collectionne, quoi, comment et pourquoi? quelles sont les \u00e9ventuelles sp\u00e9cificit\u00e9s locales ? Etc.) Ce texte sera compl\u00e9t\u00e9 par deux textes permettant de comparer les pratiques de collection contemporaine en Wallonie, \u00e0 Bruxelles et en Flandre.<br \/>\n\u2014 chacune des 21 collections (et donc chaque collectionneur\/ euse) est pr\u00e9sent\u00e9e dans un texte fond\u00e9 sur une grille de questions plus ou moins syst\u00e9matique (de quoi la collection est faite, pourquoi le collectionneur collectionne-t-il, depuis quand, quels sont les rapports des collectionneurs aux artistes et aux institutions, que va devenir la collection, \u2026)<\/p>\n<p>L\u2019une des originalit\u00e9s du projet r\u00e9side dans la grande diversit\u00e9 des collections repr\u00e9sent\u00e9es, dans une s\u00e9lection qui n\u2019est ni conformiste ni mondaine\u00a0: des plus prestigieuses aux moins connues (mais parfois riches de plusieurs milliers de pi\u00e8ces), jusqu\u2019\u00e0 des collections r\u00e9solument inattendues, pleines d\u2019int\u00e9r\u00eat et de qualit\u00e9, assembl\u00e9es par des collectionneurs parfois tr\u00e8s modestes.<\/p>\n<h1>Les collections pr\u00e9sent\u00e9es<\/h1>\n<p>MARTINE &amp; \u00c9TIENNE D\u2019ARGEMBEAU<br \/>\nMONSIEUR B***<br \/>\nPHILIPPE CRISMER<br \/>\nSERGE DELSEMME<br \/>\nLUC DEMOULIN<br \/>\nCITIZEN D.<br \/>\nDANIEL DUTRIEUX<br \/>\nMICHEL HELLA<br \/>\nPIERRE HENRION<br \/>\nBERNARD HERBECQ<br \/>\nLAURENT IMPEDUGLIA<br \/>\nCAROLINE JACOB<br \/>\nMICHEL LEONARDI<br \/>\nBENJAMIN MONTI<br \/>\nBRUNO MOTTARD<br \/>\nFRANCE PARYS<br \/>\nODETTE &amp; JEAN-MARIE RIKKERS &amp; CATHARINA HELSMOORTEL<br \/>\nSTEPHAN UHODA<br \/>\nGUY VANDELOISE<br \/>\nJEANNE &amp; CHARLES VANDENHOVE<br \/>\nNATHALIE &amp; PAUL-FRAN\u00c7OIS VRANKEN-POMMERY<\/p>\n<h1>Les auteurs<\/h1>\n<p>Yves Randaxhe<\/p>\n<p>Directeur de la publication et commissaire de l\u2019exposition <em>Private Views<\/em>, Yves Randaxhe est historien de l\u2019art. Il a dirig\u00e9 pendant plus de 20 ans la collection d\u2019art contemporain de la Banque nationale de Belgique. A ce titre, il a repr\u00e9sent\u00e9 la banque centrale au sein de l\u2019International Association of Corporate Collections of Contemporary Art. Ses principales publications portent sur les collections d\u2019entreprise et le m\u00e9c\u00e9nat, l\u2019art et les artistes belges contemporains, et les rapports entre art et soci\u00e9t\u00e9.<\/p>\n<p>Thibaut Wauthion<\/p>\n<p>Historien de l\u2019art passionn\u00e9 par l\u2019art moderne et contemporain, Thibaut Wauthion manie la plume depuis plusieurs ann\u00e9es en tant qu\u2019auteur ind\u00e9pendant pour \u00e9crire \u00e0 propos du travail d\u2019artistes ou encore d\u2019expositions. M\u00e9diateur culturel et curateur, il a \u00e9galement lanc\u00e9 sur une s\u00e9rie de projets \u00e0 Li\u00e8ge dont la TW Gallery et le collectif Party Content, tout en multipliant les exp\u00e9riences dans des centres d\u2019art et mus\u00e9es.<\/p>\n<p>Jean-Michel Sarlet<\/p>\n<p>Photographe et historien de l\u2019art.<br \/>\nEx-enseignant en photographie \u00e0 l\u2019Acad\u00e9mie des Beaux-Arts de Li\u00e8ge<\/p>\n<p>PRESSE: <a href=\"https:\/\/hematomes.be\/wp-content\/uploads\/2023\/05\/50-51-Private-Views.pdf\" target=\"_blank\" rel=\"noopener\">Art M\u00eame N\u00b090<\/a><\/p>\n","protected":false},"excerpt":{"rendered":"<p>Le \u00ab collectionneur belge \u00bb est internationalement reconnu pour son audace, son flair et son app\u00e9tit. Au d\u00e9part de 21 portraits de collectionneurs priv\u00e9s d\u2019art contemporain de la r\u00e9gion li\u00e9geoise, <em>Private Views<\/em> propose la premi\u00e8re approche syst\u00e9matique de cette pratique dans notre r\u00e9gion et offre une s\u00e9lection globalement repr\u00e9sentative de ce patrimoine artistique m\u00e9connu et presque enti\u00e8rement in\u00e9dit. Le projet donne ainsi \u00e0 lire une vision singuli\u00e8re de l\u2019art contemporain, libre des taxonomies mus\u00e9ales comme des classements du march\u00e9 de l\u2019art et met en exergue les qualit\u00e9s sp\u00e9cifiques de l\u2019\u0153uvre d\u2019art d\u2019aujourd\u2019hui dans sa libert\u00e9, sa vitalit\u00e9, sa densit\u00e9 po\u00e9tique et sa puissance \u00e9vocatrice, au plus proche du v\u00e9cu contemporain.<\/p>\n<p>Avec notamment des \u0153uvres de Pierre Alechinsky, Francis Alys, Charlotte Beaudry, Christian Boltanski, Daniel Buren, Jacques Charlier, Patrick Corillon, Michael Dans, Marlene Dumas, Jan Fabre, Michel Fran\u00e7ois, Simon Hanta\u00ef, Shirley Jaffe, Bertrand Lavier, Barbara et Michael Leisgen, Sol LeWitt, Jacques Liz\u00e8ne, Bernd Lohaus, Messieurs Delmotte, Giorgio Morandi, Herman Nitsch, Giulio Paolini, Philippe Ramette, Niki de St Phalle, Charles-Henry Sommelette, Walter Swennen, Philippe Vandenberg, L\u00e9on Wuidar\u2026<\/p>\n","protected":false},"featured_media":594,"template":"","meta":{"_acf_changed":false},"product_brand":[],"product_cat":[15,25],"product_tag":[],"class_list":{"0":"post-400","1":"product","2":"type-product","3":"status-publish","4":"has-post-thumbnail","6":"product_cat-catalogue","7":"product_cat-hematomes-editions","9":"first","10":"outofstock","11":"shipping-taxable","12":"purchasable","13":"product-type-simple"},"acf":[],"yoast_head":"<!-- This site is optimized with the Yoast SEO plugin v27.2 - https:\/\/yoast.com\/product\/yoast-seo-wordpress\/ -->\n<title>Private Views - H\u00e9matomes<\/title>\n<meta name=\"robots\" content=\"index, follow, max-snippet:-1, max-image-preview:large, max-video-preview:-1\" \/>\n<link rel=\"canonical\" href=\"https:\/\/hematomes.be\/boutique\/catalogue\/hematomes\/private-views-collection-privees-art-contemporain-catalogue-liege\/\" \/>\n<meta property=\"og:locale\" content=\"en_US\" \/>\n<meta property=\"og:type\" content=\"article\" \/>\n<meta property=\"og:title\" content=\"Private Views - H\u00e9matomes\" \/>\n<meta property=\"og:description\" content=\"Le \u00ab collectionneur belge \u00bb est internationalement reconnu pour son audace, son flair et son app\u00e9tit. Au d\u00e9part de 21 portraits de collectionneurs priv\u00e9s d\u2019art contemporain de la r\u00e9gion li\u00e9geoise, Private Views propose la premi\u00e8re approche syst\u00e9matique de cette pratique dans notre r\u00e9gion et offre une s\u00e9lection globalement repr\u00e9sentative de ce patrimoine artistique m\u00e9connu et presque enti\u00e8rement in\u00e9dit. Le projet donne ainsi \u00e0 lire une vision singuli\u00e8re de l\u2019art contemporain, libre des taxonomies mus\u00e9ales comme des classements du march\u00e9 de l\u2019art et met en exergue les qualit\u00e9s sp\u00e9cifiques de l\u2019\u0153uvre d\u2019art d\u2019aujourd\u2019hui dans sa libert\u00e9, sa vitalit\u00e9, sa densit\u00e9 po\u00e9tique et sa puissance \u00e9vocatrice, au plus proche du v\u00e9cu contemporain.  Avec notamment des \u0153uvres de Pierre Alechinsky, Francis Alys, Charlotte Beaudry, Christian Boltanski, Daniel Buren, Jacques Charlier, Patrick Corillon, Michael Dans, Marlene Dumas, Jan Fabre, Michel Fran\u00e7ois, Simon Hanta\u00ef, Shirley Jaffe, Bertrand Lavier, Barbara et Michael Leisgen, Sol LeWitt, Jacques Liz\u00e8ne, Bernd Lohaus, Messieurs Delmotte, Giorgio Morandi, Herman Nitsch, Giulio Paolini, Philippe Ramette, Niki de St Phalle, Charles-Henry Sommelette, Walter Swennen, Philippe Vandenberg, L\u00e9on Wuidar\u2026\" \/>\n<meta property=\"og:url\" content=\"https:\/\/hematomes.be\/boutique\/catalogue\/hematomes\/private-views-collection-privees-art-contemporain-catalogue-liege\/\" \/>\n<meta property=\"og:site_name\" content=\"H\u00e9matomes\" \/>\n<meta property=\"article:modified_time\" content=\"2025-09-19T09:04:25+00:00\" \/>\n<meta property=\"og:image\" content=\"https:\/\/hematomes.be\/wp-content\/uploads\/2023\/04\/2023-04_PrivateViews_Cover.jpg\" \/>\n\t<meta property=\"og:image:width\" content=\"960\" \/>\n\t<meta property=\"og:image:height\" content=\"1440\" \/>\n\t<meta property=\"og:image:type\" content=\"image\/jpeg\" \/>\n<meta name=\"twitter:card\" content=\"summary_large_image\" \/>\n<meta name=\"twitter:label1\" content=\"Est. reading time\" \/>\n\t<meta name=\"twitter:data1\" content=\"5 minutes\" \/>\n<script type=\"application\/ld+json\" class=\"yoast-schema-graph\">{\"@context\":\"https:\/\/schema.org\",\"@graph\":[{\"@type\":\"WebPage\",\"@id\":\"https:\/\/hematomes.be\/boutique\/catalogue\/hematomes\/private-views-collection-privees-art-contemporain-catalogue-liege\/\",\"url\":\"https:\/\/hematomes.be\/boutique\/catalogue\/hematomes\/private-views-collection-privees-art-contemporain-catalogue-liege\/\",\"name\":\"Private Views - H\u00e9matomes\",\"isPartOf\":{\"@id\":\"https:\/\/hematomes.be\/#website\"},\"primaryImageOfPage\":{\"@id\":\"https:\/\/hematomes.be\/boutique\/catalogue\/hematomes\/private-views-collection-privees-art-contemporain-catalogue-liege\/#primaryimage\"},\"image\":{\"@id\":\"https:\/\/hematomes.be\/boutique\/catalogue\/hematomes\/private-views-collection-privees-art-contemporain-catalogue-liege\/#primaryimage\"},\"thumbnailUrl\":\"https:\/\/hematomes.be\/wp-content\/uploads\/2023\/04\/2023-04_PrivateViews_Cover.jpg\",\"datePublished\":\"2023-04-18T08:17:49+00:00\",\"dateModified\":\"2025-09-19T09:04:25+00:00\",\"breadcrumb\":{\"@id\":\"https:\/\/hematomes.be\/boutique\/catalogue\/hematomes\/private-views-collection-privees-art-contemporain-catalogue-liege\/#breadcrumb\"},\"inLanguage\":\"en-US\",\"potentialAction\":[{\"@type\":\"ReadAction\",\"target\":[\"https:\/\/hematomes.be\/boutique\/catalogue\/hematomes\/private-views-collection-privees-art-contemporain-catalogue-liege\/\"]}]},{\"@type\":\"ImageObject\",\"inLanguage\":\"en-US\",\"@id\":\"https:\/\/hematomes.be\/boutique\/catalogue\/hematomes\/private-views-collection-privees-art-contemporain-catalogue-liege\/#primaryimage\",\"url\":\"https:\/\/hematomes.be\/wp-content\/uploads\/2023\/04\/2023-04_PrivateViews_Cover.jpg\",\"contentUrl\":\"https:\/\/hematomes.be\/wp-content\/uploads\/2023\/04\/2023-04_PrivateViews_Cover.jpg\",\"width\":960,\"height\":1440},{\"@type\":\"BreadcrumbList\",\"@id\":\"https:\/\/hematomes.be\/boutique\/catalogue\/hematomes\/private-views-collection-privees-art-contemporain-catalogue-liege\/#breadcrumb\",\"itemListElement\":[{\"@type\":\"ListItem\",\"position\":1,\"name\":\"Accueil\",\"item\":\"https:\/\/hematomes.be\/en\/shop\/\"},{\"@type\":\"ListItem\",\"position\":2,\"name\":\"Shop\",\"item\":\"https:\/\/hematomes.be\/en\/shop\/\"},{\"@type\":\"ListItem\",\"position\":3,\"name\":\"Private Views\"}]},{\"@type\":\"WebSite\",\"@id\":\"https:\/\/hematomes.be\/#website\",\"url\":\"https:\/\/hematomes.be\/\",\"name\":\"H\u00e9matomes\",\"description\":\"Une maison d&#039;\u00e9dition qui publie sur l&#039;art et tout autour.\",\"potentialAction\":[{\"@type\":\"SearchAction\",\"target\":{\"@type\":\"EntryPoint\",\"urlTemplate\":\"https:\/\/hematomes.be\/?s={search_term_string}\"},\"query-input\":{\"@type\":\"PropertyValueSpecification\",\"valueRequired\":true,\"valueName\":\"search_term_string\"}}],\"inLanguage\":\"en-US\"}]}<\/script>\n<!-- \/ Yoast SEO plugin. -->","yoast_head_json":{"title":"Private Views - H\u00e9matomes","robots":{"index":"index","follow":"follow","max-snippet":"max-snippet:-1","max-image-preview":"max-image-preview:large","max-video-preview":"max-video-preview:-1"},"canonical":"https:\/\/hematomes.be\/boutique\/catalogue\/hematomes\/private-views-collection-privees-art-contemporain-catalogue-liege\/","og_locale":"en_US","og_type":"article","og_title":"Private Views - H\u00e9matomes","og_description":"Le \u00ab collectionneur belge \u00bb est internationalement reconnu pour son audace, son flair et son app\u00e9tit. Au d\u00e9part de 21 portraits de collectionneurs priv\u00e9s d\u2019art contemporain de la r\u00e9gion li\u00e9geoise, Private Views propose la premi\u00e8re approche syst\u00e9matique de cette pratique dans notre r\u00e9gion et offre une s\u00e9lection globalement repr\u00e9sentative de ce patrimoine artistique m\u00e9connu et presque enti\u00e8rement in\u00e9dit. Le projet donne ainsi \u00e0 lire une vision singuli\u00e8re de l\u2019art contemporain, libre des taxonomies mus\u00e9ales comme des classements du march\u00e9 de l\u2019art et met en exergue les qualit\u00e9s sp\u00e9cifiques de l\u2019\u0153uvre d\u2019art d\u2019aujourd\u2019hui dans sa libert\u00e9, sa vitalit\u00e9, sa densit\u00e9 po\u00e9tique et sa puissance \u00e9vocatrice, au plus proche du v\u00e9cu contemporain.  Avec notamment des \u0153uvres de Pierre Alechinsky, Francis Alys, Charlotte Beaudry, Christian Boltanski, Daniel Buren, Jacques Charlier, Patrick Corillon, Michael Dans, Marlene Dumas, Jan Fabre, Michel Fran\u00e7ois, Simon Hanta\u00ef, Shirley Jaffe, Bertrand Lavier, Barbara et Michael Leisgen, Sol LeWitt, Jacques Liz\u00e8ne, Bernd Lohaus, Messieurs Delmotte, Giorgio Morandi, Herman Nitsch, Giulio Paolini, Philippe Ramette, Niki de St Phalle, Charles-Henry Sommelette, Walter Swennen, Philippe Vandenberg, L\u00e9on Wuidar\u2026","og_url":"https:\/\/hematomes.be\/boutique\/catalogue\/hematomes\/private-views-collection-privees-art-contemporain-catalogue-liege\/","og_site_name":"H\u00e9matomes","article_modified_time":"2025-09-19T09:04:25+00:00","og_image":[{"width":960,"height":1440,"url":"https:\/\/hematomes.be\/wp-content\/uploads\/2023\/04\/2023-04_PrivateViews_Cover.jpg","type":"image\/jpeg"}],"twitter_card":"summary_large_image","twitter_misc":{"Est. reading time":"5 minutes"},"schema":{"@context":"https:\/\/schema.org","@graph":[{"@type":"WebPage","@id":"https:\/\/hematomes.be\/boutique\/catalogue\/hematomes\/private-views-collection-privees-art-contemporain-catalogue-liege\/","url":"https:\/\/hematomes.be\/boutique\/catalogue\/hematomes\/private-views-collection-privees-art-contemporain-catalogue-liege\/","name":"Private Views - H\u00e9matomes","isPartOf":{"@id":"https:\/\/hematomes.be\/#website"},"primaryImageOfPage":{"@id":"https:\/\/hematomes.be\/boutique\/catalogue\/hematomes\/private-views-collection-privees-art-contemporain-catalogue-liege\/#primaryimage"},"image":{"@id":"https:\/\/hematomes.be\/boutique\/catalogue\/hematomes\/private-views-collection-privees-art-contemporain-catalogue-liege\/#primaryimage"},"thumbnailUrl":"https:\/\/hematomes.be\/wp-content\/uploads\/2023\/04\/2023-04_PrivateViews_Cover.jpg","datePublished":"2023-04-18T08:17:49+00:00","dateModified":"2025-09-19T09:04:25+00:00","breadcrumb":{"@id":"https:\/\/hematomes.be\/boutique\/catalogue\/hematomes\/private-views-collection-privees-art-contemporain-catalogue-liege\/#breadcrumb"},"inLanguage":"en-US","potentialAction":[{"@type":"ReadAction","target":["https:\/\/hematomes.be\/boutique\/catalogue\/hematomes\/private-views-collection-privees-art-contemporain-catalogue-liege\/"]}]},{"@type":"ImageObject","inLanguage":"en-US","@id":"https:\/\/hematomes.be\/boutique\/catalogue\/hematomes\/private-views-collection-privees-art-contemporain-catalogue-liege\/#primaryimage","url":"https:\/\/hematomes.be\/wp-content\/uploads\/2023\/04\/2023-04_PrivateViews_Cover.jpg","contentUrl":"https:\/\/hematomes.be\/wp-content\/uploads\/2023\/04\/2023-04_PrivateViews_Cover.jpg","width":960,"height":1440},{"@type":"BreadcrumbList","@id":"https:\/\/hematomes.be\/boutique\/catalogue\/hematomes\/private-views-collection-privees-art-contemporain-catalogue-liege\/#breadcrumb","itemListElement":[{"@type":"ListItem","position":1,"name":"Accueil","item":"https:\/\/hematomes.be\/en\/shop\/"},{"@type":"ListItem","position":2,"name":"Shop","item":"https:\/\/hematomes.be\/en\/shop\/"},{"@type":"ListItem","position":3,"name":"Private Views"}]},{"@type":"WebSite","@id":"https:\/\/hematomes.be\/#website","url":"https:\/\/hematomes.be\/","name":"H\u00e9matomes","description":"Une maison d&#039;\u00e9dition qui publie sur l&#039;art et tout autour.","potentialAction":[{"@type":"SearchAction","target":{"@type":"EntryPoint","urlTemplate":"https:\/\/hematomes.be\/?s={search_term_string}"},"query-input":{"@type":"PropertyValueSpecification","valueRequired":true,"valueName":"search_term_string"}}],"inLanguage":"en-US"}]}},"_links":{"self":[{"href":"https:\/\/hematomes.be\/en\/wp-json\/wp\/v2\/product\/400","targetHints":{"allow":["GET"]}}],"collection":[{"href":"https:\/\/hematomes.be\/en\/wp-json\/wp\/v2\/product"}],"about":[{"href":"https:\/\/hematomes.be\/en\/wp-json\/wp\/v2\/types\/product"}],"wp:featuredmedia":[{"embeddable":true,"href":"https:\/\/hematomes.be\/en\/wp-json\/wp\/v2\/media\/594"}],"wp:attachment":[{"href":"https:\/\/hematomes.be\/en\/wp-json\/wp\/v2\/media?parent=400"}],"wp:term":[{"taxonomy":"product_brand","embeddable":true,"href":"https:\/\/hematomes.be\/en\/wp-json\/wp\/v2\/product_brand?post=400"},{"taxonomy":"product_cat","embeddable":true,"href":"https:\/\/hematomes.be\/en\/wp-json\/wp\/v2\/product_cat?post=400"},{"taxonomy":"product_tag","embeddable":true,"href":"https:\/\/hematomes.be\/en\/wp-json\/wp\/v2\/product_tag?post=400"}],"curies":[{"name":"wp","href":"https:\/\/api.w.org\/{rel}","templated":true}]}}