{"id":633,"date":"2016-09-19T12:55:11","date_gmt":"2016-09-19T12:55:11","guid":{"rendered":"http:\/\/hematomes.nnstudio.pro\/?post_type=product&#038;p=633"},"modified":"2025-09-19T08:57:12","modified_gmt":"2025-09-19T08:57:12","slug":"archidoc-01-nicolas-simon-architecte","status":"publish","type":"product","link":"https:\/\/hematomes.be\/en\/boutique\/catalog\/archidoc-01-nicolas-simon-architecte\/","title":{"rendered":"Archidoc #01 &#8211; Nicolas Simon architecte"},"content":{"rendered":"<div class=\"col-sm-4 col-sm-offset-2\">\n<p>Broch\u00e9 : 88 pages<\/p>\n<p>\u00c9diteur : Groupe d\u2019ateliers de recherche<\/p>\n<p>Date d\u2019\u00e9dition : septembre 2016<\/p>\n<p>Collection : Archidoc<\/p>\n<p>ISBN : 978-2-9601922-0-9<\/p>\n<p>Dimensions : 190 x 50 x 148 mm \u00e0 la fran\u00e7aise<\/p>\n<p>Papier int\u00e9rieur : CMS 135 gr<\/p>\n<p>Tirage : 350 exemplaires<\/p>\n<\/div>\n","protected":false},"excerpt":{"rendered":"<p>R\u00e9dig\u00e9 par les architectes Jean-Charles Hubert et Jolan Devivier, l\u2019ouvrage propose une approche biographique accompagn\u00e9e d\u2019un catalogue des principales r\u00e9alisations de l\u2019architecte. Une analyse plus dense se concentre sur la maison personnelle de Nicolas Simon. Une commande photographique est confi\u00e9e \u00e0 Romain Delathuy, jeune photographe sp\u00e9cialis\u00e9 dans l\u2019architecture :<br \/>\nRetranscrire une ligne graphique, mettre en lumi\u00e8re la cr\u00e9ativit\u00e9 d\u2019un architecte, offrir un regard et une trace documentaire, se laisser capter par la pr\u00e9sence d\u2019un \u00e9l\u00e9ment qui attire mon \u0153il de photographe et saisir le moment opportun, toujours fugitif, pour le fixer d\u00e9finitivement, telles sont pour moi les qualit\u00e9s de la photographie d\u2019architecture.<br \/>\nL\u2019\u0153uvre de Nicolas Simon m\u2019a permis de produire des photographies o\u00f9 ma sensibilit\u00e9 personnelle et mon go\u00fbt pour des compositions graphiques ont \u00e9t\u00e9 pleinement combl\u00e9s.<br \/>\nToute la mati\u00e8re \u00e9tait \u00e0 disposition pour transmettre en noir et blanc ce que mon regard a souhait\u00e9 figer et que je vous invite \u00e0 partager.<\/p>\n","protected":false},"featured_media":605,"template":"","meta":{"_acf_changed":false},"product_brand":[],"product_cat":[15,27],"product_tag":[],"class_list":{"0":"post-633","1":"product","2":"type-product","3":"status-publish","4":"has-post-thumbnail","6":"product_cat-catalogue","7":"product_cat-gar-archives-architecture-archidoc","9":"first","10":"instock","11":"shipping-taxable","12":"purchasable","13":"product-type-simple"},"acf":[],"yoast_head":"<!-- This site is optimized with the Yoast SEO plugin v27.2 - https:\/\/yoast.com\/product\/yoast-seo-wordpress\/ -->\n<title>Archidoc #01 - Nicolas Simon architecte - H\u00e9matomes<\/title>\n<meta name=\"robots\" content=\"index, follow, max-snippet:-1, max-image-preview:large, max-video-preview:-1\" \/>\n<link rel=\"canonical\" href=\"https:\/\/hematomes.be\/boutique\/catalogue\/gar\/archidoc-01-nicolas-simon-architecte\/\" \/>\n<meta property=\"og:locale\" content=\"en_US\" \/>\n<meta property=\"og:type\" content=\"article\" \/>\n<meta property=\"og:title\" content=\"Archidoc #01 - Nicolas Simon architecte - H\u00e9matomes\" \/>\n<meta property=\"og:description\" content=\"R\u00e9dig\u00e9 par les architectes Jean-Charles Hubert et Jolan Devivier, l\u2019ouvrage propose une approche biographique accompagn\u00e9e d\u2019un catalogue des principales r\u00e9alisations de l\u2019architecte. Une analyse plus dense se concentre sur la maison personnelle de Nicolas Simon. Une commande photographique est confi\u00e9e \u00e0 Romain Delathuy, jeune photographe sp\u00e9cialis\u00e9 dans l\u2019architecture : Retranscrire une ligne graphique, mettre en lumi\u00e8re la cr\u00e9ativit\u00e9 d\u2019un architecte, offrir un regard et une trace documentaire, se laisser capter par la pr\u00e9sence d\u2019un \u00e9l\u00e9ment qui attire mon \u0153il de photographe et saisir le moment opportun, toujours fugitif, pour le fixer d\u00e9finitivement, telles sont pour moi les qualit\u00e9s de la photographie d\u2019architecture. L\u2019\u0153uvre de Nicolas Simon m\u2019a permis de produire des photographies o\u00f9 ma sensibilit\u00e9 personnelle et mon go\u00fbt pour des compositions graphiques ont \u00e9t\u00e9 pleinement combl\u00e9s. Toute la mati\u00e8re \u00e9tait \u00e0 disposition pour transmettre en noir et blanc ce que mon regard a souhait\u00e9 figer et que je vous invite \u00e0 partager.\" \/>\n<meta property=\"og:url\" content=\"https:\/\/hematomes.be\/boutique\/catalogue\/gar\/archidoc-01-nicolas-simon-architecte\/\" \/>\n<meta property=\"og:site_name\" content=\"H\u00e9matomes\" \/>\n<meta property=\"article:modified_time\" content=\"2025-09-19T08:57:12+00:00\" \/>\n<meta property=\"og:image\" content=\"https:\/\/hematomes.be\/wp-content\/uploads\/2024\/04\/2016-09_Archidoc01_NS_Cover.jpg\" \/>\n\t<meta property=\"og:image:width\" content=\"960\" \/>\n\t<meta property=\"og:image:height\" content=\"1440\" \/>\n\t<meta property=\"og:image:type\" content=\"image\/jpeg\" \/>\n<meta name=\"twitter:card\" content=\"summary_large_image\" \/>\n<script type=\"application\/ld+json\" class=\"yoast-schema-graph\">{\"@context\":\"https:\/\/schema.org\",\"@graph\":[{\"@type\":\"WebPage\",\"@id\":\"https:\/\/hematomes.be\/boutique\/catalogue\/gar\/archidoc-01-nicolas-simon-architecte\/\",\"url\":\"https:\/\/hematomes.be\/boutique\/catalogue\/gar\/archidoc-01-nicolas-simon-architecte\/\",\"name\":\"Archidoc #01 - Nicolas Simon architecte - H\u00e9matomes\",\"isPartOf\":{\"@id\":\"https:\/\/hematomes.be\/#website\"},\"primaryImageOfPage\":{\"@id\":\"https:\/\/hematomes.be\/boutique\/catalogue\/gar\/archidoc-01-nicolas-simon-architecte\/#primaryimage\"},\"image\":{\"@id\":\"https:\/\/hematomes.be\/boutique\/catalogue\/gar\/archidoc-01-nicolas-simon-architecte\/#primaryimage\"},\"thumbnailUrl\":\"https:\/\/hematomes.be\/wp-content\/uploads\/2024\/04\/2016-09_Archidoc01_NS_Cover.jpg\",\"datePublished\":\"2016-09-19T12:55:11+00:00\",\"dateModified\":\"2025-09-19T08:57:12+00:00\",\"breadcrumb\":{\"@id\":\"https:\/\/hematomes.be\/boutique\/catalogue\/gar\/archidoc-01-nicolas-simon-architecte\/#breadcrumb\"},\"inLanguage\":\"en-US\",\"potentialAction\":[{\"@type\":\"ReadAction\",\"target\":[\"https:\/\/hematomes.be\/boutique\/catalogue\/gar\/archidoc-01-nicolas-simon-architecte\/\"]}]},{\"@type\":\"ImageObject\",\"inLanguage\":\"en-US\",\"@id\":\"https:\/\/hematomes.be\/boutique\/catalogue\/gar\/archidoc-01-nicolas-simon-architecte\/#primaryimage\",\"url\":\"https:\/\/hematomes.be\/wp-content\/uploads\/2024\/04\/2016-09_Archidoc01_NS_Cover.jpg\",\"contentUrl\":\"https:\/\/hematomes.be\/wp-content\/uploads\/2024\/04\/2016-09_Archidoc01_NS_Cover.jpg\",\"width\":960,\"height\":1440},{\"@type\":\"BreadcrumbList\",\"@id\":\"https:\/\/hematomes.be\/boutique\/catalogue\/gar\/archidoc-01-nicolas-simon-architecte\/#breadcrumb\",\"itemListElement\":[{\"@type\":\"ListItem\",\"position\":1,\"name\":\"Accueil\",\"item\":\"https:\/\/hematomes.be\/en\/shop\/\"},{\"@type\":\"ListItem\",\"position\":2,\"name\":\"Shop\",\"item\":\"https:\/\/hematomes.be\/en\/shop\/\"},{\"@type\":\"ListItem\",\"position\":3,\"name\":\"Archidoc #01 &#8211; Nicolas Simon architecte\"}]},{\"@type\":\"WebSite\",\"@id\":\"https:\/\/hematomes.be\/#website\",\"url\":\"https:\/\/hematomes.be\/\",\"name\":\"H\u00e9matomes\",\"description\":\"Une maison d&#039;\u00e9dition qui publie sur l&#039;art et tout autour.\",\"potentialAction\":[{\"@type\":\"SearchAction\",\"target\":{\"@type\":\"EntryPoint\",\"urlTemplate\":\"https:\/\/hematomes.be\/?s={search_term_string}\"},\"query-input\":{\"@type\":\"PropertyValueSpecification\",\"valueRequired\":true,\"valueName\":\"search_term_string\"}}],\"inLanguage\":\"en-US\"}]}<\/script>\n<!-- \/ Yoast SEO plugin. -->","yoast_head_json":{"title":"Archidoc #01 - Nicolas Simon architecte - H\u00e9matomes","robots":{"index":"index","follow":"follow","max-snippet":"max-snippet:-1","max-image-preview":"max-image-preview:large","max-video-preview":"max-video-preview:-1"},"canonical":"https:\/\/hematomes.be\/boutique\/catalogue\/gar\/archidoc-01-nicolas-simon-architecte\/","og_locale":"en_US","og_type":"article","og_title":"Archidoc #01 - Nicolas Simon architecte - H\u00e9matomes","og_description":"R\u00e9dig\u00e9 par les architectes Jean-Charles Hubert et Jolan Devivier, l\u2019ouvrage propose une approche biographique accompagn\u00e9e d\u2019un catalogue des principales r\u00e9alisations de l\u2019architecte. Une analyse plus dense se concentre sur la maison personnelle de Nicolas Simon. Une commande photographique est confi\u00e9e \u00e0 Romain Delathuy, jeune photographe sp\u00e9cialis\u00e9 dans l\u2019architecture : Retranscrire une ligne graphique, mettre en lumi\u00e8re la cr\u00e9ativit\u00e9 d\u2019un architecte, offrir un regard et une trace documentaire, se laisser capter par la pr\u00e9sence d\u2019un \u00e9l\u00e9ment qui attire mon \u0153il de photographe et saisir le moment opportun, toujours fugitif, pour le fixer d\u00e9finitivement, telles sont pour moi les qualit\u00e9s de la photographie d\u2019architecture. L\u2019\u0153uvre de Nicolas Simon m\u2019a permis de produire des photographies o\u00f9 ma sensibilit\u00e9 personnelle et mon go\u00fbt pour des compositions graphiques ont \u00e9t\u00e9 pleinement combl\u00e9s. Toute la mati\u00e8re \u00e9tait \u00e0 disposition pour transmettre en noir et blanc ce que mon regard a souhait\u00e9 figer et que je vous invite \u00e0 partager.","og_url":"https:\/\/hematomes.be\/boutique\/catalogue\/gar\/archidoc-01-nicolas-simon-architecte\/","og_site_name":"H\u00e9matomes","article_modified_time":"2025-09-19T08:57:12+00:00","og_image":[{"width":960,"height":1440,"url":"https:\/\/hematomes.be\/wp-content\/uploads\/2024\/04\/2016-09_Archidoc01_NS_Cover.jpg","type":"image\/jpeg"}],"twitter_card":"summary_large_image","schema":{"@context":"https:\/\/schema.org","@graph":[{"@type":"WebPage","@id":"https:\/\/hematomes.be\/boutique\/catalogue\/gar\/archidoc-01-nicolas-simon-architecte\/","url":"https:\/\/hematomes.be\/boutique\/catalogue\/gar\/archidoc-01-nicolas-simon-architecte\/","name":"Archidoc #01 - Nicolas Simon architecte - H\u00e9matomes","isPartOf":{"@id":"https:\/\/hematomes.be\/#website"},"primaryImageOfPage":{"@id":"https:\/\/hematomes.be\/boutique\/catalogue\/gar\/archidoc-01-nicolas-simon-architecte\/#primaryimage"},"image":{"@id":"https:\/\/hematomes.be\/boutique\/catalogue\/gar\/archidoc-01-nicolas-simon-architecte\/#primaryimage"},"thumbnailUrl":"https:\/\/hematomes.be\/wp-content\/uploads\/2024\/04\/2016-09_Archidoc01_NS_Cover.jpg","datePublished":"2016-09-19T12:55:11+00:00","dateModified":"2025-09-19T08:57:12+00:00","breadcrumb":{"@id":"https:\/\/hematomes.be\/boutique\/catalogue\/gar\/archidoc-01-nicolas-simon-architecte\/#breadcrumb"},"inLanguage":"en-US","potentialAction":[{"@type":"ReadAction","target":["https:\/\/hematomes.be\/boutique\/catalogue\/gar\/archidoc-01-nicolas-simon-architecte\/"]}]},{"@type":"ImageObject","inLanguage":"en-US","@id":"https:\/\/hematomes.be\/boutique\/catalogue\/gar\/archidoc-01-nicolas-simon-architecte\/#primaryimage","url":"https:\/\/hematomes.be\/wp-content\/uploads\/2024\/04\/2016-09_Archidoc01_NS_Cover.jpg","contentUrl":"https:\/\/hematomes.be\/wp-content\/uploads\/2024\/04\/2016-09_Archidoc01_NS_Cover.jpg","width":960,"height":1440},{"@type":"BreadcrumbList","@id":"https:\/\/hematomes.be\/boutique\/catalogue\/gar\/archidoc-01-nicolas-simon-architecte\/#breadcrumb","itemListElement":[{"@type":"ListItem","position":1,"name":"Accueil","item":"https:\/\/hematomes.be\/en\/shop\/"},{"@type":"ListItem","position":2,"name":"Shop","item":"https:\/\/hematomes.be\/en\/shop\/"},{"@type":"ListItem","position":3,"name":"Archidoc #01 &#8211; Nicolas Simon architecte"}]},{"@type":"WebSite","@id":"https:\/\/hematomes.be\/#website","url":"https:\/\/hematomes.be\/","name":"H\u00e9matomes","description":"Une maison d&#039;\u00e9dition qui publie sur l&#039;art et tout autour.","potentialAction":[{"@type":"SearchAction","target":{"@type":"EntryPoint","urlTemplate":"https:\/\/hematomes.be\/?s={search_term_string}"},"query-input":{"@type":"PropertyValueSpecification","valueRequired":true,"valueName":"search_term_string"}}],"inLanguage":"en-US"}]}},"_links":{"self":[{"href":"https:\/\/hematomes.be\/en\/wp-json\/wp\/v2\/product\/633","targetHints":{"allow":["GET"]}}],"collection":[{"href":"https:\/\/hematomes.be\/en\/wp-json\/wp\/v2\/product"}],"about":[{"href":"https:\/\/hematomes.be\/en\/wp-json\/wp\/v2\/types\/product"}],"wp:featuredmedia":[{"embeddable":true,"href":"https:\/\/hematomes.be\/en\/wp-json\/wp\/v2\/media\/605"}],"wp:attachment":[{"href":"https:\/\/hematomes.be\/en\/wp-json\/wp\/v2\/media?parent=633"}],"wp:term":[{"taxonomy":"product_brand","embeddable":true,"href":"https:\/\/hematomes.be\/en\/wp-json\/wp\/v2\/product_brand?post=633"},{"taxonomy":"product_cat","embeddable":true,"href":"https:\/\/hematomes.be\/en\/wp-json\/wp\/v2\/product_cat?post=633"},{"taxonomy":"product_tag","embeddable":true,"href":"https:\/\/hematomes.be\/en\/wp-json\/wp\/v2\/product_tag?post=633"}],"curies":[{"name":"wp","href":"https:\/\/api.w.org\/{rel}","templated":true}]}}