{"id":635,"date":"2017-09-19T15:00:29","date_gmt":"2017-09-19T15:00:29","guid":{"rendered":"http:\/\/hematomes.nnstudio.pro\/?post_type=product&#038;p=635"},"modified":"2025-09-19T08:56:49","modified_gmt":"2025-09-19T08:56:49","slug":"archidoc-02-les-utopies-de-jean-englebert","status":"publish","type":"product","link":"https:\/\/hematomes.be\/en\/boutique\/catalog\/archidoc-02-les-utopies-de-jean-englebert\/","title":{"rendered":"Archidoc #02 &#8211; Les utopies de Jean Englebert"},"content":{"rendered":"<div class=\"col-sm-4 col-sm-offset-2\">Broch\u00e9 : 128 pages<br \/>\n\u00c9diteur : Groupe d\u2019ateliers de recherche \/ \u00c9cole sup\u00e9rieure des Arts de la Ville de Li\u00e8ge<br \/>\nDate d\u2019\u00e9dition : septembre 2017<br \/>\nCollection : Archidoc<br \/>\nISBN : 978-2-9601922-1-6<br \/>\nDimensions : 190 x 148 mm \u00e0 la fran\u00e7aise<br \/>\nCouverture : papier 250 gr \u2013 Offset \u2013 blanc<br \/>\nImpression : Recto : noir \u2013 Verso : noir<br \/>\nPapier int\u00e9rieur : CMS 115 gr<br \/>\nImpression : Recto : quadrichromie \u2013 Verso : quadrichromie<br \/>\nTirage : 1000 exemplaires<br \/>\nPrix : 12 \u20ac<\/div>\n","protected":false},"excerpt":{"rendered":"<p>R\u00e9dig\u00e9 par plusieurs enseignants et chercheurs de l\u2019ULg et de l\u2019ULB, le livre est introduit par un texte de St\u00e9phane Dawans (philosophe) et de C\u00e9line Bodart (architecte) sur la notion d\u2019utopie en architecture. L\u2019ouvrage aborde des questions th\u00e9oriques ch\u00e8res \u00e0 l\u2019ing\u00e9nieur-architecte comme celle de l\u2019urbanisme permutationnel mais \u00e9galement les aventures des cabines m\u00e9talliques SIB-CRAU et des maisons \u00e0 ossature bois Patze. Table des mati\u00e8res :<\/p>\n<p>\u2013 Parcours (Pierre Henrion)<br \/>\n\u2013 Quand l\u2019esprit nouveau soufflait jusqu\u2019\u00e0 Li\u00e8ge (C\u00e9line Bodart et St\u00e9phane Dawans)<br \/>\n\u2013 Le structuraliste m\u00e9gastructurel li\u00e9geois (Xavier Van Rooyen)<br \/>\n\u2013 Assemblages heureux (\u00c9lodie Degavre)<br \/>\n\u2013 L\u2019urbanisme permutationnel int\u00e9gr\u00e9 dans un dispositif p\u00e9dagogique (Luan Nguyen et Iris Reuter)<\/p>\n","protected":false},"featured_media":609,"template":"","meta":{"_acf_changed":false},"product_brand":[],"product_cat":[15,27],"product_tag":[],"class_list":{"0":"post-635","1":"product","2":"type-product","3":"status-publish","4":"has-post-thumbnail","6":"product_cat-catalogue","7":"product_cat-gar-archives-architecture-archidoc","9":"first","10":"instock","11":"shipping-taxable","12":"purchasable","13":"product-type-simple"},"acf":[],"yoast_head":"<!-- This site is optimized with the Yoast SEO plugin v27.2 - https:\/\/yoast.com\/product\/yoast-seo-wordpress\/ -->\n<title>Archidoc #02 - Les utopies de Jean Englebert - H\u00e9matomes<\/title>\n<meta name=\"robots\" content=\"index, follow, max-snippet:-1, max-image-preview:large, max-video-preview:-1\" \/>\n<link rel=\"canonical\" href=\"https:\/\/hematomes.be\/boutique\/catalogue\/gar\/archidoc-02-les-utopies-de-jean-englebert\/\" \/>\n<meta property=\"og:locale\" content=\"en_US\" \/>\n<meta property=\"og:type\" content=\"article\" \/>\n<meta property=\"og:title\" content=\"Archidoc #02 - Les utopies de Jean Englebert - H\u00e9matomes\" \/>\n<meta property=\"og:description\" content=\"R\u00e9dig\u00e9 par plusieurs enseignants et chercheurs de l\u2019ULg et de l\u2019ULB, le livre est introduit par un texte de St\u00e9phane Dawans (philosophe) et de C\u00e9line Bodart (architecte) sur la notion d\u2019utopie en architecture. L\u2019ouvrage aborde des questions th\u00e9oriques ch\u00e8res \u00e0 l\u2019ing\u00e9nieur-architecte comme celle de l\u2019urbanisme permutationnel mais \u00e9galement les aventures des cabines m\u00e9talliques SIB-CRAU et des maisons \u00e0 ossature bois Patze. Table des mati\u00e8res :  \u2013 Parcours (Pierre Henrion) \u2013 Quand l\u2019esprit nouveau soufflait jusqu\u2019\u00e0 Li\u00e8ge (C\u00e9line Bodart et St\u00e9phane Dawans) \u2013 Le structuraliste m\u00e9gastructurel li\u00e9geois (Xavier Van Rooyen) \u2013 Assemblages heureux (\u00c9lodie Degavre) \u2013 L\u2019urbanisme permutationnel int\u00e9gr\u00e9 dans un dispositif p\u00e9dagogique (Luan Nguyen et Iris Reuter)\" \/>\n<meta property=\"og:url\" content=\"https:\/\/hematomes.be\/boutique\/catalogue\/gar\/archidoc-02-les-utopies-de-jean-englebert\/\" \/>\n<meta property=\"og:site_name\" content=\"H\u00e9matomes\" \/>\n<meta property=\"article:modified_time\" content=\"2025-09-19T08:56:49+00:00\" \/>\n<meta property=\"og:image\" content=\"https:\/\/hematomes.be\/wp-content\/uploads\/2024\/04\/2017-09_Archidoc02_JE_Cover.jpg\" \/>\n\t<meta property=\"og:image:width\" content=\"960\" \/>\n\t<meta property=\"og:image:height\" content=\"1440\" \/>\n\t<meta property=\"og:image:type\" content=\"image\/jpeg\" \/>\n<meta name=\"twitter:card\" content=\"summary_large_image\" \/>\n<script type=\"application\/ld+json\" class=\"yoast-schema-graph\">{\"@context\":\"https:\/\/schema.org\",\"@graph\":[{\"@type\":\"WebPage\",\"@id\":\"https:\/\/hematomes.be\/boutique\/catalogue\/gar\/archidoc-02-les-utopies-de-jean-englebert\/\",\"url\":\"https:\/\/hematomes.be\/boutique\/catalogue\/gar\/archidoc-02-les-utopies-de-jean-englebert\/\",\"name\":\"Archidoc #02 - Les utopies de Jean Englebert - H\u00e9matomes\",\"isPartOf\":{\"@id\":\"https:\/\/hematomes.be\/#website\"},\"primaryImageOfPage\":{\"@id\":\"https:\/\/hematomes.be\/boutique\/catalogue\/gar\/archidoc-02-les-utopies-de-jean-englebert\/#primaryimage\"},\"image\":{\"@id\":\"https:\/\/hematomes.be\/boutique\/catalogue\/gar\/archidoc-02-les-utopies-de-jean-englebert\/#primaryimage\"},\"thumbnailUrl\":\"https:\/\/hematomes.be\/wp-content\/uploads\/2024\/04\/2017-09_Archidoc02_JE_Cover.jpg\",\"datePublished\":\"2017-09-19T15:00:29+00:00\",\"dateModified\":\"2025-09-19T08:56:49+00:00\",\"breadcrumb\":{\"@id\":\"https:\/\/hematomes.be\/boutique\/catalogue\/gar\/archidoc-02-les-utopies-de-jean-englebert\/#breadcrumb\"},\"inLanguage\":\"en-US\",\"potentialAction\":[{\"@type\":\"ReadAction\",\"target\":[\"https:\/\/hematomes.be\/boutique\/catalogue\/gar\/archidoc-02-les-utopies-de-jean-englebert\/\"]}]},{\"@type\":\"ImageObject\",\"inLanguage\":\"en-US\",\"@id\":\"https:\/\/hematomes.be\/boutique\/catalogue\/gar\/archidoc-02-les-utopies-de-jean-englebert\/#primaryimage\",\"url\":\"https:\/\/hematomes.be\/wp-content\/uploads\/2024\/04\/2017-09_Archidoc02_JE_Cover.jpg\",\"contentUrl\":\"https:\/\/hematomes.be\/wp-content\/uploads\/2024\/04\/2017-09_Archidoc02_JE_Cover.jpg\",\"width\":960,\"height\":1440},{\"@type\":\"BreadcrumbList\",\"@id\":\"https:\/\/hematomes.be\/boutique\/catalogue\/gar\/archidoc-02-les-utopies-de-jean-englebert\/#breadcrumb\",\"itemListElement\":[{\"@type\":\"ListItem\",\"position\":1,\"name\":\"Accueil\",\"item\":\"https:\/\/hematomes.be\/en\/shop\/\"},{\"@type\":\"ListItem\",\"position\":2,\"name\":\"Shop\",\"item\":\"https:\/\/hematomes.be\/en\/shop\/\"},{\"@type\":\"ListItem\",\"position\":3,\"name\":\"Archidoc #02 &#8211; Les utopies de Jean Englebert\"}]},{\"@type\":\"WebSite\",\"@id\":\"https:\/\/hematomes.be\/#website\",\"url\":\"https:\/\/hematomes.be\/\",\"name\":\"H\u00e9matomes\",\"description\":\"Une maison d&#039;\u00e9dition qui publie sur l&#039;art et tout autour.\",\"potentialAction\":[{\"@type\":\"SearchAction\",\"target\":{\"@type\":\"EntryPoint\",\"urlTemplate\":\"https:\/\/hematomes.be\/?s={search_term_string}\"},\"query-input\":{\"@type\":\"PropertyValueSpecification\",\"valueRequired\":true,\"valueName\":\"search_term_string\"}}],\"inLanguage\":\"en-US\"}]}<\/script>\n<!-- \/ Yoast SEO plugin. -->","yoast_head_json":{"title":"Archidoc #02 - Les utopies de Jean Englebert - H\u00e9matomes","robots":{"index":"index","follow":"follow","max-snippet":"max-snippet:-1","max-image-preview":"max-image-preview:large","max-video-preview":"max-video-preview:-1"},"canonical":"https:\/\/hematomes.be\/boutique\/catalogue\/gar\/archidoc-02-les-utopies-de-jean-englebert\/","og_locale":"en_US","og_type":"article","og_title":"Archidoc #02 - Les utopies de Jean Englebert - H\u00e9matomes","og_description":"R\u00e9dig\u00e9 par plusieurs enseignants et chercheurs de l\u2019ULg et de l\u2019ULB, le livre est introduit par un texte de St\u00e9phane Dawans (philosophe) et de C\u00e9line Bodart (architecte) sur la notion d\u2019utopie en architecture. L\u2019ouvrage aborde des questions th\u00e9oriques ch\u00e8res \u00e0 l\u2019ing\u00e9nieur-architecte comme celle de l\u2019urbanisme permutationnel mais \u00e9galement les aventures des cabines m\u00e9talliques SIB-CRAU et des maisons \u00e0 ossature bois Patze. Table des mati\u00e8res :  \u2013 Parcours (Pierre Henrion) \u2013 Quand l\u2019esprit nouveau soufflait jusqu\u2019\u00e0 Li\u00e8ge (C\u00e9line Bodart et St\u00e9phane Dawans) \u2013 Le structuraliste m\u00e9gastructurel li\u00e9geois (Xavier Van Rooyen) \u2013 Assemblages heureux (\u00c9lodie Degavre) \u2013 L\u2019urbanisme permutationnel int\u00e9gr\u00e9 dans un dispositif p\u00e9dagogique (Luan Nguyen et Iris Reuter)","og_url":"https:\/\/hematomes.be\/boutique\/catalogue\/gar\/archidoc-02-les-utopies-de-jean-englebert\/","og_site_name":"H\u00e9matomes","article_modified_time":"2025-09-19T08:56:49+00:00","og_image":[{"width":960,"height":1440,"url":"https:\/\/hematomes.be\/wp-content\/uploads\/2024\/04\/2017-09_Archidoc02_JE_Cover.jpg","type":"image\/jpeg"}],"twitter_card":"summary_large_image","schema":{"@context":"https:\/\/schema.org","@graph":[{"@type":"WebPage","@id":"https:\/\/hematomes.be\/boutique\/catalogue\/gar\/archidoc-02-les-utopies-de-jean-englebert\/","url":"https:\/\/hematomes.be\/boutique\/catalogue\/gar\/archidoc-02-les-utopies-de-jean-englebert\/","name":"Archidoc #02 - Les utopies de Jean Englebert - H\u00e9matomes","isPartOf":{"@id":"https:\/\/hematomes.be\/#website"},"primaryImageOfPage":{"@id":"https:\/\/hematomes.be\/boutique\/catalogue\/gar\/archidoc-02-les-utopies-de-jean-englebert\/#primaryimage"},"image":{"@id":"https:\/\/hematomes.be\/boutique\/catalogue\/gar\/archidoc-02-les-utopies-de-jean-englebert\/#primaryimage"},"thumbnailUrl":"https:\/\/hematomes.be\/wp-content\/uploads\/2024\/04\/2017-09_Archidoc02_JE_Cover.jpg","datePublished":"2017-09-19T15:00:29+00:00","dateModified":"2025-09-19T08:56:49+00:00","breadcrumb":{"@id":"https:\/\/hematomes.be\/boutique\/catalogue\/gar\/archidoc-02-les-utopies-de-jean-englebert\/#breadcrumb"},"inLanguage":"en-US","potentialAction":[{"@type":"ReadAction","target":["https:\/\/hematomes.be\/boutique\/catalogue\/gar\/archidoc-02-les-utopies-de-jean-englebert\/"]}]},{"@type":"ImageObject","inLanguage":"en-US","@id":"https:\/\/hematomes.be\/boutique\/catalogue\/gar\/archidoc-02-les-utopies-de-jean-englebert\/#primaryimage","url":"https:\/\/hematomes.be\/wp-content\/uploads\/2024\/04\/2017-09_Archidoc02_JE_Cover.jpg","contentUrl":"https:\/\/hematomes.be\/wp-content\/uploads\/2024\/04\/2017-09_Archidoc02_JE_Cover.jpg","width":960,"height":1440},{"@type":"BreadcrumbList","@id":"https:\/\/hematomes.be\/boutique\/catalogue\/gar\/archidoc-02-les-utopies-de-jean-englebert\/#breadcrumb","itemListElement":[{"@type":"ListItem","position":1,"name":"Accueil","item":"https:\/\/hematomes.be\/en\/shop\/"},{"@type":"ListItem","position":2,"name":"Shop","item":"https:\/\/hematomes.be\/en\/shop\/"},{"@type":"ListItem","position":3,"name":"Archidoc #02 &#8211; Les utopies de Jean Englebert"}]},{"@type":"WebSite","@id":"https:\/\/hematomes.be\/#website","url":"https:\/\/hematomes.be\/","name":"H\u00e9matomes","description":"Une maison d&#039;\u00e9dition qui publie sur l&#039;art et tout autour.","potentialAction":[{"@type":"SearchAction","target":{"@type":"EntryPoint","urlTemplate":"https:\/\/hematomes.be\/?s={search_term_string}"},"query-input":{"@type":"PropertyValueSpecification","valueRequired":true,"valueName":"search_term_string"}}],"inLanguage":"en-US"}]}},"_links":{"self":[{"href":"https:\/\/hematomes.be\/en\/wp-json\/wp\/v2\/product\/635","targetHints":{"allow":["GET"]}}],"collection":[{"href":"https:\/\/hematomes.be\/en\/wp-json\/wp\/v2\/product"}],"about":[{"href":"https:\/\/hematomes.be\/en\/wp-json\/wp\/v2\/types\/product"}],"wp:featuredmedia":[{"embeddable":true,"href":"https:\/\/hematomes.be\/en\/wp-json\/wp\/v2\/media\/609"}],"wp:attachment":[{"href":"https:\/\/hematomes.be\/en\/wp-json\/wp\/v2\/media?parent=635"}],"wp:term":[{"taxonomy":"product_brand","embeddable":true,"href":"https:\/\/hematomes.be\/en\/wp-json\/wp\/v2\/product_brand?post=635"},{"taxonomy":"product_cat","embeddable":true,"href":"https:\/\/hematomes.be\/en\/wp-json\/wp\/v2\/product_cat?post=635"},{"taxonomy":"product_tag","embeddable":true,"href":"https:\/\/hematomes.be\/en\/wp-json\/wp\/v2\/product_tag?post=635"}],"curies":[{"name":"wp","href":"https:\/\/api.w.org\/{rel}","templated":true}]}}