{"id":637,"date":"2019-09-19T16:14:35","date_gmt":"2019-09-19T16:14:35","guid":{"rendered":"http:\/\/hematomes.nnstudio.pro\/?post_type=product&#038;p=637"},"modified":"2025-09-19T08:56:26","modified_gmt":"2025-09-19T08:56:26","slug":"archidoc-03-bernard-herbecq-creer-construire-habiter","status":"publish","type":"product","link":"https:\/\/hematomes.be\/en\/boutique\/catalog\/archidoc-03-bernard-herbecq-creer-construire-habiter\/","title":{"rendered":"Archidoc #03 &#8211; Bernard Herbecq cr\u00e9er-construire-habiter"},"content":{"rendered":"<div class=\"col-sm-4 col-sm-offset-2\">\n<p>Broch\u00e9 : 144 pages<br \/>\n\u00c9diteur : Groupe d\u2019ateliers de recherche \/ \u00c9cole sup\u00e9rieure des Arts de la Ville de Li\u00e8ge<br \/>\nDate d\u2019\u00e9dition : septembre 2018<br \/>\nCollection : Archidoc<br \/>\nDimensions : 190 x 148 mm \u00e0 la fran\u00e7aise<br \/>\nCouverture : papier 250 gr \u2013 Offset \u2013 blanc<br \/>\nImpression : Recto : noir \u2013 Verso : noir<br \/>\nPapier int\u00e9rieur : Munken Print Cream 15 100 gr<br \/>\nImpression : Recto : noir\/blanc \u2013 Verso : noir\/blanc<br \/>\nTirage : 750 exemplaires<\/p>\n<\/div>\n","protected":false},"excerpt":{"rendered":"<p>Fran\u00e7ois Gena, jeune architecte, contextualise, d\u00e9crypte l\u2019\u0153uvre de Bernard Herbecq par une analyse tr\u00e8s personnelle pour en proposer une lecture in\u00e9dite.<\/p>\n<p>Ponctu\u00e9 de r\u00e9flexions exprim\u00e9es par l\u2019int\u00e9ress\u00e9 lors de leurs nombreux entretiens, le texte est aussi aliment\u00e9 par l\u2019\u00e9tude des archives qu\u2019Herbecq a l\u00e9gu\u00e9es au GAR. L\u2019auteur nous livre ainsi un contenu o\u00f9 la critique architecturale est pointue, finement observ\u00e9e. Des projets significatifs se d\u00e9gagent des \u00e9l\u00e9ments cl\u00e9s d\u00e9montrant la coh\u00e9rence de la d\u00e9marche architecturale. Le r\u00f4le primordial jou\u00e9 par la construction de mobilier dans la conception des projets d\u2019architecture est soulign\u00e9 par comparaison meuble\/habitation. Le langage des deux disciplines est singulier, fort, authentique, expressif et \u00ab ext\u00e9riorise \u00bb ce que Bernard Herbecq ne peut exprimer autrement. Un inventaire complet des r\u00e9alisations architecturales et du mobilier, chacun(e) comment\u00e9(e) succinctement et illustr\u00e9(e) d\u2019une photo-, le curriculum vitae, le texte de pr\u00e9sentation de l\u2019Atelier Studio 1\/1 Mobilier (dir. Aloys Beguin) de la Facult\u00e9 d\u2019Architecture de l\u2019ULi\u00e8ge finalisent le livre. Les photographies de Romain Delathuy compl\u00e8tent celles des archives.<\/p>\n","protected":false},"featured_media":611,"template":"","meta":{"_acf_changed":false},"product_brand":[],"product_cat":[15,27],"product_tag":[],"class_list":{"0":"post-637","1":"product","2":"type-product","3":"status-publish","4":"has-post-thumbnail","6":"product_cat-catalogue","7":"product_cat-gar-archives-architecture-archidoc","9":"first","10":"instock","11":"shipping-taxable","12":"purchasable","13":"product-type-simple"},"acf":[],"yoast_head":"<!-- This site is optimized with the Yoast SEO plugin v27.2 - https:\/\/yoast.com\/product\/yoast-seo-wordpress\/ -->\n<title>Archidoc #03 - Bernard Herbecq cr\u00e9er-construire-habiter - H\u00e9matomes<\/title>\n<meta name=\"robots\" content=\"index, follow, max-snippet:-1, max-image-preview:large, max-video-preview:-1\" \/>\n<link rel=\"canonical\" href=\"https:\/\/hematomes.be\/boutique\/catalogue\/gar\/archidoc-03-bernard-herbecq-creer-construire-habiter\/\" \/>\n<meta property=\"og:locale\" content=\"en_US\" \/>\n<meta property=\"og:type\" content=\"article\" \/>\n<meta property=\"og:title\" content=\"Archidoc #03 - Bernard Herbecq cr\u00e9er-construire-habiter - H\u00e9matomes\" \/>\n<meta property=\"og:description\" content=\"Fran\u00e7ois Gena, jeune architecte, contextualise, d\u00e9crypte l\u2019\u0153uvre de Bernard Herbecq par une analyse tr\u00e8s personnelle pour en proposer une lecture in\u00e9dite.  Ponctu\u00e9 de r\u00e9flexions exprim\u00e9es par l\u2019int\u00e9ress\u00e9 lors de leurs nombreux entretiens, le texte est aussi aliment\u00e9 par l\u2019\u00e9tude des archives qu\u2019Herbecq a l\u00e9gu\u00e9es au GAR. L\u2019auteur nous livre ainsi un contenu o\u00f9 la critique architecturale est pointue, finement observ\u00e9e. Des projets significatifs se d\u00e9gagent des \u00e9l\u00e9ments cl\u00e9s d\u00e9montrant la coh\u00e9rence de la d\u00e9marche architecturale. Le r\u00f4le primordial jou\u00e9 par la construction de mobilier dans la conception des projets d\u2019architecture est soulign\u00e9 par comparaison meuble\/habitation. Le langage des deux disciplines est singulier, fort, authentique, expressif et \u00ab ext\u00e9riorise \u00bb ce que Bernard Herbecq ne peut exprimer autrement. Un inventaire complet des r\u00e9alisations architecturales et du mobilier, chacun(e) comment\u00e9(e) succinctement et illustr\u00e9(e) d\u2019une photo-, le curriculum vitae, le texte de pr\u00e9sentation de l\u2019Atelier Studio 1\/1 Mobilier (dir. Aloys Beguin) de la Facult\u00e9 d\u2019Architecture de l\u2019ULi\u00e8ge finalisent le livre. Les photographies de Romain Delathuy compl\u00e8tent celles des archives.\" \/>\n<meta property=\"og:url\" content=\"https:\/\/hematomes.be\/boutique\/catalogue\/gar\/archidoc-03-bernard-herbecq-creer-construire-habiter\/\" \/>\n<meta property=\"og:site_name\" content=\"H\u00e9matomes\" \/>\n<meta property=\"article:modified_time\" content=\"2025-09-19T08:56:26+00:00\" \/>\n<meta property=\"og:image\" content=\"https:\/\/hematomes.be\/wp-content\/uploads\/2024\/04\/2018-09_Archidoc03_HB_Cover.jpg\" \/>\n\t<meta property=\"og:image:width\" content=\"960\" \/>\n\t<meta property=\"og:image:height\" content=\"1440\" \/>\n\t<meta property=\"og:image:type\" content=\"image\/jpeg\" \/>\n<meta name=\"twitter:card\" content=\"summary_large_image\" \/>\n<script type=\"application\/ld+json\" class=\"yoast-schema-graph\">{\"@context\":\"https:\/\/schema.org\",\"@graph\":[{\"@type\":\"WebPage\",\"@id\":\"https:\/\/hematomes.be\/boutique\/catalogue\/gar\/archidoc-03-bernard-herbecq-creer-construire-habiter\/\",\"url\":\"https:\/\/hematomes.be\/boutique\/catalogue\/gar\/archidoc-03-bernard-herbecq-creer-construire-habiter\/\",\"name\":\"Archidoc #03 - Bernard Herbecq cr\u00e9er-construire-habiter - H\u00e9matomes\",\"isPartOf\":{\"@id\":\"https:\/\/hematomes.be\/#website\"},\"primaryImageOfPage\":{\"@id\":\"https:\/\/hematomes.be\/boutique\/catalogue\/gar\/archidoc-03-bernard-herbecq-creer-construire-habiter\/#primaryimage\"},\"image\":{\"@id\":\"https:\/\/hematomes.be\/boutique\/catalogue\/gar\/archidoc-03-bernard-herbecq-creer-construire-habiter\/#primaryimage\"},\"thumbnailUrl\":\"https:\/\/hematomes.be\/wp-content\/uploads\/2024\/04\/2018-09_Archidoc03_HB_Cover.jpg\",\"datePublished\":\"2019-09-19T16:14:35+00:00\",\"dateModified\":\"2025-09-19T08:56:26+00:00\",\"breadcrumb\":{\"@id\":\"https:\/\/hematomes.be\/boutique\/catalogue\/gar\/archidoc-03-bernard-herbecq-creer-construire-habiter\/#breadcrumb\"},\"inLanguage\":\"en-US\",\"potentialAction\":[{\"@type\":\"ReadAction\",\"target\":[\"https:\/\/hematomes.be\/boutique\/catalogue\/gar\/archidoc-03-bernard-herbecq-creer-construire-habiter\/\"]}]},{\"@type\":\"ImageObject\",\"inLanguage\":\"en-US\",\"@id\":\"https:\/\/hematomes.be\/boutique\/catalogue\/gar\/archidoc-03-bernard-herbecq-creer-construire-habiter\/#primaryimage\",\"url\":\"https:\/\/hematomes.be\/wp-content\/uploads\/2024\/04\/2018-09_Archidoc03_HB_Cover.jpg\",\"contentUrl\":\"https:\/\/hematomes.be\/wp-content\/uploads\/2024\/04\/2018-09_Archidoc03_HB_Cover.jpg\",\"width\":960,\"height\":1440},{\"@type\":\"BreadcrumbList\",\"@id\":\"https:\/\/hematomes.be\/boutique\/catalogue\/gar\/archidoc-03-bernard-herbecq-creer-construire-habiter\/#breadcrumb\",\"itemListElement\":[{\"@type\":\"ListItem\",\"position\":1,\"name\":\"Accueil\",\"item\":\"https:\/\/hematomes.be\/en\/shop\/\"},{\"@type\":\"ListItem\",\"position\":2,\"name\":\"Shop\",\"item\":\"https:\/\/hematomes.be\/en\/shop\/\"},{\"@type\":\"ListItem\",\"position\":3,\"name\":\"Archidoc #03 &#8211; Bernard Herbecq cr\u00e9er-construire-habiter\"}]},{\"@type\":\"WebSite\",\"@id\":\"https:\/\/hematomes.be\/#website\",\"url\":\"https:\/\/hematomes.be\/\",\"name\":\"H\u00e9matomes\",\"description\":\"Une maison d&#039;\u00e9dition qui publie sur l&#039;art et tout autour.\",\"potentialAction\":[{\"@type\":\"SearchAction\",\"target\":{\"@type\":\"EntryPoint\",\"urlTemplate\":\"https:\/\/hematomes.be\/?s={search_term_string}\"},\"query-input\":{\"@type\":\"PropertyValueSpecification\",\"valueRequired\":true,\"valueName\":\"search_term_string\"}}],\"inLanguage\":\"en-US\"}]}<\/script>\n<!-- \/ Yoast SEO plugin. -->","yoast_head_json":{"title":"Archidoc #03 - Bernard Herbecq cr\u00e9er-construire-habiter - H\u00e9matomes","robots":{"index":"index","follow":"follow","max-snippet":"max-snippet:-1","max-image-preview":"max-image-preview:large","max-video-preview":"max-video-preview:-1"},"canonical":"https:\/\/hematomes.be\/boutique\/catalogue\/gar\/archidoc-03-bernard-herbecq-creer-construire-habiter\/","og_locale":"en_US","og_type":"article","og_title":"Archidoc #03 - Bernard Herbecq cr\u00e9er-construire-habiter - H\u00e9matomes","og_description":"Fran\u00e7ois Gena, jeune architecte, contextualise, d\u00e9crypte l\u2019\u0153uvre de Bernard Herbecq par une analyse tr\u00e8s personnelle pour en proposer une lecture in\u00e9dite.  Ponctu\u00e9 de r\u00e9flexions exprim\u00e9es par l\u2019int\u00e9ress\u00e9 lors de leurs nombreux entretiens, le texte est aussi aliment\u00e9 par l\u2019\u00e9tude des archives qu\u2019Herbecq a l\u00e9gu\u00e9es au GAR. L\u2019auteur nous livre ainsi un contenu o\u00f9 la critique architecturale est pointue, finement observ\u00e9e. Des projets significatifs se d\u00e9gagent des \u00e9l\u00e9ments cl\u00e9s d\u00e9montrant la coh\u00e9rence de la d\u00e9marche architecturale. Le r\u00f4le primordial jou\u00e9 par la construction de mobilier dans la conception des projets d\u2019architecture est soulign\u00e9 par comparaison meuble\/habitation. Le langage des deux disciplines est singulier, fort, authentique, expressif et \u00ab ext\u00e9riorise \u00bb ce que Bernard Herbecq ne peut exprimer autrement. Un inventaire complet des r\u00e9alisations architecturales et du mobilier, chacun(e) comment\u00e9(e) succinctement et illustr\u00e9(e) d\u2019une photo-, le curriculum vitae, le texte de pr\u00e9sentation de l\u2019Atelier Studio 1\/1 Mobilier (dir. Aloys Beguin) de la Facult\u00e9 d\u2019Architecture de l\u2019ULi\u00e8ge finalisent le livre. Les photographies de Romain Delathuy compl\u00e8tent celles des archives.","og_url":"https:\/\/hematomes.be\/boutique\/catalogue\/gar\/archidoc-03-bernard-herbecq-creer-construire-habiter\/","og_site_name":"H\u00e9matomes","article_modified_time":"2025-09-19T08:56:26+00:00","og_image":[{"width":960,"height":1440,"url":"https:\/\/hematomes.be\/wp-content\/uploads\/2024\/04\/2018-09_Archidoc03_HB_Cover.jpg","type":"image\/jpeg"}],"twitter_card":"summary_large_image","schema":{"@context":"https:\/\/schema.org","@graph":[{"@type":"WebPage","@id":"https:\/\/hematomes.be\/boutique\/catalogue\/gar\/archidoc-03-bernard-herbecq-creer-construire-habiter\/","url":"https:\/\/hematomes.be\/boutique\/catalogue\/gar\/archidoc-03-bernard-herbecq-creer-construire-habiter\/","name":"Archidoc #03 - Bernard Herbecq cr\u00e9er-construire-habiter - H\u00e9matomes","isPartOf":{"@id":"https:\/\/hematomes.be\/#website"},"primaryImageOfPage":{"@id":"https:\/\/hematomes.be\/boutique\/catalogue\/gar\/archidoc-03-bernard-herbecq-creer-construire-habiter\/#primaryimage"},"image":{"@id":"https:\/\/hematomes.be\/boutique\/catalogue\/gar\/archidoc-03-bernard-herbecq-creer-construire-habiter\/#primaryimage"},"thumbnailUrl":"https:\/\/hematomes.be\/wp-content\/uploads\/2024\/04\/2018-09_Archidoc03_HB_Cover.jpg","datePublished":"2019-09-19T16:14:35+00:00","dateModified":"2025-09-19T08:56:26+00:00","breadcrumb":{"@id":"https:\/\/hematomes.be\/boutique\/catalogue\/gar\/archidoc-03-bernard-herbecq-creer-construire-habiter\/#breadcrumb"},"inLanguage":"en-US","potentialAction":[{"@type":"ReadAction","target":["https:\/\/hematomes.be\/boutique\/catalogue\/gar\/archidoc-03-bernard-herbecq-creer-construire-habiter\/"]}]},{"@type":"ImageObject","inLanguage":"en-US","@id":"https:\/\/hematomes.be\/boutique\/catalogue\/gar\/archidoc-03-bernard-herbecq-creer-construire-habiter\/#primaryimage","url":"https:\/\/hematomes.be\/wp-content\/uploads\/2024\/04\/2018-09_Archidoc03_HB_Cover.jpg","contentUrl":"https:\/\/hematomes.be\/wp-content\/uploads\/2024\/04\/2018-09_Archidoc03_HB_Cover.jpg","width":960,"height":1440},{"@type":"BreadcrumbList","@id":"https:\/\/hematomes.be\/boutique\/catalogue\/gar\/archidoc-03-bernard-herbecq-creer-construire-habiter\/#breadcrumb","itemListElement":[{"@type":"ListItem","position":1,"name":"Accueil","item":"https:\/\/hematomes.be\/en\/shop\/"},{"@type":"ListItem","position":2,"name":"Shop","item":"https:\/\/hematomes.be\/en\/shop\/"},{"@type":"ListItem","position":3,"name":"Archidoc #03 &#8211; Bernard Herbecq cr\u00e9er-construire-habiter"}]},{"@type":"WebSite","@id":"https:\/\/hematomes.be\/#website","url":"https:\/\/hematomes.be\/","name":"H\u00e9matomes","description":"Une maison d&#039;\u00e9dition qui publie sur l&#039;art et tout autour.","potentialAction":[{"@type":"SearchAction","target":{"@type":"EntryPoint","urlTemplate":"https:\/\/hematomes.be\/?s={search_term_string}"},"query-input":{"@type":"PropertyValueSpecification","valueRequired":true,"valueName":"search_term_string"}}],"inLanguage":"en-US"}]}},"_links":{"self":[{"href":"https:\/\/hematomes.be\/en\/wp-json\/wp\/v2\/product\/637","targetHints":{"allow":["GET"]}}],"collection":[{"href":"https:\/\/hematomes.be\/en\/wp-json\/wp\/v2\/product"}],"about":[{"href":"https:\/\/hematomes.be\/en\/wp-json\/wp\/v2\/types\/product"}],"wp:featuredmedia":[{"embeddable":true,"href":"https:\/\/hematomes.be\/en\/wp-json\/wp\/v2\/media\/611"}],"wp:attachment":[{"href":"https:\/\/hematomes.be\/en\/wp-json\/wp\/v2\/media?parent=637"}],"wp:term":[{"taxonomy":"product_brand","embeddable":true,"href":"https:\/\/hematomes.be\/en\/wp-json\/wp\/v2\/product_brand?post=637"},{"taxonomy":"product_cat","embeddable":true,"href":"https:\/\/hematomes.be\/en\/wp-json\/wp\/v2\/product_cat?post=637"},{"taxonomy":"product_tag","embeddable":true,"href":"https:\/\/hematomes.be\/en\/wp-json\/wp\/v2\/product_tag?post=637"}],"curies":[{"name":"wp","href":"https:\/\/api.w.org\/{rel}","templated":true}]}}