{"id":639,"date":"2019-09-19T16:41:33","date_gmt":"2019-09-19T16:41:33","guid":{"rendered":"http:\/\/hematomes.nnstudio.pro\/?post_type=product&#038;p=639"},"modified":"2025-09-19T08:56:03","modified_gmt":"2025-09-19T08:56:03","slug":"archidoc-04-emile-jose-fettweis-architecte","status":"publish","type":"product","link":"https:\/\/hematomes.be\/en\/boutique\/catalog\/archidoc-04-emile-jose-fettweis-architecte\/","title":{"rendered":"Archidoc #04 &#8211; Emile-Jos\u00e9 Fettweis architecte"},"content":{"rendered":"<div class=\"col-sm-4 col-sm-offset-2\">\n<p>Broch\u00e9 : 144 pages<br \/>\n\u00c9diteur : Groupe d\u2019ateliers de recherche \/ \u00c9cole sup\u00e9rieure des Arts de la Ville de Li\u00e8ge<br \/>\nDate d\u2019\u00e9dition : septembre 2019<br \/>\nCollection : Archidoc<br \/>\nISBN : 978-2-9601922-3-0<\/p>\n<p>Dimensions : 190 x 148 mm \u00e0 la fran\u00e7aise<br \/>\nCouverture : papier 250 gr \u2013 Offset \u2013 blanc<br \/>\nImpression : Recto : noir \u2013 Verso : noir<br \/>\nPapier int\u00e9rieur : CMS 115 gr<br \/>\nImpression : Recto : quadrichromie \u2013 Verso : quadrichromie<br \/>\nTirage : 750 exemplaires<br \/>\nPrix : 12 \u20ac<\/p>\n<\/div>\n","protected":false},"excerpt":{"rendered":"<p>Dirig\u00e9 par Aloys Beguin, professeur au sein de la Facult\u00e9 d\u2019architecture (ULi\u00e8ge) et ancien collaborateur d\u2019\u00c9mile-Jos\u00e9 Fettweis, l\u2019ouvrage d\u00e9veloppe un discours critique tant sur la biographie de l\u2019homme que sur la production de l\u2019architecte tout au long de sa carri\u00e8re. La biographie ainsi que l\u2019analyse d\u2019une s\u00e9lection de b\u00e2timents est port\u00e9e par \u00c9milie Hugo, ancienne \u00e9tudiante en architecture, et dont le m\u00e9moire intitul\u00e9 \u00c9mile-Jos\u00e9 Fettweis, une unit\u00e9 de styles avait suscit\u00e9 enthousiasme du jury en 2014. L\u2019analyse des b\u00e2timents est en outre soutenue par un texte critique montrant la position de Fettweis dans le contexte de la remise en question du modernisme. Plusieurs chercheurs s\u2019expriment \u00e9galement sur des axes m\u00e9connus ou peu \u00e9tudi\u00e9s comme les questions urbaines et territoriales ou la port\u00e9e p\u00e9dagogique de l\u2019\u0153uvre de l\u2019architecte vervi\u00e9tois. L\u2019ouvrage est aussi l\u2019occasion de red\u00e9couvrir le travail de No\u00ebl Randaxhe, plasticien dont les rapports avec l\u2019architecture font l\u2019objet d\u2019une premi\u00e8re \u00e9tude critique et sensible. Table des mati\u00e8res :<\/p>\n<p>\u2013 Biographie (\u00c9milie Hugo)<\/p>\n<p>\u2013 Quelques r\u00e9alisations (\u00c9milie Hugo)<\/p>\n<p>\u2013 De la \u00ab modernit\u00e9 \u00e0 la postmodernit\u00e9 \u00bb : un basculement conceptuel dans la syntaxe architecturale chez \u00c9mile-Jos\u00e9 Fettweis (Luan NGuyen)<\/p>\n<p>\u2013 \u00c9mile-Jos\u00e9 Fettweis, enseignant et chercheur en typo-morphologie. Un \u00e9tat d\u2019esprit p\u00e9dagogique (Aloys Beguin)<\/p>\n<p>\u2013 Du territoire \u00e0 l\u2019architecture. \u00c0 propos du projet de sch\u00e9ma directeur de Verviers par le Groupe d\u2019\u00c9tudes et R\u00e9flexions Urbaines \u2013 GERU (Sylvain Marbehant)<\/p>\n<p>\u2013 \u00ab Refaire le monde \u00bb Sculptures et c\u00e9ramiques de No\u00ebl Randaxhe dans l\u2019architecture d\u2019\u00c9mile-Jos\u00e9 Fettweis (1954\u2013v. 1960) (Yves Randaxhe)<\/p>\n","protected":false},"featured_media":613,"template":"","meta":{"_acf_changed":false},"product_brand":[],"product_cat":[15,27],"product_tag":[],"class_list":{"0":"post-639","1":"product","2":"type-product","3":"status-publish","4":"has-post-thumbnail","6":"product_cat-catalogue","7":"product_cat-gar-archives-architecture-archidoc","9":"first","10":"instock","11":"shipping-taxable","12":"purchasable","13":"product-type-simple"},"acf":[],"yoast_head":"<!-- This site is optimized with the Yoast SEO plugin v27.2 - https:\/\/yoast.com\/product\/yoast-seo-wordpress\/ -->\n<title>Archidoc #04 - Emile-Jos\u00e9 Fettweis architecte - H\u00e9matomes<\/title>\n<meta name=\"robots\" content=\"index, follow, max-snippet:-1, max-image-preview:large, max-video-preview:-1\" \/>\n<link rel=\"canonical\" href=\"https:\/\/hematomes.be\/boutique\/catalogue\/gar\/archidoc-04-emile-jose-fettweis-architecte\/\" \/>\n<meta property=\"og:locale\" content=\"en_US\" \/>\n<meta property=\"og:type\" content=\"article\" \/>\n<meta property=\"og:title\" content=\"Archidoc #04 - Emile-Jos\u00e9 Fettweis architecte - H\u00e9matomes\" \/>\n<meta property=\"og:description\" content=\"Dirig\u00e9 par Aloys Beguin, professeur au sein de la Facult\u00e9 d\u2019architecture (ULi\u00e8ge) et ancien collaborateur d\u2019\u00c9mile-Jos\u00e9 Fettweis, l\u2019ouvrage d\u00e9veloppe un discours critique tant sur la biographie de l\u2019homme que sur la production de l\u2019architecte tout au long de sa carri\u00e8re. La biographie ainsi que l\u2019analyse d\u2019une s\u00e9lection de b\u00e2timents est port\u00e9e par \u00c9milie Hugo, ancienne \u00e9tudiante en architecture, et dont le m\u00e9moire intitul\u00e9 \u00c9mile-Jos\u00e9 Fettweis, une unit\u00e9 de styles avait suscit\u00e9 enthousiasme du jury en 2014. L\u2019analyse des b\u00e2timents est en outre soutenue par un texte critique montrant la position de Fettweis dans le contexte de la remise en question du modernisme. Plusieurs chercheurs s\u2019expriment \u00e9galement sur des axes m\u00e9connus ou peu \u00e9tudi\u00e9s comme les questions urbaines et territoriales ou la port\u00e9e p\u00e9dagogique de l\u2019\u0153uvre de l\u2019architecte vervi\u00e9tois. L\u2019ouvrage est aussi l\u2019occasion de red\u00e9couvrir le travail de No\u00ebl Randaxhe, plasticien dont les rapports avec l\u2019architecture font l\u2019objet d\u2019une premi\u00e8re \u00e9tude critique et sensible. Table des mati\u00e8res :  \u2013 Biographie (\u00c9milie Hugo)  \u2013 Quelques r\u00e9alisations (\u00c9milie Hugo)  \u2013 De la \u00ab modernit\u00e9 \u00e0 la postmodernit\u00e9 \u00bb : un basculement conceptuel dans la syntaxe architecturale chez \u00c9mile-Jos\u00e9 Fettweis (Luan NGuyen)  \u2013 \u00c9mile-Jos\u00e9 Fettweis, enseignant et chercheur en typo-morphologie. Un \u00e9tat d\u2019esprit p\u00e9dagogique (Aloys Beguin)  \u2013 Du territoire \u00e0 l\u2019architecture. \u00c0 propos du projet de sch\u00e9ma directeur de Verviers par le Groupe d\u2019\u00c9tudes et R\u00e9flexions Urbaines \u2013 GERU (Sylvain Marbehant)  \u2013 \u00ab Refaire le monde \u00bb Sculptures et c\u00e9ramiques de No\u00ebl Randaxhe dans l\u2019architecture d\u2019\u00c9mile-Jos\u00e9 Fettweis (1954\u2013v. 1960) (Yves Randaxhe)\" \/>\n<meta property=\"og:url\" content=\"https:\/\/hematomes.be\/boutique\/catalogue\/gar\/archidoc-04-emile-jose-fettweis-architecte\/\" \/>\n<meta property=\"og:site_name\" content=\"H\u00e9matomes\" \/>\n<meta property=\"article:modified_time\" content=\"2025-09-19T08:56:03+00:00\" \/>\n<meta property=\"og:image\" content=\"https:\/\/hematomes.be\/wp-content\/uploads\/2024\/04\/2019-09_Archidoc04_EJF_Cover.jpg\" \/>\n\t<meta property=\"og:image:width\" content=\"960\" \/>\n\t<meta property=\"og:image:height\" content=\"1440\" \/>\n\t<meta property=\"og:image:type\" content=\"image\/jpeg\" \/>\n<meta name=\"twitter:card\" content=\"summary_large_image\" \/>\n<script type=\"application\/ld+json\" class=\"yoast-schema-graph\">{\"@context\":\"https:\/\/schema.org\",\"@graph\":[{\"@type\":\"WebPage\",\"@id\":\"https:\/\/hematomes.be\/boutique\/catalogue\/gar\/archidoc-04-emile-jose-fettweis-architecte\/\",\"url\":\"https:\/\/hematomes.be\/boutique\/catalogue\/gar\/archidoc-04-emile-jose-fettweis-architecte\/\",\"name\":\"Archidoc #04 - Emile-Jos\u00e9 Fettweis architecte - H\u00e9matomes\",\"isPartOf\":{\"@id\":\"https:\/\/hematomes.be\/#website\"},\"primaryImageOfPage\":{\"@id\":\"https:\/\/hematomes.be\/boutique\/catalogue\/gar\/archidoc-04-emile-jose-fettweis-architecte\/#primaryimage\"},\"image\":{\"@id\":\"https:\/\/hematomes.be\/boutique\/catalogue\/gar\/archidoc-04-emile-jose-fettweis-architecte\/#primaryimage\"},\"thumbnailUrl\":\"https:\/\/hematomes.be\/wp-content\/uploads\/2024\/04\/2019-09_Archidoc04_EJF_Cover.jpg\",\"datePublished\":\"2019-09-19T16:41:33+00:00\",\"dateModified\":\"2025-09-19T08:56:03+00:00\",\"breadcrumb\":{\"@id\":\"https:\/\/hematomes.be\/boutique\/catalogue\/gar\/archidoc-04-emile-jose-fettweis-architecte\/#breadcrumb\"},\"inLanguage\":\"en-US\",\"potentialAction\":[{\"@type\":\"ReadAction\",\"target\":[\"https:\/\/hematomes.be\/boutique\/catalogue\/gar\/archidoc-04-emile-jose-fettweis-architecte\/\"]}]},{\"@type\":\"ImageObject\",\"inLanguage\":\"en-US\",\"@id\":\"https:\/\/hematomes.be\/boutique\/catalogue\/gar\/archidoc-04-emile-jose-fettweis-architecte\/#primaryimage\",\"url\":\"https:\/\/hematomes.be\/wp-content\/uploads\/2024\/04\/2019-09_Archidoc04_EJF_Cover.jpg\",\"contentUrl\":\"https:\/\/hematomes.be\/wp-content\/uploads\/2024\/04\/2019-09_Archidoc04_EJF_Cover.jpg\",\"width\":960,\"height\":1440},{\"@type\":\"BreadcrumbList\",\"@id\":\"https:\/\/hematomes.be\/boutique\/catalogue\/gar\/archidoc-04-emile-jose-fettweis-architecte\/#breadcrumb\",\"itemListElement\":[{\"@type\":\"ListItem\",\"position\":1,\"name\":\"Accueil\",\"item\":\"https:\/\/hematomes.be\/en\/shop\/\"},{\"@type\":\"ListItem\",\"position\":2,\"name\":\"Shop\",\"item\":\"https:\/\/hematomes.be\/en\/shop\/\"},{\"@type\":\"ListItem\",\"position\":3,\"name\":\"Archidoc #04 &#8211; Emile-Jos\u00e9 Fettweis architecte\"}]},{\"@type\":\"WebSite\",\"@id\":\"https:\/\/hematomes.be\/#website\",\"url\":\"https:\/\/hematomes.be\/\",\"name\":\"H\u00e9matomes\",\"description\":\"Une maison d&#039;\u00e9dition qui publie sur l&#039;art et tout autour.\",\"potentialAction\":[{\"@type\":\"SearchAction\",\"target\":{\"@type\":\"EntryPoint\",\"urlTemplate\":\"https:\/\/hematomes.be\/?s={search_term_string}\"},\"query-input\":{\"@type\":\"PropertyValueSpecification\",\"valueRequired\":true,\"valueName\":\"search_term_string\"}}],\"inLanguage\":\"en-US\"}]}<\/script>\n<!-- \/ Yoast SEO plugin. -->","yoast_head_json":{"title":"Archidoc #04 - Emile-Jos\u00e9 Fettweis architecte - H\u00e9matomes","robots":{"index":"index","follow":"follow","max-snippet":"max-snippet:-1","max-image-preview":"max-image-preview:large","max-video-preview":"max-video-preview:-1"},"canonical":"https:\/\/hematomes.be\/boutique\/catalogue\/gar\/archidoc-04-emile-jose-fettweis-architecte\/","og_locale":"en_US","og_type":"article","og_title":"Archidoc #04 - Emile-Jos\u00e9 Fettweis architecte - H\u00e9matomes","og_description":"Dirig\u00e9 par Aloys Beguin, professeur au sein de la Facult\u00e9 d\u2019architecture (ULi\u00e8ge) et ancien collaborateur d\u2019\u00c9mile-Jos\u00e9 Fettweis, l\u2019ouvrage d\u00e9veloppe un discours critique tant sur la biographie de l\u2019homme que sur la production de l\u2019architecte tout au long de sa carri\u00e8re. La biographie ainsi que l\u2019analyse d\u2019une s\u00e9lection de b\u00e2timents est port\u00e9e par \u00c9milie Hugo, ancienne \u00e9tudiante en architecture, et dont le m\u00e9moire intitul\u00e9 \u00c9mile-Jos\u00e9 Fettweis, une unit\u00e9 de styles avait suscit\u00e9 enthousiasme du jury en 2014. L\u2019analyse des b\u00e2timents est en outre soutenue par un texte critique montrant la position de Fettweis dans le contexte de la remise en question du modernisme. Plusieurs chercheurs s\u2019expriment \u00e9galement sur des axes m\u00e9connus ou peu \u00e9tudi\u00e9s comme les questions urbaines et territoriales ou la port\u00e9e p\u00e9dagogique de l\u2019\u0153uvre de l\u2019architecte vervi\u00e9tois. L\u2019ouvrage est aussi l\u2019occasion de red\u00e9couvrir le travail de No\u00ebl Randaxhe, plasticien dont les rapports avec l\u2019architecture font l\u2019objet d\u2019une premi\u00e8re \u00e9tude critique et sensible. Table des mati\u00e8res :  \u2013 Biographie (\u00c9milie Hugo)  \u2013 Quelques r\u00e9alisations (\u00c9milie Hugo)  \u2013 De la \u00ab modernit\u00e9 \u00e0 la postmodernit\u00e9 \u00bb : un basculement conceptuel dans la syntaxe architecturale chez \u00c9mile-Jos\u00e9 Fettweis (Luan NGuyen)  \u2013 \u00c9mile-Jos\u00e9 Fettweis, enseignant et chercheur en typo-morphologie. Un \u00e9tat d\u2019esprit p\u00e9dagogique (Aloys Beguin)  \u2013 Du territoire \u00e0 l\u2019architecture. \u00c0 propos du projet de sch\u00e9ma directeur de Verviers par le Groupe d\u2019\u00c9tudes et R\u00e9flexions Urbaines \u2013 GERU (Sylvain Marbehant)  \u2013 \u00ab Refaire le monde \u00bb Sculptures et c\u00e9ramiques de No\u00ebl Randaxhe dans l\u2019architecture d\u2019\u00c9mile-Jos\u00e9 Fettweis (1954\u2013v. 1960) (Yves Randaxhe)","og_url":"https:\/\/hematomes.be\/boutique\/catalogue\/gar\/archidoc-04-emile-jose-fettweis-architecte\/","og_site_name":"H\u00e9matomes","article_modified_time":"2025-09-19T08:56:03+00:00","og_image":[{"width":960,"height":1440,"url":"https:\/\/hematomes.be\/wp-content\/uploads\/2024\/04\/2019-09_Archidoc04_EJF_Cover.jpg","type":"image\/jpeg"}],"twitter_card":"summary_large_image","schema":{"@context":"https:\/\/schema.org","@graph":[{"@type":"WebPage","@id":"https:\/\/hematomes.be\/boutique\/catalogue\/gar\/archidoc-04-emile-jose-fettweis-architecte\/","url":"https:\/\/hematomes.be\/boutique\/catalogue\/gar\/archidoc-04-emile-jose-fettweis-architecte\/","name":"Archidoc #04 - Emile-Jos\u00e9 Fettweis architecte - H\u00e9matomes","isPartOf":{"@id":"https:\/\/hematomes.be\/#website"},"primaryImageOfPage":{"@id":"https:\/\/hematomes.be\/boutique\/catalogue\/gar\/archidoc-04-emile-jose-fettweis-architecte\/#primaryimage"},"image":{"@id":"https:\/\/hematomes.be\/boutique\/catalogue\/gar\/archidoc-04-emile-jose-fettweis-architecte\/#primaryimage"},"thumbnailUrl":"https:\/\/hematomes.be\/wp-content\/uploads\/2024\/04\/2019-09_Archidoc04_EJF_Cover.jpg","datePublished":"2019-09-19T16:41:33+00:00","dateModified":"2025-09-19T08:56:03+00:00","breadcrumb":{"@id":"https:\/\/hematomes.be\/boutique\/catalogue\/gar\/archidoc-04-emile-jose-fettweis-architecte\/#breadcrumb"},"inLanguage":"en-US","potentialAction":[{"@type":"ReadAction","target":["https:\/\/hematomes.be\/boutique\/catalogue\/gar\/archidoc-04-emile-jose-fettweis-architecte\/"]}]},{"@type":"ImageObject","inLanguage":"en-US","@id":"https:\/\/hematomes.be\/boutique\/catalogue\/gar\/archidoc-04-emile-jose-fettweis-architecte\/#primaryimage","url":"https:\/\/hematomes.be\/wp-content\/uploads\/2024\/04\/2019-09_Archidoc04_EJF_Cover.jpg","contentUrl":"https:\/\/hematomes.be\/wp-content\/uploads\/2024\/04\/2019-09_Archidoc04_EJF_Cover.jpg","width":960,"height":1440},{"@type":"BreadcrumbList","@id":"https:\/\/hematomes.be\/boutique\/catalogue\/gar\/archidoc-04-emile-jose-fettweis-architecte\/#breadcrumb","itemListElement":[{"@type":"ListItem","position":1,"name":"Accueil","item":"https:\/\/hematomes.be\/en\/shop\/"},{"@type":"ListItem","position":2,"name":"Shop","item":"https:\/\/hematomes.be\/en\/shop\/"},{"@type":"ListItem","position":3,"name":"Archidoc #04 &#8211; Emile-Jos\u00e9 Fettweis architecte"}]},{"@type":"WebSite","@id":"https:\/\/hematomes.be\/#website","url":"https:\/\/hematomes.be\/","name":"H\u00e9matomes","description":"Une maison d&#039;\u00e9dition qui publie sur l&#039;art et tout autour.","potentialAction":[{"@type":"SearchAction","target":{"@type":"EntryPoint","urlTemplate":"https:\/\/hematomes.be\/?s={search_term_string}"},"query-input":{"@type":"PropertyValueSpecification","valueRequired":true,"valueName":"search_term_string"}}],"inLanguage":"en-US"}]}},"_links":{"self":[{"href":"https:\/\/hematomes.be\/en\/wp-json\/wp\/v2\/product\/639","targetHints":{"allow":["GET"]}}],"collection":[{"href":"https:\/\/hematomes.be\/en\/wp-json\/wp\/v2\/product"}],"about":[{"href":"https:\/\/hematomes.be\/en\/wp-json\/wp\/v2\/types\/product"}],"wp:featuredmedia":[{"embeddable":true,"href":"https:\/\/hematomes.be\/en\/wp-json\/wp\/v2\/media\/613"}],"wp:attachment":[{"href":"https:\/\/hematomes.be\/en\/wp-json\/wp\/v2\/media?parent=639"}],"wp:term":[{"taxonomy":"product_brand","embeddable":true,"href":"https:\/\/hematomes.be\/en\/wp-json\/wp\/v2\/product_brand?post=639"},{"taxonomy":"product_cat","embeddable":true,"href":"https:\/\/hematomes.be\/en\/wp-json\/wp\/v2\/product_cat?post=639"},{"taxonomy":"product_tag","embeddable":true,"href":"https:\/\/hematomes.be\/en\/wp-json\/wp\/v2\/product_tag?post=639"}],"curies":[{"name":"wp","href":"https:\/\/api.w.org\/{rel}","templated":true}]}}