{"id":640,"date":"2019-09-19T16:48:59","date_gmt":"2019-09-19T16:48:59","guid":{"rendered":"http:\/\/hematomes.nnstudio.pro\/?post_type=product&#038;p=640"},"modified":"2025-09-19T08:55:39","modified_gmt":"2025-09-19T08:55:39","slug":"open-architecture","status":"publish","type":"product","link":"https:\/\/hematomes.be\/en\/boutique\/catalog\/open-architecture\/","title":{"rendered":"Open Architecture"},"content":{"rendered":"<div class=\"col-sm-4 col-sm-offset-2\">Sous la direction de Xavier Van Rooyen<br \/>\nLangue : Fran\u00e7ais<br \/>\nFormat : 15 \u00d7 20 cm, 256 pages, noir et blanc, cartonn\u00e9 souple<br \/>\nTirage\u2009: 500 exemplaires<br \/>\nImprimeur : Snel<\/div>\n","protected":false},"excerpt":{"rendered":"<p>La collection Open-A a pour ambition majeure d\u2019explorer le potentiel de r\u00e9interpr\u00e9tation li\u00e9 \u00e0 l\u2019histoire et \u00e0 la th\u00e9orie en architecture. En d\u2019autres termes, Open-A vise \u00e0 parcourir les r\u00e9cits des \u00e9poques ant\u00e9rieures, de construire de nouvelles associations, de faire \u00e9merger de nouveaux concepts, par le biais d\u2019une relecture du pass\u00e9 en vue d\u2019une description de l\u2019\u00e9tat pr\u00e9sent de l\u2019architecture. Le premier tome de la collection, dirig\u00e9 par Xavier Van Rooyen et intitul\u00e9 \u00ab Open Architecture \u00bb, d\u00e9bute par la traduction d\u2019une interview de Go Hasegawa, Kersten Geers et David Van Severen. Il est en outre n\u00e9 \u00e0 partir d\u2019un cycle de conf\u00e9rences (2017 \u2013 2019) qui a regroup\u00e9 des interventions de Jacques Lucan, Dominique Rouillard, Roberto Gargiani, Catherine Blain, Dirk van den Heuvel et V\u00e9ronique Patteeuw. Ces conf\u00e9rences s\u2019\u00e9taient ancr\u00e9es dans la p\u00e9riode des ann\u00e9es 1960 marqu\u00e9e par la transition du modernisme au postmodernisme, une \u00e9poque optimiste, politiquement engag\u00e9e, florissante en imaginaires et en r\u00e9cits visuels, radicale dans sa pens\u00e9e et dans la r\u00e9volution qu\u2019elle pr\u00f4nait.<\/p>\n","protected":false},"featured_media":654,"template":"","meta":{"_acf_changed":false},"product_brand":[],"product_cat":[15,27],"product_tag":[],"class_list":{"0":"post-640","1":"product","2":"type-product","3":"status-publish","4":"has-post-thumbnail","6":"product_cat-catalogue","7":"product_cat-gar-archives-architecture-archidoc","9":"first","10":"instock","11":"shipping-taxable","12":"purchasable","13":"product-type-simple"},"acf":[],"yoast_head":"<!-- This site is optimized with the Yoast SEO plugin v27.2 - https:\/\/yoast.com\/product\/yoast-seo-wordpress\/ -->\n<title>Open Architecture - H\u00e9matomes<\/title>\n<meta name=\"robots\" content=\"index, follow, max-snippet:-1, max-image-preview:large, max-video-preview:-1\" \/>\n<link rel=\"canonical\" href=\"https:\/\/hematomes.be\/boutique\/catalogue\/gar\/open-architecture\/\" \/>\n<meta property=\"og:locale\" content=\"en_US\" \/>\n<meta property=\"og:type\" content=\"article\" \/>\n<meta property=\"og:title\" content=\"Open Architecture - H\u00e9matomes\" \/>\n<meta property=\"og:description\" content=\"La collection Open-A a pour ambition majeure d\u2019explorer le potentiel de r\u00e9interpr\u00e9tation li\u00e9 \u00e0 l\u2019histoire et \u00e0 la th\u00e9orie en architecture. En d\u2019autres termes, Open-A vise \u00e0 parcourir les r\u00e9cits des \u00e9poques ant\u00e9rieures, de construire de nouvelles associations, de faire \u00e9merger de nouveaux concepts, par le biais d\u2019une relecture du pass\u00e9 en vue d\u2019une description de l\u2019\u00e9tat pr\u00e9sent de l\u2019architecture. Le premier tome de la collection, dirig\u00e9 par Xavier Van Rooyen et intitul\u00e9 \u00ab Open Architecture \u00bb, d\u00e9bute par la traduction d\u2019une interview de Go Hasegawa, Kersten Geers et David Van Severen. Il est en outre n\u00e9 \u00e0 partir d\u2019un cycle de conf\u00e9rences (2017 \u2013 2019) qui a regroup\u00e9 des interventions de Jacques Lucan, Dominique Rouillard, Roberto Gargiani, Catherine Blain, Dirk van den Heuvel et V\u00e9ronique Patteeuw. Ces conf\u00e9rences s\u2019\u00e9taient ancr\u00e9es dans la p\u00e9riode des ann\u00e9es 1960 marqu\u00e9e par la transition du modernisme au postmodernisme, une \u00e9poque optimiste, politiquement engag\u00e9e, florissante en imaginaires et en r\u00e9cits visuels, radicale dans sa pens\u00e9e et dans la r\u00e9volution qu\u2019elle pr\u00f4nait.\" \/>\n<meta property=\"og:url\" content=\"https:\/\/hematomes.be\/boutique\/catalogue\/gar\/open-architecture\/\" \/>\n<meta property=\"og:site_name\" content=\"H\u00e9matomes\" \/>\n<meta property=\"article:modified_time\" content=\"2025-09-19T08:55:39+00:00\" \/>\n<meta property=\"og:image\" content=\"https:\/\/hematomes.be\/wp-content\/uploads\/2024\/04\/OpenArchitecture.jpg\" \/>\n\t<meta property=\"og:image:width\" content=\"960\" \/>\n\t<meta property=\"og:image:height\" content=\"1440\" \/>\n\t<meta property=\"og:image:type\" content=\"image\/jpeg\" \/>\n<meta name=\"twitter:card\" content=\"summary_large_image\" \/>\n<script type=\"application\/ld+json\" class=\"yoast-schema-graph\">{\"@context\":\"https:\/\/schema.org\",\"@graph\":[{\"@type\":\"WebPage\",\"@id\":\"https:\/\/hematomes.be\/boutique\/catalogue\/gar\/open-architecture\/\",\"url\":\"https:\/\/hematomes.be\/boutique\/catalogue\/gar\/open-architecture\/\",\"name\":\"Open Architecture - H\u00e9matomes\",\"isPartOf\":{\"@id\":\"https:\/\/hematomes.be\/#website\"},\"primaryImageOfPage\":{\"@id\":\"https:\/\/hematomes.be\/boutique\/catalogue\/gar\/open-architecture\/#primaryimage\"},\"image\":{\"@id\":\"https:\/\/hematomes.be\/boutique\/catalogue\/gar\/open-architecture\/#primaryimage\"},\"thumbnailUrl\":\"https:\/\/hematomes.be\/wp-content\/uploads\/2024\/04\/OpenArchitecture.jpg\",\"datePublished\":\"2019-09-19T16:48:59+00:00\",\"dateModified\":\"2025-09-19T08:55:39+00:00\",\"breadcrumb\":{\"@id\":\"https:\/\/hematomes.be\/boutique\/catalogue\/gar\/open-architecture\/#breadcrumb\"},\"inLanguage\":\"en-US\",\"potentialAction\":[{\"@type\":\"ReadAction\",\"target\":[\"https:\/\/hematomes.be\/boutique\/catalogue\/gar\/open-architecture\/\"]}]},{\"@type\":\"ImageObject\",\"inLanguage\":\"en-US\",\"@id\":\"https:\/\/hematomes.be\/boutique\/catalogue\/gar\/open-architecture\/#primaryimage\",\"url\":\"https:\/\/hematomes.be\/wp-content\/uploads\/2024\/04\/OpenArchitecture.jpg\",\"contentUrl\":\"https:\/\/hematomes.be\/wp-content\/uploads\/2024\/04\/OpenArchitecture.jpg\",\"width\":960,\"height\":1440},{\"@type\":\"BreadcrumbList\",\"@id\":\"https:\/\/hematomes.be\/boutique\/catalogue\/gar\/open-architecture\/#breadcrumb\",\"itemListElement\":[{\"@type\":\"ListItem\",\"position\":1,\"name\":\"Accueil\",\"item\":\"https:\/\/hematomes.be\/en\/shop\/\"},{\"@type\":\"ListItem\",\"position\":2,\"name\":\"Shop\",\"item\":\"https:\/\/hematomes.be\/en\/shop\/\"},{\"@type\":\"ListItem\",\"position\":3,\"name\":\"Open Architecture\"}]},{\"@type\":\"WebSite\",\"@id\":\"https:\/\/hematomes.be\/#website\",\"url\":\"https:\/\/hematomes.be\/\",\"name\":\"H\u00e9matomes\",\"description\":\"Une maison d&#039;\u00e9dition qui publie sur l&#039;art et tout autour.\",\"potentialAction\":[{\"@type\":\"SearchAction\",\"target\":{\"@type\":\"EntryPoint\",\"urlTemplate\":\"https:\/\/hematomes.be\/?s={search_term_string}\"},\"query-input\":{\"@type\":\"PropertyValueSpecification\",\"valueRequired\":true,\"valueName\":\"search_term_string\"}}],\"inLanguage\":\"en-US\"}]}<\/script>\n<!-- \/ Yoast SEO plugin. -->","yoast_head_json":{"title":"Open Architecture - H\u00e9matomes","robots":{"index":"index","follow":"follow","max-snippet":"max-snippet:-1","max-image-preview":"max-image-preview:large","max-video-preview":"max-video-preview:-1"},"canonical":"https:\/\/hematomes.be\/boutique\/catalogue\/gar\/open-architecture\/","og_locale":"en_US","og_type":"article","og_title":"Open Architecture - H\u00e9matomes","og_description":"La collection Open-A a pour ambition majeure d\u2019explorer le potentiel de r\u00e9interpr\u00e9tation li\u00e9 \u00e0 l\u2019histoire et \u00e0 la th\u00e9orie en architecture. En d\u2019autres termes, Open-A vise \u00e0 parcourir les r\u00e9cits des \u00e9poques ant\u00e9rieures, de construire de nouvelles associations, de faire \u00e9merger de nouveaux concepts, par le biais d\u2019une relecture du pass\u00e9 en vue d\u2019une description de l\u2019\u00e9tat pr\u00e9sent de l\u2019architecture. Le premier tome de la collection, dirig\u00e9 par Xavier Van Rooyen et intitul\u00e9 \u00ab Open Architecture \u00bb, d\u00e9bute par la traduction d\u2019une interview de Go Hasegawa, Kersten Geers et David Van Severen. Il est en outre n\u00e9 \u00e0 partir d\u2019un cycle de conf\u00e9rences (2017 \u2013 2019) qui a regroup\u00e9 des interventions de Jacques Lucan, Dominique Rouillard, Roberto Gargiani, Catherine Blain, Dirk van den Heuvel et V\u00e9ronique Patteeuw. Ces conf\u00e9rences s\u2019\u00e9taient ancr\u00e9es dans la p\u00e9riode des ann\u00e9es 1960 marqu\u00e9e par la transition du modernisme au postmodernisme, une \u00e9poque optimiste, politiquement engag\u00e9e, florissante en imaginaires et en r\u00e9cits visuels, radicale dans sa pens\u00e9e et dans la r\u00e9volution qu\u2019elle pr\u00f4nait.","og_url":"https:\/\/hematomes.be\/boutique\/catalogue\/gar\/open-architecture\/","og_site_name":"H\u00e9matomes","article_modified_time":"2025-09-19T08:55:39+00:00","og_image":[{"width":960,"height":1440,"url":"https:\/\/hematomes.be\/wp-content\/uploads\/2024\/04\/OpenArchitecture.jpg","type":"image\/jpeg"}],"twitter_card":"summary_large_image","schema":{"@context":"https:\/\/schema.org","@graph":[{"@type":"WebPage","@id":"https:\/\/hematomes.be\/boutique\/catalogue\/gar\/open-architecture\/","url":"https:\/\/hematomes.be\/boutique\/catalogue\/gar\/open-architecture\/","name":"Open Architecture - H\u00e9matomes","isPartOf":{"@id":"https:\/\/hematomes.be\/#website"},"primaryImageOfPage":{"@id":"https:\/\/hematomes.be\/boutique\/catalogue\/gar\/open-architecture\/#primaryimage"},"image":{"@id":"https:\/\/hematomes.be\/boutique\/catalogue\/gar\/open-architecture\/#primaryimage"},"thumbnailUrl":"https:\/\/hematomes.be\/wp-content\/uploads\/2024\/04\/OpenArchitecture.jpg","datePublished":"2019-09-19T16:48:59+00:00","dateModified":"2025-09-19T08:55:39+00:00","breadcrumb":{"@id":"https:\/\/hematomes.be\/boutique\/catalogue\/gar\/open-architecture\/#breadcrumb"},"inLanguage":"en-US","potentialAction":[{"@type":"ReadAction","target":["https:\/\/hematomes.be\/boutique\/catalogue\/gar\/open-architecture\/"]}]},{"@type":"ImageObject","inLanguage":"en-US","@id":"https:\/\/hematomes.be\/boutique\/catalogue\/gar\/open-architecture\/#primaryimage","url":"https:\/\/hematomes.be\/wp-content\/uploads\/2024\/04\/OpenArchitecture.jpg","contentUrl":"https:\/\/hematomes.be\/wp-content\/uploads\/2024\/04\/OpenArchitecture.jpg","width":960,"height":1440},{"@type":"BreadcrumbList","@id":"https:\/\/hematomes.be\/boutique\/catalogue\/gar\/open-architecture\/#breadcrumb","itemListElement":[{"@type":"ListItem","position":1,"name":"Accueil","item":"https:\/\/hematomes.be\/en\/shop\/"},{"@type":"ListItem","position":2,"name":"Shop","item":"https:\/\/hematomes.be\/en\/shop\/"},{"@type":"ListItem","position":3,"name":"Open Architecture"}]},{"@type":"WebSite","@id":"https:\/\/hematomes.be\/#website","url":"https:\/\/hematomes.be\/","name":"H\u00e9matomes","description":"Une maison d&#039;\u00e9dition qui publie sur l&#039;art et tout autour.","potentialAction":[{"@type":"SearchAction","target":{"@type":"EntryPoint","urlTemplate":"https:\/\/hematomes.be\/?s={search_term_string}"},"query-input":{"@type":"PropertyValueSpecification","valueRequired":true,"valueName":"search_term_string"}}],"inLanguage":"en-US"}]}},"_links":{"self":[{"href":"https:\/\/hematomes.be\/en\/wp-json\/wp\/v2\/product\/640","targetHints":{"allow":["GET"]}}],"collection":[{"href":"https:\/\/hematomes.be\/en\/wp-json\/wp\/v2\/product"}],"about":[{"href":"https:\/\/hematomes.be\/en\/wp-json\/wp\/v2\/types\/product"}],"wp:featuredmedia":[{"embeddable":true,"href":"https:\/\/hematomes.be\/en\/wp-json\/wp\/v2\/media\/654"}],"wp:attachment":[{"href":"https:\/\/hematomes.be\/en\/wp-json\/wp\/v2\/media?parent=640"}],"wp:term":[{"taxonomy":"product_brand","embeddable":true,"href":"https:\/\/hematomes.be\/en\/wp-json\/wp\/v2\/product_brand?post=640"},{"taxonomy":"product_cat","embeddable":true,"href":"https:\/\/hematomes.be\/en\/wp-json\/wp\/v2\/product_cat?post=640"},{"taxonomy":"product_tag","embeddable":true,"href":"https:\/\/hematomes.be\/en\/wp-json\/wp\/v2\/product_tag?post=640"}],"curies":[{"name":"wp","href":"https:\/\/api.w.org\/{rel}","templated":true}]}}