{"id":641,"date":"2021-04-19T16:50:03","date_gmt":"2021-04-19T16:50:03","guid":{"rendered":"http:\/\/hematomes.nnstudio.pro\/?post_type=product&#038;p=641"},"modified":"2025-09-19T08:55:19","modified_gmt":"2025-09-19T08:55:19","slug":"archidoc-05-georges-eric-lantair-impertinence","status":"publish","type":"product","link":"https:\/\/hematomes.be\/en\/boutique\/catalog\/archidoc-05-georges-eric-lantair-impertinence\/","title":{"rendered":"Archidoc #05 &#8211; Georges-Eric Lantair : (im)pertinence"},"content":{"rendered":"<div class=\"col-sm-4 col-sm-offset-2\">\n<p>Broch\u00e9 : 144 pages<br \/>\n\u00c9diteur : Groupe d\u2019ateliers de recherche \/ \u00c9cole sup\u00e9rieure des Arts de la Ville de Li\u00e8ge<br \/>\nDate d\u2019\u00e9dition : septembre 2019<br \/>\nCollection : Archidoc<br \/>\nDimensions : 190 x 148 mm \u00e0 la fran\u00e7aise<br \/>\nCouverture : papier 250 gr \u2013 Offset \u2013 blanc<br \/>\nImpression : Recto : noir \u2013 Verso : noir<br \/>\nPapier int\u00e9rieur : CMS 115 gr<br \/>\nImpression : Recto : quadrichromie \u2013 Verso : quadrichromie<br \/>\nTirage : 750 exemplaires<\/p>\n<\/div>\n","protected":false},"excerpt":{"rendered":"<p>Fruit d\u2019un travail d\u2019investigation de plus de deux ann\u00e9es, le livre port\u00e9 par les architectes Alain Richard et C\u00e9cile Vandernoot (avec les contributions d\u2019Aloys Beguin, R\u00e9jean Legault, C\u00e9dric Libert et Thomas Moor), apporte pour la premi\u00e8re fois un regard critique sur la production architecturale et th\u00e9orique de Georges-\u00c9ric Lantair. La question du processus analys\u00e9e \u00e0 la lumi\u00e8re des archives mais \u00e9galement de visites sur le terrain et de nombreux entretiens permet de situer une production complexe et singuli\u00e8re. La biographie de l\u2019homme \u2013 et surtout de l\u2019atelier fait ressurgir des collaborations \u2013 et des amiti\u00e9s fortes \u2013 et dresse en quelque sorte le portrait d\u2019un paysage culturel fait de d\u00e9passements et d\u2019engagements. Elle esquisse un r\u00e9seau mais \u00e9galement la force d\u2019un h\u00e9ritage \u00e0 travers celles et ceux qui ont fr\u00e9quent\u00e9 l\u2019atelier de la rue Ch\u00e9ri et les tables de dessin de Saint-Luc puis de la Facult\u00e9 d\u2019architecture. V\u00e9ritable synth\u00e8se d\u2019une carri\u00e8re longue de plus de quarante ans, l\u2019ouvrage s\u2019accompagne d\u2019un inventaire des projets et d\u2019une biographie compl\u00e8te ainsi que d\u2019un poster reprenant l\u2019inventaire en anglais.<\/p>\n<h5>Table des mati\u00e8res :<\/h5>\n<ul>\n<li>Du r\u00e9el et du tangible, des humeurs et des crises, de l\u2019humour et de belles intentions (C\u00e9dric Libert)<\/li>\n<li>Planches dessin\u00e9es<\/li>\n<li>Le processus architectural dans la pratique de Georges-\u00c9ric Lantair (Alain Richard et C\u00e9cile Vandernoot)<\/li>\n<li>La carte HLM, le territoire et ses architectures (Thomas Moor)<\/li>\n<li>Inventaire de la production architecturale (Alain Richard et C\u00e9cile Vandernoot))<\/li>\n<li>R\u00e9alisations photographi\u00e9es<\/li>\n<li>\u00ab Pantalon en chute d\u2019eau \u00bb ou portrait fragmentaire d\u2019une amiti\u00e9 transatlantique (R\u00e9jean Legault)<\/li>\n<li>Rep\u00e8res biographiques<\/li>\n<li>Publications \/ \u00c9crits&#8221;<\/li>\n<\/ul>\n","protected":false},"featured_media":619,"template":"","meta":{"_acf_changed":false},"product_brand":[],"product_cat":[15,27],"product_tag":[],"class_list":{"0":"post-641","1":"product","2":"type-product","3":"status-publish","4":"has-post-thumbnail","6":"product_cat-catalogue","7":"product_cat-gar-archives-architecture-archidoc","9":"first","10":"instock","11":"shipping-taxable","12":"purchasable","13":"product-type-simple"},"acf":[],"yoast_head":"<!-- This site is optimized with the Yoast SEO plugin v27.2 - https:\/\/yoast.com\/product\/yoast-seo-wordpress\/ -->\n<title>Archidoc #05 - Georges-Eric Lantair : (im)pertinence - H\u00e9matomes<\/title>\n<meta name=\"robots\" content=\"index, follow, max-snippet:-1, max-image-preview:large, max-video-preview:-1\" \/>\n<link rel=\"canonical\" href=\"https:\/\/hematomes.be\/boutique\/catalogue\/gar\/archidoc-05-georges-eric-lantair-impertinence\/\" \/>\n<meta property=\"og:locale\" content=\"en_US\" \/>\n<meta property=\"og:type\" content=\"article\" \/>\n<meta property=\"og:title\" content=\"Archidoc #05 - Georges-Eric Lantair : (im)pertinence - H\u00e9matomes\" \/>\n<meta property=\"og:description\" content=\"Fruit d\u2019un travail d\u2019investigation de plus de deux ann\u00e9es, le livre port\u00e9 par les architectes Alain Richard et C\u00e9cile Vandernoot (avec les contributions d\u2019Aloys Beguin, R\u00e9jean Legault, C\u00e9dric Libert et Thomas Moor), apporte pour la premi\u00e8re fois un regard critique sur la production architecturale et th\u00e9orique de Georges-\u00c9ric Lantair. La question du processus analys\u00e9e \u00e0 la lumi\u00e8re des archives mais \u00e9galement de visites sur le terrain et de nombreux entretiens permet de situer une production complexe et singuli\u00e8re. La biographie de l\u2019homme \u2013 et surtout de l\u2019atelier fait ressurgir des collaborations \u2013 et des amiti\u00e9s fortes \u2013 et dresse en quelque sorte le portrait d\u2019un paysage culturel fait de d\u00e9passements et d\u2019engagements. Elle esquisse un r\u00e9seau mais \u00e9galement la force d\u2019un h\u00e9ritage \u00e0 travers celles et ceux qui ont fr\u00e9quent\u00e9 l\u2019atelier de la rue Ch\u00e9ri et les tables de dessin de Saint-Luc puis de la Facult\u00e9 d\u2019architecture. V\u00e9ritable synth\u00e8se d\u2019une carri\u00e8re longue de plus de quarante ans, l\u2019ouvrage s\u2019accompagne d\u2019un inventaire des projets et d\u2019une biographie compl\u00e8te ainsi que d\u2019un poster reprenant l\u2019inventaire en anglais. Table des mati\u00e8res :   Du r\u00e9el et du tangible, des humeurs et des crises, de l\u2019humour et de belles intentions (C\u00e9dric Libert)  Planches dessin\u00e9es  Le processus architectural dans la pratique de Georges-\u00c9ric Lantair (Alain Richard et C\u00e9cile Vandernoot)  La carte HLM, le territoire et ses architectures (Thomas Moor)  Inventaire de la production architecturale (Alain Richard et C\u00e9cile Vandernoot))  R\u00e9alisations photographi\u00e9es  \u00ab Pantalon en chute d\u2019eau \u00bb ou portrait fragmentaire d\u2019une amiti\u00e9 transatlantique (R\u00e9jean Legault)  Rep\u00e8res biographiques  Publications \/ \u00c9crits&quot;\" \/>\n<meta property=\"og:url\" content=\"https:\/\/hematomes.be\/boutique\/catalogue\/gar\/archidoc-05-georges-eric-lantair-impertinence\/\" \/>\n<meta property=\"og:site_name\" content=\"H\u00e9matomes\" \/>\n<meta property=\"article:modified_time\" content=\"2025-09-19T08:55:19+00:00\" \/>\n<meta property=\"og:image\" content=\"https:\/\/hematomes.be\/wp-content\/uploads\/2024\/04\/2021-09_Archidoc05_GEL_Cover.jpg\" \/>\n\t<meta property=\"og:image:width\" content=\"960\" \/>\n\t<meta property=\"og:image:height\" content=\"1440\" \/>\n\t<meta property=\"og:image:type\" content=\"image\/jpeg\" \/>\n<meta name=\"twitter:card\" content=\"summary_large_image\" \/>\n<script type=\"application\/ld+json\" class=\"yoast-schema-graph\">{\"@context\":\"https:\/\/schema.org\",\"@graph\":[{\"@type\":\"WebPage\",\"@id\":\"https:\/\/hematomes.be\/boutique\/catalogue\/gar\/archidoc-05-georges-eric-lantair-impertinence\/\",\"url\":\"https:\/\/hematomes.be\/boutique\/catalogue\/gar\/archidoc-05-georges-eric-lantair-impertinence\/\",\"name\":\"Archidoc #05 - Georges-Eric Lantair : (im)pertinence - H\u00e9matomes\",\"isPartOf\":{\"@id\":\"https:\/\/hematomes.be\/#website\"},\"primaryImageOfPage\":{\"@id\":\"https:\/\/hematomes.be\/boutique\/catalogue\/gar\/archidoc-05-georges-eric-lantair-impertinence\/#primaryimage\"},\"image\":{\"@id\":\"https:\/\/hematomes.be\/boutique\/catalogue\/gar\/archidoc-05-georges-eric-lantair-impertinence\/#primaryimage\"},\"thumbnailUrl\":\"https:\/\/hematomes.be\/wp-content\/uploads\/2024\/04\/2021-09_Archidoc05_GEL_Cover.jpg\",\"datePublished\":\"2021-04-19T16:50:03+00:00\",\"dateModified\":\"2025-09-19T08:55:19+00:00\",\"breadcrumb\":{\"@id\":\"https:\/\/hematomes.be\/boutique\/catalogue\/gar\/archidoc-05-georges-eric-lantair-impertinence\/#breadcrumb\"},\"inLanguage\":\"en-US\",\"potentialAction\":[{\"@type\":\"ReadAction\",\"target\":[\"https:\/\/hematomes.be\/boutique\/catalogue\/gar\/archidoc-05-georges-eric-lantair-impertinence\/\"]}]},{\"@type\":\"ImageObject\",\"inLanguage\":\"en-US\",\"@id\":\"https:\/\/hematomes.be\/boutique\/catalogue\/gar\/archidoc-05-georges-eric-lantair-impertinence\/#primaryimage\",\"url\":\"https:\/\/hematomes.be\/wp-content\/uploads\/2024\/04\/2021-09_Archidoc05_GEL_Cover.jpg\",\"contentUrl\":\"https:\/\/hematomes.be\/wp-content\/uploads\/2024\/04\/2021-09_Archidoc05_GEL_Cover.jpg\",\"width\":960,\"height\":1440},{\"@type\":\"BreadcrumbList\",\"@id\":\"https:\/\/hematomes.be\/boutique\/catalogue\/gar\/archidoc-05-georges-eric-lantair-impertinence\/#breadcrumb\",\"itemListElement\":[{\"@type\":\"ListItem\",\"position\":1,\"name\":\"Accueil\",\"item\":\"https:\/\/hematomes.be\/en\/shop\/\"},{\"@type\":\"ListItem\",\"position\":2,\"name\":\"Shop\",\"item\":\"https:\/\/hematomes.be\/en\/shop\/\"},{\"@type\":\"ListItem\",\"position\":3,\"name\":\"Archidoc #05 &#8211; Georges-Eric Lantair : (im)pertinence\"}]},{\"@type\":\"WebSite\",\"@id\":\"https:\/\/hematomes.be\/#website\",\"url\":\"https:\/\/hematomes.be\/\",\"name\":\"H\u00e9matomes\",\"description\":\"Une maison d&#039;\u00e9dition qui publie sur l&#039;art et tout autour.\",\"potentialAction\":[{\"@type\":\"SearchAction\",\"target\":{\"@type\":\"EntryPoint\",\"urlTemplate\":\"https:\/\/hematomes.be\/?s={search_term_string}\"},\"query-input\":{\"@type\":\"PropertyValueSpecification\",\"valueRequired\":true,\"valueName\":\"search_term_string\"}}],\"inLanguage\":\"en-US\"}]}<\/script>\n<!-- \/ Yoast SEO plugin. -->","yoast_head_json":{"title":"Archidoc #05 - Georges-Eric Lantair : (im)pertinence - H\u00e9matomes","robots":{"index":"index","follow":"follow","max-snippet":"max-snippet:-1","max-image-preview":"max-image-preview:large","max-video-preview":"max-video-preview:-1"},"canonical":"https:\/\/hematomes.be\/boutique\/catalogue\/gar\/archidoc-05-georges-eric-lantair-impertinence\/","og_locale":"en_US","og_type":"article","og_title":"Archidoc #05 - Georges-Eric Lantair : (im)pertinence - H\u00e9matomes","og_description":"Fruit d\u2019un travail d\u2019investigation de plus de deux ann\u00e9es, le livre port\u00e9 par les architectes Alain Richard et C\u00e9cile Vandernoot (avec les contributions d\u2019Aloys Beguin, R\u00e9jean Legault, C\u00e9dric Libert et Thomas Moor), apporte pour la premi\u00e8re fois un regard critique sur la production architecturale et th\u00e9orique de Georges-\u00c9ric Lantair. La question du processus analys\u00e9e \u00e0 la lumi\u00e8re des archives mais \u00e9galement de visites sur le terrain et de nombreux entretiens permet de situer une production complexe et singuli\u00e8re. La biographie de l\u2019homme \u2013 et surtout de l\u2019atelier fait ressurgir des collaborations \u2013 et des amiti\u00e9s fortes \u2013 et dresse en quelque sorte le portrait d\u2019un paysage culturel fait de d\u00e9passements et d\u2019engagements. Elle esquisse un r\u00e9seau mais \u00e9galement la force d\u2019un h\u00e9ritage \u00e0 travers celles et ceux qui ont fr\u00e9quent\u00e9 l\u2019atelier de la rue Ch\u00e9ri et les tables de dessin de Saint-Luc puis de la Facult\u00e9 d\u2019architecture. V\u00e9ritable synth\u00e8se d\u2019une carri\u00e8re longue de plus de quarante ans, l\u2019ouvrage s\u2019accompagne d\u2019un inventaire des projets et d\u2019une biographie compl\u00e8te ainsi que d\u2019un poster reprenant l\u2019inventaire en anglais. Table des mati\u00e8res :   Du r\u00e9el et du tangible, des humeurs et des crises, de l\u2019humour et de belles intentions (C\u00e9dric Libert)  Planches dessin\u00e9es  Le processus architectural dans la pratique de Georges-\u00c9ric Lantair (Alain Richard et C\u00e9cile Vandernoot)  La carte HLM, le territoire et ses architectures (Thomas Moor)  Inventaire de la production architecturale (Alain Richard et C\u00e9cile Vandernoot))  R\u00e9alisations photographi\u00e9es  \u00ab Pantalon en chute d\u2019eau \u00bb ou portrait fragmentaire d\u2019une amiti\u00e9 transatlantique (R\u00e9jean Legault)  Rep\u00e8res biographiques  Publications \/ \u00c9crits\"","og_url":"https:\/\/hematomes.be\/boutique\/catalogue\/gar\/archidoc-05-georges-eric-lantair-impertinence\/","og_site_name":"H\u00e9matomes","article_modified_time":"2025-09-19T08:55:19+00:00","og_image":[{"width":960,"height":1440,"url":"https:\/\/hematomes.be\/wp-content\/uploads\/2024\/04\/2021-09_Archidoc05_GEL_Cover.jpg","type":"image\/jpeg"}],"twitter_card":"summary_large_image","schema":{"@context":"https:\/\/schema.org","@graph":[{"@type":"WebPage","@id":"https:\/\/hematomes.be\/boutique\/catalogue\/gar\/archidoc-05-georges-eric-lantair-impertinence\/","url":"https:\/\/hematomes.be\/boutique\/catalogue\/gar\/archidoc-05-georges-eric-lantair-impertinence\/","name":"Archidoc #05 - Georges-Eric Lantair : (im)pertinence - H\u00e9matomes","isPartOf":{"@id":"https:\/\/hematomes.be\/#website"},"primaryImageOfPage":{"@id":"https:\/\/hematomes.be\/boutique\/catalogue\/gar\/archidoc-05-georges-eric-lantair-impertinence\/#primaryimage"},"image":{"@id":"https:\/\/hematomes.be\/boutique\/catalogue\/gar\/archidoc-05-georges-eric-lantair-impertinence\/#primaryimage"},"thumbnailUrl":"https:\/\/hematomes.be\/wp-content\/uploads\/2024\/04\/2021-09_Archidoc05_GEL_Cover.jpg","datePublished":"2021-04-19T16:50:03+00:00","dateModified":"2025-09-19T08:55:19+00:00","breadcrumb":{"@id":"https:\/\/hematomes.be\/boutique\/catalogue\/gar\/archidoc-05-georges-eric-lantair-impertinence\/#breadcrumb"},"inLanguage":"en-US","potentialAction":[{"@type":"ReadAction","target":["https:\/\/hematomes.be\/boutique\/catalogue\/gar\/archidoc-05-georges-eric-lantair-impertinence\/"]}]},{"@type":"ImageObject","inLanguage":"en-US","@id":"https:\/\/hematomes.be\/boutique\/catalogue\/gar\/archidoc-05-georges-eric-lantair-impertinence\/#primaryimage","url":"https:\/\/hematomes.be\/wp-content\/uploads\/2024\/04\/2021-09_Archidoc05_GEL_Cover.jpg","contentUrl":"https:\/\/hematomes.be\/wp-content\/uploads\/2024\/04\/2021-09_Archidoc05_GEL_Cover.jpg","width":960,"height":1440},{"@type":"BreadcrumbList","@id":"https:\/\/hematomes.be\/boutique\/catalogue\/gar\/archidoc-05-georges-eric-lantair-impertinence\/#breadcrumb","itemListElement":[{"@type":"ListItem","position":1,"name":"Accueil","item":"https:\/\/hematomes.be\/en\/shop\/"},{"@type":"ListItem","position":2,"name":"Shop","item":"https:\/\/hematomes.be\/en\/shop\/"},{"@type":"ListItem","position":3,"name":"Archidoc #05 &#8211; Georges-Eric Lantair : (im)pertinence"}]},{"@type":"WebSite","@id":"https:\/\/hematomes.be\/#website","url":"https:\/\/hematomes.be\/","name":"H\u00e9matomes","description":"Une maison d&#039;\u00e9dition qui publie sur l&#039;art et tout autour.","potentialAction":[{"@type":"SearchAction","target":{"@type":"EntryPoint","urlTemplate":"https:\/\/hematomes.be\/?s={search_term_string}"},"query-input":{"@type":"PropertyValueSpecification","valueRequired":true,"valueName":"search_term_string"}}],"inLanguage":"en-US"}]}},"_links":{"self":[{"href":"https:\/\/hematomes.be\/en\/wp-json\/wp\/v2\/product\/641","targetHints":{"allow":["GET"]}}],"collection":[{"href":"https:\/\/hematomes.be\/en\/wp-json\/wp\/v2\/product"}],"about":[{"href":"https:\/\/hematomes.be\/en\/wp-json\/wp\/v2\/types\/product"}],"wp:featuredmedia":[{"embeddable":true,"href":"https:\/\/hematomes.be\/en\/wp-json\/wp\/v2\/media\/619"}],"wp:attachment":[{"href":"https:\/\/hematomes.be\/en\/wp-json\/wp\/v2\/media?parent=641"}],"wp:term":[{"taxonomy":"product_brand","embeddable":true,"href":"https:\/\/hematomes.be\/en\/wp-json\/wp\/v2\/product_brand?post=641"},{"taxonomy":"product_cat","embeddable":true,"href":"https:\/\/hematomes.be\/en\/wp-json\/wp\/v2\/product_cat?post=641"},{"taxonomy":"product_tag","embeddable":true,"href":"https:\/\/hematomes.be\/en\/wp-json\/wp\/v2\/product_tag?post=641"}],"curies":[{"name":"wp","href":"https:\/\/api.w.org\/{rel}","templated":true}]}}