{"id":642,"date":"2022-09-22T06:46:58","date_gmt":"2022-09-22T06:46:58","guid":{"rendered":"http:\/\/hematomes.nnstudio.pro\/?post_type=product&#038;p=642"},"modified":"2025-12-22T17:02:13","modified_gmt":"2025-12-22T17:02:13","slug":"archidoc-06-jacques-gillet-architagogue-du-fantastique","status":"publish","type":"product","link":"https:\/\/hematomes.be\/en\/boutique\/catalog\/archidoc-06-jacques-gillet-architagogue-du-fantastique\/","title":{"rendered":"Archidoc #06 &#8211; Jacques Gillet Architagogue du fantastique"},"content":{"rendered":"<div class=\"col-sm-4 col-sm-offset-2\">\n<p>Broch\u00e9 : 196 pages<br \/>\n\u00c9diteur : Groupe d\u2019ateliers de recherche \/ \u00c9cole sup\u00e9rieure des Arts de la Ville de Li\u00e8ge<br \/>\nDate d\u2019\u00e9dition : septembre 2022<br \/>\nCollection : Archidoc<br \/>\nDimensions : 190 x 148 mm \u00e0 la fran\u00e7aise<br \/>\nCouverture : papier 250 gr \u2013 Offset \u2013 blanc<br \/>\nImpression : Recto : quadrichromie \u2013 Verso : quadrichromie<br \/>\nPapier int\u00e9rieur : 115 gr\/m2 \u2013 couch\u00e9 demi-mat \u2013 blanc<br \/>\nImpression : Recto : quadrichromie \u2013 Verso : quadrichromie<br \/>\nTirage : 400 exemplaires<\/p>\n<\/div>\n","protected":false},"excerpt":{"rendered":"<p>Si l\u2019historiographie de la production de Jacques Gillet est largement domin\u00e9e par l\u2019aventure h\u00e9ro\u00efque de la \u00ab Maison sculpture \u00bb, elle reste largement lacunaire sur d\u2019autres pans fondamentaux du travail de l\u2019architecte. Certes, l\u2019analyse de la \u00ab Maison sculpture \u00bb occupe une place importante dans le livre, mais le projet \u00e9ditorial port\u00e9 par Andr\u00e9 Rouelle et Xavier Van Rooyen entend aller plus loin et se nourrir de l\u2019ensemble des archives d\u00e9pos\u00e9es par Jacques Gillet au GAR. L\u2019analyse de la production de Jacques Gillet, richement illustr\u00e9e, embrasse tant les premi\u00e8res r\u00e9alisations que les concours et projets avort\u00e9s. Une approche historique d\u00e9di\u00e9e \u00e0 la maison sculpture est en outre compl\u00e9t\u00e9e par une \u00e9tude sur les d\u00e9fis que pose la r\u00e9habilitation de cette oeuvre singuli\u00e8re. Pour prendre de la hauteur, une remise en perspective dans le contexte architectural et international de l\u2019\u00e9poque permet de situer la posture de Jacques Gillet comme praticien mais \u00e9galement comme p\u00e9dagogue. Le t\u00e9moignage est \u00e9galement un \u00e9l\u00e9ment fort qui traverse l\u2019ensemble du livre avec des interventions sensibles de celles et ceux qui ont c\u00f4toy\u00e9 Jacques Gillet. Jacques Gillet fut \u00e9galement un \u00ab transmetteur \u00bb, un porteur d\u2019id\u00e9aux qui ont durablement marqu\u00e9 plusieurs figures de l\u2019architecture belge. Le projet donne ainsi la parole \u00e0 \u00c9ric Furn\u00e9mont et \u00e0 Bernard Herbecq qui se sont inscrits dans les pas de Jacques Gillet tout en d\u00e9veloppant leur propre singularit\u00e9 tandis que de courts t\u00e9moignages de V\u00e9ronique Gillet et B\u00e9n\u00e9dicte Henry apportent un regard sensible et touchant sur Jacques Gillet, l\u2019architagogue du fantastique.<\/p>\n<p>Table des mati\u00e8res :<\/p>\n<ul>\n<li style=\"text-align: left;\">Tribulations d\u2019un architecte-po\u00e8te (Andr\u00e9 Rouelle)<\/li>\n<li style=\"text-align: left;\">\u2013 Jacques Gillet, architecte du sauvage et du fantastique (Xavier Van Rooyen)<\/li>\n<li style=\"text-align: left;\">\u2013 Maison-sculpture en Belgique par Jacques Gillet (Stephanie Van de Voorde)<\/li>\n<li style=\"text-align: left;\">\u2013 La maison en b\u00e9ton projet\u00e9. Conversation avec F\u00e9lix Roulin, sculpteur (David Roulin)<\/li>\n<li style=\"text-align: left;\">\u2013 Maison Gillet, commun\u00e9ment appel\u00e9e maison Sculpture (David Roulin)<\/li>\n<li style=\"text-align: left;\">\u2013 Entretien avec Bernard Herbecq et \u00c9ric Furn\u00e9mont (Xavier Van Rooyen)<\/li>\n<\/ul>\n","protected":false},"featured_media":621,"template":"","meta":{"_acf_changed":false},"product_brand":[],"product_cat":[15,27],"product_tag":[],"class_list":{"0":"post-642","1":"product","2":"type-product","3":"status-publish","4":"has-post-thumbnail","6":"product_cat-catalogue","7":"product_cat-gar-archives-architecture-archidoc","9":"first","10":"outofstock","11":"shipping-taxable","12":"purchasable","13":"product-type-simple"},"acf":[],"yoast_head":"<!-- This site is optimized with the Yoast SEO plugin v27.2 - https:\/\/yoast.com\/product\/yoast-seo-wordpress\/ -->\n<title>Archidoc #06 - Jacques Gillet Architagogue du fantastique - H\u00e9matomes<\/title>\n<meta name=\"robots\" content=\"index, follow, max-snippet:-1, max-image-preview:large, max-video-preview:-1\" \/>\n<link rel=\"canonical\" href=\"https:\/\/hematomes.be\/boutique\/catalogue\/archidoc-06-jacques-gillet-architagogue-du-fantastique\/\" \/>\n<meta property=\"og:locale\" content=\"en_US\" \/>\n<meta property=\"og:type\" content=\"article\" \/>\n<meta property=\"og:title\" content=\"Archidoc #06 - Jacques Gillet Architagogue du fantastique - H\u00e9matomes\" \/>\n<meta property=\"og:description\" content=\"Si l\u2019historiographie de la production de Jacques Gillet est largement domin\u00e9e par l\u2019aventure h\u00e9ro\u00efque de la \u00ab Maison sculpture \u00bb, elle reste largement lacunaire sur d\u2019autres pans fondamentaux du travail de l\u2019architecte. Certes, l\u2019analyse de la \u00ab Maison sculpture \u00bb occupe une place importante dans le livre, mais le projet \u00e9ditorial port\u00e9 par Andr\u00e9 Rouelle et Xavier Van Rooyen entend aller plus loin et se nourrir de l\u2019ensemble des archives d\u00e9pos\u00e9es par Jacques Gillet au GAR. L\u2019analyse de la production de Jacques Gillet, richement illustr\u00e9e, embrasse tant les premi\u00e8res r\u00e9alisations que les concours et projets avort\u00e9s. Une approche historique d\u00e9di\u00e9e \u00e0 la maison sculpture est en outre compl\u00e9t\u00e9e par une \u00e9tude sur les d\u00e9fis que pose la r\u00e9habilitation de cette oeuvre singuli\u00e8re. Pour prendre de la hauteur, une remise en perspective dans le contexte architectural et international de l\u2019\u00e9poque permet de situer la posture de Jacques Gillet comme praticien mais \u00e9galement comme p\u00e9dagogue. Le t\u00e9moignage est \u00e9galement un \u00e9l\u00e9ment fort qui traverse l\u2019ensemble du livre avec des interventions sensibles de celles et ceux qui ont c\u00f4toy\u00e9 Jacques Gillet. Jacques Gillet fut \u00e9galement un \u00ab transmetteur \u00bb, un porteur d\u2019id\u00e9aux qui ont durablement marqu\u00e9 plusieurs figures de l\u2019architecture belge. Le projet donne ainsi la parole \u00e0 \u00c9ric Furn\u00e9mont et \u00e0 Bernard Herbecq qui se sont inscrits dans les pas de Jacques Gillet tout en d\u00e9veloppant leur propre singularit\u00e9 tandis que de courts t\u00e9moignages de V\u00e9ronique Gillet et B\u00e9n\u00e9dicte Henry apportent un regard sensible et touchant sur Jacques Gillet, l\u2019architagogue du fantastique.  Table des mati\u00e8res :   Tribulations d\u2019un architecte-po\u00e8te (Andr\u00e9 Rouelle)  \u2013 Jacques Gillet, architecte du sauvage et du fantastique (Xavier Van Rooyen)  \u2013 Maison-sculpture en Belgique par Jacques Gillet (Stephanie Van de Voorde)  \u2013 La maison en b\u00e9ton projet\u00e9. Conversation avec F\u00e9lix Roulin, sculpteur (David Roulin)  \u2013 Maison Gillet, commun\u00e9ment appel\u00e9e maison Sculpture (David Roulin)  \u2013 Entretien avec Bernard Herbecq et \u00c9ric Furn\u00e9mont (Xavier Van Rooyen)\" \/>\n<meta property=\"og:url\" content=\"https:\/\/hematomes.be\/boutique\/catalogue\/archidoc-06-jacques-gillet-architagogue-du-fantastique\/\" \/>\n<meta property=\"og:site_name\" content=\"H\u00e9matomes\" \/>\n<meta property=\"article:modified_time\" content=\"2025-12-22T17:02:13+00:00\" \/>\n<meta property=\"og:image\" content=\"https:\/\/hematomes.be\/wp-content\/uploads\/2024\/04\/2022-09_Archidoc06_JG_Cover.jpg\" \/>\n\t<meta property=\"og:image:width\" content=\"960\" \/>\n\t<meta property=\"og:image:height\" content=\"1440\" \/>\n\t<meta property=\"og:image:type\" content=\"image\/jpeg\" \/>\n<meta name=\"twitter:card\" content=\"summary_large_image\" \/>\n<script type=\"application\/ld+json\" class=\"yoast-schema-graph\">{\"@context\":\"https:\/\/schema.org\",\"@graph\":[{\"@type\":\"WebPage\",\"@id\":\"https:\/\/hematomes.be\/boutique\/catalogue\/archidoc-06-jacques-gillet-architagogue-du-fantastique\/\",\"url\":\"https:\/\/hematomes.be\/boutique\/catalogue\/archidoc-06-jacques-gillet-architagogue-du-fantastique\/\",\"name\":\"Archidoc #06 - Jacques Gillet Architagogue du fantastique - H\u00e9matomes\",\"isPartOf\":{\"@id\":\"https:\/\/hematomes.be\/#website\"},\"primaryImageOfPage\":{\"@id\":\"https:\/\/hematomes.be\/boutique\/catalogue\/archidoc-06-jacques-gillet-architagogue-du-fantastique\/#primaryimage\"},\"image\":{\"@id\":\"https:\/\/hematomes.be\/boutique\/catalogue\/archidoc-06-jacques-gillet-architagogue-du-fantastique\/#primaryimage\"},\"thumbnailUrl\":\"https:\/\/hematomes.be\/wp-content\/uploads\/2024\/04\/2022-09_Archidoc06_JG_Cover.jpg\",\"datePublished\":\"2022-09-22T06:46:58+00:00\",\"dateModified\":\"2025-12-22T17:02:13+00:00\",\"breadcrumb\":{\"@id\":\"https:\/\/hematomes.be\/boutique\/catalogue\/archidoc-06-jacques-gillet-architagogue-du-fantastique\/#breadcrumb\"},\"inLanguage\":\"en-US\",\"potentialAction\":[{\"@type\":\"ReadAction\",\"target\":[\"https:\/\/hematomes.be\/boutique\/catalogue\/archidoc-06-jacques-gillet-architagogue-du-fantastique\/\"]}]},{\"@type\":\"ImageObject\",\"inLanguage\":\"en-US\",\"@id\":\"https:\/\/hematomes.be\/boutique\/catalogue\/archidoc-06-jacques-gillet-architagogue-du-fantastique\/#primaryimage\",\"url\":\"https:\/\/hematomes.be\/wp-content\/uploads\/2024\/04\/2022-09_Archidoc06_JG_Cover.jpg\",\"contentUrl\":\"https:\/\/hematomes.be\/wp-content\/uploads\/2024\/04\/2022-09_Archidoc06_JG_Cover.jpg\",\"width\":960,\"height\":1440},{\"@type\":\"BreadcrumbList\",\"@id\":\"https:\/\/hematomes.be\/boutique\/catalogue\/archidoc-06-jacques-gillet-architagogue-du-fantastique\/#breadcrumb\",\"itemListElement\":[{\"@type\":\"ListItem\",\"position\":1,\"name\":\"Accueil\",\"item\":\"https:\/\/hematomes.be\/en\/shop\/\"},{\"@type\":\"ListItem\",\"position\":2,\"name\":\"Shop\",\"item\":\"https:\/\/hematomes.be\/en\/shop\/\"},{\"@type\":\"ListItem\",\"position\":3,\"name\":\"Archidoc #06 &#8211; Jacques Gillet Architagogue du fantastique\"}]},{\"@type\":\"WebSite\",\"@id\":\"https:\/\/hematomes.be\/#website\",\"url\":\"https:\/\/hematomes.be\/\",\"name\":\"H\u00e9matomes\",\"description\":\"Une maison d&#039;\u00e9dition qui publie sur l&#039;art et tout autour.\",\"potentialAction\":[{\"@type\":\"SearchAction\",\"target\":{\"@type\":\"EntryPoint\",\"urlTemplate\":\"https:\/\/hematomes.be\/?s={search_term_string}\"},\"query-input\":{\"@type\":\"PropertyValueSpecification\",\"valueRequired\":true,\"valueName\":\"search_term_string\"}}],\"inLanguage\":\"en-US\"}]}<\/script>\n<!-- \/ Yoast SEO plugin. -->","yoast_head_json":{"title":"Archidoc #06 - Jacques Gillet Architagogue du fantastique - H\u00e9matomes","robots":{"index":"index","follow":"follow","max-snippet":"max-snippet:-1","max-image-preview":"max-image-preview:large","max-video-preview":"max-video-preview:-1"},"canonical":"https:\/\/hematomes.be\/boutique\/catalogue\/archidoc-06-jacques-gillet-architagogue-du-fantastique\/","og_locale":"en_US","og_type":"article","og_title":"Archidoc #06 - Jacques Gillet Architagogue du fantastique - H\u00e9matomes","og_description":"Si l\u2019historiographie de la production de Jacques Gillet est largement domin\u00e9e par l\u2019aventure h\u00e9ro\u00efque de la \u00ab Maison sculpture \u00bb, elle reste largement lacunaire sur d\u2019autres pans fondamentaux du travail de l\u2019architecte. Certes, l\u2019analyse de la \u00ab Maison sculpture \u00bb occupe une place importante dans le livre, mais le projet \u00e9ditorial port\u00e9 par Andr\u00e9 Rouelle et Xavier Van Rooyen entend aller plus loin et se nourrir de l\u2019ensemble des archives d\u00e9pos\u00e9es par Jacques Gillet au GAR. L\u2019analyse de la production de Jacques Gillet, richement illustr\u00e9e, embrasse tant les premi\u00e8res r\u00e9alisations que les concours et projets avort\u00e9s. Une approche historique d\u00e9di\u00e9e \u00e0 la maison sculpture est en outre compl\u00e9t\u00e9e par une \u00e9tude sur les d\u00e9fis que pose la r\u00e9habilitation de cette oeuvre singuli\u00e8re. Pour prendre de la hauteur, une remise en perspective dans le contexte architectural et international de l\u2019\u00e9poque permet de situer la posture de Jacques Gillet comme praticien mais \u00e9galement comme p\u00e9dagogue. Le t\u00e9moignage est \u00e9galement un \u00e9l\u00e9ment fort qui traverse l\u2019ensemble du livre avec des interventions sensibles de celles et ceux qui ont c\u00f4toy\u00e9 Jacques Gillet. Jacques Gillet fut \u00e9galement un \u00ab transmetteur \u00bb, un porteur d\u2019id\u00e9aux qui ont durablement marqu\u00e9 plusieurs figures de l\u2019architecture belge. Le projet donne ainsi la parole \u00e0 \u00c9ric Furn\u00e9mont et \u00e0 Bernard Herbecq qui se sont inscrits dans les pas de Jacques Gillet tout en d\u00e9veloppant leur propre singularit\u00e9 tandis que de courts t\u00e9moignages de V\u00e9ronique Gillet et B\u00e9n\u00e9dicte Henry apportent un regard sensible et touchant sur Jacques Gillet, l\u2019architagogue du fantastique.  Table des mati\u00e8res :   Tribulations d\u2019un architecte-po\u00e8te (Andr\u00e9 Rouelle)  \u2013 Jacques Gillet, architecte du sauvage et du fantastique (Xavier Van Rooyen)  \u2013 Maison-sculpture en Belgique par Jacques Gillet (Stephanie Van de Voorde)  \u2013 La maison en b\u00e9ton projet\u00e9. Conversation avec F\u00e9lix Roulin, sculpteur (David Roulin)  \u2013 Maison Gillet, commun\u00e9ment appel\u00e9e maison Sculpture (David Roulin)  \u2013 Entretien avec Bernard Herbecq et \u00c9ric Furn\u00e9mont (Xavier Van Rooyen)","og_url":"https:\/\/hematomes.be\/boutique\/catalogue\/archidoc-06-jacques-gillet-architagogue-du-fantastique\/","og_site_name":"H\u00e9matomes","article_modified_time":"2025-12-22T17:02:13+00:00","og_image":[{"width":960,"height":1440,"url":"https:\/\/hematomes.be\/wp-content\/uploads\/2024\/04\/2022-09_Archidoc06_JG_Cover.jpg","type":"image\/jpeg"}],"twitter_card":"summary_large_image","schema":{"@context":"https:\/\/schema.org","@graph":[{"@type":"WebPage","@id":"https:\/\/hematomes.be\/boutique\/catalogue\/archidoc-06-jacques-gillet-architagogue-du-fantastique\/","url":"https:\/\/hematomes.be\/boutique\/catalogue\/archidoc-06-jacques-gillet-architagogue-du-fantastique\/","name":"Archidoc #06 - Jacques Gillet Architagogue du fantastique - H\u00e9matomes","isPartOf":{"@id":"https:\/\/hematomes.be\/#website"},"primaryImageOfPage":{"@id":"https:\/\/hematomes.be\/boutique\/catalogue\/archidoc-06-jacques-gillet-architagogue-du-fantastique\/#primaryimage"},"image":{"@id":"https:\/\/hematomes.be\/boutique\/catalogue\/archidoc-06-jacques-gillet-architagogue-du-fantastique\/#primaryimage"},"thumbnailUrl":"https:\/\/hematomes.be\/wp-content\/uploads\/2024\/04\/2022-09_Archidoc06_JG_Cover.jpg","datePublished":"2022-09-22T06:46:58+00:00","dateModified":"2025-12-22T17:02:13+00:00","breadcrumb":{"@id":"https:\/\/hematomes.be\/boutique\/catalogue\/archidoc-06-jacques-gillet-architagogue-du-fantastique\/#breadcrumb"},"inLanguage":"en-US","potentialAction":[{"@type":"ReadAction","target":["https:\/\/hematomes.be\/boutique\/catalogue\/archidoc-06-jacques-gillet-architagogue-du-fantastique\/"]}]},{"@type":"ImageObject","inLanguage":"en-US","@id":"https:\/\/hematomes.be\/boutique\/catalogue\/archidoc-06-jacques-gillet-architagogue-du-fantastique\/#primaryimage","url":"https:\/\/hematomes.be\/wp-content\/uploads\/2024\/04\/2022-09_Archidoc06_JG_Cover.jpg","contentUrl":"https:\/\/hematomes.be\/wp-content\/uploads\/2024\/04\/2022-09_Archidoc06_JG_Cover.jpg","width":960,"height":1440},{"@type":"BreadcrumbList","@id":"https:\/\/hematomes.be\/boutique\/catalogue\/archidoc-06-jacques-gillet-architagogue-du-fantastique\/#breadcrumb","itemListElement":[{"@type":"ListItem","position":1,"name":"Accueil","item":"https:\/\/hematomes.be\/en\/shop\/"},{"@type":"ListItem","position":2,"name":"Shop","item":"https:\/\/hematomes.be\/en\/shop\/"},{"@type":"ListItem","position":3,"name":"Archidoc #06 &#8211; Jacques Gillet Architagogue du fantastique"}]},{"@type":"WebSite","@id":"https:\/\/hematomes.be\/#website","url":"https:\/\/hematomes.be\/","name":"H\u00e9matomes","description":"Une maison d&#039;\u00e9dition qui publie sur l&#039;art et tout autour.","potentialAction":[{"@type":"SearchAction","target":{"@type":"EntryPoint","urlTemplate":"https:\/\/hematomes.be\/?s={search_term_string}"},"query-input":{"@type":"PropertyValueSpecification","valueRequired":true,"valueName":"search_term_string"}}],"inLanguage":"en-US"}]}},"_links":{"self":[{"href":"https:\/\/hematomes.be\/en\/wp-json\/wp\/v2\/product\/642","targetHints":{"allow":["GET"]}}],"collection":[{"href":"https:\/\/hematomes.be\/en\/wp-json\/wp\/v2\/product"}],"about":[{"href":"https:\/\/hematomes.be\/en\/wp-json\/wp\/v2\/types\/product"}],"wp:featuredmedia":[{"embeddable":true,"href":"https:\/\/hematomes.be\/en\/wp-json\/wp\/v2\/media\/621"}],"wp:attachment":[{"href":"https:\/\/hematomes.be\/en\/wp-json\/wp\/v2\/media?parent=642"}],"wp:term":[{"taxonomy":"product_brand","embeddable":true,"href":"https:\/\/hematomes.be\/en\/wp-json\/wp\/v2\/product_brand?post=642"},{"taxonomy":"product_cat","embeddable":true,"href":"https:\/\/hematomes.be\/en\/wp-json\/wp\/v2\/product_cat?post=642"},{"taxonomy":"product_tag","embeddable":true,"href":"https:\/\/hematomes.be\/en\/wp-json\/wp\/v2\/product_tag?post=642"}],"curies":[{"name":"wp","href":"https:\/\/api.w.org\/{rel}","templated":true}]}}