{"id":643,"date":"2023-09-22T06:51:34","date_gmt":"2023-09-22T06:51:34","guid":{"rendered":"http:\/\/hematomes.nnstudio.pro\/?post_type=product&#038;p=643"},"modified":"2025-09-19T08:52:45","modified_gmt":"2025-09-19T08:52:45","slug":"archidoc-07-anne-rondia-architecte-et-paysagiste","status":"publish","type":"product","link":"https:\/\/hematomes.be\/en\/boutique\/catalog\/archidoc-07-anne-rondia-architecte-et-paysagiste\/","title":{"rendered":"Archidoc #07 &#8211; Anne Rondia architecte et paysagiste"},"content":{"rendered":"<div class=\"col-sm-4 col-sm-offset-2\">\n<p>Broch\u00e9 : 320 pages<br \/>\n\u00c9diteur : Groupe d\u2019ateliers de recherche \/ \u00c9cole sup\u00e9rieure des Arts de la Ville de Li\u00e8ge<br \/>\nDate d\u2019\u00e9dition : septembre 2023<br \/>\nCollection : Archidoc<br \/>\nDimensions : 190 x 148 mm \u00e0 la fran\u00e7aise<br \/>\nCouverture : papier 250 gr \u2013 Offset \u2013 blanc<br \/>\nImpression : Recto : quadrichromie \u2013 Verso : quadrichromie<br \/>\nPapier int\u00e9rieur : 115 gr\/m2 \u2013 couch\u00e9 demi-mat \u2013 blanc<br \/>\nImpression : Recto : quadrichromie \u2013 Verso : quadrichromie<br \/>\nTirage : 750 exemplaires<\/p>\n<\/div>\n","protected":false},"excerpt":{"rendered":"<p>Dirig\u00e9 par Marie Roosen, le livre articule son discours autour de trois axes principaux. Une introduction prend de la hauteur et d\u00e9finit tant la posture que la singularit\u00e9 d\u2019une approche dans sa globalit\u00e9. Le second se veut davantage biographique et d\u00e9taille d\u2019abord le parcours professionnel d\u2019Anne Rondia au sein de l\u2019administration de la Ville de Li\u00e8ge, l\u00e0 o\u00f9 elle a accompli l\u2019essentiel de sa carri\u00e8re. L\u00e0 o\u00f9 aussi elle a d\u00e9velopp\u00e9, avec son \u00e9quipe, les outils qui ont durablement marqu\u00e9 le paysage urbain. Le parcours au sein du monde acad\u00e9mique, d\u2019abord au sein de Saint-Luc, ensuite au sein de l\u2019universit\u00e9, t\u00e9moigne des h\u00e9ritages mais \u00e9galement de la transmission des enjeux fondamentaux que porte par la question des espaces publics. Le troisi\u00e8me axe s\u2019appuie sur le regard critique d\u2019auteurs qui analysent le \u00ab Processus \u00bb de conception de plusieurs lieux qu\u2019ils soient embl\u00e9matiques et constitutifs de notre connaissance commune de l\u2019espace public \u00e0 Li\u00e8ge ou plus modestes, parfois fr\u00e9quent\u00e9s \u00ab sans savoir que\u2026 \u00bb.<\/p>\n<p>La production de l\u2019architecte et paysagiste compte plus d\u2019une quarantaine de projets racont\u00e9s dans un inventaire r\u00e9alis\u00e9 et r\u00e9dig\u00e9 par Anne Rondia. L\u2019ensemble du livre est richement illustr\u00e9 de documents d\u2019archives, t\u00e9moignant des chemins de la conception jusqu\u2019\u00e0 la r\u00e9alisation. Des photographies de Marc Wendelski observent les lieux et les usages aujourd\u2019hui. Avec les contributions de :<\/p>\n<p>Aloys Beguin, Annie Boutefeu, Olivier Chadoin, Fabienne Courtejoie, Sophie Dawance, Serge Delaive, \u00c9l\u00e9onore Delecour, Vinciane Despret, Marc-Antoine Gavray, Jean-Marc Huygen, Sylviane Kech, Jean-Paul Laixhay, Lucie Lefebvre, Olivier Lepot, Sylvie Leroy, Karel Logist, Marijke Maes , Alain Malherbe, Rita Occhiuto, Virginie Pigeon, Alain Richard, Anne Rondia, Marie Roosen, Christine Ruelle, Edgar Tasia, C\u00e9cile Vandernoot et Yves Winkin.<\/p>\n","protected":false},"featured_media":628,"template":"","meta":{"_acf_changed":false},"product_brand":[],"product_cat":[15,27],"product_tag":[],"class_list":{"0":"post-643","1":"product","2":"type-product","3":"status-publish","4":"has-post-thumbnail","6":"product_cat-catalogue","7":"product_cat-gar-archives-architecture-archidoc","9":"first","10":"instock","11":"shipping-taxable","12":"purchasable","13":"product-type-simple"},"acf":[],"yoast_head":"<!-- This site is optimized with the Yoast SEO plugin v27.2 - https:\/\/yoast.com\/product\/yoast-seo-wordpress\/ -->\n<title>Archidoc #07 - Anne Rondia architecte et paysagiste - H\u00e9matomes<\/title>\n<meta name=\"robots\" content=\"index, follow, max-snippet:-1, max-image-preview:large, max-video-preview:-1\" \/>\n<link rel=\"canonical\" href=\"https:\/\/hematomes.be\/boutique\/catalogue\/gar\/archidoc-07-anne-rondia-architecte-et-paysagiste\/\" \/>\n<meta property=\"og:locale\" content=\"en_US\" \/>\n<meta property=\"og:type\" content=\"article\" \/>\n<meta property=\"og:title\" content=\"Archidoc #07 - Anne Rondia architecte et paysagiste - H\u00e9matomes\" \/>\n<meta property=\"og:description\" content=\"Dirig\u00e9 par Marie Roosen, le livre articule son discours autour de trois axes principaux. Une introduction prend de la hauteur et d\u00e9finit tant la posture que la singularit\u00e9 d\u2019une approche dans sa globalit\u00e9. Le second se veut davantage biographique et d\u00e9taille d\u2019abord le parcours professionnel d\u2019Anne Rondia au sein de l\u2019administration de la Ville de Li\u00e8ge, l\u00e0 o\u00f9 elle a accompli l\u2019essentiel de sa carri\u00e8re. L\u00e0 o\u00f9 aussi elle a d\u00e9velopp\u00e9, avec son \u00e9quipe, les outils qui ont durablement marqu\u00e9 le paysage urbain. Le parcours au sein du monde acad\u00e9mique, d\u2019abord au sein de Saint-Luc, ensuite au sein de l\u2019universit\u00e9, t\u00e9moigne des h\u00e9ritages mais \u00e9galement de la transmission des enjeux fondamentaux que porte par la question des espaces publics. Le troisi\u00e8me axe s\u2019appuie sur le regard critique d\u2019auteurs qui analysent le \u00ab Processus \u00bb de conception de plusieurs lieux qu\u2019ils soient embl\u00e9matiques et constitutifs de notre connaissance commune de l\u2019espace public \u00e0 Li\u00e8ge ou plus modestes, parfois fr\u00e9quent\u00e9s \u00ab sans savoir que\u2026 \u00bb.  La production de l\u2019architecte et paysagiste compte plus d\u2019une quarantaine de projets racont\u00e9s dans un inventaire r\u00e9alis\u00e9 et r\u00e9dig\u00e9 par Anne Rondia. L\u2019ensemble du livre est richement illustr\u00e9 de documents d\u2019archives, t\u00e9moignant des chemins de la conception jusqu\u2019\u00e0 la r\u00e9alisation. Des photographies de Marc Wendelski observent les lieux et les usages aujourd\u2019hui. Avec les contributions de :  Aloys Beguin, Annie Boutefeu, Olivier Chadoin, Fabienne Courtejoie, Sophie Dawance, Serge Delaive, \u00c9l\u00e9onore Delecour, Vinciane Despret, Marc-Antoine Gavray, Jean-Marc Huygen, Sylviane Kech, Jean-Paul Laixhay, Lucie Lefebvre, Olivier Lepot, Sylvie Leroy, Karel Logist, Marijke Maes , Alain Malherbe, Rita Occhiuto, Virginie Pigeon, Alain Richard, Anne Rondia, Marie Roosen, Christine Ruelle, Edgar Tasia, C\u00e9cile Vandernoot et Yves Winkin.\" \/>\n<meta property=\"og:url\" content=\"https:\/\/hematomes.be\/boutique\/catalogue\/gar\/archidoc-07-anne-rondia-architecte-et-paysagiste\/\" \/>\n<meta property=\"og:site_name\" content=\"H\u00e9matomes\" \/>\n<meta property=\"article:modified_time\" content=\"2025-09-19T08:52:45+00:00\" \/>\n<meta property=\"og:image\" content=\"https:\/\/hematomes.be\/wp-content\/uploads\/2024\/04\/2023-09_Archidoc07_AR_Cover.jpg\" \/>\n\t<meta property=\"og:image:width\" content=\"960\" \/>\n\t<meta property=\"og:image:height\" content=\"1440\" \/>\n\t<meta property=\"og:image:type\" content=\"image\/jpeg\" \/>\n<meta name=\"twitter:card\" content=\"summary_large_image\" \/>\n<script type=\"application\/ld+json\" class=\"yoast-schema-graph\">{\"@context\":\"https:\/\/schema.org\",\"@graph\":[{\"@type\":\"WebPage\",\"@id\":\"https:\/\/hematomes.be\/boutique\/catalogue\/gar\/archidoc-07-anne-rondia-architecte-et-paysagiste\/\",\"url\":\"https:\/\/hematomes.be\/boutique\/catalogue\/gar\/archidoc-07-anne-rondia-architecte-et-paysagiste\/\",\"name\":\"Archidoc #07 - Anne Rondia architecte et paysagiste - H\u00e9matomes\",\"isPartOf\":{\"@id\":\"https:\/\/hematomes.be\/#website\"},\"primaryImageOfPage\":{\"@id\":\"https:\/\/hematomes.be\/boutique\/catalogue\/gar\/archidoc-07-anne-rondia-architecte-et-paysagiste\/#primaryimage\"},\"image\":{\"@id\":\"https:\/\/hematomes.be\/boutique\/catalogue\/gar\/archidoc-07-anne-rondia-architecte-et-paysagiste\/#primaryimage\"},\"thumbnailUrl\":\"https:\/\/hematomes.be\/wp-content\/uploads\/2024\/04\/2023-09_Archidoc07_AR_Cover.jpg\",\"datePublished\":\"2023-09-22T06:51:34+00:00\",\"dateModified\":\"2025-09-19T08:52:45+00:00\",\"breadcrumb\":{\"@id\":\"https:\/\/hematomes.be\/boutique\/catalogue\/gar\/archidoc-07-anne-rondia-architecte-et-paysagiste\/#breadcrumb\"},\"inLanguage\":\"en-US\",\"potentialAction\":[{\"@type\":\"ReadAction\",\"target\":[\"https:\/\/hematomes.be\/boutique\/catalogue\/gar\/archidoc-07-anne-rondia-architecte-et-paysagiste\/\"]}]},{\"@type\":\"ImageObject\",\"inLanguage\":\"en-US\",\"@id\":\"https:\/\/hematomes.be\/boutique\/catalogue\/gar\/archidoc-07-anne-rondia-architecte-et-paysagiste\/#primaryimage\",\"url\":\"https:\/\/hematomes.be\/wp-content\/uploads\/2024\/04\/2023-09_Archidoc07_AR_Cover.jpg\",\"contentUrl\":\"https:\/\/hematomes.be\/wp-content\/uploads\/2024\/04\/2023-09_Archidoc07_AR_Cover.jpg\",\"width\":960,\"height\":1440},{\"@type\":\"BreadcrumbList\",\"@id\":\"https:\/\/hematomes.be\/boutique\/catalogue\/gar\/archidoc-07-anne-rondia-architecte-et-paysagiste\/#breadcrumb\",\"itemListElement\":[{\"@type\":\"ListItem\",\"position\":1,\"name\":\"Accueil\",\"item\":\"https:\/\/hematomes.be\/en\/shop\/\"},{\"@type\":\"ListItem\",\"position\":2,\"name\":\"Shop\",\"item\":\"https:\/\/hematomes.be\/en\/shop\/\"},{\"@type\":\"ListItem\",\"position\":3,\"name\":\"Archidoc #07 &#8211; Anne Rondia architecte et paysagiste\"}]},{\"@type\":\"WebSite\",\"@id\":\"https:\/\/hematomes.be\/#website\",\"url\":\"https:\/\/hematomes.be\/\",\"name\":\"H\u00e9matomes\",\"description\":\"Une maison d&#039;\u00e9dition qui publie sur l&#039;art et tout autour.\",\"potentialAction\":[{\"@type\":\"SearchAction\",\"target\":{\"@type\":\"EntryPoint\",\"urlTemplate\":\"https:\/\/hematomes.be\/?s={search_term_string}\"},\"query-input\":{\"@type\":\"PropertyValueSpecification\",\"valueRequired\":true,\"valueName\":\"search_term_string\"}}],\"inLanguage\":\"en-US\"}]}<\/script>\n<!-- \/ Yoast SEO plugin. -->","yoast_head_json":{"title":"Archidoc #07 - Anne Rondia architecte et paysagiste - H\u00e9matomes","robots":{"index":"index","follow":"follow","max-snippet":"max-snippet:-1","max-image-preview":"max-image-preview:large","max-video-preview":"max-video-preview:-1"},"canonical":"https:\/\/hematomes.be\/boutique\/catalogue\/gar\/archidoc-07-anne-rondia-architecte-et-paysagiste\/","og_locale":"en_US","og_type":"article","og_title":"Archidoc #07 - Anne Rondia architecte et paysagiste - H\u00e9matomes","og_description":"Dirig\u00e9 par Marie Roosen, le livre articule son discours autour de trois axes principaux. Une introduction prend de la hauteur et d\u00e9finit tant la posture que la singularit\u00e9 d\u2019une approche dans sa globalit\u00e9. Le second se veut davantage biographique et d\u00e9taille d\u2019abord le parcours professionnel d\u2019Anne Rondia au sein de l\u2019administration de la Ville de Li\u00e8ge, l\u00e0 o\u00f9 elle a accompli l\u2019essentiel de sa carri\u00e8re. L\u00e0 o\u00f9 aussi elle a d\u00e9velopp\u00e9, avec son \u00e9quipe, les outils qui ont durablement marqu\u00e9 le paysage urbain. Le parcours au sein du monde acad\u00e9mique, d\u2019abord au sein de Saint-Luc, ensuite au sein de l\u2019universit\u00e9, t\u00e9moigne des h\u00e9ritages mais \u00e9galement de la transmission des enjeux fondamentaux que porte par la question des espaces publics. Le troisi\u00e8me axe s\u2019appuie sur le regard critique d\u2019auteurs qui analysent le \u00ab Processus \u00bb de conception de plusieurs lieux qu\u2019ils soient embl\u00e9matiques et constitutifs de notre connaissance commune de l\u2019espace public \u00e0 Li\u00e8ge ou plus modestes, parfois fr\u00e9quent\u00e9s \u00ab sans savoir que\u2026 \u00bb.  La production de l\u2019architecte et paysagiste compte plus d\u2019une quarantaine de projets racont\u00e9s dans un inventaire r\u00e9alis\u00e9 et r\u00e9dig\u00e9 par Anne Rondia. L\u2019ensemble du livre est richement illustr\u00e9 de documents d\u2019archives, t\u00e9moignant des chemins de la conception jusqu\u2019\u00e0 la r\u00e9alisation. Des photographies de Marc Wendelski observent les lieux et les usages aujourd\u2019hui. Avec les contributions de :  Aloys Beguin, Annie Boutefeu, Olivier Chadoin, Fabienne Courtejoie, Sophie Dawance, Serge Delaive, \u00c9l\u00e9onore Delecour, Vinciane Despret, Marc-Antoine Gavray, Jean-Marc Huygen, Sylviane Kech, Jean-Paul Laixhay, Lucie Lefebvre, Olivier Lepot, Sylvie Leroy, Karel Logist, Marijke Maes , Alain Malherbe, Rita Occhiuto, Virginie Pigeon, Alain Richard, Anne Rondia, Marie Roosen, Christine Ruelle, Edgar Tasia, C\u00e9cile Vandernoot et Yves Winkin.","og_url":"https:\/\/hematomes.be\/boutique\/catalogue\/gar\/archidoc-07-anne-rondia-architecte-et-paysagiste\/","og_site_name":"H\u00e9matomes","article_modified_time":"2025-09-19T08:52:45+00:00","og_image":[{"width":960,"height":1440,"url":"https:\/\/hematomes.be\/wp-content\/uploads\/2024\/04\/2023-09_Archidoc07_AR_Cover.jpg","type":"image\/jpeg"}],"twitter_card":"summary_large_image","schema":{"@context":"https:\/\/schema.org","@graph":[{"@type":"WebPage","@id":"https:\/\/hematomes.be\/boutique\/catalogue\/gar\/archidoc-07-anne-rondia-architecte-et-paysagiste\/","url":"https:\/\/hematomes.be\/boutique\/catalogue\/gar\/archidoc-07-anne-rondia-architecte-et-paysagiste\/","name":"Archidoc #07 - Anne Rondia architecte et paysagiste - H\u00e9matomes","isPartOf":{"@id":"https:\/\/hematomes.be\/#website"},"primaryImageOfPage":{"@id":"https:\/\/hematomes.be\/boutique\/catalogue\/gar\/archidoc-07-anne-rondia-architecte-et-paysagiste\/#primaryimage"},"image":{"@id":"https:\/\/hematomes.be\/boutique\/catalogue\/gar\/archidoc-07-anne-rondia-architecte-et-paysagiste\/#primaryimage"},"thumbnailUrl":"https:\/\/hematomes.be\/wp-content\/uploads\/2024\/04\/2023-09_Archidoc07_AR_Cover.jpg","datePublished":"2023-09-22T06:51:34+00:00","dateModified":"2025-09-19T08:52:45+00:00","breadcrumb":{"@id":"https:\/\/hematomes.be\/boutique\/catalogue\/gar\/archidoc-07-anne-rondia-architecte-et-paysagiste\/#breadcrumb"},"inLanguage":"en-US","potentialAction":[{"@type":"ReadAction","target":["https:\/\/hematomes.be\/boutique\/catalogue\/gar\/archidoc-07-anne-rondia-architecte-et-paysagiste\/"]}]},{"@type":"ImageObject","inLanguage":"en-US","@id":"https:\/\/hematomes.be\/boutique\/catalogue\/gar\/archidoc-07-anne-rondia-architecte-et-paysagiste\/#primaryimage","url":"https:\/\/hematomes.be\/wp-content\/uploads\/2024\/04\/2023-09_Archidoc07_AR_Cover.jpg","contentUrl":"https:\/\/hematomes.be\/wp-content\/uploads\/2024\/04\/2023-09_Archidoc07_AR_Cover.jpg","width":960,"height":1440},{"@type":"BreadcrumbList","@id":"https:\/\/hematomes.be\/boutique\/catalogue\/gar\/archidoc-07-anne-rondia-architecte-et-paysagiste\/#breadcrumb","itemListElement":[{"@type":"ListItem","position":1,"name":"Accueil","item":"https:\/\/hematomes.be\/en\/shop\/"},{"@type":"ListItem","position":2,"name":"Shop","item":"https:\/\/hematomes.be\/en\/shop\/"},{"@type":"ListItem","position":3,"name":"Archidoc #07 &#8211; Anne Rondia architecte et paysagiste"}]},{"@type":"WebSite","@id":"https:\/\/hematomes.be\/#website","url":"https:\/\/hematomes.be\/","name":"H\u00e9matomes","description":"Une maison d&#039;\u00e9dition qui publie sur l&#039;art et tout autour.","potentialAction":[{"@type":"SearchAction","target":{"@type":"EntryPoint","urlTemplate":"https:\/\/hematomes.be\/?s={search_term_string}"},"query-input":{"@type":"PropertyValueSpecification","valueRequired":true,"valueName":"search_term_string"}}],"inLanguage":"en-US"}]}},"_links":{"self":[{"href":"https:\/\/hematomes.be\/en\/wp-json\/wp\/v2\/product\/643","targetHints":{"allow":["GET"]}}],"collection":[{"href":"https:\/\/hematomes.be\/en\/wp-json\/wp\/v2\/product"}],"about":[{"href":"https:\/\/hematomes.be\/en\/wp-json\/wp\/v2\/types\/product"}],"wp:featuredmedia":[{"embeddable":true,"href":"https:\/\/hematomes.be\/en\/wp-json\/wp\/v2\/media\/628"}],"wp:attachment":[{"href":"https:\/\/hematomes.be\/en\/wp-json\/wp\/v2\/media?parent=643"}],"wp:term":[{"taxonomy":"product_brand","embeddable":true,"href":"https:\/\/hematomes.be\/en\/wp-json\/wp\/v2\/product_brand?post=643"},{"taxonomy":"product_cat","embeddable":true,"href":"https:\/\/hematomes.be\/en\/wp-json\/wp\/v2\/product_cat?post=643"},{"taxonomy":"product_tag","embeddable":true,"href":"https:\/\/hematomes.be\/en\/wp-json\/wp\/v2\/product_tag?post=643"}],"curies":[{"name":"wp","href":"https:\/\/api.w.org\/{rel}","templated":true}]}}