{"id":666,"date":"2016-09-22T08:06:50","date_gmt":"2016-09-22T08:06:50","guid":{"rendered":"http:\/\/hematomes.nnstudio.pro\/?post_type=product&#038;p=666"},"modified":"2025-09-19T08:37:47","modified_gmt":"2025-09-19T08:37:47","slug":"visible-invisible-siege-central-du-c-p-a-s-2015-2016","status":"publish","type":"product","link":"https:\/\/hematomes.be\/en\/boutique\/catalog\/visible-invisible-siege-central-du-c-p-a-s-2015-2016\/","title":{"rendered":"Visible Invisible \u2014 Si\u00e8ge central du C.P.A.S., 2015-2016"},"content":{"rendered":"<p>Photographe\u00a0: G\u00e9lise, Laurent<br \/>\nPublication\u00a0: Li\u00e8ge, In Cit\u00e9 Mondi\u00a0; Bressoux, NNstudio, 2016<br \/>\nDescription mat\u00e9rielle\u00a0: 1 vol. (np.)\u00a0: ill. en coul, couv. ill. en coul.\u00a0; 17 cm<br \/>\nISBN\u00a0: 978-2-9601245-1-4<br \/>\nD\u00e9p\u00f4t l\u00e9gal\u00a0: septembre 2016<br \/>\nTextes : De Clerck, Alain \u2013 Hanique, Julie (SPACE Collection) \u2013 Monaco, Marc<br \/>\nImprimeur\u00a0: SNEL, Vottem (Belgique), 2016<br \/>\nTirage\u00a0: 300 exemplaires sur papier Jura 250 gr. et Magno Couch\u00e9 170 gr.<\/p>\n","protected":false},"excerpt":{"rendered":"<p>Laurent G\u00e9lise a men\u00e9 durant un an un travail de reportage dans les locaux et avec les employ\u00e9s du CPAS de la Place Saint-Jacques \u00e0 Li\u00e8ge. De bureau en bureau, il a photographi\u00e9 la pr\u00e9sence quotidienne, les corps, les environnements et les \u00e9chapp\u00e9es de celles et ceux qui y travaillent. Cet angle d\u2019attaque peu commun pour aborder les questions de l\u2019aide sociale, lui permet de r\u00e9sister \u00e0 tout sensationnalisme, \u00e0 tout mis\u00e9rabilisme, sans pour autant esquiver le c\u0153ur du probl\u00e8me. A travers les portraits de ces personnes concentr\u00e9es, \u00e0 travers les images de leurs bureaux en d\u00e9sordre, de leurs dossiers empil\u00e9s ou \u00e9parpill\u00e9s, des photos de famille pos\u00e9es \u00e0 c\u00f4t\u00e9 de l\u2019\u00e9cran, des fen\u00eatres et des plantes vertes, c\u2019est l\u2019humanit\u00e9 pr\u00e9sente et absente de ces institutions fondamentales pour la survie de la soci\u00e9t\u00e9 qui est approch\u00e9e. C\u2019est aussi la bureaucratie en tant que syst\u00e8me outrepassant les individus et le n\u00e9o-lib\u00e9ralisme invisible qui d\u00e9vore les moyens financiers et humains de ces endroits de la \u00ab derni\u00e8re chance \u00bb. C\u2019est surtout, \u2013 on peut l\u2019esp\u00e9rer \u2013 une humaine r\u00e9sistance, patiente et appliqu\u00e9e, pour atteindre \u00e0 cette Justice au-del\u00e0 des discours d\u2019aust\u00e9rit\u00e9 et des jugements \u00e0 l\u2019emporte-pi\u00e8ce qui, au cas par cas, tente de sauver les meubles.<\/p>\n<p>Ce livre, num\u00e9rot\u00e9 et sign\u00e9, constitue la trace de ce reportage.<\/p>\n","protected":false},"featured_media":631,"template":"","meta":{"_acf_changed":false},"product_brand":[],"product_cat":[15,41],"product_tag":[],"class_list":{"0":"post-666","1":"product","2":"type-product","3":"status-publish","4":"has-post-thumbnail","6":"product_cat-catalogue","7":"product_cat-livres-artistes-compte-auteur","9":"first","10":"instock","11":"shipping-taxable","12":"purchasable","13":"product-type-simple"},"acf":[],"yoast_head":"<!-- This site is optimized with the Yoast SEO plugin v27.2 - https:\/\/yoast.com\/product\/yoast-seo-wordpress\/ -->\n<title>Visible Invisible \u2014 Si\u00e8ge central du C.P.A.S., 2015-2016 - H\u00e9matomes<\/title>\n<meta name=\"robots\" content=\"index, follow, max-snippet:-1, max-image-preview:large, max-video-preview:-1\" \/>\n<link rel=\"canonical\" href=\"https:\/\/hematomes.be\/boutique\/catalogue\/visible-invisible-siege-central-du-c-p-a-s-2015-2016\/\" \/>\n<meta property=\"og:locale\" content=\"en_US\" \/>\n<meta property=\"og:type\" content=\"article\" \/>\n<meta property=\"og:title\" content=\"Visible Invisible \u2014 Si\u00e8ge central du C.P.A.S., 2015-2016 - H\u00e9matomes\" \/>\n<meta property=\"og:description\" content=\"Laurent G\u00e9lise a men\u00e9 durant un an un travail de reportage dans les locaux et avec les employ\u00e9s du CPAS de la Place Saint-Jacques \u00e0 Li\u00e8ge. De bureau en bureau, il a photographi\u00e9 la pr\u00e9sence quotidienne, les corps, les environnements et les \u00e9chapp\u00e9es de celles et ceux qui y travaillent. Cet angle d\u2019attaque peu commun pour aborder les questions de l\u2019aide sociale, lui permet de r\u00e9sister \u00e0 tout sensationnalisme, \u00e0 tout mis\u00e9rabilisme, sans pour autant esquiver le c\u0153ur du probl\u00e8me. A travers les portraits de ces personnes concentr\u00e9es, \u00e0 travers les images de leurs bureaux en d\u00e9sordre, de leurs dossiers empil\u00e9s ou \u00e9parpill\u00e9s, des photos de famille pos\u00e9es \u00e0 c\u00f4t\u00e9 de l\u2019\u00e9cran, des fen\u00eatres et des plantes vertes, c\u2019est l\u2019humanit\u00e9 pr\u00e9sente et absente de ces institutions fondamentales pour la survie de la soci\u00e9t\u00e9 qui est approch\u00e9e. C\u2019est aussi la bureaucratie en tant que syst\u00e8me outrepassant les individus et le n\u00e9o-lib\u00e9ralisme invisible qui d\u00e9vore les moyens financiers et humains de ces endroits de la \u00ab derni\u00e8re chance \u00bb. C\u2019est surtout, \u2013 on peut l\u2019esp\u00e9rer \u2013 une humaine r\u00e9sistance, patiente et appliqu\u00e9e, pour atteindre \u00e0 cette Justice au-del\u00e0 des discours d\u2019aust\u00e9rit\u00e9 et des jugements \u00e0 l\u2019emporte-pi\u00e8ce qui, au cas par cas, tente de sauver les meubles.  Ce livre, num\u00e9rot\u00e9 et sign\u00e9, constitue la trace de ce reportage.\" \/>\n<meta property=\"og:url\" content=\"https:\/\/hematomes.be\/boutique\/catalogue\/visible-invisible-siege-central-du-c-p-a-s-2015-2016\/\" \/>\n<meta property=\"og:site_name\" content=\"H\u00e9matomes\" \/>\n<meta property=\"article:modified_time\" content=\"2025-09-19T08:37:47+00:00\" \/>\n<meta property=\"og:image\" content=\"https:\/\/hematomes.be\/wp-content\/uploads\/2024\/04\/20240419120918_00001.jpg\" \/>\n\t<meta property=\"og:image:width\" content=\"960\" \/>\n\t<meta property=\"og:image:height\" content=\"1440\" \/>\n\t<meta property=\"og:image:type\" content=\"image\/jpeg\" \/>\n<meta name=\"twitter:card\" content=\"summary_large_image\" \/>\n<script type=\"application\/ld+json\" class=\"yoast-schema-graph\">{\"@context\":\"https:\/\/schema.org\",\"@graph\":[{\"@type\":\"WebPage\",\"@id\":\"https:\/\/hematomes.be\/boutique\/catalogue\/visible-invisible-siege-central-du-c-p-a-s-2015-2016\/\",\"url\":\"https:\/\/hematomes.be\/boutique\/catalogue\/visible-invisible-siege-central-du-c-p-a-s-2015-2016\/\",\"name\":\"Visible Invisible \u2014 Si\u00e8ge central du C.P.A.S., 2015-2016 - H\u00e9matomes\",\"isPartOf\":{\"@id\":\"https:\/\/hematomes.be\/#website\"},\"primaryImageOfPage\":{\"@id\":\"https:\/\/hematomes.be\/boutique\/catalogue\/visible-invisible-siege-central-du-c-p-a-s-2015-2016\/#primaryimage\"},\"image\":{\"@id\":\"https:\/\/hematomes.be\/boutique\/catalogue\/visible-invisible-siege-central-du-c-p-a-s-2015-2016\/#primaryimage\"},\"thumbnailUrl\":\"https:\/\/hematomes.be\/wp-content\/uploads\/2024\/04\/20240419120918_00001.jpg\",\"datePublished\":\"2016-09-22T08:06:50+00:00\",\"dateModified\":\"2025-09-19T08:37:47+00:00\",\"breadcrumb\":{\"@id\":\"https:\/\/hematomes.be\/boutique\/catalogue\/visible-invisible-siege-central-du-c-p-a-s-2015-2016\/#breadcrumb\"},\"inLanguage\":\"en-US\",\"potentialAction\":[{\"@type\":\"ReadAction\",\"target\":[\"https:\/\/hematomes.be\/boutique\/catalogue\/visible-invisible-siege-central-du-c-p-a-s-2015-2016\/\"]}]},{\"@type\":\"ImageObject\",\"inLanguage\":\"en-US\",\"@id\":\"https:\/\/hematomes.be\/boutique\/catalogue\/visible-invisible-siege-central-du-c-p-a-s-2015-2016\/#primaryimage\",\"url\":\"https:\/\/hematomes.be\/wp-content\/uploads\/2024\/04\/20240419120918_00001.jpg\",\"contentUrl\":\"https:\/\/hematomes.be\/wp-content\/uploads\/2024\/04\/20240419120918_00001.jpg\",\"width\":960,\"height\":1440},{\"@type\":\"BreadcrumbList\",\"@id\":\"https:\/\/hematomes.be\/boutique\/catalogue\/visible-invisible-siege-central-du-c-p-a-s-2015-2016\/#breadcrumb\",\"itemListElement\":[{\"@type\":\"ListItem\",\"position\":1,\"name\":\"Accueil\",\"item\":\"https:\/\/hematomes.be\/en\/shop\/\"},{\"@type\":\"ListItem\",\"position\":2,\"name\":\"Shop\",\"item\":\"https:\/\/hematomes.be\/en\/shop\/\"},{\"@type\":\"ListItem\",\"position\":3,\"name\":\"Visible Invisible \u2014 Si\u00e8ge central du C.P.A.S., 2015-2016\"}]},{\"@type\":\"WebSite\",\"@id\":\"https:\/\/hematomes.be\/#website\",\"url\":\"https:\/\/hematomes.be\/\",\"name\":\"H\u00e9matomes\",\"description\":\"Une maison d&#039;\u00e9dition qui publie sur l&#039;art et tout autour.\",\"potentialAction\":[{\"@type\":\"SearchAction\",\"target\":{\"@type\":\"EntryPoint\",\"urlTemplate\":\"https:\/\/hematomes.be\/?s={search_term_string}\"},\"query-input\":{\"@type\":\"PropertyValueSpecification\",\"valueRequired\":true,\"valueName\":\"search_term_string\"}}],\"inLanguage\":\"en-US\"}]}<\/script>\n<!-- \/ Yoast SEO plugin. -->","yoast_head_json":{"title":"Visible Invisible \u2014 Si\u00e8ge central du C.P.A.S., 2015-2016 - H\u00e9matomes","robots":{"index":"index","follow":"follow","max-snippet":"max-snippet:-1","max-image-preview":"max-image-preview:large","max-video-preview":"max-video-preview:-1"},"canonical":"https:\/\/hematomes.be\/boutique\/catalogue\/visible-invisible-siege-central-du-c-p-a-s-2015-2016\/","og_locale":"en_US","og_type":"article","og_title":"Visible Invisible \u2014 Si\u00e8ge central du C.P.A.S., 2015-2016 - H\u00e9matomes","og_description":"Laurent G\u00e9lise a men\u00e9 durant un an un travail de reportage dans les locaux et avec les employ\u00e9s du CPAS de la Place Saint-Jacques \u00e0 Li\u00e8ge. De bureau en bureau, il a photographi\u00e9 la pr\u00e9sence quotidienne, les corps, les environnements et les \u00e9chapp\u00e9es de celles et ceux qui y travaillent. Cet angle d\u2019attaque peu commun pour aborder les questions de l\u2019aide sociale, lui permet de r\u00e9sister \u00e0 tout sensationnalisme, \u00e0 tout mis\u00e9rabilisme, sans pour autant esquiver le c\u0153ur du probl\u00e8me. A travers les portraits de ces personnes concentr\u00e9es, \u00e0 travers les images de leurs bureaux en d\u00e9sordre, de leurs dossiers empil\u00e9s ou \u00e9parpill\u00e9s, des photos de famille pos\u00e9es \u00e0 c\u00f4t\u00e9 de l\u2019\u00e9cran, des fen\u00eatres et des plantes vertes, c\u2019est l\u2019humanit\u00e9 pr\u00e9sente et absente de ces institutions fondamentales pour la survie de la soci\u00e9t\u00e9 qui est approch\u00e9e. C\u2019est aussi la bureaucratie en tant que syst\u00e8me outrepassant les individus et le n\u00e9o-lib\u00e9ralisme invisible qui d\u00e9vore les moyens financiers et humains de ces endroits de la \u00ab derni\u00e8re chance \u00bb. C\u2019est surtout, \u2013 on peut l\u2019esp\u00e9rer \u2013 une humaine r\u00e9sistance, patiente et appliqu\u00e9e, pour atteindre \u00e0 cette Justice au-del\u00e0 des discours d\u2019aust\u00e9rit\u00e9 et des jugements \u00e0 l\u2019emporte-pi\u00e8ce qui, au cas par cas, tente de sauver les meubles.  Ce livre, num\u00e9rot\u00e9 et sign\u00e9, constitue la trace de ce reportage.","og_url":"https:\/\/hematomes.be\/boutique\/catalogue\/visible-invisible-siege-central-du-c-p-a-s-2015-2016\/","og_site_name":"H\u00e9matomes","article_modified_time":"2025-09-19T08:37:47+00:00","og_image":[{"width":960,"height":1440,"url":"https:\/\/hematomes.be\/wp-content\/uploads\/2024\/04\/20240419120918_00001.jpg","type":"image\/jpeg"}],"twitter_card":"summary_large_image","schema":{"@context":"https:\/\/schema.org","@graph":[{"@type":"WebPage","@id":"https:\/\/hematomes.be\/boutique\/catalogue\/visible-invisible-siege-central-du-c-p-a-s-2015-2016\/","url":"https:\/\/hematomes.be\/boutique\/catalogue\/visible-invisible-siege-central-du-c-p-a-s-2015-2016\/","name":"Visible Invisible \u2014 Si\u00e8ge central du C.P.A.S., 2015-2016 - H\u00e9matomes","isPartOf":{"@id":"https:\/\/hematomes.be\/#website"},"primaryImageOfPage":{"@id":"https:\/\/hematomes.be\/boutique\/catalogue\/visible-invisible-siege-central-du-c-p-a-s-2015-2016\/#primaryimage"},"image":{"@id":"https:\/\/hematomes.be\/boutique\/catalogue\/visible-invisible-siege-central-du-c-p-a-s-2015-2016\/#primaryimage"},"thumbnailUrl":"https:\/\/hematomes.be\/wp-content\/uploads\/2024\/04\/20240419120918_00001.jpg","datePublished":"2016-09-22T08:06:50+00:00","dateModified":"2025-09-19T08:37:47+00:00","breadcrumb":{"@id":"https:\/\/hematomes.be\/boutique\/catalogue\/visible-invisible-siege-central-du-c-p-a-s-2015-2016\/#breadcrumb"},"inLanguage":"en-US","potentialAction":[{"@type":"ReadAction","target":["https:\/\/hematomes.be\/boutique\/catalogue\/visible-invisible-siege-central-du-c-p-a-s-2015-2016\/"]}]},{"@type":"ImageObject","inLanguage":"en-US","@id":"https:\/\/hematomes.be\/boutique\/catalogue\/visible-invisible-siege-central-du-c-p-a-s-2015-2016\/#primaryimage","url":"https:\/\/hematomes.be\/wp-content\/uploads\/2024\/04\/20240419120918_00001.jpg","contentUrl":"https:\/\/hematomes.be\/wp-content\/uploads\/2024\/04\/20240419120918_00001.jpg","width":960,"height":1440},{"@type":"BreadcrumbList","@id":"https:\/\/hematomes.be\/boutique\/catalogue\/visible-invisible-siege-central-du-c-p-a-s-2015-2016\/#breadcrumb","itemListElement":[{"@type":"ListItem","position":1,"name":"Accueil","item":"https:\/\/hematomes.be\/en\/shop\/"},{"@type":"ListItem","position":2,"name":"Shop","item":"https:\/\/hematomes.be\/en\/shop\/"},{"@type":"ListItem","position":3,"name":"Visible Invisible \u2014 Si\u00e8ge central du C.P.A.S., 2015-2016"}]},{"@type":"WebSite","@id":"https:\/\/hematomes.be\/#website","url":"https:\/\/hematomes.be\/","name":"H\u00e9matomes","description":"Une maison d&#039;\u00e9dition qui publie sur l&#039;art et tout autour.","potentialAction":[{"@type":"SearchAction","target":{"@type":"EntryPoint","urlTemplate":"https:\/\/hematomes.be\/?s={search_term_string}"},"query-input":{"@type":"PropertyValueSpecification","valueRequired":true,"valueName":"search_term_string"}}],"inLanguage":"en-US"}]}},"_links":{"self":[{"href":"https:\/\/hematomes.be\/en\/wp-json\/wp\/v2\/product\/666","targetHints":{"allow":["GET"]}}],"collection":[{"href":"https:\/\/hematomes.be\/en\/wp-json\/wp\/v2\/product"}],"about":[{"href":"https:\/\/hematomes.be\/en\/wp-json\/wp\/v2\/types\/product"}],"wp:featuredmedia":[{"embeddable":true,"href":"https:\/\/hematomes.be\/en\/wp-json\/wp\/v2\/media\/631"}],"wp:attachment":[{"href":"https:\/\/hematomes.be\/en\/wp-json\/wp\/v2\/media?parent=666"}],"wp:term":[{"taxonomy":"product_brand","embeddable":true,"href":"https:\/\/hematomes.be\/en\/wp-json\/wp\/v2\/product_brand?post=666"},{"taxonomy":"product_cat","embeddable":true,"href":"https:\/\/hematomes.be\/en\/wp-json\/wp\/v2\/product_cat?post=666"},{"taxonomy":"product_tag","embeddable":true,"href":"https:\/\/hematomes.be\/en\/wp-json\/wp\/v2\/product_tag?post=666"}],"curies":[{"name":"wp","href":"https:\/\/api.w.org\/{rel}","templated":true}]}}