{"id":675,"date":"2015-09-22T09:31:49","date_gmt":"2015-09-22T09:31:49","guid":{"rendered":"http:\/\/hematomes.nnstudio.pro\/?post_type=product&#038;p=675"},"modified":"2025-09-19T08:49:44","modified_gmt":"2025-09-19T08:49:44","slug":"derivations-1-la-place-cockerill","status":"publish","type":"product","link":"https:\/\/hematomes.be\/en\/boutique\/catalog\/derivations-1-la-place-cockerill\/","title":{"rendered":"D\u00e9rivations 1 &#8211; La Place Cockerill"},"content":{"rendered":"","protected":false},"excerpt":{"rendered":"<p>Le premier num\u00e9ro de la revue D\u00e9rivation est n\u00e9 autour de la mobilisation contre un projet de parking souterrain, dans une place bien connue de Li\u00e8ge. On y trouve tout ceci : Place Cockerill, Parking, Marolles, Voiture sans conducteur, Maastricht, cin\u00e9ma de quartier, RAVeL, Matador, FEDER, D\u00e9molition de Droixhe, Spectacle, Fran\u00e7oise Choay. Avec des contributions de Pierre Geurts, Caroline Lamarche, Fran\u00e7ois Schreuer, Henri Baneux, Marie Schippers, Mimo Basmadjian, Pierre Morel, Albert Mertens, H\u00e9l\u00e8ne Van Ngoc, Gwena\u00ebl Br\u00ebes, Laure Terwagne, Antoine Faja, Liesbeth De Jong, Pierre Arnould, Marino Carnevale, Nicolas Bomal, Kim Bouvy, Aurore Lef\u00e8vre, Harald Franssen, Jean-Pierre Collignon, Mathilde Collin, Alfonso Vigliotti, Baptiste Delhauteur, S\u00e9bastien Charlier, Thomas Moor, Alain Leens, Christian Br\u00e9da, Laurent Nisen, Pascal Leclercq, Georges-Eric Lantair, Luca Piddiu, J\u00e9r\u00e9my Frontin, Mathilde Collin, Olivier Verschueren, Nicole Van Enis, Emmanuel Pecqueux, Herv\u00e9 Loop et Marie Meurice.<\/p>\n","protected":false},"featured_media":603,"template":"","meta":{"_acf_changed":false},"product_brand":[],"product_cat":[15,26],"product_tag":[],"class_list":{"0":"post-675","1":"product","2":"type-product","3":"status-publish","4":"has-post-thumbnail","6":"product_cat-catalogue","7":"product_cat-revue-derivations","9":"first","10":"outofstock","11":"shipping-taxable","12":"purchasable","13":"product-type-simple"},"acf":[],"yoast_head":"<!-- This site is optimized with the Yoast SEO plugin v27.2 - https:\/\/yoast.com\/product\/yoast-seo-wordpress\/ -->\n<title>D\u00e9rivations 1 - La Place Cockerill - H\u00e9matomes<\/title>\n<meta name=\"robots\" content=\"index, follow, max-snippet:-1, max-image-preview:large, max-video-preview:-1\" \/>\n<link rel=\"canonical\" href=\"https:\/\/hematomes.be\/boutique\/catalogue\/derivations\/derivations-1-la-place-cockerill\/\" \/>\n<meta property=\"og:locale\" content=\"en_US\" \/>\n<meta property=\"og:type\" content=\"article\" \/>\n<meta property=\"og:title\" content=\"D\u00e9rivations 1 - La Place Cockerill - H\u00e9matomes\" \/>\n<meta property=\"og:description\" content=\"Le premier num\u00e9ro de la revue D\u00e9rivation est n\u00e9 autour de la mobilisation contre un projet de parking souterrain, dans une place bien connue de Li\u00e8ge. On y trouve tout ceci : Place Cockerill, Parking, Marolles, Voiture sans conducteur, Maastricht, cin\u00e9ma de quartier, RAVeL, Matador, FEDER, D\u00e9molition de Droixhe, Spectacle, Fran\u00e7oise Choay. Avec des contributions de Pierre Geurts, Caroline Lamarche, Fran\u00e7ois Schreuer, Henri Baneux, Marie Schippers, Mimo Basmadjian, Pierre Morel, Albert Mertens, H\u00e9l\u00e8ne Van Ngoc, Gwena\u00ebl Br\u00ebes, Laure Terwagne, Antoine Faja, Liesbeth De Jong, Pierre Arnould, Marino Carnevale, Nicolas Bomal, Kim Bouvy, Aurore Lef\u00e8vre, Harald Franssen, Jean-Pierre Collignon, Mathilde Collin, Alfonso Vigliotti, Baptiste Delhauteur, S\u00e9bastien Charlier, Thomas Moor, Alain Leens, Christian Br\u00e9da, Laurent Nisen, Pascal Leclercq, Georges-Eric Lantair, Luca Piddiu, J\u00e9r\u00e9my Frontin, Mathilde Collin, Olivier Verschueren, Nicole Van Enis, Emmanuel Pecqueux, Herv\u00e9 Loop et Marie Meurice.\" \/>\n<meta property=\"og:url\" content=\"https:\/\/hematomes.be\/boutique\/catalogue\/derivations\/derivations-1-la-place-cockerill\/\" \/>\n<meta property=\"og:site_name\" content=\"H\u00e9matomes\" \/>\n<meta property=\"article:modified_time\" content=\"2025-09-19T08:49:44+00:00\" \/>\n<meta property=\"og:image\" content=\"https:\/\/hematomes.be\/wp-content\/uploads\/2024\/04\/2015-09_Derivations1_Cover.jpg\" \/>\n\t<meta property=\"og:image:width\" content=\"960\" \/>\n\t<meta property=\"og:image:height\" content=\"1440\" \/>\n\t<meta property=\"og:image:type\" content=\"image\/jpeg\" \/>\n<meta name=\"twitter:card\" content=\"summary_large_image\" \/>\n<script type=\"application\/ld+json\" class=\"yoast-schema-graph\">{\"@context\":\"https:\/\/schema.org\",\"@graph\":[{\"@type\":\"WebPage\",\"@id\":\"https:\/\/hematomes.be\/boutique\/catalogue\/derivations\/derivations-1-la-place-cockerill\/\",\"url\":\"https:\/\/hematomes.be\/boutique\/catalogue\/derivations\/derivations-1-la-place-cockerill\/\",\"name\":\"D\u00e9rivations 1 - La Place Cockerill - H\u00e9matomes\",\"isPartOf\":{\"@id\":\"https:\/\/hematomes.be\/#website\"},\"primaryImageOfPage\":{\"@id\":\"https:\/\/hematomes.be\/boutique\/catalogue\/derivations\/derivations-1-la-place-cockerill\/#primaryimage\"},\"image\":{\"@id\":\"https:\/\/hematomes.be\/boutique\/catalogue\/derivations\/derivations-1-la-place-cockerill\/#primaryimage\"},\"thumbnailUrl\":\"https:\/\/hematomes.be\/wp-content\/uploads\/2024\/04\/2015-09_Derivations1_Cover.jpg\",\"datePublished\":\"2015-09-22T09:31:49+00:00\",\"dateModified\":\"2025-09-19T08:49:44+00:00\",\"breadcrumb\":{\"@id\":\"https:\/\/hematomes.be\/boutique\/catalogue\/derivations\/derivations-1-la-place-cockerill\/#breadcrumb\"},\"inLanguage\":\"en-US\",\"potentialAction\":[{\"@type\":\"ReadAction\",\"target\":[\"https:\/\/hematomes.be\/boutique\/catalogue\/derivations\/derivations-1-la-place-cockerill\/\"]}]},{\"@type\":\"ImageObject\",\"inLanguage\":\"en-US\",\"@id\":\"https:\/\/hematomes.be\/boutique\/catalogue\/derivations\/derivations-1-la-place-cockerill\/#primaryimage\",\"url\":\"https:\/\/hematomes.be\/wp-content\/uploads\/2024\/04\/2015-09_Derivations1_Cover.jpg\",\"contentUrl\":\"https:\/\/hematomes.be\/wp-content\/uploads\/2024\/04\/2015-09_Derivations1_Cover.jpg\",\"width\":960,\"height\":1440},{\"@type\":\"BreadcrumbList\",\"@id\":\"https:\/\/hematomes.be\/boutique\/catalogue\/derivations\/derivations-1-la-place-cockerill\/#breadcrumb\",\"itemListElement\":[{\"@type\":\"ListItem\",\"position\":1,\"name\":\"Accueil\",\"item\":\"https:\/\/hematomes.be\/en\/shop\/\"},{\"@type\":\"ListItem\",\"position\":2,\"name\":\"Shop\",\"item\":\"https:\/\/hematomes.be\/en\/shop\/\"},{\"@type\":\"ListItem\",\"position\":3,\"name\":\"D\u00e9rivations 1 &#8211; La Place Cockerill\"}]},{\"@type\":\"WebSite\",\"@id\":\"https:\/\/hematomes.be\/#website\",\"url\":\"https:\/\/hematomes.be\/\",\"name\":\"H\u00e9matomes\",\"description\":\"Une maison d&#039;\u00e9dition qui publie sur l&#039;art et tout autour.\",\"potentialAction\":[{\"@type\":\"SearchAction\",\"target\":{\"@type\":\"EntryPoint\",\"urlTemplate\":\"https:\/\/hematomes.be\/?s={search_term_string}\"},\"query-input\":{\"@type\":\"PropertyValueSpecification\",\"valueRequired\":true,\"valueName\":\"search_term_string\"}}],\"inLanguage\":\"en-US\"}]}<\/script>\n<!-- \/ Yoast SEO plugin. -->","yoast_head_json":{"title":"D\u00e9rivations 1 - La Place Cockerill - H\u00e9matomes","robots":{"index":"index","follow":"follow","max-snippet":"max-snippet:-1","max-image-preview":"max-image-preview:large","max-video-preview":"max-video-preview:-1"},"canonical":"https:\/\/hematomes.be\/boutique\/catalogue\/derivations\/derivations-1-la-place-cockerill\/","og_locale":"en_US","og_type":"article","og_title":"D\u00e9rivations 1 - La Place Cockerill - H\u00e9matomes","og_description":"Le premier num\u00e9ro de la revue D\u00e9rivation est n\u00e9 autour de la mobilisation contre un projet de parking souterrain, dans une place bien connue de Li\u00e8ge. On y trouve tout ceci : Place Cockerill, Parking, Marolles, Voiture sans conducteur, Maastricht, cin\u00e9ma de quartier, RAVeL, Matador, FEDER, D\u00e9molition de Droixhe, Spectacle, Fran\u00e7oise Choay. Avec des contributions de Pierre Geurts, Caroline Lamarche, Fran\u00e7ois Schreuer, Henri Baneux, Marie Schippers, Mimo Basmadjian, Pierre Morel, Albert Mertens, H\u00e9l\u00e8ne Van Ngoc, Gwena\u00ebl Br\u00ebes, Laure Terwagne, Antoine Faja, Liesbeth De Jong, Pierre Arnould, Marino Carnevale, Nicolas Bomal, Kim Bouvy, Aurore Lef\u00e8vre, Harald Franssen, Jean-Pierre Collignon, Mathilde Collin, Alfonso Vigliotti, Baptiste Delhauteur, S\u00e9bastien Charlier, Thomas Moor, Alain Leens, Christian Br\u00e9da, Laurent Nisen, Pascal Leclercq, Georges-Eric Lantair, Luca Piddiu, J\u00e9r\u00e9my Frontin, Mathilde Collin, Olivier Verschueren, Nicole Van Enis, Emmanuel Pecqueux, Herv\u00e9 Loop et Marie Meurice.","og_url":"https:\/\/hematomes.be\/boutique\/catalogue\/derivations\/derivations-1-la-place-cockerill\/","og_site_name":"H\u00e9matomes","article_modified_time":"2025-09-19T08:49:44+00:00","og_image":[{"width":960,"height":1440,"url":"https:\/\/hematomes.be\/wp-content\/uploads\/2024\/04\/2015-09_Derivations1_Cover.jpg","type":"image\/jpeg"}],"twitter_card":"summary_large_image","schema":{"@context":"https:\/\/schema.org","@graph":[{"@type":"WebPage","@id":"https:\/\/hematomes.be\/boutique\/catalogue\/derivations\/derivations-1-la-place-cockerill\/","url":"https:\/\/hematomes.be\/boutique\/catalogue\/derivations\/derivations-1-la-place-cockerill\/","name":"D\u00e9rivations 1 - La Place Cockerill - H\u00e9matomes","isPartOf":{"@id":"https:\/\/hematomes.be\/#website"},"primaryImageOfPage":{"@id":"https:\/\/hematomes.be\/boutique\/catalogue\/derivations\/derivations-1-la-place-cockerill\/#primaryimage"},"image":{"@id":"https:\/\/hematomes.be\/boutique\/catalogue\/derivations\/derivations-1-la-place-cockerill\/#primaryimage"},"thumbnailUrl":"https:\/\/hematomes.be\/wp-content\/uploads\/2024\/04\/2015-09_Derivations1_Cover.jpg","datePublished":"2015-09-22T09:31:49+00:00","dateModified":"2025-09-19T08:49:44+00:00","breadcrumb":{"@id":"https:\/\/hematomes.be\/boutique\/catalogue\/derivations\/derivations-1-la-place-cockerill\/#breadcrumb"},"inLanguage":"en-US","potentialAction":[{"@type":"ReadAction","target":["https:\/\/hematomes.be\/boutique\/catalogue\/derivations\/derivations-1-la-place-cockerill\/"]}]},{"@type":"ImageObject","inLanguage":"en-US","@id":"https:\/\/hematomes.be\/boutique\/catalogue\/derivations\/derivations-1-la-place-cockerill\/#primaryimage","url":"https:\/\/hematomes.be\/wp-content\/uploads\/2024\/04\/2015-09_Derivations1_Cover.jpg","contentUrl":"https:\/\/hematomes.be\/wp-content\/uploads\/2024\/04\/2015-09_Derivations1_Cover.jpg","width":960,"height":1440},{"@type":"BreadcrumbList","@id":"https:\/\/hematomes.be\/boutique\/catalogue\/derivations\/derivations-1-la-place-cockerill\/#breadcrumb","itemListElement":[{"@type":"ListItem","position":1,"name":"Accueil","item":"https:\/\/hematomes.be\/en\/shop\/"},{"@type":"ListItem","position":2,"name":"Shop","item":"https:\/\/hematomes.be\/en\/shop\/"},{"@type":"ListItem","position":3,"name":"D\u00e9rivations 1 &#8211; La Place Cockerill"}]},{"@type":"WebSite","@id":"https:\/\/hematomes.be\/#website","url":"https:\/\/hematomes.be\/","name":"H\u00e9matomes","description":"Une maison d&#039;\u00e9dition qui publie sur l&#039;art et tout autour.","potentialAction":[{"@type":"SearchAction","target":{"@type":"EntryPoint","urlTemplate":"https:\/\/hematomes.be\/?s={search_term_string}"},"query-input":{"@type":"PropertyValueSpecification","valueRequired":true,"valueName":"search_term_string"}}],"inLanguage":"en-US"}]}},"_links":{"self":[{"href":"https:\/\/hematomes.be\/en\/wp-json\/wp\/v2\/product\/675","targetHints":{"allow":["GET"]}}],"collection":[{"href":"https:\/\/hematomes.be\/en\/wp-json\/wp\/v2\/product"}],"about":[{"href":"https:\/\/hematomes.be\/en\/wp-json\/wp\/v2\/types\/product"}],"wp:featuredmedia":[{"embeddable":true,"href":"https:\/\/hematomes.be\/en\/wp-json\/wp\/v2\/media\/603"}],"wp:attachment":[{"href":"https:\/\/hematomes.be\/en\/wp-json\/wp\/v2\/media?parent=675"}],"wp:term":[{"taxonomy":"product_brand","embeddable":true,"href":"https:\/\/hematomes.be\/en\/wp-json\/wp\/v2\/product_brand?post=675"},{"taxonomy":"product_cat","embeddable":true,"href":"https:\/\/hematomes.be\/en\/wp-json\/wp\/v2\/product_cat?post=675"},{"taxonomy":"product_tag","embeddable":true,"href":"https:\/\/hematomes.be\/en\/wp-json\/wp\/v2\/product_tag?post=675"}],"curies":[{"name":"wp","href":"https:\/\/api.w.org\/{rel}","templated":true}]}}