{"id":676,"date":"2016-03-22T09:39:07","date_gmt":"2016-03-22T09:39:07","guid":{"rendered":"http:\/\/hematomes.nnstudio.pro\/?post_type=product&#038;p=676"},"modified":"2025-09-19T08:49:29","modified_gmt":"2025-09-19T08:49:29","slug":"derivations-2-luniversite-de-liege-et-sa-ville","status":"publish","type":"product","link":"https:\/\/hematomes.be\/en\/boutique\/catalog\/derivations-2-luniversite-de-liege-et-sa-ville\/","title":{"rendered":"D\u00e9rivations 2 &#8211; L&#8217;Universit\u00e9 de Li\u00e8ge et sa ville"},"content":{"rendered":"","protected":false},"excerpt":{"rendered":"<p>S\u2019interroger sur la place de l\u2019Universit\u00e9, de son campus d\u00e9centr\u00e9, des espaces verts alentour, mais aussi aller chercher \u00e0 Anvers, par exemple, des exemples de lutte citoyenne dans des d\u00e9bats comparables aux n\u00f4tres. Opposer \u00e0 l\u2019immobilisme en mati\u00e8re d\u2019urbanisme la vision d\u2019un architecte rebelle surgi d\u2019une Espagne plus mal en point que nous. Exhumer, face \u00e0 un credo politique datant du tout-\u00e0-la-route, des \u00e9tudes qui ouvrent d\u2019autres pistes de mobilit\u00e9. Relier le pass\u00e9 et le pr\u00e9sent pour penser l\u2019avenir, dont l\u2019urgence ne peut souffrir d\u2019aucun enlisement suppl\u00e9mentaire. Faire se croiser, autrement dit, la m\u00e9moire et l\u2019espoir. Mobiliser les diff\u00e9rentes g\u00e9n\u00e9rations, celle qui a connu les Trente glorieuses et celle dont l\u2019espoir et l\u2019engagement pr\u00e9sents constituent la seule \u00ab gloire \u00bb. Avec les contributions de Jacques Dubois, Jean Peltier, Gil Lenders, Guillaume Joachim, Fran\u00e7oise Budo, Marie-No\u00eblle Tenaerts, Fran\u00e7ois Schreuer, Caroline Lamarche, Madeleine Mairlot, Pierre Frankignoulle, Jean Englebert, S\u00e9bastien Charlier, Thomas Moor, Adrien Maerschalck, Bernadette M\u00e9renne-Schoumaker, Maxime Counet, Nicolas Lemoine, Bas Van Der Pol, Michel Pr\u00e9gardien, Christian Evens, Maud Leloutre, Rachel Brahy, Didier Vrancken, Caroline Minon, Mathieu Litt, Gilles Ivan, Julie Hanique, H\u00e9l\u00e8ne Sarde, Emilie Rouchon, Isabelle W\u00e9ry, Fabien Deno\u00ebl, Antoine Michel, G\u00e9rard Michel, Micha\u00ebl Sab Briglio-Nigro, Harald Franssen, Atelier Pica Pica, Sophie Hubaut, Jean-Michel Leclercq, Sophie Hubaut, Veronica Cremasco, Steven Poole, G\u00e9raldine Brausch, Herv\u00e9 Loop, Marie Meurice, Philippe Marczewski, Emmanuel Pecqueux et Aur\u00e9lie William Levaux.<\/p>\n","protected":false},"featured_media":604,"template":"","meta":{"_acf_changed":false},"product_brand":[],"product_cat":[15,26],"product_tag":[],"class_list":{"0":"post-676","1":"product","2":"type-product","3":"status-publish","4":"has-post-thumbnail","6":"product_cat-catalogue","7":"product_cat-revue-derivations","9":"first","10":"instock","11":"shipping-taxable","12":"purchasable","13":"product-type-simple"},"acf":[],"yoast_head":"<!-- This site is optimized with the Yoast SEO plugin v27.2 - https:\/\/yoast.com\/product\/yoast-seo-wordpress\/ -->\n<title>D\u00e9rivations 2 - L&#039;Universit\u00e9 de Li\u00e8ge et sa ville - H\u00e9matomes<\/title>\n<meta name=\"robots\" content=\"index, follow, max-snippet:-1, max-image-preview:large, max-video-preview:-1\" \/>\n<link rel=\"canonical\" href=\"https:\/\/hematomes.be\/boutique\/catalogue\/derivations\/derivations-2-luniversite-de-liege-et-sa-ville\/\" \/>\n<meta property=\"og:locale\" content=\"en_US\" \/>\n<meta property=\"og:type\" content=\"article\" \/>\n<meta property=\"og:title\" content=\"D\u00e9rivations 2 - L&#039;Universit\u00e9 de Li\u00e8ge et sa ville - H\u00e9matomes\" \/>\n<meta property=\"og:description\" content=\"S\u2019interroger sur la place de l\u2019Universit\u00e9, de son campus d\u00e9centr\u00e9, des espaces verts alentour, mais aussi aller chercher \u00e0 Anvers, par exemple, des exemples de lutte citoyenne dans des d\u00e9bats comparables aux n\u00f4tres. Opposer \u00e0 l\u2019immobilisme en mati\u00e8re d\u2019urbanisme la vision d\u2019un architecte rebelle surgi d\u2019une Espagne plus mal en point que nous. Exhumer, face \u00e0 un credo politique datant du tout-\u00e0-la-route, des \u00e9tudes qui ouvrent d\u2019autres pistes de mobilit\u00e9. Relier le pass\u00e9 et le pr\u00e9sent pour penser l\u2019avenir, dont l\u2019urgence ne peut souffrir d\u2019aucun enlisement suppl\u00e9mentaire. Faire se croiser, autrement dit, la m\u00e9moire et l\u2019espoir. Mobiliser les diff\u00e9rentes g\u00e9n\u00e9rations, celle qui a connu les Trente glorieuses et celle dont l\u2019espoir et l\u2019engagement pr\u00e9sents constituent la seule \u00ab gloire \u00bb. Avec les contributions de Jacques Dubois, Jean Peltier, Gil Lenders, Guillaume Joachim, Fran\u00e7oise Budo, Marie-No\u00eblle Tenaerts, Fran\u00e7ois Schreuer, Caroline Lamarche, Madeleine Mairlot, Pierre Frankignoulle, Jean Englebert, S\u00e9bastien Charlier, Thomas Moor, Adrien Maerschalck, Bernadette M\u00e9renne-Schoumaker, Maxime Counet, Nicolas Lemoine, Bas Van Der Pol, Michel Pr\u00e9gardien, Christian Evens, Maud Leloutre, Rachel Brahy, Didier Vrancken, Caroline Minon, Mathieu Litt, Gilles Ivan, Julie Hanique, H\u00e9l\u00e8ne Sarde, Emilie Rouchon, Isabelle W\u00e9ry, Fabien Deno\u00ebl, Antoine Michel, G\u00e9rard Michel, Micha\u00ebl Sab Briglio-Nigro, Harald Franssen, Atelier Pica Pica, Sophie Hubaut, Jean-Michel Leclercq, Sophie Hubaut, Veronica Cremasco, Steven Poole, G\u00e9raldine Brausch, Herv\u00e9 Loop, Marie Meurice, Philippe Marczewski, Emmanuel Pecqueux et Aur\u00e9lie William Levaux.\" \/>\n<meta property=\"og:url\" content=\"https:\/\/hematomes.be\/boutique\/catalogue\/derivations\/derivations-2-luniversite-de-liege-et-sa-ville\/\" \/>\n<meta property=\"og:site_name\" content=\"H\u00e9matomes\" \/>\n<meta property=\"article:modified_time\" content=\"2025-09-19T08:49:29+00:00\" \/>\n<meta property=\"og:image\" content=\"https:\/\/hematomes.be\/wp-content\/uploads\/2024\/04\/2016-03_Derivations2_Cover.jpg\" \/>\n\t<meta property=\"og:image:width\" content=\"960\" \/>\n\t<meta property=\"og:image:height\" content=\"1440\" \/>\n\t<meta property=\"og:image:type\" content=\"image\/jpeg\" \/>\n<meta name=\"twitter:card\" content=\"summary_large_image\" \/>\n<script type=\"application\/ld+json\" class=\"yoast-schema-graph\">{\"@context\":\"https:\/\/schema.org\",\"@graph\":[{\"@type\":\"WebPage\",\"@id\":\"https:\/\/hematomes.be\/boutique\/catalogue\/derivations\/derivations-2-luniversite-de-liege-et-sa-ville\/\",\"url\":\"https:\/\/hematomes.be\/boutique\/catalogue\/derivations\/derivations-2-luniversite-de-liege-et-sa-ville\/\",\"name\":\"D\u00e9rivations 2 - L'Universit\u00e9 de Li\u00e8ge et sa ville - H\u00e9matomes\",\"isPartOf\":{\"@id\":\"https:\/\/hematomes.be\/#website\"},\"primaryImageOfPage\":{\"@id\":\"https:\/\/hematomes.be\/boutique\/catalogue\/derivations\/derivations-2-luniversite-de-liege-et-sa-ville\/#primaryimage\"},\"image\":{\"@id\":\"https:\/\/hematomes.be\/boutique\/catalogue\/derivations\/derivations-2-luniversite-de-liege-et-sa-ville\/#primaryimage\"},\"thumbnailUrl\":\"https:\/\/hematomes.be\/wp-content\/uploads\/2024\/04\/2016-03_Derivations2_Cover.jpg\",\"datePublished\":\"2016-03-22T09:39:07+00:00\",\"dateModified\":\"2025-09-19T08:49:29+00:00\",\"breadcrumb\":{\"@id\":\"https:\/\/hematomes.be\/boutique\/catalogue\/derivations\/derivations-2-luniversite-de-liege-et-sa-ville\/#breadcrumb\"},\"inLanguage\":\"en-US\",\"potentialAction\":[{\"@type\":\"ReadAction\",\"target\":[\"https:\/\/hematomes.be\/boutique\/catalogue\/derivations\/derivations-2-luniversite-de-liege-et-sa-ville\/\"]}]},{\"@type\":\"ImageObject\",\"inLanguage\":\"en-US\",\"@id\":\"https:\/\/hematomes.be\/boutique\/catalogue\/derivations\/derivations-2-luniversite-de-liege-et-sa-ville\/#primaryimage\",\"url\":\"https:\/\/hematomes.be\/wp-content\/uploads\/2024\/04\/2016-03_Derivations2_Cover.jpg\",\"contentUrl\":\"https:\/\/hematomes.be\/wp-content\/uploads\/2024\/04\/2016-03_Derivations2_Cover.jpg\",\"width\":960,\"height\":1440},{\"@type\":\"BreadcrumbList\",\"@id\":\"https:\/\/hematomes.be\/boutique\/catalogue\/derivations\/derivations-2-luniversite-de-liege-et-sa-ville\/#breadcrumb\",\"itemListElement\":[{\"@type\":\"ListItem\",\"position\":1,\"name\":\"Accueil\",\"item\":\"https:\/\/hematomes.be\/en\/shop\/\"},{\"@type\":\"ListItem\",\"position\":2,\"name\":\"Shop\",\"item\":\"https:\/\/hematomes.be\/en\/shop\/\"},{\"@type\":\"ListItem\",\"position\":3,\"name\":\"D\u00e9rivations 2 &#8211; L&#8217;Universit\u00e9 de Li\u00e8ge et sa ville\"}]},{\"@type\":\"WebSite\",\"@id\":\"https:\/\/hematomes.be\/#website\",\"url\":\"https:\/\/hematomes.be\/\",\"name\":\"H\u00e9matomes\",\"description\":\"Une maison d&#039;\u00e9dition qui publie sur l&#039;art et tout autour.\",\"potentialAction\":[{\"@type\":\"SearchAction\",\"target\":{\"@type\":\"EntryPoint\",\"urlTemplate\":\"https:\/\/hematomes.be\/?s={search_term_string}\"},\"query-input\":{\"@type\":\"PropertyValueSpecification\",\"valueRequired\":true,\"valueName\":\"search_term_string\"}}],\"inLanguage\":\"en-US\"}]}<\/script>\n<!-- \/ Yoast SEO plugin. -->","yoast_head_json":{"title":"D\u00e9rivations 2 - L'Universit\u00e9 de Li\u00e8ge et sa ville - H\u00e9matomes","robots":{"index":"index","follow":"follow","max-snippet":"max-snippet:-1","max-image-preview":"max-image-preview:large","max-video-preview":"max-video-preview:-1"},"canonical":"https:\/\/hematomes.be\/boutique\/catalogue\/derivations\/derivations-2-luniversite-de-liege-et-sa-ville\/","og_locale":"en_US","og_type":"article","og_title":"D\u00e9rivations 2 - L'Universit\u00e9 de Li\u00e8ge et sa ville - H\u00e9matomes","og_description":"S\u2019interroger sur la place de l\u2019Universit\u00e9, de son campus d\u00e9centr\u00e9, des espaces verts alentour, mais aussi aller chercher \u00e0 Anvers, par exemple, des exemples de lutte citoyenne dans des d\u00e9bats comparables aux n\u00f4tres. Opposer \u00e0 l\u2019immobilisme en mati\u00e8re d\u2019urbanisme la vision d\u2019un architecte rebelle surgi d\u2019une Espagne plus mal en point que nous. Exhumer, face \u00e0 un credo politique datant du tout-\u00e0-la-route, des \u00e9tudes qui ouvrent d\u2019autres pistes de mobilit\u00e9. Relier le pass\u00e9 et le pr\u00e9sent pour penser l\u2019avenir, dont l\u2019urgence ne peut souffrir d\u2019aucun enlisement suppl\u00e9mentaire. Faire se croiser, autrement dit, la m\u00e9moire et l\u2019espoir. Mobiliser les diff\u00e9rentes g\u00e9n\u00e9rations, celle qui a connu les Trente glorieuses et celle dont l\u2019espoir et l\u2019engagement pr\u00e9sents constituent la seule \u00ab gloire \u00bb. Avec les contributions de Jacques Dubois, Jean Peltier, Gil Lenders, Guillaume Joachim, Fran\u00e7oise Budo, Marie-No\u00eblle Tenaerts, Fran\u00e7ois Schreuer, Caroline Lamarche, Madeleine Mairlot, Pierre Frankignoulle, Jean Englebert, S\u00e9bastien Charlier, Thomas Moor, Adrien Maerschalck, Bernadette M\u00e9renne-Schoumaker, Maxime Counet, Nicolas Lemoine, Bas Van Der Pol, Michel Pr\u00e9gardien, Christian Evens, Maud Leloutre, Rachel Brahy, Didier Vrancken, Caroline Minon, Mathieu Litt, Gilles Ivan, Julie Hanique, H\u00e9l\u00e8ne Sarde, Emilie Rouchon, Isabelle W\u00e9ry, Fabien Deno\u00ebl, Antoine Michel, G\u00e9rard Michel, Micha\u00ebl Sab Briglio-Nigro, Harald Franssen, Atelier Pica Pica, Sophie Hubaut, Jean-Michel Leclercq, Sophie Hubaut, Veronica Cremasco, Steven Poole, G\u00e9raldine Brausch, Herv\u00e9 Loop, Marie Meurice, Philippe Marczewski, Emmanuel Pecqueux et Aur\u00e9lie William Levaux.","og_url":"https:\/\/hematomes.be\/boutique\/catalogue\/derivations\/derivations-2-luniversite-de-liege-et-sa-ville\/","og_site_name":"H\u00e9matomes","article_modified_time":"2025-09-19T08:49:29+00:00","og_image":[{"width":960,"height":1440,"url":"https:\/\/hematomes.be\/wp-content\/uploads\/2024\/04\/2016-03_Derivations2_Cover.jpg","type":"image\/jpeg"}],"twitter_card":"summary_large_image","schema":{"@context":"https:\/\/schema.org","@graph":[{"@type":"WebPage","@id":"https:\/\/hematomes.be\/boutique\/catalogue\/derivations\/derivations-2-luniversite-de-liege-et-sa-ville\/","url":"https:\/\/hematomes.be\/boutique\/catalogue\/derivations\/derivations-2-luniversite-de-liege-et-sa-ville\/","name":"D\u00e9rivations 2 - L'Universit\u00e9 de Li\u00e8ge et sa ville - H\u00e9matomes","isPartOf":{"@id":"https:\/\/hematomes.be\/#website"},"primaryImageOfPage":{"@id":"https:\/\/hematomes.be\/boutique\/catalogue\/derivations\/derivations-2-luniversite-de-liege-et-sa-ville\/#primaryimage"},"image":{"@id":"https:\/\/hematomes.be\/boutique\/catalogue\/derivations\/derivations-2-luniversite-de-liege-et-sa-ville\/#primaryimage"},"thumbnailUrl":"https:\/\/hematomes.be\/wp-content\/uploads\/2024\/04\/2016-03_Derivations2_Cover.jpg","datePublished":"2016-03-22T09:39:07+00:00","dateModified":"2025-09-19T08:49:29+00:00","breadcrumb":{"@id":"https:\/\/hematomes.be\/boutique\/catalogue\/derivations\/derivations-2-luniversite-de-liege-et-sa-ville\/#breadcrumb"},"inLanguage":"en-US","potentialAction":[{"@type":"ReadAction","target":["https:\/\/hematomes.be\/boutique\/catalogue\/derivations\/derivations-2-luniversite-de-liege-et-sa-ville\/"]}]},{"@type":"ImageObject","inLanguage":"en-US","@id":"https:\/\/hematomes.be\/boutique\/catalogue\/derivations\/derivations-2-luniversite-de-liege-et-sa-ville\/#primaryimage","url":"https:\/\/hematomes.be\/wp-content\/uploads\/2024\/04\/2016-03_Derivations2_Cover.jpg","contentUrl":"https:\/\/hematomes.be\/wp-content\/uploads\/2024\/04\/2016-03_Derivations2_Cover.jpg","width":960,"height":1440},{"@type":"BreadcrumbList","@id":"https:\/\/hematomes.be\/boutique\/catalogue\/derivations\/derivations-2-luniversite-de-liege-et-sa-ville\/#breadcrumb","itemListElement":[{"@type":"ListItem","position":1,"name":"Accueil","item":"https:\/\/hematomes.be\/en\/shop\/"},{"@type":"ListItem","position":2,"name":"Shop","item":"https:\/\/hematomes.be\/en\/shop\/"},{"@type":"ListItem","position":3,"name":"D\u00e9rivations 2 &#8211; L&#8217;Universit\u00e9 de Li\u00e8ge et sa ville"}]},{"@type":"WebSite","@id":"https:\/\/hematomes.be\/#website","url":"https:\/\/hematomes.be\/","name":"H\u00e9matomes","description":"Une maison d&#039;\u00e9dition qui publie sur l&#039;art et tout autour.","potentialAction":[{"@type":"SearchAction","target":{"@type":"EntryPoint","urlTemplate":"https:\/\/hematomes.be\/?s={search_term_string}"},"query-input":{"@type":"PropertyValueSpecification","valueRequired":true,"valueName":"search_term_string"}}],"inLanguage":"en-US"}]}},"_links":{"self":[{"href":"https:\/\/hematomes.be\/en\/wp-json\/wp\/v2\/product\/676","targetHints":{"allow":["GET"]}}],"collection":[{"href":"https:\/\/hematomes.be\/en\/wp-json\/wp\/v2\/product"}],"about":[{"href":"https:\/\/hematomes.be\/en\/wp-json\/wp\/v2\/types\/product"}],"wp:featuredmedia":[{"embeddable":true,"href":"https:\/\/hematomes.be\/en\/wp-json\/wp\/v2\/media\/604"}],"wp:attachment":[{"href":"https:\/\/hematomes.be\/en\/wp-json\/wp\/v2\/media?parent=676"}],"wp:term":[{"taxonomy":"product_brand","embeddable":true,"href":"https:\/\/hematomes.be\/en\/wp-json\/wp\/v2\/product_brand?post=676"},{"taxonomy":"product_cat","embeddable":true,"href":"https:\/\/hematomes.be\/en\/wp-json\/wp\/v2\/product_cat?post=676"},{"taxonomy":"product_tag","embeddable":true,"href":"https:\/\/hematomes.be\/en\/wp-json\/wp\/v2\/product_tag?post=676"}],"curies":[{"name":"wp","href":"https:\/\/api.w.org\/{rel}","templated":true}]}}