{"id":677,"date":"2016-09-22T09:47:05","date_gmt":"2016-09-22T09:47:05","guid":{"rendered":"http:\/\/hematomes.nnstudio.pro\/?post_type=product&#038;p=677"},"modified":"2025-09-19T08:49:06","modified_gmt":"2025-09-19T08:49:06","slug":"derivations-3-fete-populaire","status":"publish","type":"product","link":"https:\/\/hematomes.be\/en\/boutique\/catalog\/derivations-3-fete-populaire\/","title":{"rendered":"D\u00e9rivations 3 &#8211; F\u00eate Populaire"},"content":{"rendered":"","protected":false},"excerpt":{"rendered":"<p>Certaines traditions remontent \u00e0 la nuit des temps, d\u2019autres sont de cr\u00e9ation r\u00e9cente, mais toutes n\u2019en ont pas moins un impact profond sur l\u2019espace urbain qui les accueille et les nourrit. R\u00e9centes ou traditionnelles, les f\u00eates de rue empruntent les unes aux autres. Les carnavals n\u00e9s depuis peu, comme le Carnaval Sauvage des Marolles, reprennent des symboles pa\u00efens tel le grand feu, pour cr\u00e9er un moment d\u2019expression artistique et politique r\u00e9solument contemporain. Derri\u00e8re la f\u00eate elle-m\u00eame, il y a \u00ab autre chose \u00bb. Elle g\u00e9n\u00e8re une culture, une identit\u00e9. Nantis ou pauvres, tous investissent leurs propres deniers comme dans le cas des marcheurs de l\u2019Entre-Sambre-et-Meuse, qui financent chacun avec fiert\u00e9 \u00ab leur \u00bb carnaval. Il n\u2019est pas rare que les organisateurs de f\u00eates veillent \u00e0 conserver farouchement leur ind\u00e9pendance et \u00e9vitent tout subside mais aussi toute interf\u00e9rence de sponsors priv\u00e9s. \u00c0 l\u2019heure o\u00f9 la culture devient une industrie globale, destin\u00e9e \u00e0 remplir de \u00ab contenu \u00bb aseptis\u00e9 des r\u00e9seaux mondialis\u00e9s, les f\u00eates de rue permettent d\u2019exprimer des cultures locales vivantes qui appartiennent au domaine public donc \u00e0 tous. Un dossier coordonn\u00e9 par Laurence Vandewalle. Avec les contributions de Caroline Lamarche, Marie-No\u00eblle Tenaerts, Erwin Dejasse, Antoine Faja, Mimo Basmadjian, Jean-Michel Leclercq, Ludovic Demarche, Christiane Dethier, Laurence Vandewalle, Cassandra Delhalle, Bruno Fr\u00e8re, Luca Piddiu, Elisabeth Dumont, Gil Lenders, Martin Elsen, Alain Leens, Joel Napolilo, Emilie Thomas, Thomas Bolmain, Thomas Freteur, Fabien Deno\u00ebl, Antoine Michel, G\u00e9rard Michel, Magnus Vind, Eric Dederen, Julie , Alain Leens, Pierre Geurts, Eric Lammers, Nadine Janssens, Christophe Gilot, C\u00e9line Delforge, Vincent Doumayrou, Harald Franssen, David Widart, Jean-Pierre Collignon, Jean-Michel Lafleur, Gr\u00e9gor Stangherlin, Alessi Dell\u2019umbria, G\u00e9raldine Brausch, Marie Meurice, Philippe Marczewski, Benjamin Monti et Aur\u00e9lie William Levaux.<\/p>\n","protected":false},"featured_media":606,"template":"","meta":{"_acf_changed":false},"product_brand":[],"product_cat":[15,26],"product_tag":[],"class_list":{"0":"post-677","1":"product","2":"type-product","3":"status-publish","4":"has-post-thumbnail","6":"product_cat-catalogue","7":"product_cat-revue-derivations","9":"first","10":"instock","11":"shipping-taxable","12":"purchasable","13":"product-type-simple"},"acf":[],"yoast_head":"<!-- This site is optimized with the Yoast SEO plugin v27.2 - https:\/\/yoast.com\/product\/yoast-seo-wordpress\/ -->\n<title>D\u00e9rivations 3 - F\u00eate Populaire - H\u00e9matomes<\/title>\n<meta name=\"robots\" content=\"index, follow, max-snippet:-1, max-image-preview:large, max-video-preview:-1\" \/>\n<link rel=\"canonical\" href=\"https:\/\/hematomes.be\/boutique\/catalogue\/derivations\/derivations-3-fete-populaire\/\" \/>\n<meta property=\"og:locale\" content=\"en_US\" \/>\n<meta property=\"og:type\" content=\"article\" \/>\n<meta property=\"og:title\" content=\"D\u00e9rivations 3 - F\u00eate Populaire - H\u00e9matomes\" \/>\n<meta property=\"og:description\" content=\"Certaines traditions remontent \u00e0 la nuit des temps, d\u2019autres sont de cr\u00e9ation r\u00e9cente, mais toutes n\u2019en ont pas moins un impact profond sur l\u2019espace urbain qui les accueille et les nourrit. R\u00e9centes ou traditionnelles, les f\u00eates de rue empruntent les unes aux autres. Les carnavals n\u00e9s depuis peu, comme le Carnaval Sauvage des Marolles, reprennent des symboles pa\u00efens tel le grand feu, pour cr\u00e9er un moment d\u2019expression artistique et politique r\u00e9solument contemporain. Derri\u00e8re la f\u00eate elle-m\u00eame, il y a \u00ab autre chose \u00bb. Elle g\u00e9n\u00e8re une culture, une identit\u00e9. Nantis ou pauvres, tous investissent leurs propres deniers comme dans le cas des marcheurs de l\u2019Entre-Sambre-et-Meuse, qui financent chacun avec fiert\u00e9 \u00ab leur \u00bb carnaval. Il n\u2019est pas rare que les organisateurs de f\u00eates veillent \u00e0 conserver farouchement leur ind\u00e9pendance et \u00e9vitent tout subside mais aussi toute interf\u00e9rence de sponsors priv\u00e9s. \u00c0 l\u2019heure o\u00f9 la culture devient une industrie globale, destin\u00e9e \u00e0 remplir de \u00ab contenu \u00bb aseptis\u00e9 des r\u00e9seaux mondialis\u00e9s, les f\u00eates de rue permettent d\u2019exprimer des cultures locales vivantes qui appartiennent au domaine public donc \u00e0 tous. Un dossier coordonn\u00e9 par Laurence Vandewalle. Avec les contributions de Caroline Lamarche, Marie-No\u00eblle Tenaerts, Erwin Dejasse, Antoine Faja, Mimo Basmadjian, Jean-Michel Leclercq, Ludovic Demarche, Christiane Dethier, Laurence Vandewalle, Cassandra Delhalle, Bruno Fr\u00e8re, Luca Piddiu, Elisabeth Dumont, Gil Lenders, Martin Elsen, Alain Leens, Joel Napolilo, Emilie Thomas, Thomas Bolmain, Thomas Freteur, Fabien Deno\u00ebl, Antoine Michel, G\u00e9rard Michel, Magnus Vind, Eric Dederen, Julie , Alain Leens, Pierre Geurts, Eric Lammers, Nadine Janssens, Christophe Gilot, C\u00e9line Delforge, Vincent Doumayrou, Harald Franssen, David Widart, Jean-Pierre Collignon, Jean-Michel Lafleur, Gr\u00e9gor Stangherlin, Alessi Dell\u2019umbria, G\u00e9raldine Brausch, Marie Meurice, Philippe Marczewski, Benjamin Monti et Aur\u00e9lie William Levaux.\" \/>\n<meta property=\"og:url\" content=\"https:\/\/hematomes.be\/boutique\/catalogue\/derivations\/derivations-3-fete-populaire\/\" \/>\n<meta property=\"og:site_name\" content=\"H\u00e9matomes\" \/>\n<meta property=\"article:modified_time\" content=\"2025-09-19T08:49:06+00:00\" \/>\n<meta property=\"og:image\" content=\"https:\/\/hematomes.be\/wp-content\/uploads\/2024\/04\/2016-09_Derivations3_Cover.jpg\" \/>\n\t<meta property=\"og:image:width\" content=\"960\" \/>\n\t<meta property=\"og:image:height\" content=\"1440\" \/>\n\t<meta property=\"og:image:type\" content=\"image\/jpeg\" \/>\n<meta name=\"twitter:card\" content=\"summary_large_image\" \/>\n<script type=\"application\/ld+json\" class=\"yoast-schema-graph\">{\"@context\":\"https:\/\/schema.org\",\"@graph\":[{\"@type\":\"WebPage\",\"@id\":\"https:\/\/hematomes.be\/boutique\/catalogue\/derivations\/derivations-3-fete-populaire\/\",\"url\":\"https:\/\/hematomes.be\/boutique\/catalogue\/derivations\/derivations-3-fete-populaire\/\",\"name\":\"D\u00e9rivations 3 - F\u00eate Populaire - H\u00e9matomes\",\"isPartOf\":{\"@id\":\"https:\/\/hematomes.be\/#website\"},\"primaryImageOfPage\":{\"@id\":\"https:\/\/hematomes.be\/boutique\/catalogue\/derivations\/derivations-3-fete-populaire\/#primaryimage\"},\"image\":{\"@id\":\"https:\/\/hematomes.be\/boutique\/catalogue\/derivations\/derivations-3-fete-populaire\/#primaryimage\"},\"thumbnailUrl\":\"https:\/\/hematomes.be\/wp-content\/uploads\/2024\/04\/2016-09_Derivations3_Cover.jpg\",\"datePublished\":\"2016-09-22T09:47:05+00:00\",\"dateModified\":\"2025-09-19T08:49:06+00:00\",\"breadcrumb\":{\"@id\":\"https:\/\/hematomes.be\/boutique\/catalogue\/derivations\/derivations-3-fete-populaire\/#breadcrumb\"},\"inLanguage\":\"en-US\",\"potentialAction\":[{\"@type\":\"ReadAction\",\"target\":[\"https:\/\/hematomes.be\/boutique\/catalogue\/derivations\/derivations-3-fete-populaire\/\"]}]},{\"@type\":\"ImageObject\",\"inLanguage\":\"en-US\",\"@id\":\"https:\/\/hematomes.be\/boutique\/catalogue\/derivations\/derivations-3-fete-populaire\/#primaryimage\",\"url\":\"https:\/\/hematomes.be\/wp-content\/uploads\/2024\/04\/2016-09_Derivations3_Cover.jpg\",\"contentUrl\":\"https:\/\/hematomes.be\/wp-content\/uploads\/2024\/04\/2016-09_Derivations3_Cover.jpg\",\"width\":960,\"height\":1440},{\"@type\":\"BreadcrumbList\",\"@id\":\"https:\/\/hematomes.be\/boutique\/catalogue\/derivations\/derivations-3-fete-populaire\/#breadcrumb\",\"itemListElement\":[{\"@type\":\"ListItem\",\"position\":1,\"name\":\"Accueil\",\"item\":\"https:\/\/hematomes.be\/en\/shop\/\"},{\"@type\":\"ListItem\",\"position\":2,\"name\":\"Shop\",\"item\":\"https:\/\/hematomes.be\/en\/shop\/\"},{\"@type\":\"ListItem\",\"position\":3,\"name\":\"D\u00e9rivations 3 &#8211; F\u00eate Populaire\"}]},{\"@type\":\"WebSite\",\"@id\":\"https:\/\/hematomes.be\/#website\",\"url\":\"https:\/\/hematomes.be\/\",\"name\":\"H\u00e9matomes\",\"description\":\"Une maison d&#039;\u00e9dition qui publie sur l&#039;art et tout autour.\",\"potentialAction\":[{\"@type\":\"SearchAction\",\"target\":{\"@type\":\"EntryPoint\",\"urlTemplate\":\"https:\/\/hematomes.be\/?s={search_term_string}\"},\"query-input\":{\"@type\":\"PropertyValueSpecification\",\"valueRequired\":true,\"valueName\":\"search_term_string\"}}],\"inLanguage\":\"en-US\"}]}<\/script>\n<!-- \/ Yoast SEO plugin. -->","yoast_head_json":{"title":"D\u00e9rivations 3 - F\u00eate Populaire - H\u00e9matomes","robots":{"index":"index","follow":"follow","max-snippet":"max-snippet:-1","max-image-preview":"max-image-preview:large","max-video-preview":"max-video-preview:-1"},"canonical":"https:\/\/hematomes.be\/boutique\/catalogue\/derivations\/derivations-3-fete-populaire\/","og_locale":"en_US","og_type":"article","og_title":"D\u00e9rivations 3 - F\u00eate Populaire - H\u00e9matomes","og_description":"Certaines traditions remontent \u00e0 la nuit des temps, d\u2019autres sont de cr\u00e9ation r\u00e9cente, mais toutes n\u2019en ont pas moins un impact profond sur l\u2019espace urbain qui les accueille et les nourrit. R\u00e9centes ou traditionnelles, les f\u00eates de rue empruntent les unes aux autres. Les carnavals n\u00e9s depuis peu, comme le Carnaval Sauvage des Marolles, reprennent des symboles pa\u00efens tel le grand feu, pour cr\u00e9er un moment d\u2019expression artistique et politique r\u00e9solument contemporain. Derri\u00e8re la f\u00eate elle-m\u00eame, il y a \u00ab autre chose \u00bb. Elle g\u00e9n\u00e8re une culture, une identit\u00e9. Nantis ou pauvres, tous investissent leurs propres deniers comme dans le cas des marcheurs de l\u2019Entre-Sambre-et-Meuse, qui financent chacun avec fiert\u00e9 \u00ab leur \u00bb carnaval. Il n\u2019est pas rare que les organisateurs de f\u00eates veillent \u00e0 conserver farouchement leur ind\u00e9pendance et \u00e9vitent tout subside mais aussi toute interf\u00e9rence de sponsors priv\u00e9s. \u00c0 l\u2019heure o\u00f9 la culture devient une industrie globale, destin\u00e9e \u00e0 remplir de \u00ab contenu \u00bb aseptis\u00e9 des r\u00e9seaux mondialis\u00e9s, les f\u00eates de rue permettent d\u2019exprimer des cultures locales vivantes qui appartiennent au domaine public donc \u00e0 tous. Un dossier coordonn\u00e9 par Laurence Vandewalle. Avec les contributions de Caroline Lamarche, Marie-No\u00eblle Tenaerts, Erwin Dejasse, Antoine Faja, Mimo Basmadjian, Jean-Michel Leclercq, Ludovic Demarche, Christiane Dethier, Laurence Vandewalle, Cassandra Delhalle, Bruno Fr\u00e8re, Luca Piddiu, Elisabeth Dumont, Gil Lenders, Martin Elsen, Alain Leens, Joel Napolilo, Emilie Thomas, Thomas Bolmain, Thomas Freteur, Fabien Deno\u00ebl, Antoine Michel, G\u00e9rard Michel, Magnus Vind, Eric Dederen, Julie , Alain Leens, Pierre Geurts, Eric Lammers, Nadine Janssens, Christophe Gilot, C\u00e9line Delforge, Vincent Doumayrou, Harald Franssen, David Widart, Jean-Pierre Collignon, Jean-Michel Lafleur, Gr\u00e9gor Stangherlin, Alessi Dell\u2019umbria, G\u00e9raldine Brausch, Marie Meurice, Philippe Marczewski, Benjamin Monti et Aur\u00e9lie William Levaux.","og_url":"https:\/\/hematomes.be\/boutique\/catalogue\/derivations\/derivations-3-fete-populaire\/","og_site_name":"H\u00e9matomes","article_modified_time":"2025-09-19T08:49:06+00:00","og_image":[{"width":960,"height":1440,"url":"https:\/\/hematomes.be\/wp-content\/uploads\/2024\/04\/2016-09_Derivations3_Cover.jpg","type":"image\/jpeg"}],"twitter_card":"summary_large_image","schema":{"@context":"https:\/\/schema.org","@graph":[{"@type":"WebPage","@id":"https:\/\/hematomes.be\/boutique\/catalogue\/derivations\/derivations-3-fete-populaire\/","url":"https:\/\/hematomes.be\/boutique\/catalogue\/derivations\/derivations-3-fete-populaire\/","name":"D\u00e9rivations 3 - F\u00eate Populaire - H\u00e9matomes","isPartOf":{"@id":"https:\/\/hematomes.be\/#website"},"primaryImageOfPage":{"@id":"https:\/\/hematomes.be\/boutique\/catalogue\/derivations\/derivations-3-fete-populaire\/#primaryimage"},"image":{"@id":"https:\/\/hematomes.be\/boutique\/catalogue\/derivations\/derivations-3-fete-populaire\/#primaryimage"},"thumbnailUrl":"https:\/\/hematomes.be\/wp-content\/uploads\/2024\/04\/2016-09_Derivations3_Cover.jpg","datePublished":"2016-09-22T09:47:05+00:00","dateModified":"2025-09-19T08:49:06+00:00","breadcrumb":{"@id":"https:\/\/hematomes.be\/boutique\/catalogue\/derivations\/derivations-3-fete-populaire\/#breadcrumb"},"inLanguage":"en-US","potentialAction":[{"@type":"ReadAction","target":["https:\/\/hematomes.be\/boutique\/catalogue\/derivations\/derivations-3-fete-populaire\/"]}]},{"@type":"ImageObject","inLanguage":"en-US","@id":"https:\/\/hematomes.be\/boutique\/catalogue\/derivations\/derivations-3-fete-populaire\/#primaryimage","url":"https:\/\/hematomes.be\/wp-content\/uploads\/2024\/04\/2016-09_Derivations3_Cover.jpg","contentUrl":"https:\/\/hematomes.be\/wp-content\/uploads\/2024\/04\/2016-09_Derivations3_Cover.jpg","width":960,"height":1440},{"@type":"BreadcrumbList","@id":"https:\/\/hematomes.be\/boutique\/catalogue\/derivations\/derivations-3-fete-populaire\/#breadcrumb","itemListElement":[{"@type":"ListItem","position":1,"name":"Accueil","item":"https:\/\/hematomes.be\/en\/shop\/"},{"@type":"ListItem","position":2,"name":"Shop","item":"https:\/\/hematomes.be\/en\/shop\/"},{"@type":"ListItem","position":3,"name":"D\u00e9rivations 3 &#8211; F\u00eate Populaire"}]},{"@type":"WebSite","@id":"https:\/\/hematomes.be\/#website","url":"https:\/\/hematomes.be\/","name":"H\u00e9matomes","description":"Une maison d&#039;\u00e9dition qui publie sur l&#039;art et tout autour.","potentialAction":[{"@type":"SearchAction","target":{"@type":"EntryPoint","urlTemplate":"https:\/\/hematomes.be\/?s={search_term_string}"},"query-input":{"@type":"PropertyValueSpecification","valueRequired":true,"valueName":"search_term_string"}}],"inLanguage":"en-US"}]}},"_links":{"self":[{"href":"https:\/\/hematomes.be\/en\/wp-json\/wp\/v2\/product\/677","targetHints":{"allow":["GET"]}}],"collection":[{"href":"https:\/\/hematomes.be\/en\/wp-json\/wp\/v2\/product"}],"about":[{"href":"https:\/\/hematomes.be\/en\/wp-json\/wp\/v2\/types\/product"}],"wp:featuredmedia":[{"embeddable":true,"href":"https:\/\/hematomes.be\/en\/wp-json\/wp\/v2\/media\/606"}],"wp:attachment":[{"href":"https:\/\/hematomes.be\/en\/wp-json\/wp\/v2\/media?parent=677"}],"wp:term":[{"taxonomy":"product_brand","embeddable":true,"href":"https:\/\/hematomes.be\/en\/wp-json\/wp\/v2\/product_brand?post=677"},{"taxonomy":"product_cat","embeddable":true,"href":"https:\/\/hematomes.be\/en\/wp-json\/wp\/v2\/product_cat?post=677"},{"taxonomy":"product_tag","embeddable":true,"href":"https:\/\/hematomes.be\/en\/wp-json\/wp\/v2\/product_tag?post=677"}],"curies":[{"name":"wp","href":"https:\/\/api.w.org\/{rel}","templated":true}]}}