{"id":678,"date":"2017-06-22T09:52:18","date_gmt":"2017-06-22T09:52:18","guid":{"rendered":"http:\/\/hematomes.nnstudio.pro\/?post_type=product&#038;p=678"},"modified":"2025-09-19T08:48:43","modified_gmt":"2025-09-19T08:48:43","slug":"derivations-4-bus","status":"publish","type":"product","link":"https:\/\/hematomes.be\/en\/boutique\/catalog\/derivations-4-bus\/","title":{"rendered":"D\u00e9rivations 4 &#8211; Bus"},"content":{"rendered":"","protected":false},"excerpt":{"rendered":"<p>Apr\u00e8s une mise en perspective des usages de la consultation populaire d\u2019initiative citoyenne, faisant \u00e9cho au r\u00e9cent scrutin organis\u00e9 \u00e0 Louvain-la-Neuve, ce num\u00e9ro s\u2019ouvre sur un grand entretien avec le g\u00e9ographe irlandais Philipe Lawson, qui propose une lecture critique de la \u00ab ville cr\u00e9ative \u00bb et de ses cons\u00e9quences sur les in\u00e9galit\u00e9s sociales. Le journaliste David Leloup, \u00e0 l\u2019origine de l\u2019affaire \u00ab Publifin \u00bb consacre ensuite 24 pages d\u2019enqu\u00eate au fonds de pension OGEO Fund, \u00ab la banque \u00bb d\u2019un certain d\u00e9veloppement urbain made in Li\u00e8ge. Le dossier principal de ce num\u00e9ro est consacr\u00e9 au bus en Wallonie et \u00e0 Bruxelles comme exp\u00e9rience quotidienne et comme enjeu politique. Il nous emm\u00e8ne \u00e0 Mons, Namur ou Bruxelles. Il propose aussi un entretien de sept pages, rare, avec le patron du bus wallon, Vincent Peremans. On trouvera encore dans ce num\u00e9ro quatre brefs textes de l\u2019\u00e9crivain Karel Logist, une s\u00e9rie de photographies de Thomas Freteur sur Ha\u00efti, une table ronde sur l\u2019avenir de la Maison Rigo, \u00e0 Li\u00e8ge, un bilan du processus \u00ab Wallonie cyclable \u00bb ou encore un article sur la fabrique urbaine d\u2019Istanbul, par Sinan Logie et Yoann Morvan. Sans oublier la page des libraires ou les chroniques de Caroline Lamarche, Jean-Pierre Collignon, Harald Franssen et Aur\u00e9lie William Levaux.<\/p>\n","protected":false},"featured_media":608,"template":"","meta":{"_acf_changed":false},"product_brand":[],"product_cat":[15,26],"product_tag":[],"class_list":{"0":"post-678","1":"product","2":"type-product","3":"status-publish","4":"has-post-thumbnail","6":"product_cat-catalogue","7":"product_cat-revue-derivations","9":"first","10":"instock","11":"shipping-taxable","12":"purchasable","13":"product-type-simple"},"acf":[],"yoast_head":"<!-- This site is optimized with the Yoast SEO plugin v27.2 - https:\/\/yoast.com\/product\/yoast-seo-wordpress\/ -->\n<title>D\u00e9rivations 4 - Bus - H\u00e9matomes<\/title>\n<meta name=\"robots\" content=\"index, follow, max-snippet:-1, max-image-preview:large, max-video-preview:-1\" \/>\n<link rel=\"canonical\" href=\"https:\/\/hematomes.be\/boutique\/catalogue\/derivations\/derivations-4-bus\/\" \/>\n<meta property=\"og:locale\" content=\"en_US\" \/>\n<meta property=\"og:type\" content=\"article\" \/>\n<meta property=\"og:title\" content=\"D\u00e9rivations 4 - Bus - H\u00e9matomes\" \/>\n<meta property=\"og:description\" content=\"Apr\u00e8s une mise en perspective des usages de la consultation populaire d\u2019initiative citoyenne, faisant \u00e9cho au r\u00e9cent scrutin organis\u00e9 \u00e0 Louvain-la-Neuve, ce num\u00e9ro s\u2019ouvre sur un grand entretien avec le g\u00e9ographe irlandais Philipe Lawson, qui propose une lecture critique de la \u00ab ville cr\u00e9ative \u00bb et de ses cons\u00e9quences sur les in\u00e9galit\u00e9s sociales. Le journaliste David Leloup, \u00e0 l\u2019origine de l\u2019affaire \u00ab Publifin \u00bb consacre ensuite 24 pages d\u2019enqu\u00eate au fonds de pension OGEO Fund, \u00ab la banque \u00bb d\u2019un certain d\u00e9veloppement urbain made in Li\u00e8ge. Le dossier principal de ce num\u00e9ro est consacr\u00e9 au bus en Wallonie et \u00e0 Bruxelles comme exp\u00e9rience quotidienne et comme enjeu politique. Il nous emm\u00e8ne \u00e0 Mons, Namur ou Bruxelles. Il propose aussi un entretien de sept pages, rare, avec le patron du bus wallon, Vincent Peremans. On trouvera encore dans ce num\u00e9ro quatre brefs textes de l\u2019\u00e9crivain Karel Logist, une s\u00e9rie de photographies de Thomas Freteur sur Ha\u00efti, une table ronde sur l\u2019avenir de la Maison Rigo, \u00e0 Li\u00e8ge, un bilan du processus \u00ab Wallonie cyclable \u00bb ou encore un article sur la fabrique urbaine d\u2019Istanbul, par Sinan Logie et Yoann Morvan. Sans oublier la page des libraires ou les chroniques de Caroline Lamarche, Jean-Pierre Collignon, Harald Franssen et Aur\u00e9lie William Levaux.\" \/>\n<meta property=\"og:url\" content=\"https:\/\/hematomes.be\/boutique\/catalogue\/derivations\/derivations-4-bus\/\" \/>\n<meta property=\"og:site_name\" content=\"H\u00e9matomes\" \/>\n<meta property=\"article:modified_time\" content=\"2025-09-19T08:48:43+00:00\" \/>\n<meta property=\"og:image\" content=\"https:\/\/hematomes.be\/wp-content\/uploads\/2024\/04\/2017-03_Derivations4_Cover.jpg\" \/>\n\t<meta property=\"og:image:width\" content=\"960\" \/>\n\t<meta property=\"og:image:height\" content=\"1440\" \/>\n\t<meta property=\"og:image:type\" content=\"image\/jpeg\" \/>\n<meta name=\"twitter:card\" content=\"summary_large_image\" \/>\n<script type=\"application\/ld+json\" class=\"yoast-schema-graph\">{\"@context\":\"https:\/\/schema.org\",\"@graph\":[{\"@type\":\"WebPage\",\"@id\":\"https:\/\/hematomes.be\/boutique\/catalogue\/derivations\/derivations-4-bus\/\",\"url\":\"https:\/\/hematomes.be\/boutique\/catalogue\/derivations\/derivations-4-bus\/\",\"name\":\"D\u00e9rivations 4 - Bus - H\u00e9matomes\",\"isPartOf\":{\"@id\":\"https:\/\/hematomes.be\/#website\"},\"primaryImageOfPage\":{\"@id\":\"https:\/\/hematomes.be\/boutique\/catalogue\/derivations\/derivations-4-bus\/#primaryimage\"},\"image\":{\"@id\":\"https:\/\/hematomes.be\/boutique\/catalogue\/derivations\/derivations-4-bus\/#primaryimage\"},\"thumbnailUrl\":\"https:\/\/hematomes.be\/wp-content\/uploads\/2024\/04\/2017-03_Derivations4_Cover.jpg\",\"datePublished\":\"2017-06-22T09:52:18+00:00\",\"dateModified\":\"2025-09-19T08:48:43+00:00\",\"breadcrumb\":{\"@id\":\"https:\/\/hematomes.be\/boutique\/catalogue\/derivations\/derivations-4-bus\/#breadcrumb\"},\"inLanguage\":\"en-US\",\"potentialAction\":[{\"@type\":\"ReadAction\",\"target\":[\"https:\/\/hematomes.be\/boutique\/catalogue\/derivations\/derivations-4-bus\/\"]}]},{\"@type\":\"ImageObject\",\"inLanguage\":\"en-US\",\"@id\":\"https:\/\/hematomes.be\/boutique\/catalogue\/derivations\/derivations-4-bus\/#primaryimage\",\"url\":\"https:\/\/hematomes.be\/wp-content\/uploads\/2024\/04\/2017-03_Derivations4_Cover.jpg\",\"contentUrl\":\"https:\/\/hematomes.be\/wp-content\/uploads\/2024\/04\/2017-03_Derivations4_Cover.jpg\",\"width\":960,\"height\":1440},{\"@type\":\"BreadcrumbList\",\"@id\":\"https:\/\/hematomes.be\/boutique\/catalogue\/derivations\/derivations-4-bus\/#breadcrumb\",\"itemListElement\":[{\"@type\":\"ListItem\",\"position\":1,\"name\":\"Accueil\",\"item\":\"https:\/\/hematomes.be\/en\/shop\/\"},{\"@type\":\"ListItem\",\"position\":2,\"name\":\"Shop\",\"item\":\"https:\/\/hematomes.be\/en\/shop\/\"},{\"@type\":\"ListItem\",\"position\":3,\"name\":\"D\u00e9rivations 4 &#8211; Bus\"}]},{\"@type\":\"WebSite\",\"@id\":\"https:\/\/hematomes.be\/#website\",\"url\":\"https:\/\/hematomes.be\/\",\"name\":\"H\u00e9matomes\",\"description\":\"Une maison d&#039;\u00e9dition qui publie sur l&#039;art et tout autour.\",\"potentialAction\":[{\"@type\":\"SearchAction\",\"target\":{\"@type\":\"EntryPoint\",\"urlTemplate\":\"https:\/\/hematomes.be\/?s={search_term_string}\"},\"query-input\":{\"@type\":\"PropertyValueSpecification\",\"valueRequired\":true,\"valueName\":\"search_term_string\"}}],\"inLanguage\":\"en-US\"}]}<\/script>\n<!-- \/ Yoast SEO plugin. -->","yoast_head_json":{"title":"D\u00e9rivations 4 - Bus - H\u00e9matomes","robots":{"index":"index","follow":"follow","max-snippet":"max-snippet:-1","max-image-preview":"max-image-preview:large","max-video-preview":"max-video-preview:-1"},"canonical":"https:\/\/hematomes.be\/boutique\/catalogue\/derivations\/derivations-4-bus\/","og_locale":"en_US","og_type":"article","og_title":"D\u00e9rivations 4 - Bus - H\u00e9matomes","og_description":"Apr\u00e8s une mise en perspective des usages de la consultation populaire d\u2019initiative citoyenne, faisant \u00e9cho au r\u00e9cent scrutin organis\u00e9 \u00e0 Louvain-la-Neuve, ce num\u00e9ro s\u2019ouvre sur un grand entretien avec le g\u00e9ographe irlandais Philipe Lawson, qui propose une lecture critique de la \u00ab ville cr\u00e9ative \u00bb et de ses cons\u00e9quences sur les in\u00e9galit\u00e9s sociales. Le journaliste David Leloup, \u00e0 l\u2019origine de l\u2019affaire \u00ab Publifin \u00bb consacre ensuite 24 pages d\u2019enqu\u00eate au fonds de pension OGEO Fund, \u00ab la banque \u00bb d\u2019un certain d\u00e9veloppement urbain made in Li\u00e8ge. Le dossier principal de ce num\u00e9ro est consacr\u00e9 au bus en Wallonie et \u00e0 Bruxelles comme exp\u00e9rience quotidienne et comme enjeu politique. Il nous emm\u00e8ne \u00e0 Mons, Namur ou Bruxelles. Il propose aussi un entretien de sept pages, rare, avec le patron du bus wallon, Vincent Peremans. On trouvera encore dans ce num\u00e9ro quatre brefs textes de l\u2019\u00e9crivain Karel Logist, une s\u00e9rie de photographies de Thomas Freteur sur Ha\u00efti, une table ronde sur l\u2019avenir de la Maison Rigo, \u00e0 Li\u00e8ge, un bilan du processus \u00ab Wallonie cyclable \u00bb ou encore un article sur la fabrique urbaine d\u2019Istanbul, par Sinan Logie et Yoann Morvan. Sans oublier la page des libraires ou les chroniques de Caroline Lamarche, Jean-Pierre Collignon, Harald Franssen et Aur\u00e9lie William Levaux.","og_url":"https:\/\/hematomes.be\/boutique\/catalogue\/derivations\/derivations-4-bus\/","og_site_name":"H\u00e9matomes","article_modified_time":"2025-09-19T08:48:43+00:00","og_image":[{"width":960,"height":1440,"url":"https:\/\/hematomes.be\/wp-content\/uploads\/2024\/04\/2017-03_Derivations4_Cover.jpg","type":"image\/jpeg"}],"twitter_card":"summary_large_image","schema":{"@context":"https:\/\/schema.org","@graph":[{"@type":"WebPage","@id":"https:\/\/hematomes.be\/boutique\/catalogue\/derivations\/derivations-4-bus\/","url":"https:\/\/hematomes.be\/boutique\/catalogue\/derivations\/derivations-4-bus\/","name":"D\u00e9rivations 4 - Bus - H\u00e9matomes","isPartOf":{"@id":"https:\/\/hematomes.be\/#website"},"primaryImageOfPage":{"@id":"https:\/\/hematomes.be\/boutique\/catalogue\/derivations\/derivations-4-bus\/#primaryimage"},"image":{"@id":"https:\/\/hematomes.be\/boutique\/catalogue\/derivations\/derivations-4-bus\/#primaryimage"},"thumbnailUrl":"https:\/\/hematomes.be\/wp-content\/uploads\/2024\/04\/2017-03_Derivations4_Cover.jpg","datePublished":"2017-06-22T09:52:18+00:00","dateModified":"2025-09-19T08:48:43+00:00","breadcrumb":{"@id":"https:\/\/hematomes.be\/boutique\/catalogue\/derivations\/derivations-4-bus\/#breadcrumb"},"inLanguage":"en-US","potentialAction":[{"@type":"ReadAction","target":["https:\/\/hematomes.be\/boutique\/catalogue\/derivations\/derivations-4-bus\/"]}]},{"@type":"ImageObject","inLanguage":"en-US","@id":"https:\/\/hematomes.be\/boutique\/catalogue\/derivations\/derivations-4-bus\/#primaryimage","url":"https:\/\/hematomes.be\/wp-content\/uploads\/2024\/04\/2017-03_Derivations4_Cover.jpg","contentUrl":"https:\/\/hematomes.be\/wp-content\/uploads\/2024\/04\/2017-03_Derivations4_Cover.jpg","width":960,"height":1440},{"@type":"BreadcrumbList","@id":"https:\/\/hematomes.be\/boutique\/catalogue\/derivations\/derivations-4-bus\/#breadcrumb","itemListElement":[{"@type":"ListItem","position":1,"name":"Accueil","item":"https:\/\/hematomes.be\/en\/shop\/"},{"@type":"ListItem","position":2,"name":"Shop","item":"https:\/\/hematomes.be\/en\/shop\/"},{"@type":"ListItem","position":3,"name":"D\u00e9rivations 4 &#8211; Bus"}]},{"@type":"WebSite","@id":"https:\/\/hematomes.be\/#website","url":"https:\/\/hematomes.be\/","name":"H\u00e9matomes","description":"Une maison d&#039;\u00e9dition qui publie sur l&#039;art et tout autour.","potentialAction":[{"@type":"SearchAction","target":{"@type":"EntryPoint","urlTemplate":"https:\/\/hematomes.be\/?s={search_term_string}"},"query-input":{"@type":"PropertyValueSpecification","valueRequired":true,"valueName":"search_term_string"}}],"inLanguage":"en-US"}]}},"_links":{"self":[{"href":"https:\/\/hematomes.be\/en\/wp-json\/wp\/v2\/product\/678","targetHints":{"allow":["GET"]}}],"collection":[{"href":"https:\/\/hematomes.be\/en\/wp-json\/wp\/v2\/product"}],"about":[{"href":"https:\/\/hematomes.be\/en\/wp-json\/wp\/v2\/types\/product"}],"wp:featuredmedia":[{"embeddable":true,"href":"https:\/\/hematomes.be\/en\/wp-json\/wp\/v2\/media\/608"}],"wp:attachment":[{"href":"https:\/\/hematomes.be\/en\/wp-json\/wp\/v2\/media?parent=678"}],"wp:term":[{"taxonomy":"product_brand","embeddable":true,"href":"https:\/\/hematomes.be\/en\/wp-json\/wp\/v2\/product_brand?post=678"},{"taxonomy":"product_cat","embeddable":true,"href":"https:\/\/hematomes.be\/en\/wp-json\/wp\/v2\/product_cat?post=678"},{"taxonomy":"product_tag","embeddable":true,"href":"https:\/\/hematomes.be\/en\/wp-json\/wp\/v2\/product_tag?post=678"}],"curies":[{"name":"wp","href":"https:\/\/api.w.org\/{rel}","templated":true}]}}