{"id":679,"date":"2017-12-22T09:54:39","date_gmt":"2017-12-22T09:54:39","guid":{"rendered":"http:\/\/hematomes.nnstudio.pro\/?post_type=product&#038;p=679"},"modified":"2025-09-19T08:46:56","modified_gmt":"2025-09-19T08:46:56","slug":"derivations-5-prison-et-territoire","status":"publish","type":"product","link":"https:\/\/hematomes.be\/en\/boutique\/catalog\/derivations-5-prison-et-territoire\/","title":{"rendered":"D\u00e9rivations 5 &#8211; Prison et Territoire"},"content":{"rendered":"","protected":false},"excerpt":{"rendered":"<p>Le dossier de ce num\u00e9ro traite du territoire et de la prison. Dans une interview, l\u2019ancien d\u00e9tenu Eric Lammers nous dit qu\u2019il n\u2019a jamais cess\u00e9 d\u2019\u00e9chafauder des plans pour s\u2019\u00e9vader de ses diff\u00e9rentes cellules. Un jour, il re\u00e7oit un ordinateur. Cet instant particulier, vous le d\u00e9couvrirez dans son entretien avec Marie-H\u00e9l\u00e8ne Rabier. Il nous dit : j\u2019ai alors commenc\u00e9 \u00e0 \u00e9crire, \u00e0 mettre sur papier toutes les fantaisies qui me passaient par la t\u00eate. C\u2019\u00e9tait \u00e7a, l\u2019\u00e9vasion. Quand on \u00e9crit, l\u2019espace dans lequel on se trouve n\u2019a plus d\u2019importance. On vous souhaite donc que ce num\u00e9ros 5 vous permette de vous \u00e9vader. Avec les contributions de Ludovic Demarche, Fran\u00e7ois Schreuer, Gr\u00e9gory Robert, Mimo Basmadjian, Nadine Janssens, Antoine Faja, Albert Mertens, Caroline Lamarche, David Tieleman, David Leloup, Luca Piddiu, Claire Scohier, Marie-Sophie Devresse, Marie-No\u00eblle Tenaerts, Emmanuel D\u2019autreppe, Doris Michel, Jean-Pierre Collignon, Anne-Fran\u00e7oise Lesuisse, Corinne Hoex, Baptiste Brunello, Tina Steiger, Robert L. Philippart, Christophe Gilot, Marie-Fran\u00e7oise Plissart, Sophie Vangor, Gilles-Ivan Frankignoul, Urban sketchers, Atelier Pica Pica, Roane Carey, Jacques Teller, David De Beyter, H\u00e9l\u00e8ne Jan\u00e9-Aluja, Elise Van Schingen, Philippe Marczewski, Maud Samaha, Benjamin Monti et Aur\u00e9lie William Levaux.<\/p>\n","protected":false},"featured_media":610,"template":"","meta":{"_acf_changed":false},"product_brand":[],"product_cat":[15,26],"product_tag":[],"class_list":{"0":"post-679","1":"product","2":"type-product","3":"status-publish","4":"has-post-thumbnail","6":"product_cat-catalogue","7":"product_cat-revue-derivations","9":"first","10":"instock","11":"shipping-taxable","12":"purchasable","13":"product-type-simple"},"acf":[],"yoast_head":"<!-- This site is optimized with the Yoast SEO plugin v27.2 - https:\/\/yoast.com\/product\/yoast-seo-wordpress\/ -->\n<title>D\u00e9rivations 5 - Prison et Territoire - H\u00e9matomes<\/title>\n<meta name=\"robots\" content=\"index, follow, max-snippet:-1, max-image-preview:large, max-video-preview:-1\" \/>\n<link rel=\"canonical\" href=\"https:\/\/hematomes.be\/boutique\/catalogue\/derivations\/derivations-5-prison-et-territoire\/\" \/>\n<meta property=\"og:locale\" content=\"en_US\" \/>\n<meta property=\"og:type\" content=\"article\" \/>\n<meta property=\"og:title\" content=\"D\u00e9rivations 5 - Prison et Territoire - H\u00e9matomes\" \/>\n<meta property=\"og:description\" content=\"Le dossier de ce num\u00e9ro traite du territoire et de la prison. Dans une interview, l\u2019ancien d\u00e9tenu Eric Lammers nous dit qu\u2019il n\u2019a jamais cess\u00e9 d\u2019\u00e9chafauder des plans pour s\u2019\u00e9vader de ses diff\u00e9rentes cellules. Un jour, il re\u00e7oit un ordinateur. Cet instant particulier, vous le d\u00e9couvrirez dans son entretien avec Marie-H\u00e9l\u00e8ne Rabier. Il nous dit : j\u2019ai alors commenc\u00e9 \u00e0 \u00e9crire, \u00e0 mettre sur papier toutes les fantaisies qui me passaient par la t\u00eate. C\u2019\u00e9tait \u00e7a, l\u2019\u00e9vasion. Quand on \u00e9crit, l\u2019espace dans lequel on se trouve n\u2019a plus d\u2019importance. On vous souhaite donc que ce num\u00e9ros 5 vous permette de vous \u00e9vader. Avec les contributions de Ludovic Demarche, Fran\u00e7ois Schreuer, Gr\u00e9gory Robert, Mimo Basmadjian, Nadine Janssens, Antoine Faja, Albert Mertens, Caroline Lamarche, David Tieleman, David Leloup, Luca Piddiu, Claire Scohier, Marie-Sophie Devresse, Marie-No\u00eblle Tenaerts, Emmanuel D\u2019autreppe, Doris Michel, Jean-Pierre Collignon, Anne-Fran\u00e7oise Lesuisse, Corinne Hoex, Baptiste Brunello, Tina Steiger, Robert L. Philippart, Christophe Gilot, Marie-Fran\u00e7oise Plissart, Sophie Vangor, Gilles-Ivan Frankignoul, Urban sketchers, Atelier Pica Pica, Roane Carey, Jacques Teller, David De Beyter, H\u00e9l\u00e8ne Jan\u00e9-Aluja, Elise Van Schingen, Philippe Marczewski, Maud Samaha, Benjamin Monti et Aur\u00e9lie William Levaux.\" \/>\n<meta property=\"og:url\" content=\"https:\/\/hematomes.be\/boutique\/catalogue\/derivations\/derivations-5-prison-et-territoire\/\" \/>\n<meta property=\"og:site_name\" content=\"H\u00e9matomes\" \/>\n<meta property=\"article:modified_time\" content=\"2025-09-19T08:46:56+00:00\" \/>\n<meta property=\"og:image\" content=\"https:\/\/hematomes.be\/wp-content\/uploads\/2024\/04\/2017-12_Derivations5_Cover.jpg\" \/>\n\t<meta property=\"og:image:width\" content=\"960\" \/>\n\t<meta property=\"og:image:height\" content=\"1440\" \/>\n\t<meta property=\"og:image:type\" content=\"image\/jpeg\" \/>\n<meta name=\"twitter:card\" content=\"summary_large_image\" \/>\n<script type=\"application\/ld+json\" class=\"yoast-schema-graph\">{\"@context\":\"https:\/\/schema.org\",\"@graph\":[{\"@type\":\"WebPage\",\"@id\":\"https:\/\/hematomes.be\/boutique\/catalogue\/derivations\/derivations-5-prison-et-territoire\/\",\"url\":\"https:\/\/hematomes.be\/boutique\/catalogue\/derivations\/derivations-5-prison-et-territoire\/\",\"name\":\"D\u00e9rivations 5 - Prison et Territoire - H\u00e9matomes\",\"isPartOf\":{\"@id\":\"https:\/\/hematomes.be\/#website\"},\"primaryImageOfPage\":{\"@id\":\"https:\/\/hematomes.be\/boutique\/catalogue\/derivations\/derivations-5-prison-et-territoire\/#primaryimage\"},\"image\":{\"@id\":\"https:\/\/hematomes.be\/boutique\/catalogue\/derivations\/derivations-5-prison-et-territoire\/#primaryimage\"},\"thumbnailUrl\":\"https:\/\/hematomes.be\/wp-content\/uploads\/2024\/04\/2017-12_Derivations5_Cover.jpg\",\"datePublished\":\"2017-12-22T09:54:39+00:00\",\"dateModified\":\"2025-09-19T08:46:56+00:00\",\"breadcrumb\":{\"@id\":\"https:\/\/hematomes.be\/boutique\/catalogue\/derivations\/derivations-5-prison-et-territoire\/#breadcrumb\"},\"inLanguage\":\"en-US\",\"potentialAction\":[{\"@type\":\"ReadAction\",\"target\":[\"https:\/\/hematomes.be\/boutique\/catalogue\/derivations\/derivations-5-prison-et-territoire\/\"]}]},{\"@type\":\"ImageObject\",\"inLanguage\":\"en-US\",\"@id\":\"https:\/\/hematomes.be\/boutique\/catalogue\/derivations\/derivations-5-prison-et-territoire\/#primaryimage\",\"url\":\"https:\/\/hematomes.be\/wp-content\/uploads\/2024\/04\/2017-12_Derivations5_Cover.jpg\",\"contentUrl\":\"https:\/\/hematomes.be\/wp-content\/uploads\/2024\/04\/2017-12_Derivations5_Cover.jpg\",\"width\":960,\"height\":1440},{\"@type\":\"BreadcrumbList\",\"@id\":\"https:\/\/hematomes.be\/boutique\/catalogue\/derivations\/derivations-5-prison-et-territoire\/#breadcrumb\",\"itemListElement\":[{\"@type\":\"ListItem\",\"position\":1,\"name\":\"Accueil\",\"item\":\"https:\/\/hematomes.be\/en\/shop\/\"},{\"@type\":\"ListItem\",\"position\":2,\"name\":\"Shop\",\"item\":\"https:\/\/hematomes.be\/en\/shop\/\"},{\"@type\":\"ListItem\",\"position\":3,\"name\":\"D\u00e9rivations 5 &#8211; Prison et Territoire\"}]},{\"@type\":\"WebSite\",\"@id\":\"https:\/\/hematomes.be\/#website\",\"url\":\"https:\/\/hematomes.be\/\",\"name\":\"H\u00e9matomes\",\"description\":\"Une maison d&#039;\u00e9dition qui publie sur l&#039;art et tout autour.\",\"potentialAction\":[{\"@type\":\"SearchAction\",\"target\":{\"@type\":\"EntryPoint\",\"urlTemplate\":\"https:\/\/hematomes.be\/?s={search_term_string}\"},\"query-input\":{\"@type\":\"PropertyValueSpecification\",\"valueRequired\":true,\"valueName\":\"search_term_string\"}}],\"inLanguage\":\"en-US\"}]}<\/script>\n<!-- \/ Yoast SEO plugin. -->","yoast_head_json":{"title":"D\u00e9rivations 5 - Prison et Territoire - H\u00e9matomes","robots":{"index":"index","follow":"follow","max-snippet":"max-snippet:-1","max-image-preview":"max-image-preview:large","max-video-preview":"max-video-preview:-1"},"canonical":"https:\/\/hematomes.be\/boutique\/catalogue\/derivations\/derivations-5-prison-et-territoire\/","og_locale":"en_US","og_type":"article","og_title":"D\u00e9rivations 5 - Prison et Territoire - H\u00e9matomes","og_description":"Le dossier de ce num\u00e9ro traite du territoire et de la prison. Dans une interview, l\u2019ancien d\u00e9tenu Eric Lammers nous dit qu\u2019il n\u2019a jamais cess\u00e9 d\u2019\u00e9chafauder des plans pour s\u2019\u00e9vader de ses diff\u00e9rentes cellules. Un jour, il re\u00e7oit un ordinateur. Cet instant particulier, vous le d\u00e9couvrirez dans son entretien avec Marie-H\u00e9l\u00e8ne Rabier. Il nous dit : j\u2019ai alors commenc\u00e9 \u00e0 \u00e9crire, \u00e0 mettre sur papier toutes les fantaisies qui me passaient par la t\u00eate. C\u2019\u00e9tait \u00e7a, l\u2019\u00e9vasion. Quand on \u00e9crit, l\u2019espace dans lequel on se trouve n\u2019a plus d\u2019importance. On vous souhaite donc que ce num\u00e9ros 5 vous permette de vous \u00e9vader. Avec les contributions de Ludovic Demarche, Fran\u00e7ois Schreuer, Gr\u00e9gory Robert, Mimo Basmadjian, Nadine Janssens, Antoine Faja, Albert Mertens, Caroline Lamarche, David Tieleman, David Leloup, Luca Piddiu, Claire Scohier, Marie-Sophie Devresse, Marie-No\u00eblle Tenaerts, Emmanuel D\u2019autreppe, Doris Michel, Jean-Pierre Collignon, Anne-Fran\u00e7oise Lesuisse, Corinne Hoex, Baptiste Brunello, Tina Steiger, Robert L. Philippart, Christophe Gilot, Marie-Fran\u00e7oise Plissart, Sophie Vangor, Gilles-Ivan Frankignoul, Urban sketchers, Atelier Pica Pica, Roane Carey, Jacques Teller, David De Beyter, H\u00e9l\u00e8ne Jan\u00e9-Aluja, Elise Van Schingen, Philippe Marczewski, Maud Samaha, Benjamin Monti et Aur\u00e9lie William Levaux.","og_url":"https:\/\/hematomes.be\/boutique\/catalogue\/derivations\/derivations-5-prison-et-territoire\/","og_site_name":"H\u00e9matomes","article_modified_time":"2025-09-19T08:46:56+00:00","og_image":[{"width":960,"height":1440,"url":"https:\/\/hematomes.be\/wp-content\/uploads\/2024\/04\/2017-12_Derivations5_Cover.jpg","type":"image\/jpeg"}],"twitter_card":"summary_large_image","schema":{"@context":"https:\/\/schema.org","@graph":[{"@type":"WebPage","@id":"https:\/\/hematomes.be\/boutique\/catalogue\/derivations\/derivations-5-prison-et-territoire\/","url":"https:\/\/hematomes.be\/boutique\/catalogue\/derivations\/derivations-5-prison-et-territoire\/","name":"D\u00e9rivations 5 - Prison et Territoire - H\u00e9matomes","isPartOf":{"@id":"https:\/\/hematomes.be\/#website"},"primaryImageOfPage":{"@id":"https:\/\/hematomes.be\/boutique\/catalogue\/derivations\/derivations-5-prison-et-territoire\/#primaryimage"},"image":{"@id":"https:\/\/hematomes.be\/boutique\/catalogue\/derivations\/derivations-5-prison-et-territoire\/#primaryimage"},"thumbnailUrl":"https:\/\/hematomes.be\/wp-content\/uploads\/2024\/04\/2017-12_Derivations5_Cover.jpg","datePublished":"2017-12-22T09:54:39+00:00","dateModified":"2025-09-19T08:46:56+00:00","breadcrumb":{"@id":"https:\/\/hematomes.be\/boutique\/catalogue\/derivations\/derivations-5-prison-et-territoire\/#breadcrumb"},"inLanguage":"en-US","potentialAction":[{"@type":"ReadAction","target":["https:\/\/hematomes.be\/boutique\/catalogue\/derivations\/derivations-5-prison-et-territoire\/"]}]},{"@type":"ImageObject","inLanguage":"en-US","@id":"https:\/\/hematomes.be\/boutique\/catalogue\/derivations\/derivations-5-prison-et-territoire\/#primaryimage","url":"https:\/\/hematomes.be\/wp-content\/uploads\/2024\/04\/2017-12_Derivations5_Cover.jpg","contentUrl":"https:\/\/hematomes.be\/wp-content\/uploads\/2024\/04\/2017-12_Derivations5_Cover.jpg","width":960,"height":1440},{"@type":"BreadcrumbList","@id":"https:\/\/hematomes.be\/boutique\/catalogue\/derivations\/derivations-5-prison-et-territoire\/#breadcrumb","itemListElement":[{"@type":"ListItem","position":1,"name":"Accueil","item":"https:\/\/hematomes.be\/en\/shop\/"},{"@type":"ListItem","position":2,"name":"Shop","item":"https:\/\/hematomes.be\/en\/shop\/"},{"@type":"ListItem","position":3,"name":"D\u00e9rivations 5 &#8211; Prison et Territoire"}]},{"@type":"WebSite","@id":"https:\/\/hematomes.be\/#website","url":"https:\/\/hematomes.be\/","name":"H\u00e9matomes","description":"Une maison d&#039;\u00e9dition qui publie sur l&#039;art et tout autour.","potentialAction":[{"@type":"SearchAction","target":{"@type":"EntryPoint","urlTemplate":"https:\/\/hematomes.be\/?s={search_term_string}"},"query-input":{"@type":"PropertyValueSpecification","valueRequired":true,"valueName":"search_term_string"}}],"inLanguage":"en-US"}]}},"_links":{"self":[{"href":"https:\/\/hematomes.be\/en\/wp-json\/wp\/v2\/product\/679","targetHints":{"allow":["GET"]}}],"collection":[{"href":"https:\/\/hematomes.be\/en\/wp-json\/wp\/v2\/product"}],"about":[{"href":"https:\/\/hematomes.be\/en\/wp-json\/wp\/v2\/types\/product"}],"wp:featuredmedia":[{"embeddable":true,"href":"https:\/\/hematomes.be\/en\/wp-json\/wp\/v2\/media\/610"}],"wp:attachment":[{"href":"https:\/\/hematomes.be\/en\/wp-json\/wp\/v2\/media?parent=679"}],"wp:term":[{"taxonomy":"product_brand","embeddable":true,"href":"https:\/\/hematomes.be\/en\/wp-json\/wp\/v2\/product_brand?post=679"},{"taxonomy":"product_cat","embeddable":true,"href":"https:\/\/hematomes.be\/en\/wp-json\/wp\/v2\/product_cat?post=679"},{"taxonomy":"product_tag","embeddable":true,"href":"https:\/\/hematomes.be\/en\/wp-json\/wp\/v2\/product_tag?post=679"}],"curies":[{"name":"wp","href":"https:\/\/api.w.org\/{rel}","templated":true}]}}