{"id":681,"date":"2019-12-15T09:58:57","date_gmt":"2019-12-15T09:58:57","guid":{"rendered":"http:\/\/hematomes.nnstudio.pro\/?post_type=product&#038;p=681"},"modified":"2025-09-19T08:46:09","modified_gmt":"2025-09-19T08:46:09","slug":"derivations-6-charleroi-ville-experimentale","status":"publish","type":"product","link":"https:\/\/hematomes.be\/en\/boutique\/catalog\/derivations-6-charleroi-ville-experimentale\/","title":{"rendered":"D\u00e9rivations 6 &#8211; Charleroi, Ville exp\u00e9rimentale"},"content":{"rendered":"","protected":false},"excerpt":{"rendered":"<p>&#8220;\u00ab Ville la plus laide du monde \u00bb, \u00ab pays noir \u00bb, \u00ab plus grande ville de Wallonie \u00bb, Charleroi dispose de bien des sobriquets et stimule les imaginaires. Sa r\u00e9alit\u00e9-m\u00eame t\u00e9moigne d\u2019une diversit\u00e9 de v\u00e9cus et d\u2019histoires de la ville, que ceux-ci s\u2019expriment \u00e0 travers les traces de l\u2019\u00e8re industrielle (derniers hautsfourneaux, terrils aujourd\u2019hui verdoyants, corons encore noirs de suie, grandes maisons bourgeoises), \u00e0 travers les grandes infrastructures modernistes (ring autoroutier, m\u00e9tro l\u00e9ger, a\u00e9roport, etc.). Plus encore, les entreprises r\u00e9centes de r\u00e9novations de la ville am\u00e8nent encore une nouvelle r\u00e9interpr\u00e9tation de l\u2019agglom\u00e9ration, avec la d\u00e9signation du premier Bouwmeester wallon, mais aussi la construction de nouvelles structures, la r\u00e9novation d\u2019anciens joyaux architecturaux et les nombreux projets urbanistiques qui se d\u00e9veloppent autour de ceux-ci, sans non plus \u00e9viter les d\u00e9bats citoyens que de telles entreprises ne manquent pas de provoquer.<br \/>\nPour sa sixi\u00e8me livraison, la revue de d\u00e9bats urbains D\u00e9rivations consacre son dossier central \u00e0 la ville noire et ce caract\u00e8re exp\u00e9rimental qui semble habiter ses \u00e9volutions anciennes et r\u00e9centes. Nous chercherons par l\u00e0 \u00e0 faire jour sur la plus grande commune wallonne par un angle peu explor\u00e9, et pourtant riche en exemples et en d\u00e9bats sur le pass\u00e9, le pr\u00e9sent et l\u2019avenir de la cit\u00e9, en Belgique francophone comme ailleurs.<br \/>\nAvec les contributions de Fran\u00e7ois Schreuer, Mimo Basmadjian, Antoine Faja, Luca Piddiu, Ludovic Demarche, Marie-No\u00eblle Tenaerts, Alexandre Hagenmuller, Caroline Lamarche, Pavel Kunysz, Alexandra Marion, Michael Bianchi, Jean-Michel Leclercq, No\u00e9mie Drouguet, Marion Bourgeois, Benoit Moritz, Lise Cirillo, Bernard Swartenbroekx, Greg Pascon, Emmanuel D\u2019autreppe, Marie-No\u00eblle Dailly, Olivier Cornil, Julie Hanique, Timot\u00e9o Sergo\u00ef, Caroline Boileau, St\u00e9phane Gilot, Vincent Doumayrou, Colin Gray, Mikail Ko\u00e7ak, Chris Damaskis, Fabien Deno\u00ebl, G\u00e9rard Michel, Cl\u00e9ment Masurier, Margot Minette, Nikos Magouliotis, Jacques Teller, J\u00e9r\u00e9my Frontin, Thomas Bolmain et Aur\u00e9lie William Levaux.&#8221;<\/p>\n","protected":false},"featured_media":612,"template":"","meta":{"_acf_changed":false},"product_brand":[],"product_cat":[15,26],"product_tag":[],"class_list":{"0":"post-681","1":"product","2":"type-product","3":"status-publish","4":"has-post-thumbnail","6":"product_cat-catalogue","7":"product_cat-revue-derivations","9":"first","10":"instock","11":"shipping-taxable","12":"purchasable","13":"product-type-simple"},"acf":[],"yoast_head":"<!-- This site is optimized with the Yoast SEO plugin v27.2 - https:\/\/yoast.com\/product\/yoast-seo-wordpress\/ -->\n<title>D\u00e9rivations 6 - Charleroi, Ville exp\u00e9rimentale - H\u00e9matomes<\/title>\n<meta name=\"robots\" content=\"index, follow, max-snippet:-1, max-image-preview:large, max-video-preview:-1\" \/>\n<link rel=\"canonical\" href=\"https:\/\/hematomes.be\/boutique\/catalogue\/derivations\/derivations-6-charleroi-ville-experimentale\/\" \/>\n<meta property=\"og:locale\" content=\"en_US\" \/>\n<meta property=\"og:type\" content=\"article\" \/>\n<meta property=\"og:title\" content=\"D\u00e9rivations 6 - Charleroi, Ville exp\u00e9rimentale - H\u00e9matomes\" \/>\n<meta property=\"og:description\" content=\"&quot;\u00ab Ville la plus laide du monde \u00bb, \u00ab pays noir \u00bb, \u00ab plus grande ville de Wallonie \u00bb, Charleroi dispose de bien des sobriquets et stimule les imaginaires. Sa r\u00e9alit\u00e9-m\u00eame t\u00e9moigne d\u2019une diversit\u00e9 de v\u00e9cus et d\u2019histoires de la ville, que ceux-ci s\u2019expriment \u00e0 travers les traces de l\u2019\u00e8re industrielle (derniers hautsfourneaux, terrils aujourd\u2019hui verdoyants, corons encore noirs de suie, grandes maisons bourgeoises), \u00e0 travers les grandes infrastructures modernistes (ring autoroutier, m\u00e9tro l\u00e9ger, a\u00e9roport, etc.). Plus encore, les entreprises r\u00e9centes de r\u00e9novations de la ville am\u00e8nent encore une nouvelle r\u00e9interpr\u00e9tation de l\u2019agglom\u00e9ration, avec la d\u00e9signation du premier Bouwmeester wallon, mais aussi la construction de nouvelles structures, la r\u00e9novation d\u2019anciens joyaux architecturaux et les nombreux projets urbanistiques qui se d\u00e9veloppent autour de ceux-ci, sans non plus \u00e9viter les d\u00e9bats citoyens que de telles entreprises ne manquent pas de provoquer. Pour sa sixi\u00e8me livraison, la revue de d\u00e9bats urbains D\u00e9rivations consacre son dossier central \u00e0 la ville noire et ce caract\u00e8re exp\u00e9rimental qui semble habiter ses \u00e9volutions anciennes et r\u00e9centes. Nous chercherons par l\u00e0 \u00e0 faire jour sur la plus grande commune wallonne par un angle peu explor\u00e9, et pourtant riche en exemples et en d\u00e9bats sur le pass\u00e9, le pr\u00e9sent et l\u2019avenir de la cit\u00e9, en Belgique francophone comme ailleurs. Avec les contributions de Fran\u00e7ois Schreuer, Mimo Basmadjian, Antoine Faja, Luca Piddiu, Ludovic Demarche, Marie-No\u00eblle Tenaerts, Alexandre Hagenmuller, Caroline Lamarche, Pavel Kunysz, Alexandra Marion, Michael Bianchi, Jean-Michel Leclercq, No\u00e9mie Drouguet, Marion Bourgeois, Benoit Moritz, Lise Cirillo, Bernard Swartenbroekx, Greg Pascon, Emmanuel D\u2019autreppe, Marie-No\u00eblle Dailly, Olivier Cornil, Julie Hanique, Timot\u00e9o Sergo\u00ef, Caroline Boileau, St\u00e9phane Gilot, Vincent Doumayrou, Colin Gray, Mikail Ko\u00e7ak, Chris Damaskis, Fabien Deno\u00ebl, G\u00e9rard Michel, Cl\u00e9ment Masurier, Margot Minette, Nikos Magouliotis, Jacques Teller, J\u00e9r\u00e9my Frontin, Thomas Bolmain et Aur\u00e9lie William Levaux.&quot;\" \/>\n<meta property=\"og:url\" content=\"https:\/\/hematomes.be\/boutique\/catalogue\/derivations\/derivations-6-charleroi-ville-experimentale\/\" \/>\n<meta property=\"og:site_name\" content=\"H\u00e9matomes\" \/>\n<meta property=\"article:modified_time\" content=\"2025-09-19T08:46:09+00:00\" \/>\n<meta property=\"og:image\" content=\"https:\/\/hematomes.be\/wp-content\/uploads\/2024\/04\/2018-12_Derivations6_Cover.jpg\" \/>\n\t<meta property=\"og:image:width\" content=\"960\" \/>\n\t<meta property=\"og:image:height\" content=\"1440\" \/>\n\t<meta property=\"og:image:type\" content=\"image\/jpeg\" \/>\n<meta name=\"twitter:card\" content=\"summary_large_image\" \/>\n<script type=\"application\/ld+json\" class=\"yoast-schema-graph\">{\"@context\":\"https:\/\/schema.org\",\"@graph\":[{\"@type\":\"WebPage\",\"@id\":\"https:\/\/hematomes.be\/boutique\/catalogue\/derivations\/derivations-6-charleroi-ville-experimentale\/\",\"url\":\"https:\/\/hematomes.be\/boutique\/catalogue\/derivations\/derivations-6-charleroi-ville-experimentale\/\",\"name\":\"D\u00e9rivations 6 - Charleroi, Ville exp\u00e9rimentale - H\u00e9matomes\",\"isPartOf\":{\"@id\":\"https:\/\/hematomes.be\/#website\"},\"primaryImageOfPage\":{\"@id\":\"https:\/\/hematomes.be\/boutique\/catalogue\/derivations\/derivations-6-charleroi-ville-experimentale\/#primaryimage\"},\"image\":{\"@id\":\"https:\/\/hematomes.be\/boutique\/catalogue\/derivations\/derivations-6-charleroi-ville-experimentale\/#primaryimage\"},\"thumbnailUrl\":\"https:\/\/hematomes.be\/wp-content\/uploads\/2024\/04\/2018-12_Derivations6_Cover.jpg\",\"datePublished\":\"2019-12-15T09:58:57+00:00\",\"dateModified\":\"2025-09-19T08:46:09+00:00\",\"breadcrumb\":{\"@id\":\"https:\/\/hematomes.be\/boutique\/catalogue\/derivations\/derivations-6-charleroi-ville-experimentale\/#breadcrumb\"},\"inLanguage\":\"en-US\",\"potentialAction\":[{\"@type\":\"ReadAction\",\"target\":[\"https:\/\/hematomes.be\/boutique\/catalogue\/derivations\/derivations-6-charleroi-ville-experimentale\/\"]}]},{\"@type\":\"ImageObject\",\"inLanguage\":\"en-US\",\"@id\":\"https:\/\/hematomes.be\/boutique\/catalogue\/derivations\/derivations-6-charleroi-ville-experimentale\/#primaryimage\",\"url\":\"https:\/\/hematomes.be\/wp-content\/uploads\/2024\/04\/2018-12_Derivations6_Cover.jpg\",\"contentUrl\":\"https:\/\/hematomes.be\/wp-content\/uploads\/2024\/04\/2018-12_Derivations6_Cover.jpg\",\"width\":960,\"height\":1440},{\"@type\":\"BreadcrumbList\",\"@id\":\"https:\/\/hematomes.be\/boutique\/catalogue\/derivations\/derivations-6-charleroi-ville-experimentale\/#breadcrumb\",\"itemListElement\":[{\"@type\":\"ListItem\",\"position\":1,\"name\":\"Accueil\",\"item\":\"https:\/\/hematomes.be\/en\/shop\/\"},{\"@type\":\"ListItem\",\"position\":2,\"name\":\"Shop\",\"item\":\"https:\/\/hematomes.be\/en\/shop\/\"},{\"@type\":\"ListItem\",\"position\":3,\"name\":\"D\u00e9rivations 6 &#8211; Charleroi, Ville exp\u00e9rimentale\"}]},{\"@type\":\"WebSite\",\"@id\":\"https:\/\/hematomes.be\/#website\",\"url\":\"https:\/\/hematomes.be\/\",\"name\":\"H\u00e9matomes\",\"description\":\"Une maison d&#039;\u00e9dition qui publie sur l&#039;art et tout autour.\",\"potentialAction\":[{\"@type\":\"SearchAction\",\"target\":{\"@type\":\"EntryPoint\",\"urlTemplate\":\"https:\/\/hematomes.be\/?s={search_term_string}\"},\"query-input\":{\"@type\":\"PropertyValueSpecification\",\"valueRequired\":true,\"valueName\":\"search_term_string\"}}],\"inLanguage\":\"en-US\"}]}<\/script>\n<!-- \/ Yoast SEO plugin. -->","yoast_head_json":{"title":"D\u00e9rivations 6 - Charleroi, Ville exp\u00e9rimentale - H\u00e9matomes","robots":{"index":"index","follow":"follow","max-snippet":"max-snippet:-1","max-image-preview":"max-image-preview:large","max-video-preview":"max-video-preview:-1"},"canonical":"https:\/\/hematomes.be\/boutique\/catalogue\/derivations\/derivations-6-charleroi-ville-experimentale\/","og_locale":"en_US","og_type":"article","og_title":"D\u00e9rivations 6 - Charleroi, Ville exp\u00e9rimentale - H\u00e9matomes","og_description":"\"\u00ab Ville la plus laide du monde \u00bb, \u00ab pays noir \u00bb, \u00ab plus grande ville de Wallonie \u00bb, Charleroi dispose de bien des sobriquets et stimule les imaginaires. Sa r\u00e9alit\u00e9-m\u00eame t\u00e9moigne d\u2019une diversit\u00e9 de v\u00e9cus et d\u2019histoires de la ville, que ceux-ci s\u2019expriment \u00e0 travers les traces de l\u2019\u00e8re industrielle (derniers hautsfourneaux, terrils aujourd\u2019hui verdoyants, corons encore noirs de suie, grandes maisons bourgeoises), \u00e0 travers les grandes infrastructures modernistes (ring autoroutier, m\u00e9tro l\u00e9ger, a\u00e9roport, etc.). Plus encore, les entreprises r\u00e9centes de r\u00e9novations de la ville am\u00e8nent encore une nouvelle r\u00e9interpr\u00e9tation de l\u2019agglom\u00e9ration, avec la d\u00e9signation du premier Bouwmeester wallon, mais aussi la construction de nouvelles structures, la r\u00e9novation d\u2019anciens joyaux architecturaux et les nombreux projets urbanistiques qui se d\u00e9veloppent autour de ceux-ci, sans non plus \u00e9viter les d\u00e9bats citoyens que de telles entreprises ne manquent pas de provoquer. Pour sa sixi\u00e8me livraison, la revue de d\u00e9bats urbains D\u00e9rivations consacre son dossier central \u00e0 la ville noire et ce caract\u00e8re exp\u00e9rimental qui semble habiter ses \u00e9volutions anciennes et r\u00e9centes. Nous chercherons par l\u00e0 \u00e0 faire jour sur la plus grande commune wallonne par un angle peu explor\u00e9, et pourtant riche en exemples et en d\u00e9bats sur le pass\u00e9, le pr\u00e9sent et l\u2019avenir de la cit\u00e9, en Belgique francophone comme ailleurs. Avec les contributions de Fran\u00e7ois Schreuer, Mimo Basmadjian, Antoine Faja, Luca Piddiu, Ludovic Demarche, Marie-No\u00eblle Tenaerts, Alexandre Hagenmuller, Caroline Lamarche, Pavel Kunysz, Alexandra Marion, Michael Bianchi, Jean-Michel Leclercq, No\u00e9mie Drouguet, Marion Bourgeois, Benoit Moritz, Lise Cirillo, Bernard Swartenbroekx, Greg Pascon, Emmanuel D\u2019autreppe, Marie-No\u00eblle Dailly, Olivier Cornil, Julie Hanique, Timot\u00e9o Sergo\u00ef, Caroline Boileau, St\u00e9phane Gilot, Vincent Doumayrou, Colin Gray, Mikail Ko\u00e7ak, Chris Damaskis, Fabien Deno\u00ebl, G\u00e9rard Michel, Cl\u00e9ment Masurier, Margot Minette, Nikos Magouliotis, Jacques Teller, J\u00e9r\u00e9my Frontin, Thomas Bolmain et Aur\u00e9lie William Levaux.\"","og_url":"https:\/\/hematomes.be\/boutique\/catalogue\/derivations\/derivations-6-charleroi-ville-experimentale\/","og_site_name":"H\u00e9matomes","article_modified_time":"2025-09-19T08:46:09+00:00","og_image":[{"width":960,"height":1440,"url":"https:\/\/hematomes.be\/wp-content\/uploads\/2024\/04\/2018-12_Derivations6_Cover.jpg","type":"image\/jpeg"}],"twitter_card":"summary_large_image","schema":{"@context":"https:\/\/schema.org","@graph":[{"@type":"WebPage","@id":"https:\/\/hematomes.be\/boutique\/catalogue\/derivations\/derivations-6-charleroi-ville-experimentale\/","url":"https:\/\/hematomes.be\/boutique\/catalogue\/derivations\/derivations-6-charleroi-ville-experimentale\/","name":"D\u00e9rivations 6 - Charleroi, Ville exp\u00e9rimentale - H\u00e9matomes","isPartOf":{"@id":"https:\/\/hematomes.be\/#website"},"primaryImageOfPage":{"@id":"https:\/\/hematomes.be\/boutique\/catalogue\/derivations\/derivations-6-charleroi-ville-experimentale\/#primaryimage"},"image":{"@id":"https:\/\/hematomes.be\/boutique\/catalogue\/derivations\/derivations-6-charleroi-ville-experimentale\/#primaryimage"},"thumbnailUrl":"https:\/\/hematomes.be\/wp-content\/uploads\/2024\/04\/2018-12_Derivations6_Cover.jpg","datePublished":"2019-12-15T09:58:57+00:00","dateModified":"2025-09-19T08:46:09+00:00","breadcrumb":{"@id":"https:\/\/hematomes.be\/boutique\/catalogue\/derivations\/derivations-6-charleroi-ville-experimentale\/#breadcrumb"},"inLanguage":"en-US","potentialAction":[{"@type":"ReadAction","target":["https:\/\/hematomes.be\/boutique\/catalogue\/derivations\/derivations-6-charleroi-ville-experimentale\/"]}]},{"@type":"ImageObject","inLanguage":"en-US","@id":"https:\/\/hematomes.be\/boutique\/catalogue\/derivations\/derivations-6-charleroi-ville-experimentale\/#primaryimage","url":"https:\/\/hematomes.be\/wp-content\/uploads\/2024\/04\/2018-12_Derivations6_Cover.jpg","contentUrl":"https:\/\/hematomes.be\/wp-content\/uploads\/2024\/04\/2018-12_Derivations6_Cover.jpg","width":960,"height":1440},{"@type":"BreadcrumbList","@id":"https:\/\/hematomes.be\/boutique\/catalogue\/derivations\/derivations-6-charleroi-ville-experimentale\/#breadcrumb","itemListElement":[{"@type":"ListItem","position":1,"name":"Accueil","item":"https:\/\/hematomes.be\/en\/shop\/"},{"@type":"ListItem","position":2,"name":"Shop","item":"https:\/\/hematomes.be\/en\/shop\/"},{"@type":"ListItem","position":3,"name":"D\u00e9rivations 6 &#8211; Charleroi, Ville exp\u00e9rimentale"}]},{"@type":"WebSite","@id":"https:\/\/hematomes.be\/#website","url":"https:\/\/hematomes.be\/","name":"H\u00e9matomes","description":"Une maison d&#039;\u00e9dition qui publie sur l&#039;art et tout autour.","potentialAction":[{"@type":"SearchAction","target":{"@type":"EntryPoint","urlTemplate":"https:\/\/hematomes.be\/?s={search_term_string}"},"query-input":{"@type":"PropertyValueSpecification","valueRequired":true,"valueName":"search_term_string"}}],"inLanguage":"en-US"}]}},"_links":{"self":[{"href":"https:\/\/hematomes.be\/en\/wp-json\/wp\/v2\/product\/681","targetHints":{"allow":["GET"]}}],"collection":[{"href":"https:\/\/hematomes.be\/en\/wp-json\/wp\/v2\/product"}],"about":[{"href":"https:\/\/hematomes.be\/en\/wp-json\/wp\/v2\/types\/product"}],"wp:featuredmedia":[{"embeddable":true,"href":"https:\/\/hematomes.be\/en\/wp-json\/wp\/v2\/media\/612"}],"wp:attachment":[{"href":"https:\/\/hematomes.be\/en\/wp-json\/wp\/v2\/media?parent=681"}],"wp:term":[{"taxonomy":"product_brand","embeddable":true,"href":"https:\/\/hematomes.be\/en\/wp-json\/wp\/v2\/product_brand?post=681"},{"taxonomy":"product_cat","embeddable":true,"href":"https:\/\/hematomes.be\/en\/wp-json\/wp\/v2\/product_cat?post=681"},{"taxonomy":"product_tag","embeddable":true,"href":"https:\/\/hematomes.be\/en\/wp-json\/wp\/v2\/product_tag?post=681"}],"curies":[{"name":"wp","href":"https:\/\/api.w.org\/{rel}","templated":true}]}}