{"id":682,"date":"2021-04-08T10:01:14","date_gmt":"2021-04-08T10:01:14","guid":{"rendered":"http:\/\/hematomes.nnstudio.pro\/?post_type=product&#038;p=682"},"modified":"2025-09-19T08:45:07","modified_gmt":"2025-09-19T08:45:07","slug":"derivations-7-la-ville-au-siecle-des-limites","status":"publish","type":"product","link":"https:\/\/hematomes.be\/en\/boutique\/catalog\/derivations-7-la-ville-au-siecle-des-limites\/","title":{"rendered":"D\u00e9rivations 7 &#8211; La ville au si\u00e8cle des limites"},"content":{"rendered":"<p>R\u00e9dacteur en chef : Fran\u00e7ois Schreuer<br \/>\nDirecteur artistique : Pierre Geurts<br \/>\nSecr\u00e9taire de r\u00e9daction : Thomas Bolmain<br \/>\n\u00c9diteur : urbAgora<br \/>\nLangue : Fran\u00e7ais<br \/>\nFormat : 16,5 \u00d7 24 cm, 304 pages, noir et blanc, 3 cahiers en quadrichromie, dos carr\u00e9 coll\u00e9<br \/>\nTirage : 1250 exemplaires<br \/>\nImpression : Snel<br \/>\nISBN : 978-2-930878-13-3<br \/>\nISSN : 2466-5983<br \/>\nD\u00e9p\u00f4t l\u00e9gal : Mars 2021<\/p>\n","protected":false},"excerpt":{"rendered":"<p>&#8220;Dans le dossier qui constitue le coeur de ce num\u00e9ro, &#8220;&#8221;La ville au si\u00e8cle des limites&#8221;&#8221;, D\u00e9rivations s&#8217;est refus\u00e9 \u00e0 succomber aux fantasmes r\u00e9gressifs, qu&#8217;ils soient nostalgiques (le noble geste paysan) ou utopistes (l&#8217;\u00e9cran num\u00e9rique, prolongement de la main humaine). C&#8217;est que l&#8217;on n&#8217;est gu\u00e8re convaincu, ici, des vertus politiques et intellectuelles de l&#8217;esp\u00e9rance. Il nous a paru plus utile de regarder autant que faire se peut la r\u00e9alit\u00e9 en face et de consid\u00e9rer, sur un mode parfois assez technique, les ressources dont disposent les villes d\u00e8s lors qu&#8217;on admet, d&#8217;une part, la r\u00e9alit\u00e9 des catastrophes \u00e0 venir, mais que l&#8217;on ne c\u00e8de pas, d&#8217;autre part, sur l&#8217;id\u00e9e qu&#8217;y faire face n&#8217;implique pas d&#8217;abandonner les id\u00e9es de libert\u00e9 et d&#8217;\u00e9galit\u00e9, d&#8217;\u00e9mancipation du genre humain. On constatera \u00e9galement que les travaux graphiques et plusieurs des textes pr\u00e9sent\u00e9s hors dossier n&#8217;ont pas d&#8217;avantage pour but de nous consoler de la duret\u00e9 des temps pr\u00e9sents, en favorisant la suite dans l&#8217;imaginaire ; mais de tenter de l&#8217;\u00e9laborer, de la symboliser, de la penser.<br \/>\nAvec les contributions de Thomas Bolmain, Slaven Bosnjak, Alexandre Hagenmuller, Caroline Lamarche, Patrick Wouters, Fran\u00e7ois Schreuer, Jean Autard, Laurent Testot, Denis Lef\u00e8vre, Benjamin Laks, Veronica Bonomelli, Pascale Delvaux, Gr\u00e9goire Chambaz, Lucile Barcelo, Alban-Val\u00e9rian Dumont, Jean-Philippe Possoz, Anne Rumin, Laurent Gohy, Laura Peters, Am\u00e9lie Scotta, Herman Van Den Boom, Urban sketchers, Laurent Demoulin, Werner Moron, Sean Hart, B\u00e9n\u00e9dicte Merland, Lauren Pearson, Mathilde Collin, Bertrand Terlinden, Christophe Gilot, Jacques Teller et Paul Hermant.&#8221;<\/p>\n","protected":false},"featured_media":614,"template":"","meta":{"_acf_changed":false},"product_brand":[],"product_cat":[15,26],"product_tag":[],"class_list":{"0":"post-682","1":"product","2":"type-product","3":"status-publish","4":"has-post-thumbnail","6":"product_cat-catalogue","7":"product_cat-revue-derivations","9":"first","10":"instock","11":"shipping-taxable","12":"purchasable","13":"product-type-simple"},"acf":[],"yoast_head":"<!-- This site is optimized with the Yoast SEO plugin v27.2 - https:\/\/yoast.com\/product\/yoast-seo-wordpress\/ -->\n<title>D\u00e9rivations 7 - La ville au si\u00e8cle des limites - H\u00e9matomes<\/title>\n<meta name=\"robots\" content=\"index, follow, max-snippet:-1, max-image-preview:large, max-video-preview:-1\" \/>\n<link rel=\"canonical\" href=\"https:\/\/hematomes.be\/boutique\/catalogue\/derivations\/derivations-7-la-ville-au-siecle-des-limites\/\" \/>\n<meta property=\"og:locale\" content=\"en_US\" \/>\n<meta property=\"og:type\" content=\"article\" \/>\n<meta property=\"og:title\" content=\"D\u00e9rivations 7 - La ville au si\u00e8cle des limites - H\u00e9matomes\" \/>\n<meta property=\"og:description\" content=\"&quot;Dans le dossier qui constitue le coeur de ce num\u00e9ro, &quot;&quot;La ville au si\u00e8cle des limites&quot;&quot;, D\u00e9rivations s&#039;est refus\u00e9 \u00e0 succomber aux fantasmes r\u00e9gressifs, qu&#039;ils soient nostalgiques (le noble geste paysan) ou utopistes (l&#039;\u00e9cran num\u00e9rique, prolongement de la main humaine). C&#039;est que l&#039;on n&#039;est gu\u00e8re convaincu, ici, des vertus politiques et intellectuelles de l&#039;esp\u00e9rance. Il nous a paru plus utile de regarder autant que faire se peut la r\u00e9alit\u00e9 en face et de consid\u00e9rer, sur un mode parfois assez technique, les ressources dont disposent les villes d\u00e8s lors qu&#039;on admet, d&#039;une part, la r\u00e9alit\u00e9 des catastrophes \u00e0 venir, mais que l&#039;on ne c\u00e8de pas, d&#039;autre part, sur l&#039;id\u00e9e qu&#039;y faire face n&#039;implique pas d&#039;abandonner les id\u00e9es de libert\u00e9 et d&#039;\u00e9galit\u00e9, d&#039;\u00e9mancipation du genre humain. On constatera \u00e9galement que les travaux graphiques et plusieurs des textes pr\u00e9sent\u00e9s hors dossier n&#039;ont pas d&#039;avantage pour but de nous consoler de la duret\u00e9 des temps pr\u00e9sents, en favorisant la suite dans l&#039;imaginaire ; mais de tenter de l&#039;\u00e9laborer, de la symboliser, de la penser. Avec les contributions de Thomas Bolmain, Slaven Bosnjak, Alexandre Hagenmuller, Caroline Lamarche, Patrick Wouters, Fran\u00e7ois Schreuer, Jean Autard, Laurent Testot, Denis Lef\u00e8vre, Benjamin Laks, Veronica Bonomelli, Pascale Delvaux, Gr\u00e9goire Chambaz, Lucile Barcelo, Alban-Val\u00e9rian Dumont, Jean-Philippe Possoz, Anne Rumin, Laurent Gohy, Laura Peters, Am\u00e9lie Scotta, Herman Van Den Boom, Urban sketchers, Laurent Demoulin, Werner Moron, Sean Hart, B\u00e9n\u00e9dicte Merland, Lauren Pearson, Mathilde Collin, Bertrand Terlinden, Christophe Gilot, Jacques Teller et Paul Hermant.&quot;\" \/>\n<meta property=\"og:url\" content=\"https:\/\/hematomes.be\/boutique\/catalogue\/derivations\/derivations-7-la-ville-au-siecle-des-limites\/\" \/>\n<meta property=\"og:site_name\" content=\"H\u00e9matomes\" \/>\n<meta property=\"article:modified_time\" content=\"2025-09-19T08:45:07+00:00\" \/>\n<meta property=\"og:image\" content=\"https:\/\/hematomes.be\/wp-content\/uploads\/2024\/04\/2021-03_Derivations7_Cover.jpg\" \/>\n\t<meta property=\"og:image:width\" content=\"960\" \/>\n\t<meta property=\"og:image:height\" content=\"1440\" \/>\n\t<meta property=\"og:image:type\" content=\"image\/jpeg\" \/>\n<meta name=\"twitter:card\" content=\"summary_large_image\" \/>\n<script type=\"application\/ld+json\" class=\"yoast-schema-graph\">{\"@context\":\"https:\/\/schema.org\",\"@graph\":[{\"@type\":\"WebPage\",\"@id\":\"https:\/\/hematomes.be\/boutique\/catalogue\/derivations\/derivations-7-la-ville-au-siecle-des-limites\/\",\"url\":\"https:\/\/hematomes.be\/boutique\/catalogue\/derivations\/derivations-7-la-ville-au-siecle-des-limites\/\",\"name\":\"D\u00e9rivations 7 - La ville au si\u00e8cle des limites - H\u00e9matomes\",\"isPartOf\":{\"@id\":\"https:\/\/hematomes.be\/#website\"},\"primaryImageOfPage\":{\"@id\":\"https:\/\/hematomes.be\/boutique\/catalogue\/derivations\/derivations-7-la-ville-au-siecle-des-limites\/#primaryimage\"},\"image\":{\"@id\":\"https:\/\/hematomes.be\/boutique\/catalogue\/derivations\/derivations-7-la-ville-au-siecle-des-limites\/#primaryimage\"},\"thumbnailUrl\":\"https:\/\/hematomes.be\/wp-content\/uploads\/2024\/04\/2021-03_Derivations7_Cover.jpg\",\"datePublished\":\"2021-04-08T10:01:14+00:00\",\"dateModified\":\"2025-09-19T08:45:07+00:00\",\"breadcrumb\":{\"@id\":\"https:\/\/hematomes.be\/boutique\/catalogue\/derivations\/derivations-7-la-ville-au-siecle-des-limites\/#breadcrumb\"},\"inLanguage\":\"en-US\",\"potentialAction\":[{\"@type\":\"ReadAction\",\"target\":[\"https:\/\/hematomes.be\/boutique\/catalogue\/derivations\/derivations-7-la-ville-au-siecle-des-limites\/\"]}]},{\"@type\":\"ImageObject\",\"inLanguage\":\"en-US\",\"@id\":\"https:\/\/hematomes.be\/boutique\/catalogue\/derivations\/derivations-7-la-ville-au-siecle-des-limites\/#primaryimage\",\"url\":\"https:\/\/hematomes.be\/wp-content\/uploads\/2024\/04\/2021-03_Derivations7_Cover.jpg\",\"contentUrl\":\"https:\/\/hematomes.be\/wp-content\/uploads\/2024\/04\/2021-03_Derivations7_Cover.jpg\",\"width\":960,\"height\":1440},{\"@type\":\"BreadcrumbList\",\"@id\":\"https:\/\/hematomes.be\/boutique\/catalogue\/derivations\/derivations-7-la-ville-au-siecle-des-limites\/#breadcrumb\",\"itemListElement\":[{\"@type\":\"ListItem\",\"position\":1,\"name\":\"Accueil\",\"item\":\"https:\/\/hematomes.be\/en\/shop\/\"},{\"@type\":\"ListItem\",\"position\":2,\"name\":\"Shop\",\"item\":\"https:\/\/hematomes.be\/en\/shop\/\"},{\"@type\":\"ListItem\",\"position\":3,\"name\":\"D\u00e9rivations 7 &#8211; La ville au si\u00e8cle des limites\"}]},{\"@type\":\"WebSite\",\"@id\":\"https:\/\/hematomes.be\/#website\",\"url\":\"https:\/\/hematomes.be\/\",\"name\":\"H\u00e9matomes\",\"description\":\"Une maison d&#039;\u00e9dition qui publie sur l&#039;art et tout autour.\",\"potentialAction\":[{\"@type\":\"SearchAction\",\"target\":{\"@type\":\"EntryPoint\",\"urlTemplate\":\"https:\/\/hematomes.be\/?s={search_term_string}\"},\"query-input\":{\"@type\":\"PropertyValueSpecification\",\"valueRequired\":true,\"valueName\":\"search_term_string\"}}],\"inLanguage\":\"en-US\"}]}<\/script>\n<!-- \/ Yoast SEO plugin. -->","yoast_head_json":{"title":"D\u00e9rivations 7 - La ville au si\u00e8cle des limites - H\u00e9matomes","robots":{"index":"index","follow":"follow","max-snippet":"max-snippet:-1","max-image-preview":"max-image-preview:large","max-video-preview":"max-video-preview:-1"},"canonical":"https:\/\/hematomes.be\/boutique\/catalogue\/derivations\/derivations-7-la-ville-au-siecle-des-limites\/","og_locale":"en_US","og_type":"article","og_title":"D\u00e9rivations 7 - La ville au si\u00e8cle des limites - H\u00e9matomes","og_description":"\"Dans le dossier qui constitue le coeur de ce num\u00e9ro, \"\"La ville au si\u00e8cle des limites\"\", D\u00e9rivations s'est refus\u00e9 \u00e0 succomber aux fantasmes r\u00e9gressifs, qu'ils soient nostalgiques (le noble geste paysan) ou utopistes (l'\u00e9cran num\u00e9rique, prolongement de la main humaine). C'est que l'on n'est gu\u00e8re convaincu, ici, des vertus politiques et intellectuelles de l'esp\u00e9rance. Il nous a paru plus utile de regarder autant que faire se peut la r\u00e9alit\u00e9 en face et de consid\u00e9rer, sur un mode parfois assez technique, les ressources dont disposent les villes d\u00e8s lors qu'on admet, d'une part, la r\u00e9alit\u00e9 des catastrophes \u00e0 venir, mais que l'on ne c\u00e8de pas, d'autre part, sur l'id\u00e9e qu'y faire face n'implique pas d'abandonner les id\u00e9es de libert\u00e9 et d'\u00e9galit\u00e9, d'\u00e9mancipation du genre humain. On constatera \u00e9galement que les travaux graphiques et plusieurs des textes pr\u00e9sent\u00e9s hors dossier n'ont pas d'avantage pour but de nous consoler de la duret\u00e9 des temps pr\u00e9sents, en favorisant la suite dans l'imaginaire ; mais de tenter de l'\u00e9laborer, de la symboliser, de la penser. Avec les contributions de Thomas Bolmain, Slaven Bosnjak, Alexandre Hagenmuller, Caroline Lamarche, Patrick Wouters, Fran\u00e7ois Schreuer, Jean Autard, Laurent Testot, Denis Lef\u00e8vre, Benjamin Laks, Veronica Bonomelli, Pascale Delvaux, Gr\u00e9goire Chambaz, Lucile Barcelo, Alban-Val\u00e9rian Dumont, Jean-Philippe Possoz, Anne Rumin, Laurent Gohy, Laura Peters, Am\u00e9lie Scotta, Herman Van Den Boom, Urban sketchers, Laurent Demoulin, Werner Moron, Sean Hart, B\u00e9n\u00e9dicte Merland, Lauren Pearson, Mathilde Collin, Bertrand Terlinden, Christophe Gilot, Jacques Teller et Paul Hermant.\"","og_url":"https:\/\/hematomes.be\/boutique\/catalogue\/derivations\/derivations-7-la-ville-au-siecle-des-limites\/","og_site_name":"H\u00e9matomes","article_modified_time":"2025-09-19T08:45:07+00:00","og_image":[{"width":960,"height":1440,"url":"https:\/\/hematomes.be\/wp-content\/uploads\/2024\/04\/2021-03_Derivations7_Cover.jpg","type":"image\/jpeg"}],"twitter_card":"summary_large_image","schema":{"@context":"https:\/\/schema.org","@graph":[{"@type":"WebPage","@id":"https:\/\/hematomes.be\/boutique\/catalogue\/derivations\/derivations-7-la-ville-au-siecle-des-limites\/","url":"https:\/\/hematomes.be\/boutique\/catalogue\/derivations\/derivations-7-la-ville-au-siecle-des-limites\/","name":"D\u00e9rivations 7 - La ville au si\u00e8cle des limites - H\u00e9matomes","isPartOf":{"@id":"https:\/\/hematomes.be\/#website"},"primaryImageOfPage":{"@id":"https:\/\/hematomes.be\/boutique\/catalogue\/derivations\/derivations-7-la-ville-au-siecle-des-limites\/#primaryimage"},"image":{"@id":"https:\/\/hematomes.be\/boutique\/catalogue\/derivations\/derivations-7-la-ville-au-siecle-des-limites\/#primaryimage"},"thumbnailUrl":"https:\/\/hematomes.be\/wp-content\/uploads\/2024\/04\/2021-03_Derivations7_Cover.jpg","datePublished":"2021-04-08T10:01:14+00:00","dateModified":"2025-09-19T08:45:07+00:00","breadcrumb":{"@id":"https:\/\/hematomes.be\/boutique\/catalogue\/derivations\/derivations-7-la-ville-au-siecle-des-limites\/#breadcrumb"},"inLanguage":"en-US","potentialAction":[{"@type":"ReadAction","target":["https:\/\/hematomes.be\/boutique\/catalogue\/derivations\/derivations-7-la-ville-au-siecle-des-limites\/"]}]},{"@type":"ImageObject","inLanguage":"en-US","@id":"https:\/\/hematomes.be\/boutique\/catalogue\/derivations\/derivations-7-la-ville-au-siecle-des-limites\/#primaryimage","url":"https:\/\/hematomes.be\/wp-content\/uploads\/2024\/04\/2021-03_Derivations7_Cover.jpg","contentUrl":"https:\/\/hematomes.be\/wp-content\/uploads\/2024\/04\/2021-03_Derivations7_Cover.jpg","width":960,"height":1440},{"@type":"BreadcrumbList","@id":"https:\/\/hematomes.be\/boutique\/catalogue\/derivations\/derivations-7-la-ville-au-siecle-des-limites\/#breadcrumb","itemListElement":[{"@type":"ListItem","position":1,"name":"Accueil","item":"https:\/\/hematomes.be\/en\/shop\/"},{"@type":"ListItem","position":2,"name":"Shop","item":"https:\/\/hematomes.be\/en\/shop\/"},{"@type":"ListItem","position":3,"name":"D\u00e9rivations 7 &#8211; La ville au si\u00e8cle des limites"}]},{"@type":"WebSite","@id":"https:\/\/hematomes.be\/#website","url":"https:\/\/hematomes.be\/","name":"H\u00e9matomes","description":"Une maison d&#039;\u00e9dition qui publie sur l&#039;art et tout autour.","potentialAction":[{"@type":"SearchAction","target":{"@type":"EntryPoint","urlTemplate":"https:\/\/hematomes.be\/?s={search_term_string}"},"query-input":{"@type":"PropertyValueSpecification","valueRequired":true,"valueName":"search_term_string"}}],"inLanguage":"en-US"}]}},"_links":{"self":[{"href":"https:\/\/hematomes.be\/en\/wp-json\/wp\/v2\/product\/682","targetHints":{"allow":["GET"]}}],"collection":[{"href":"https:\/\/hematomes.be\/en\/wp-json\/wp\/v2\/product"}],"about":[{"href":"https:\/\/hematomes.be\/en\/wp-json\/wp\/v2\/types\/product"}],"wp:featuredmedia":[{"embeddable":true,"href":"https:\/\/hematomes.be\/en\/wp-json\/wp\/v2\/media\/614"}],"wp:attachment":[{"href":"https:\/\/hematomes.be\/en\/wp-json\/wp\/v2\/media?parent=682"}],"wp:term":[{"taxonomy":"product_brand","embeddable":true,"href":"https:\/\/hematomes.be\/en\/wp-json\/wp\/v2\/product_brand?post=682"},{"taxonomy":"product_cat","embeddable":true,"href":"https:\/\/hematomes.be\/en\/wp-json\/wp\/v2\/product_cat?post=682"},{"taxonomy":"product_tag","embeddable":true,"href":"https:\/\/hematomes.be\/en\/wp-json\/wp\/v2\/product_tag?post=682"}],"curies":[{"name":"wp","href":"https:\/\/api.w.org\/{rel}","templated":true}]}}