{"id":683,"date":"2023-09-30T10:05:26","date_gmt":"2023-09-30T10:05:26","guid":{"rendered":"http:\/\/hematomes.nnstudio.pro\/?post_type=product&#038;p=683"},"modified":"2025-10-11T10:34:08","modified_gmt":"2025-10-11T10:34:08","slug":"derivations-8-les-conditions-de-la-critique-spatiale","status":"publish","type":"product","link":"https:\/\/hematomes.be\/en\/boutique\/catalog\/derivations-8-les-conditions-de-la-critique-spatiale\/","title":{"rendered":"D\u00e9rivations 8 &#8211; Les conditions de la critique spatiale"},"content":{"rendered":"<p>Nombre de pages : 222<br \/>\nTirage : 1000 exemplaires<br \/>\nPapier : Circle Offset, Amber Volume<br \/>\nPolices : Cabin, D\u00e9rivations, Libre Caslon, Montserrat<\/p>\n","protected":false},"excerpt":{"rendered":"<p>Ce num\u00e9ro de D\u00e9rivations est un num\u00e9ro de transition. Il est l\u2019occasion d\u2019une r\u00e9flexion sur les fondements de la revue et ses th\u00e9matiques de r\u00e9flexion, en appui sur une \u00e9quipe de r\u00e9daction \u00e9largie. Toujours consacr\u00e9e au d\u00e9bat urbain, la revue propose ici un recueil de textes et de t\u00e9moignages qui mettent en jeu la notion de critique spatiale \u00e0 diff\u00e9rentes \u00e9chelles : l\u2019architecture, la ville et le territoire.<br \/>\nFilant la m\u00e9taphore paysag\u00e8re, le dossier central du num\u00e9ro se divise en deux parties. D\u2019abord, un panorama, qui met en \u00e9vidence une s\u00e9rie de tentatives critiques, notamment \u00e9ditoriales, en urbanisme et en architecture. On y interroge autant leurs objectifs que leurs conditions de production. On y cherche \u00e9galement \u00e0 comprendre comment pensent et vivent certains de ceux qui ont fait de la posture critique une vocation, sans pourtant s\u2019attacher \u00e0 un terrain ou un objet particulier ; comment, aussi, ces d\u00e9marches d\u2019\u00e9criture et de publication con\u00e7oivent leur public et, plus globalement, leur r\u00f4le social. La seconde partie du dossier est un parcours trac\u00e9 dans une suite de situations concr\u00e8tes, de lieux, au sens large, o\u00f9 l\u2019attitude critique se manifeste. La critique peut-elle par elle-m\u00eame constituer une proposition politique ? Les r\u00e9cits qui prennent le parti de l\u2019\u00e9mancipation p\u00e8sent-ils assez lourd pour g\u00e9n\u00e9rer des changements institutionnels \u00e0 la hauteur des enjeux actuels ? Ce dossier tente d\u2019esquisser des r\u00e9ponses \u00e0 ces questions.<br \/>\nAvec les contributions de Michael Bianchi, Thomas Bolmain, Gregorio Carboni Maestri, Jean-Michel Leclercq, Pavel Kunysz, Renaud Duterme, Bertrand Terlinden, Will Thomson, Francesca Fagnano, Laurent Demoulin, Allan Wei et Olivier Baltus.<br \/>\nLes textes sont accompagn\u00e9s par les productions graphiques de Jer\u00f4me Bouchard, Carole L\u00e9vesque et Emilien Sallustio.<\/p>\n","protected":false},"featured_media":627,"template":"","meta":{"_acf_changed":false},"product_brand":[],"product_cat":[15,26],"product_tag":[],"class_list":{"0":"post-683","1":"product","2":"type-product","3":"status-publish","4":"has-post-thumbnail","6":"product_cat-catalogue","7":"product_cat-revue-derivations","9":"first","10":"instock","11":"shipping-taxable","12":"purchasable","13":"product-type-simple"},"acf":[],"yoast_head":"<!-- This site is optimized with the Yoast SEO plugin v27.2 - https:\/\/yoast.com\/product\/yoast-seo-wordpress\/ -->\n<title>D\u00e9rivations 8 - Les conditions de la critique spatiale - H\u00e9matomes<\/title>\n<meta name=\"robots\" content=\"index, follow, max-snippet:-1, max-image-preview:large, max-video-preview:-1\" \/>\n<link rel=\"canonical\" href=\"https:\/\/hematomes.be\/boutique\/catalogue\/derivations\/derivations-8-les-conditions-de-la-critique-spatiale\/\" \/>\n<meta property=\"og:locale\" content=\"en_US\" \/>\n<meta property=\"og:type\" content=\"article\" \/>\n<meta property=\"og:title\" content=\"D\u00e9rivations 8 - Les conditions de la critique spatiale - H\u00e9matomes\" \/>\n<meta property=\"og:description\" content=\"Ce num\u00e9ro de D\u00e9rivations est un num\u00e9ro de transition. Il est l\u2019occasion d\u2019une r\u00e9flexion sur les fondements de la revue et ses th\u00e9matiques de r\u00e9flexion, en appui sur une \u00e9quipe de r\u00e9daction \u00e9largie. Toujours consacr\u00e9e au d\u00e9bat urbain, la revue propose ici un recueil de textes et de t\u00e9moignages qui mettent en jeu la notion de critique spatiale \u00e0 diff\u00e9rentes \u00e9chelles : l\u2019architecture, la ville et le territoire. Filant la m\u00e9taphore paysag\u00e8re, le dossier central du num\u00e9ro se divise en deux parties. D\u2019abord, un panorama, qui met en \u00e9vidence une s\u00e9rie de tentatives critiques, notamment \u00e9ditoriales, en urbanisme et en architecture. On y interroge autant leurs objectifs que leurs conditions de production. On y cherche \u00e9galement \u00e0 comprendre comment pensent et vivent certains de ceux qui ont fait de la posture critique une vocation, sans pourtant s\u2019attacher \u00e0 un terrain ou un objet particulier ; comment, aussi, ces d\u00e9marches d\u2019\u00e9criture et de publication con\u00e7oivent leur public et, plus globalement, leur r\u00f4le social. La seconde partie du dossier est un parcours trac\u00e9 dans une suite de situations concr\u00e8tes, de lieux, au sens large, o\u00f9 l\u2019attitude critique se manifeste. La critique peut-elle par elle-m\u00eame constituer une proposition politique ? Les r\u00e9cits qui prennent le parti de l\u2019\u00e9mancipation p\u00e8sent-ils assez lourd pour g\u00e9n\u00e9rer des changements institutionnels \u00e0 la hauteur des enjeux actuels ? Ce dossier tente d\u2019esquisser des r\u00e9ponses \u00e0 ces questions. Avec les contributions de Michael Bianchi, Thomas Bolmain, Gregorio Carboni Maestri, Jean-Michel Leclercq, Pavel Kunysz, Renaud Duterme, Bertrand Terlinden, Will Thomson, Francesca Fagnano, Laurent Demoulin, Allan Wei et Olivier Baltus. Les textes sont accompagn\u00e9s par les productions graphiques de Jer\u00f4me Bouchard, Carole L\u00e9vesque et Emilien Sallustio.\" \/>\n<meta property=\"og:url\" content=\"https:\/\/hematomes.be\/boutique\/catalogue\/derivations\/derivations-8-les-conditions-de-la-critique-spatiale\/\" \/>\n<meta property=\"og:site_name\" content=\"H\u00e9matomes\" \/>\n<meta property=\"article:modified_time\" content=\"2025-10-11T10:34:08+00:00\" \/>\n<meta property=\"og:image\" content=\"https:\/\/hematomes.be\/wp-content\/uploads\/2024\/04\/2023-07_Derivations8_Cover.jpg\" \/>\n\t<meta property=\"og:image:width\" content=\"960\" \/>\n\t<meta property=\"og:image:height\" content=\"1440\" \/>\n\t<meta property=\"og:image:type\" content=\"image\/jpeg\" \/>\n<meta name=\"twitter:card\" content=\"summary_large_image\" \/>\n<script type=\"application\/ld+json\" class=\"yoast-schema-graph\">{\"@context\":\"https:\/\/schema.org\",\"@graph\":[{\"@type\":\"WebPage\",\"@id\":\"https:\/\/hematomes.be\/boutique\/catalogue\/derivations\/derivations-8-les-conditions-de-la-critique-spatiale\/\",\"url\":\"https:\/\/hematomes.be\/boutique\/catalogue\/derivations\/derivations-8-les-conditions-de-la-critique-spatiale\/\",\"name\":\"D\u00e9rivations 8 - Les conditions de la critique spatiale - H\u00e9matomes\",\"isPartOf\":{\"@id\":\"https:\/\/hematomes.be\/#website\"},\"primaryImageOfPage\":{\"@id\":\"https:\/\/hematomes.be\/boutique\/catalogue\/derivations\/derivations-8-les-conditions-de-la-critique-spatiale\/#primaryimage\"},\"image\":{\"@id\":\"https:\/\/hematomes.be\/boutique\/catalogue\/derivations\/derivations-8-les-conditions-de-la-critique-spatiale\/#primaryimage\"},\"thumbnailUrl\":\"https:\/\/hematomes.be\/wp-content\/uploads\/2024\/04\/2023-07_Derivations8_Cover.jpg\",\"datePublished\":\"2023-09-30T10:05:26+00:00\",\"dateModified\":\"2025-10-11T10:34:08+00:00\",\"breadcrumb\":{\"@id\":\"https:\/\/hematomes.be\/boutique\/catalogue\/derivations\/derivations-8-les-conditions-de-la-critique-spatiale\/#breadcrumb\"},\"inLanguage\":\"en-US\",\"potentialAction\":[{\"@type\":\"ReadAction\",\"target\":[\"https:\/\/hematomes.be\/boutique\/catalogue\/derivations\/derivations-8-les-conditions-de-la-critique-spatiale\/\"]}]},{\"@type\":\"ImageObject\",\"inLanguage\":\"en-US\",\"@id\":\"https:\/\/hematomes.be\/boutique\/catalogue\/derivations\/derivations-8-les-conditions-de-la-critique-spatiale\/#primaryimage\",\"url\":\"https:\/\/hematomes.be\/wp-content\/uploads\/2024\/04\/2023-07_Derivations8_Cover.jpg\",\"contentUrl\":\"https:\/\/hematomes.be\/wp-content\/uploads\/2024\/04\/2023-07_Derivations8_Cover.jpg\",\"width\":960,\"height\":1440},{\"@type\":\"BreadcrumbList\",\"@id\":\"https:\/\/hematomes.be\/boutique\/catalogue\/derivations\/derivations-8-les-conditions-de-la-critique-spatiale\/#breadcrumb\",\"itemListElement\":[{\"@type\":\"ListItem\",\"position\":1,\"name\":\"Accueil\",\"item\":\"https:\/\/hematomes.be\/en\/shop\/\"},{\"@type\":\"ListItem\",\"position\":2,\"name\":\"Shop\",\"item\":\"https:\/\/hematomes.be\/en\/shop\/\"},{\"@type\":\"ListItem\",\"position\":3,\"name\":\"D\u00e9rivations 8 &#8211; Les conditions de la critique spatiale\"}]},{\"@type\":\"WebSite\",\"@id\":\"https:\/\/hematomes.be\/#website\",\"url\":\"https:\/\/hematomes.be\/\",\"name\":\"H\u00e9matomes\",\"description\":\"Une maison d&#039;\u00e9dition qui publie sur l&#039;art et tout autour.\",\"potentialAction\":[{\"@type\":\"SearchAction\",\"target\":{\"@type\":\"EntryPoint\",\"urlTemplate\":\"https:\/\/hematomes.be\/?s={search_term_string}\"},\"query-input\":{\"@type\":\"PropertyValueSpecification\",\"valueRequired\":true,\"valueName\":\"search_term_string\"}}],\"inLanguage\":\"en-US\"}]}<\/script>\n<!-- \/ Yoast SEO plugin. -->","yoast_head_json":{"title":"D\u00e9rivations 8 - Les conditions de la critique spatiale - H\u00e9matomes","robots":{"index":"index","follow":"follow","max-snippet":"max-snippet:-1","max-image-preview":"max-image-preview:large","max-video-preview":"max-video-preview:-1"},"canonical":"https:\/\/hematomes.be\/boutique\/catalogue\/derivations\/derivations-8-les-conditions-de-la-critique-spatiale\/","og_locale":"en_US","og_type":"article","og_title":"D\u00e9rivations 8 - Les conditions de la critique spatiale - H\u00e9matomes","og_description":"Ce num\u00e9ro de D\u00e9rivations est un num\u00e9ro de transition. Il est l\u2019occasion d\u2019une r\u00e9flexion sur les fondements de la revue et ses th\u00e9matiques de r\u00e9flexion, en appui sur une \u00e9quipe de r\u00e9daction \u00e9largie. Toujours consacr\u00e9e au d\u00e9bat urbain, la revue propose ici un recueil de textes et de t\u00e9moignages qui mettent en jeu la notion de critique spatiale \u00e0 diff\u00e9rentes \u00e9chelles : l\u2019architecture, la ville et le territoire. Filant la m\u00e9taphore paysag\u00e8re, le dossier central du num\u00e9ro se divise en deux parties. D\u2019abord, un panorama, qui met en \u00e9vidence une s\u00e9rie de tentatives critiques, notamment \u00e9ditoriales, en urbanisme et en architecture. On y interroge autant leurs objectifs que leurs conditions de production. On y cherche \u00e9galement \u00e0 comprendre comment pensent et vivent certains de ceux qui ont fait de la posture critique une vocation, sans pourtant s\u2019attacher \u00e0 un terrain ou un objet particulier ; comment, aussi, ces d\u00e9marches d\u2019\u00e9criture et de publication con\u00e7oivent leur public et, plus globalement, leur r\u00f4le social. La seconde partie du dossier est un parcours trac\u00e9 dans une suite de situations concr\u00e8tes, de lieux, au sens large, o\u00f9 l\u2019attitude critique se manifeste. La critique peut-elle par elle-m\u00eame constituer une proposition politique ? Les r\u00e9cits qui prennent le parti de l\u2019\u00e9mancipation p\u00e8sent-ils assez lourd pour g\u00e9n\u00e9rer des changements institutionnels \u00e0 la hauteur des enjeux actuels ? Ce dossier tente d\u2019esquisser des r\u00e9ponses \u00e0 ces questions. Avec les contributions de Michael Bianchi, Thomas Bolmain, Gregorio Carboni Maestri, Jean-Michel Leclercq, Pavel Kunysz, Renaud Duterme, Bertrand Terlinden, Will Thomson, Francesca Fagnano, Laurent Demoulin, Allan Wei et Olivier Baltus. Les textes sont accompagn\u00e9s par les productions graphiques de Jer\u00f4me Bouchard, Carole L\u00e9vesque et Emilien Sallustio.","og_url":"https:\/\/hematomes.be\/boutique\/catalogue\/derivations\/derivations-8-les-conditions-de-la-critique-spatiale\/","og_site_name":"H\u00e9matomes","article_modified_time":"2025-10-11T10:34:08+00:00","og_image":[{"width":960,"height":1440,"url":"https:\/\/hematomes.be\/wp-content\/uploads\/2024\/04\/2023-07_Derivations8_Cover.jpg","type":"image\/jpeg"}],"twitter_card":"summary_large_image","schema":{"@context":"https:\/\/schema.org","@graph":[{"@type":"WebPage","@id":"https:\/\/hematomes.be\/boutique\/catalogue\/derivations\/derivations-8-les-conditions-de-la-critique-spatiale\/","url":"https:\/\/hematomes.be\/boutique\/catalogue\/derivations\/derivations-8-les-conditions-de-la-critique-spatiale\/","name":"D\u00e9rivations 8 - Les conditions de la critique spatiale - H\u00e9matomes","isPartOf":{"@id":"https:\/\/hematomes.be\/#website"},"primaryImageOfPage":{"@id":"https:\/\/hematomes.be\/boutique\/catalogue\/derivations\/derivations-8-les-conditions-de-la-critique-spatiale\/#primaryimage"},"image":{"@id":"https:\/\/hematomes.be\/boutique\/catalogue\/derivations\/derivations-8-les-conditions-de-la-critique-spatiale\/#primaryimage"},"thumbnailUrl":"https:\/\/hematomes.be\/wp-content\/uploads\/2024\/04\/2023-07_Derivations8_Cover.jpg","datePublished":"2023-09-30T10:05:26+00:00","dateModified":"2025-10-11T10:34:08+00:00","breadcrumb":{"@id":"https:\/\/hematomes.be\/boutique\/catalogue\/derivations\/derivations-8-les-conditions-de-la-critique-spatiale\/#breadcrumb"},"inLanguage":"en-US","potentialAction":[{"@type":"ReadAction","target":["https:\/\/hematomes.be\/boutique\/catalogue\/derivations\/derivations-8-les-conditions-de-la-critique-spatiale\/"]}]},{"@type":"ImageObject","inLanguage":"en-US","@id":"https:\/\/hematomes.be\/boutique\/catalogue\/derivations\/derivations-8-les-conditions-de-la-critique-spatiale\/#primaryimage","url":"https:\/\/hematomes.be\/wp-content\/uploads\/2024\/04\/2023-07_Derivations8_Cover.jpg","contentUrl":"https:\/\/hematomes.be\/wp-content\/uploads\/2024\/04\/2023-07_Derivations8_Cover.jpg","width":960,"height":1440},{"@type":"BreadcrumbList","@id":"https:\/\/hematomes.be\/boutique\/catalogue\/derivations\/derivations-8-les-conditions-de-la-critique-spatiale\/#breadcrumb","itemListElement":[{"@type":"ListItem","position":1,"name":"Accueil","item":"https:\/\/hematomes.be\/en\/shop\/"},{"@type":"ListItem","position":2,"name":"Shop","item":"https:\/\/hematomes.be\/en\/shop\/"},{"@type":"ListItem","position":3,"name":"D\u00e9rivations 8 &#8211; Les conditions de la critique spatiale"}]},{"@type":"WebSite","@id":"https:\/\/hematomes.be\/#website","url":"https:\/\/hematomes.be\/","name":"H\u00e9matomes","description":"Une maison d&#039;\u00e9dition qui publie sur l&#039;art et tout autour.","potentialAction":[{"@type":"SearchAction","target":{"@type":"EntryPoint","urlTemplate":"https:\/\/hematomes.be\/?s={search_term_string}"},"query-input":{"@type":"PropertyValueSpecification","valueRequired":true,"valueName":"search_term_string"}}],"inLanguage":"en-US"}]}},"_links":{"self":[{"href":"https:\/\/hematomes.be\/en\/wp-json\/wp\/v2\/product\/683","targetHints":{"allow":["GET"]}}],"collection":[{"href":"https:\/\/hematomes.be\/en\/wp-json\/wp\/v2\/product"}],"about":[{"href":"https:\/\/hematomes.be\/en\/wp-json\/wp\/v2\/types\/product"}],"wp:featuredmedia":[{"embeddable":true,"href":"https:\/\/hematomes.be\/en\/wp-json\/wp\/v2\/media\/627"}],"wp:attachment":[{"href":"https:\/\/hematomes.be\/en\/wp-json\/wp\/v2\/media?parent=683"}],"wp:term":[{"taxonomy":"product_brand","embeddable":true,"href":"https:\/\/hematomes.be\/en\/wp-json\/wp\/v2\/product_brand?post=683"},{"taxonomy":"product_cat","embeddable":true,"href":"https:\/\/hematomes.be\/en\/wp-json\/wp\/v2\/product_cat?post=683"},{"taxonomy":"product_tag","embeddable":true,"href":"https:\/\/hematomes.be\/en\/wp-json\/wp\/v2\/product_tag?post=683"}],"curies":[{"name":"wp","href":"https:\/\/api.w.org\/{rel}","templated":true}]}}