{"id":9,"date":"2021-03-26T14:57:31","date_gmt":"2021-03-26T14:57:31","guid":{"rendered":"http:\/\/hematomes.nnstudio.pro\/?post_type=product&#038;p=9"},"modified":"2025-09-19T09:08:50","modified_gmt":"2025-09-19T09:08:50","slug":"turlupin-n1-soumission-michael-dans","status":"publish","type":"product","link":"https:\/\/hematomes.be\/en\/boutique\/hematomes-editions\/turlupin-n1-soumission-michael-dans\/","title":{"rendered":"Turlupin N\u00b01 \\ Soumission"},"content":{"rendered":"<p><strong>Extrait du texte d\u2019Emmanuel Lambion<\/strong><\/p>\n<p>[\u2026]<\/p>\n<p>Car si les femmes clowns \u2014 non censur\u00e9es par Instagram \u2014 semblent a priori moins d\u00e9rangeantes que des repr\u00e9sentations de femmes activant et assumant la r\u00e9alisation de leurs fantasmes sexuels, d\u00e9viants par rapport \u00e0 l\u2019id\u00e9e de norme, elles expriment de fa\u00e7on chatoyante l\u2019ali\u00e9nation premi\u00e8re et violente des soci\u00e9t\u00e9s patriarcales qui ont longtemps pouss\u00e9 les femmes \u00e0 se grimer, \u00e0 travestir une nature pragmatique pour se conformer \u00e0 une chosification et \u00e0 des canons esth\u00e9tiques destin\u00e9s \u00e0 attirer et s\u00e9duire le regard masculin. De fa\u00e7on similaire, les corps masculins captur\u00e9s en pleins fantasmes de soumission SM, mettent le doigt sur la norme tout aussi ali\u00e9nante de l\u2019homme dominateur et conqu\u00e9rant qui conditionne l\u2019\u00e9ducation des jeunes gar\u00e7ons.<\/p>\n<p>[\u2026]<\/p>\n<p>Cet ouvrage a \u00e9t\u00e9 publi\u00e9 \u00e0 l\u2019occasion de l\u2019exposition \u00abBye Bye His-Story\u00bb au Centre de la Gravure et de l\u2019Image Imprim\u00e9e inaugur\u00e9e le 27 mars 2021.<\/p>\n","protected":false},"excerpt":{"rendered":"<p>Premier tome publi\u00e9 par H\u00e9matomes \u00c9ditions, turlupin est un vrai\/faux magazine \u00e0 travers lequel l\u2019artiste Michael Dans \u00e9voque et questionne la soumission de l\u2019homme face aux industries et \u00e0 nos soci\u00e9t\u00e9s contemporaines avec des photographies hautes en couleur de clownesses et de bondage.<\/p>\n","protected":false},"featured_media":602,"template":"","meta":{"_acf_changed":false},"product_brand":[],"product_cat":[25],"product_tag":[],"class_list":{"0":"post-9","1":"product","2":"type-product","3":"status-publish","4":"has-post-thumbnail","6":"product_cat-hematomes-editions","8":"first","9":"instock","10":"sold-individually","11":"shipping-taxable","12":"purchasable","13":"product-type-simple"},"acf":[],"yoast_head":"<!-- This site is optimized with the Yoast SEO plugin v27.2 - https:\/\/yoast.com\/product\/yoast-seo-wordpress\/ -->\n<title>Turlupin N\u00b01 \\ Soumission - H\u00e9matomes<\/title>\n<meta name=\"robots\" content=\"index, follow, max-snippet:-1, max-image-preview:large, max-video-preview:-1\" \/>\n<link rel=\"canonical\" href=\"https:\/\/hematomes.be\/boutique\/catalogue\/turlupin-n1-soumission-michael-dans\/\" \/>\n<meta property=\"og:locale\" content=\"en_US\" \/>\n<meta property=\"og:type\" content=\"article\" \/>\n<meta property=\"og:title\" content=\"Turlupin N\u00b01 \\ Soumission - H\u00e9matomes\" \/>\n<meta property=\"og:description\" content=\"Premier tome publi\u00e9 par H\u00e9matomes \u00c9ditions, turlupin est un vrai\/faux magazine \u00e0 travers lequel l\u2019artiste Michael Dans \u00e9voque et questionne la soumission de l\u2019homme face aux industries et \u00e0 nos soci\u00e9t\u00e9s contemporaines avec des photographies hautes en couleur de clownesses et de bondage.\" \/>\n<meta property=\"og:url\" content=\"https:\/\/hematomes.be\/boutique\/catalogue\/turlupin-n1-soumission-michael-dans\/\" \/>\n<meta property=\"og:site_name\" content=\"H\u00e9matomes\" \/>\n<meta property=\"article:modified_time\" content=\"2025-09-19T09:08:50+00:00\" \/>\n<meta property=\"og:image\" content=\"https:\/\/hematomes.be\/wp-content\/uploads\/2021\/03\/2021-03_Turlupin.jpg\" \/>\n\t<meta property=\"og:image:width\" content=\"960\" \/>\n\t<meta property=\"og:image:height\" content=\"1440\" \/>\n\t<meta property=\"og:image:type\" content=\"image\/jpeg\" \/>\n<meta name=\"twitter:card\" content=\"summary_large_image\" \/>\n<meta name=\"twitter:label1\" content=\"Est. reading time\" \/>\n\t<meta name=\"twitter:data1\" content=\"1 minute\" \/>\n<script type=\"application\/ld+json\" class=\"yoast-schema-graph\">{\"@context\":\"https:\/\/schema.org\",\"@graph\":[{\"@type\":\"WebPage\",\"@id\":\"https:\/\/hematomes.be\/boutique\/catalogue\/turlupin-n1-soumission-michael-dans\/\",\"url\":\"https:\/\/hematomes.be\/boutique\/catalogue\/turlupin-n1-soumission-michael-dans\/\",\"name\":\"Turlupin N\u00b01 \\\\ Soumission - H\u00e9matomes\",\"isPartOf\":{\"@id\":\"https:\/\/hematomes.be\/#website\"},\"primaryImageOfPage\":{\"@id\":\"https:\/\/hematomes.be\/boutique\/catalogue\/turlupin-n1-soumission-michael-dans\/#primaryimage\"},\"image\":{\"@id\":\"https:\/\/hematomes.be\/boutique\/catalogue\/turlupin-n1-soumission-michael-dans\/#primaryimage\"},\"thumbnailUrl\":\"https:\/\/hematomes.be\/wp-content\/uploads\/2021\/03\/2021-03_Turlupin.jpg\",\"datePublished\":\"2021-03-26T14:57:31+00:00\",\"dateModified\":\"2025-09-19T09:08:50+00:00\",\"breadcrumb\":{\"@id\":\"https:\/\/hematomes.be\/boutique\/catalogue\/turlupin-n1-soumission-michael-dans\/#breadcrumb\"},\"inLanguage\":\"en-US\",\"potentialAction\":[{\"@type\":\"ReadAction\",\"target\":[\"https:\/\/hematomes.be\/boutique\/catalogue\/turlupin-n1-soumission-michael-dans\/\"]}]},{\"@type\":\"ImageObject\",\"inLanguage\":\"en-US\",\"@id\":\"https:\/\/hematomes.be\/boutique\/catalogue\/turlupin-n1-soumission-michael-dans\/#primaryimage\",\"url\":\"https:\/\/hematomes.be\/wp-content\/uploads\/2021\/03\/2021-03_Turlupin.jpg\",\"contentUrl\":\"https:\/\/hematomes.be\/wp-content\/uploads\/2021\/03\/2021-03_Turlupin.jpg\",\"width\":960,\"height\":1440},{\"@type\":\"BreadcrumbList\",\"@id\":\"https:\/\/hematomes.be\/boutique\/catalogue\/turlupin-n1-soumission-michael-dans\/#breadcrumb\",\"itemListElement\":[{\"@type\":\"ListItem\",\"position\":1,\"name\":\"Accueil\",\"item\":\"https:\/\/hematomes.be\/en\/shop\/\"},{\"@type\":\"ListItem\",\"position\":2,\"name\":\"Shop\",\"item\":\"https:\/\/hematomes.be\/en\/shop\/\"},{\"@type\":\"ListItem\",\"position\":3,\"name\":\"Turlupin N\u00b01 \\\\ Soumission\"}]},{\"@type\":\"WebSite\",\"@id\":\"https:\/\/hematomes.be\/#website\",\"url\":\"https:\/\/hematomes.be\/\",\"name\":\"H\u00e9matomes\",\"description\":\"Une maison d&#039;\u00e9dition qui publie sur l&#039;art et tout autour.\",\"potentialAction\":[{\"@type\":\"SearchAction\",\"target\":{\"@type\":\"EntryPoint\",\"urlTemplate\":\"https:\/\/hematomes.be\/?s={search_term_string}\"},\"query-input\":{\"@type\":\"PropertyValueSpecification\",\"valueRequired\":true,\"valueName\":\"search_term_string\"}}],\"inLanguage\":\"en-US\"}]}<\/script>\n<!-- \/ Yoast SEO plugin. -->","yoast_head_json":{"title":"Turlupin N\u00b01 \\ Soumission - H\u00e9matomes","robots":{"index":"index","follow":"follow","max-snippet":"max-snippet:-1","max-image-preview":"max-image-preview:large","max-video-preview":"max-video-preview:-1"},"canonical":"https:\/\/hematomes.be\/boutique\/catalogue\/turlupin-n1-soumission-michael-dans\/","og_locale":"en_US","og_type":"article","og_title":"Turlupin N\u00b01 \\ Soumission - H\u00e9matomes","og_description":"Premier tome publi\u00e9 par H\u00e9matomes \u00c9ditions, turlupin est un vrai\/faux magazine \u00e0 travers lequel l\u2019artiste Michael Dans \u00e9voque et questionne la soumission de l\u2019homme face aux industries et \u00e0 nos soci\u00e9t\u00e9s contemporaines avec des photographies hautes en couleur de clownesses et de bondage.","og_url":"https:\/\/hematomes.be\/boutique\/catalogue\/turlupin-n1-soumission-michael-dans\/","og_site_name":"H\u00e9matomes","article_modified_time":"2025-09-19T09:08:50+00:00","og_image":[{"width":960,"height":1440,"url":"https:\/\/hematomes.be\/wp-content\/uploads\/2021\/03\/2021-03_Turlupin.jpg","type":"image\/jpeg"}],"twitter_card":"summary_large_image","twitter_misc":{"Est. reading time":"1 minute"},"schema":{"@context":"https:\/\/schema.org","@graph":[{"@type":"WebPage","@id":"https:\/\/hematomes.be\/boutique\/catalogue\/turlupin-n1-soumission-michael-dans\/","url":"https:\/\/hematomes.be\/boutique\/catalogue\/turlupin-n1-soumission-michael-dans\/","name":"Turlupin N\u00b01 \\ Soumission - H\u00e9matomes","isPartOf":{"@id":"https:\/\/hematomes.be\/#website"},"primaryImageOfPage":{"@id":"https:\/\/hematomes.be\/boutique\/catalogue\/turlupin-n1-soumission-michael-dans\/#primaryimage"},"image":{"@id":"https:\/\/hematomes.be\/boutique\/catalogue\/turlupin-n1-soumission-michael-dans\/#primaryimage"},"thumbnailUrl":"https:\/\/hematomes.be\/wp-content\/uploads\/2021\/03\/2021-03_Turlupin.jpg","datePublished":"2021-03-26T14:57:31+00:00","dateModified":"2025-09-19T09:08:50+00:00","breadcrumb":{"@id":"https:\/\/hematomes.be\/boutique\/catalogue\/turlupin-n1-soumission-michael-dans\/#breadcrumb"},"inLanguage":"en-US","potentialAction":[{"@type":"ReadAction","target":["https:\/\/hematomes.be\/boutique\/catalogue\/turlupin-n1-soumission-michael-dans\/"]}]},{"@type":"ImageObject","inLanguage":"en-US","@id":"https:\/\/hematomes.be\/boutique\/catalogue\/turlupin-n1-soumission-michael-dans\/#primaryimage","url":"https:\/\/hematomes.be\/wp-content\/uploads\/2021\/03\/2021-03_Turlupin.jpg","contentUrl":"https:\/\/hematomes.be\/wp-content\/uploads\/2021\/03\/2021-03_Turlupin.jpg","width":960,"height":1440},{"@type":"BreadcrumbList","@id":"https:\/\/hematomes.be\/boutique\/catalogue\/turlupin-n1-soumission-michael-dans\/#breadcrumb","itemListElement":[{"@type":"ListItem","position":1,"name":"Accueil","item":"https:\/\/hematomes.be\/en\/shop\/"},{"@type":"ListItem","position":2,"name":"Shop","item":"https:\/\/hematomes.be\/en\/shop\/"},{"@type":"ListItem","position":3,"name":"Turlupin N\u00b01 \\ Soumission"}]},{"@type":"WebSite","@id":"https:\/\/hematomes.be\/#website","url":"https:\/\/hematomes.be\/","name":"H\u00e9matomes","description":"Une maison d&#039;\u00e9dition qui publie sur l&#039;art et tout autour.","potentialAction":[{"@type":"SearchAction","target":{"@type":"EntryPoint","urlTemplate":"https:\/\/hematomes.be\/?s={search_term_string}"},"query-input":{"@type":"PropertyValueSpecification","valueRequired":true,"valueName":"search_term_string"}}],"inLanguage":"en-US"}]}},"_links":{"self":[{"href":"https:\/\/hematomes.be\/en\/wp-json\/wp\/v2\/product\/9","targetHints":{"allow":["GET"]}}],"collection":[{"href":"https:\/\/hematomes.be\/en\/wp-json\/wp\/v2\/product"}],"about":[{"href":"https:\/\/hematomes.be\/en\/wp-json\/wp\/v2\/types\/product"}],"wp:featuredmedia":[{"embeddable":true,"href":"https:\/\/hematomes.be\/en\/wp-json\/wp\/v2\/media\/602"}],"wp:attachment":[{"href":"https:\/\/hematomes.be\/en\/wp-json\/wp\/v2\/media?parent=9"}],"wp:term":[{"taxonomy":"product_brand","embeddable":true,"href":"https:\/\/hematomes.be\/en\/wp-json\/wp\/v2\/product_brand?post=9"},{"taxonomy":"product_cat","embeddable":true,"href":"https:\/\/hematomes.be\/en\/wp-json\/wp\/v2\/product_cat?post=9"},{"taxonomy":"product_tag","embeddable":true,"href":"https:\/\/hematomes.be\/en\/wp-json\/wp\/v2\/product_tag?post=9"}],"curies":[{"name":"wp","href":"https:\/\/api.w.org\/{rel}","templated":true}]}}