{"id":98,"date":"2021-04-08T08:36:18","date_gmt":"2021-04-08T08:36:18","guid":{"rendered":"https:\/\/hematomes.be\/?post_type=product&#038;p=98"},"modified":"2025-09-19T09:08:44","modified_gmt":"2025-09-19T09:08:44","slug":"vera-icona-abecedaire-de-limage-scene-veronique-caye","status":"publish","type":"product","link":"https:\/\/hematomes.be\/en\/boutique\/hematomes-editions\/vera-icona-abecedaire-de-limage-scene-veronique-caye\/","title":{"rendered":"Vera Icona, Ab\u00e9c\u00e9daire de l&#8217;image sc\u00e8ne"},"content":{"rendered":"<p><strong>Extrait de la pr\u00e9face de Romeo Castellucci<\/strong><\/p>\n<p>\u00abL&#8217;ab\u00e9c\u00e9daire de V\u00e9ronique Caye est ax\u00e9 sur la pr\u00e9sence de l&#8217;image dans l\u2019environnement qu\u2019elle \u00e9tudie, \u00e0 savoir la sc\u00e8ne th\u00e9\u00e2trale. Les images sur lesquelles elle enqu\u00eate, en prenant appui sur son exp\u00e9rience artistique personnelle, veulent tout de nous. Ce sont les images qui nous regardent\u00bb.<\/p>\n<p><strong>Ils en parlent<\/strong><\/p>\n<p><a href=\"https:\/\/www.profession-spectacle.com\/limage-scene-ce-que-la-place-de-limage-nous-dit-du-theatre-aujourdhui\/\" target=\"_blank\" rel=\"noopener\">L\u2019image sc\u00e8ne : ce que la place de l\u2019image nous dit du th\u00e9\u00e2tre aujourd\u2019hui<\/a><\/p>\n","protected":false},"excerpt":{"rendered":"<p>Pr\u00e9fac\u00e9 par Romeo Castellucci, abondamment illustr\u00e9, <em>Vera Icona<\/em> est une enqu\u00eate artistique originale et rigoureuse sur la mise en sc\u00e8ne de l\u2019image dans le spectacle vivant. Ce livre sur l\u2019image sc\u00e8ne s\u2019adresse aux spectateurs de th\u00e9\u00e2tre, aux cr\u00e9ateurs, aux \u00e9tudiants en art mais aussi \u00e0 toute personne qui s\u2019interroge: \u00abQu\u2019est qu\u2019une image? Que fait-elle, et que nous fait-elle? Pourquoi l\u2019image a-t-elle envahi nos plateaux de th\u00e9\u00e2tre depuis une vingtaine d\u2019ann\u00e9es? Comment le spectacle vivant t\u00e9moigne-t-il de notre \u00e9poque o\u00f9 l\u2019image est omnipr\u00e9sente, incontournable?\u00bb <em>Vera Icona<\/em> est une \u00e9cole du regard. En apprenant \u00e0 voir, l\u2019homme apprend \u00e0 se voir.<\/p>\n","protected":false},"featured_media":600,"template":"","meta":{"_acf_changed":false},"product_brand":[],"product_cat":[25],"product_tag":[],"class_list":{"0":"post-98","1":"product","2":"type-product","3":"status-publish","4":"has-post-thumbnail","6":"product_cat-hematomes-editions","8":"first","9":"instock","10":"sold-individually","11":"shipping-taxable","12":"purchasable","13":"product-type-simple"},"acf":[],"yoast_head":"<!-- This site is optimized with the Yoast SEO plugin v27.2 - https:\/\/yoast.com\/product\/yoast-seo-wordpress\/ -->\n<title>Vera Icona, Ab\u00e9c\u00e9daire de l&#039;image sc\u00e8ne - H\u00e9matomes<\/title>\n<meta name=\"robots\" content=\"index, follow, max-snippet:-1, max-image-preview:large, max-video-preview:-1\" \/>\n<link rel=\"canonical\" href=\"https:\/\/hematomes.be\/boutique\/catalogue\/hematomes\/vera-icona-abecedaire-de-limage-scene-veronique-caye\/\" \/>\n<meta property=\"og:locale\" content=\"en_US\" \/>\n<meta property=\"og:type\" content=\"article\" \/>\n<meta property=\"og:title\" content=\"Vera Icona, Ab\u00e9c\u00e9daire de l&#039;image sc\u00e8ne - H\u00e9matomes\" \/>\n<meta property=\"og:description\" content=\"Pr\u00e9fac\u00e9 par Romeo Castellucci, abondamment illustr\u00e9, Vera Icona est une enqu\u00eate artistique originale et rigoureuse sur la mise en sc\u00e8ne de l\u2019image dans le spectacle vivant. Ce livre sur l\u2019image sc\u00e8ne s\u2019adresse aux spectateurs de th\u00e9\u00e2tre, aux cr\u00e9ateurs, aux \u00e9tudiants en art mais aussi \u00e0 toute personne qui s\u2019interroge: \u00abQu\u2019est qu\u2019une image? Que fait-elle, et que nous fait-elle? Pourquoi l\u2019image a-t-elle envahi nos plateaux de th\u00e9\u00e2tre depuis une vingtaine d\u2019ann\u00e9es? Comment le spectacle vivant t\u00e9moigne-t-il de notre \u00e9poque o\u00f9 l\u2019image est omnipr\u00e9sente, incontournable?\u00bb Vera Icona est une \u00e9cole du regard. En apprenant \u00e0 voir, l\u2019homme apprend \u00e0 se voir.\" \/>\n<meta property=\"og:url\" content=\"https:\/\/hematomes.be\/boutique\/catalogue\/hematomes\/vera-icona-abecedaire-de-limage-scene-veronique-caye\/\" \/>\n<meta property=\"og:site_name\" content=\"H\u00e9matomes\" \/>\n<meta property=\"article:modified_time\" content=\"2025-09-19T09:08:44+00:00\" \/>\n<meta property=\"og:image\" content=\"https:\/\/hematomes.be\/wp-content\/uploads\/2021\/04\/2021-05_VeraIcona_Cover.jpg\" \/>\n\t<meta property=\"og:image:width\" content=\"960\" \/>\n\t<meta property=\"og:image:height\" content=\"1440\" \/>\n\t<meta property=\"og:image:type\" content=\"image\/jpeg\" \/>\n<meta name=\"twitter:card\" content=\"summary_large_image\" \/>\n<script type=\"application\/ld+json\" class=\"yoast-schema-graph\">{\"@context\":\"https:\/\/schema.org\",\"@graph\":[{\"@type\":\"WebPage\",\"@id\":\"https:\/\/hematomes.be\/boutique\/catalogue\/hematomes\/vera-icona-abecedaire-de-limage-scene-veronique-caye\/\",\"url\":\"https:\/\/hematomes.be\/boutique\/catalogue\/hematomes\/vera-icona-abecedaire-de-limage-scene-veronique-caye\/\",\"name\":\"Vera Icona, Ab\u00e9c\u00e9daire de l'image sc\u00e8ne - H\u00e9matomes\",\"isPartOf\":{\"@id\":\"https:\/\/hematomes.be\/#website\"},\"primaryImageOfPage\":{\"@id\":\"https:\/\/hematomes.be\/boutique\/catalogue\/hematomes\/vera-icona-abecedaire-de-limage-scene-veronique-caye\/#primaryimage\"},\"image\":{\"@id\":\"https:\/\/hematomes.be\/boutique\/catalogue\/hematomes\/vera-icona-abecedaire-de-limage-scene-veronique-caye\/#primaryimage\"},\"thumbnailUrl\":\"https:\/\/hematomes.be\/wp-content\/uploads\/2021\/04\/2021-05_VeraIcona_Cover.jpg\",\"datePublished\":\"2021-04-08T08:36:18+00:00\",\"dateModified\":\"2025-09-19T09:08:44+00:00\",\"breadcrumb\":{\"@id\":\"https:\/\/hematomes.be\/boutique\/catalogue\/hematomes\/vera-icona-abecedaire-de-limage-scene-veronique-caye\/#breadcrumb\"},\"inLanguage\":\"en-US\",\"potentialAction\":[{\"@type\":\"ReadAction\",\"target\":[\"https:\/\/hematomes.be\/boutique\/catalogue\/hematomes\/vera-icona-abecedaire-de-limage-scene-veronique-caye\/\"]}]},{\"@type\":\"ImageObject\",\"inLanguage\":\"en-US\",\"@id\":\"https:\/\/hematomes.be\/boutique\/catalogue\/hematomes\/vera-icona-abecedaire-de-limage-scene-veronique-caye\/#primaryimage\",\"url\":\"https:\/\/hematomes.be\/wp-content\/uploads\/2021\/04\/2021-05_VeraIcona_Cover.jpg\",\"contentUrl\":\"https:\/\/hematomes.be\/wp-content\/uploads\/2021\/04\/2021-05_VeraIcona_Cover.jpg\",\"width\":960,\"height\":1440},{\"@type\":\"BreadcrumbList\",\"@id\":\"https:\/\/hematomes.be\/boutique\/catalogue\/hematomes\/vera-icona-abecedaire-de-limage-scene-veronique-caye\/#breadcrumb\",\"itemListElement\":[{\"@type\":\"ListItem\",\"position\":1,\"name\":\"Accueil\",\"item\":\"https:\/\/hematomes.be\/en\/shop\/\"},{\"@type\":\"ListItem\",\"position\":2,\"name\":\"Shop\",\"item\":\"https:\/\/hematomes.be\/en\/shop\/\"},{\"@type\":\"ListItem\",\"position\":3,\"name\":\"Vera Icona, Ab\u00e9c\u00e9daire de l&#8217;image sc\u00e8ne\"}]},{\"@type\":\"WebSite\",\"@id\":\"https:\/\/hematomes.be\/#website\",\"url\":\"https:\/\/hematomes.be\/\",\"name\":\"H\u00e9matomes\",\"description\":\"Une maison d&#039;\u00e9dition qui publie sur l&#039;art et tout autour.\",\"potentialAction\":[{\"@type\":\"SearchAction\",\"target\":{\"@type\":\"EntryPoint\",\"urlTemplate\":\"https:\/\/hematomes.be\/?s={search_term_string}\"},\"query-input\":{\"@type\":\"PropertyValueSpecification\",\"valueRequired\":true,\"valueName\":\"search_term_string\"}}],\"inLanguage\":\"en-US\"}]}<\/script>\n<!-- \/ Yoast SEO plugin. -->","yoast_head_json":{"title":"Vera Icona, Ab\u00e9c\u00e9daire de l'image sc\u00e8ne - H\u00e9matomes","robots":{"index":"index","follow":"follow","max-snippet":"max-snippet:-1","max-image-preview":"max-image-preview:large","max-video-preview":"max-video-preview:-1"},"canonical":"https:\/\/hematomes.be\/boutique\/catalogue\/hematomes\/vera-icona-abecedaire-de-limage-scene-veronique-caye\/","og_locale":"en_US","og_type":"article","og_title":"Vera Icona, Ab\u00e9c\u00e9daire de l'image sc\u00e8ne - H\u00e9matomes","og_description":"Pr\u00e9fac\u00e9 par Romeo Castellucci, abondamment illustr\u00e9, Vera Icona est une enqu\u00eate artistique originale et rigoureuse sur la mise en sc\u00e8ne de l\u2019image dans le spectacle vivant. Ce livre sur l\u2019image sc\u00e8ne s\u2019adresse aux spectateurs de th\u00e9\u00e2tre, aux cr\u00e9ateurs, aux \u00e9tudiants en art mais aussi \u00e0 toute personne qui s\u2019interroge: \u00abQu\u2019est qu\u2019une image? Que fait-elle, et que nous fait-elle? Pourquoi l\u2019image a-t-elle envahi nos plateaux de th\u00e9\u00e2tre depuis une vingtaine d\u2019ann\u00e9es? Comment le spectacle vivant t\u00e9moigne-t-il de notre \u00e9poque o\u00f9 l\u2019image est omnipr\u00e9sente, incontournable?\u00bb Vera Icona est une \u00e9cole du regard. En apprenant \u00e0 voir, l\u2019homme apprend \u00e0 se voir.","og_url":"https:\/\/hematomes.be\/boutique\/catalogue\/hematomes\/vera-icona-abecedaire-de-limage-scene-veronique-caye\/","og_site_name":"H\u00e9matomes","article_modified_time":"2025-09-19T09:08:44+00:00","og_image":[{"width":960,"height":1440,"url":"https:\/\/hematomes.be\/wp-content\/uploads\/2021\/04\/2021-05_VeraIcona_Cover.jpg","type":"image\/jpeg"}],"twitter_card":"summary_large_image","schema":{"@context":"https:\/\/schema.org","@graph":[{"@type":"WebPage","@id":"https:\/\/hematomes.be\/boutique\/catalogue\/hematomes\/vera-icona-abecedaire-de-limage-scene-veronique-caye\/","url":"https:\/\/hematomes.be\/boutique\/catalogue\/hematomes\/vera-icona-abecedaire-de-limage-scene-veronique-caye\/","name":"Vera Icona, Ab\u00e9c\u00e9daire de l'image sc\u00e8ne - H\u00e9matomes","isPartOf":{"@id":"https:\/\/hematomes.be\/#website"},"primaryImageOfPage":{"@id":"https:\/\/hematomes.be\/boutique\/catalogue\/hematomes\/vera-icona-abecedaire-de-limage-scene-veronique-caye\/#primaryimage"},"image":{"@id":"https:\/\/hematomes.be\/boutique\/catalogue\/hematomes\/vera-icona-abecedaire-de-limage-scene-veronique-caye\/#primaryimage"},"thumbnailUrl":"https:\/\/hematomes.be\/wp-content\/uploads\/2021\/04\/2021-05_VeraIcona_Cover.jpg","datePublished":"2021-04-08T08:36:18+00:00","dateModified":"2025-09-19T09:08:44+00:00","breadcrumb":{"@id":"https:\/\/hematomes.be\/boutique\/catalogue\/hematomes\/vera-icona-abecedaire-de-limage-scene-veronique-caye\/#breadcrumb"},"inLanguage":"en-US","potentialAction":[{"@type":"ReadAction","target":["https:\/\/hematomes.be\/boutique\/catalogue\/hematomes\/vera-icona-abecedaire-de-limage-scene-veronique-caye\/"]}]},{"@type":"ImageObject","inLanguage":"en-US","@id":"https:\/\/hematomes.be\/boutique\/catalogue\/hematomes\/vera-icona-abecedaire-de-limage-scene-veronique-caye\/#primaryimage","url":"https:\/\/hematomes.be\/wp-content\/uploads\/2021\/04\/2021-05_VeraIcona_Cover.jpg","contentUrl":"https:\/\/hematomes.be\/wp-content\/uploads\/2021\/04\/2021-05_VeraIcona_Cover.jpg","width":960,"height":1440},{"@type":"BreadcrumbList","@id":"https:\/\/hematomes.be\/boutique\/catalogue\/hematomes\/vera-icona-abecedaire-de-limage-scene-veronique-caye\/#breadcrumb","itemListElement":[{"@type":"ListItem","position":1,"name":"Accueil","item":"https:\/\/hematomes.be\/en\/shop\/"},{"@type":"ListItem","position":2,"name":"Shop","item":"https:\/\/hematomes.be\/en\/shop\/"},{"@type":"ListItem","position":3,"name":"Vera Icona, Ab\u00e9c\u00e9daire de l&#8217;image sc\u00e8ne"}]},{"@type":"WebSite","@id":"https:\/\/hematomes.be\/#website","url":"https:\/\/hematomes.be\/","name":"H\u00e9matomes","description":"Une maison d&#039;\u00e9dition qui publie sur l&#039;art et tout autour.","potentialAction":[{"@type":"SearchAction","target":{"@type":"EntryPoint","urlTemplate":"https:\/\/hematomes.be\/?s={search_term_string}"},"query-input":{"@type":"PropertyValueSpecification","valueRequired":true,"valueName":"search_term_string"}}],"inLanguage":"en-US"}]}},"_links":{"self":[{"href":"https:\/\/hematomes.be\/en\/wp-json\/wp\/v2\/product\/98","targetHints":{"allow":["GET"]}}],"collection":[{"href":"https:\/\/hematomes.be\/en\/wp-json\/wp\/v2\/product"}],"about":[{"href":"https:\/\/hematomes.be\/en\/wp-json\/wp\/v2\/types\/product"}],"wp:featuredmedia":[{"embeddable":true,"href":"https:\/\/hematomes.be\/en\/wp-json\/wp\/v2\/media\/600"}],"wp:attachment":[{"href":"https:\/\/hematomes.be\/en\/wp-json\/wp\/v2\/media?parent=98"}],"wp:term":[{"taxonomy":"product_brand","embeddable":true,"href":"https:\/\/hematomes.be\/en\/wp-json\/wp\/v2\/product_brand?post=98"},{"taxonomy":"product_cat","embeddable":true,"href":"https:\/\/hematomes.be\/en\/wp-json\/wp\/v2\/product_cat?post=98"},{"taxonomy":"product_tag","embeddable":true,"href":"https:\/\/hematomes.be\/en\/wp-json\/wp\/v2\/product_tag?post=98"}],"curies":[{"name":"wp","href":"https:\/\/api.w.org\/{rel}","templated":true}]}}